{"id":10847,"date":"2021-05-28T04:17:59","date_gmt":"2021-05-28T08:17:59","guid":{"rendered":"https:\/\/revalizesoftware.com\/revalize-kontaktieren\/"},"modified":"2026-03-20T09:10:42","modified_gmt":"2026-03-20T13:10:42","slug":"revalize-kontakt","status":"publish","type":"page","link":"https:\/\/revalizesoftware.com\/de\/revalize-kontakt\/","title":{"rendered":"Revalize Kontakt"},"content":{"rendered":"\t\t<div data-elementor-type=\"wp-page\" data-elementor-id=\"10847\" class=\"elementor elementor-10847 elementor-14\" data-elementor-post-type=\"page\">\n\t\t\t\t<div class=\"elementor-element elementor-element-5cf707e e-flex e-con-boxed e-con e-parent\" data-id=\"5cf707e\" data-element_type=\"container\" data-e-type=\"container\" id=\"single-post\" data-settings=\"{&quot;background_background&quot;:&quot;classic&quot;}\">\n\t\t\t\t\t<div class=\"e-con-inner\">\n\t\t<div class=\"elementor-element elementor-element-05ebf3b e-con-full e-flex e-con e-child\" data-id=\"05ebf3b\" data-element_type=\"container\" data-e-type=\"container\" data-settings=\"{&quot;background_background&quot;:&quot;classic&quot;}\">\n\t\t\t\t<div class=\"elementor-element elementor-element-0d9a750 elementor-widget elementor-widget-heading\" data-id=\"0d9a750\" data-element_type=\"widget\" data-e-type=\"widget\" data-widget_type=\"heading.default\">\n\t\t\t\t<div class=\"elementor-widget-container\">\n\t\t\t\t\t<h2 class=\"elementor-heading-title elementor-size-default\">Kontakt aufnehmen<\/h2>\t\t\t\t<\/div>\n\t\t\t\t<\/div>\n\t\t\t\t<div class=\"elementor-element elementor-element-4562002 elementor-widget elementor-widget-heading\" data-id=\"4562002\" data-element_type=\"widget\" data-e-type=\"widget\" data-widget_type=\"heading.default\">\n\t\t\t\t<div class=\"elementor-widget-container\">\n\t\t\t\t\t<h2 class=\"elementor-heading-title elementor-size-default\">Sind Sie bereit, ein Gespr\u00e4ch dar\u00fcber zu f\u00fchren, wie Sie bessere Ergebnisse f\u00fcr Ihr Unternehmen erzielen k\u00f6nnen?<\/h2>\t\t\t\t<\/div>\n\t\t\t\t<\/div>\n\t\t\t\t<div class=\"elementor-element elementor-element-2007b55 elementor-widget elementor-widget-text-editor\" data-id=\"2007b55\" data-element_type=\"widget\" data-e-type=\"widget\" data-widget_type=\"text-editor.default\">\n\t\t\t\t<div class=\"elementor-widget-container\">\n\t\t\t\t\t\t\t\t\t<p class=\"whitespace-pre-wrap break-words\">Sind Sie auf der Suche nach erstklassigen CPQ-, PLM- und Design &amp; Engineering-L\u00f6sungen, um Ihre Fertigungsflexibilit\u00e4t und Markteinf\u00fchrungsgeschwindigkeit zu erh\u00f6hen und gleichzeitig Kosten und Komplexit\u00e4t zu reduzieren? Bei uns finden Sie genau das, alles von einem einzigen Anbieter.<\/p>\t\t\t\t\t\t\t\t<\/div>\n\t\t\t\t<\/div>\n\t\t\t\t<div class=\"elementor-element elementor-element-b8c4c0e elementor-widget elementor-widget-text-editor\" data-id=\"b8c4c0e\" data-element_type=\"widget\" data-e-type=\"widget\" data-widget_type=\"text-editor.default\">\n\t\t\t\t<div class=\"elementor-widget-container\">\n\t\t\t\t\t\t\t\t\t<p>F\u00fcllen Sie das Formular aus und wir werden Sie mit einem Produktexperten verbinden, der den Anforderungen Ihres Unternehmens entspricht.<\/p>\t\t\t\t\t\t\t\t<\/div>\n\t\t\t\t<\/div>\n\t\t\t\t<div class=\"elementor-element elementor-element-459c817 elementor-widget elementor-widget-heading\" data-id=\"459c817\" data-element_type=\"widget\" data-e-type=\"widget\" data-widget_type=\"heading.default\">\n\t\t\t\t<div class=\"elementor-widget-container\">\n\t\t\t\t\t<h2 class=\"elementor-heading-title elementor-size-default\">Suchen Sie Unterst\u00fctzung?<\/h2>\t\t\t\t<\/div>\n\t\t\t\t<\/div>\n\t\t\t\t<div class=\"elementor-element elementor-element-e7da1c1 diamond-btn-orange elementor-widget elementor-widget-button\" data-id=\"e7da1c1\" data-element_type=\"widget\" data-e-type=\"widget\" data-widget_type=\"button.default\">\n\t\t\t\t<div class=\"elementor-widget-container\">\n\t\t\t\t\t\t\t\t\t<div class=\"elementor-button-wrapper\">\n\t\t\t\t\t<a class=\"elementor-button elementor-button-link elementor-size-sm\" href=\"https:\/\/support.revalizesoftware.com\/login\" target=\"_blank\" id=\"support-portal-revalize\">\n\t\t\t\t\t\t<span class=\"elementor-button-content-wrapper\">\n\t\t\t\t\t\t\t\t\t<span class=\"elementor-button-text\">Besuchen Sie unser Support-Portal<\/span>\n\t\t\t\t\t<\/span>\n\t\t\t\t\t<\/a>\n\t\t\t\t<\/div>\n\t\t\t\t\t\t\t\t<\/div>\n\t\t\t\t<\/div>\n\t\t\t\t<\/div>\n\t\t<div class=\"elementor-element elementor-element-9a112c0 e-con-full e-flex e-con e-child\" data-id=\"9a112c0\" data-element_type=\"container\" data-e-type=\"container\" data-settings=\"{&quot;background_background&quot;:&quot;classic&quot;}\">\n\t\t\t\t<div class=\"elementor-element elementor-element-28f44d4 elementor-widget elementor-widget-heading\" data-id=\"28f44d4\" data-element_type=\"widget\" data-e-type=\"widget\" data-widget_type=\"heading.default\">\n\t\t\t\t<div class=\"elementor-widget-container\">\n\t\t\t\t\t<h1 class=\"elementor-heading-title elementor-size-default\">Sprechen Sie mit unserem Vertriebsteam<\/h1>\t\t\t\t<\/div>\n\t\t\t\t<\/div>\n\t\t\t\t<div class=\"elementor-element elementor-element-e01fd66 elementor-widget elementor-widget-shortcode\" data-id=\"e01fd66\" data-element_type=\"widget\" data-e-type=\"widget\" data-widget_type=\"shortcode.default\">\n\t\t\t\t<div class=\"elementor-widget-container\">\n\t\t\t\t\t\t\t<div class=\"elementor-shortcode\">\n\t\t\t\t\t\t<script>\n\t\t\t\t\t\t\twindow.hsFormsOnReady = window.hsFormsOnReady || [];\n\t\t\t\t\t\t\twindow.hsFormsOnReady.push(()=>{\n\t\t\t\t\t\t\t\thbspt.forms.create({\n\t\t\t\t\t\t\t\t\tportalId: 4541184,\n\t\t\t\t\t\t\t\t\tformId: \"05808ad8-4c6c-4c47-9960-416105bf8c58\",\n\t\t\t\t\t\t\t\t\ttarget: \"#hbspt-form-1776817653000-5589930951\",\n\t\t\t\t\t\t\t\t\tregion: \"na1\",\n\t\t\t\t\t\t\t\t\t\n\t\t\t\t\t\t\t})});\n\t\t\t\t\t\t<\/script>\n\t\t\t\t\t\t<div class=\"hbspt-form\" id=\"hbspt-form-1776817653000-5589930951\"><\/div><\/div>\n\t\t\t\t\t\t<\/div>\n\t\t\t\t<\/div>\n\t\t\t\t<\/div>\n\t\t\t\t\t<\/div>\n\t\t\t\t<\/div>\n\t\t\t\t<\/div>\n\t\t","protected":false},"excerpt":{"rendered":"<p>Kontakt aufnehmen Sind Sie bereit, ein Gespr\u00e4ch dar\u00fcber zu f\u00fchren, wie Sie bessere Ergebnisse f\u00fcr Ihr Unternehmen erzielen k\u00f6nnen? Sind Sie auf der Suche nach erstklassigen CPQ-, PLM- und Design &amp; Engineering-L\u00f6sungen, um Ihre Fertigungsflexibilit\u00e4t und Markteinf\u00fchrungsgeschwindigkeit zu erh\u00f6hen und gleichzeitig Kosten und Komplexit\u00e4t zu reduzieren? Bei uns finden Sie genau das, alles von einem [&hellip;]<\/p>\n","protected":false},"author":39,"featured_media":48324,"parent":0,"menu_order":81,"comment_status":"closed","ping_status":"closed","template":"elementor_header_footer","meta":{"content-type":"","footnotes":""},"class_list":["post-10847","page","type-page","status-publish","has-post-thumbnail","hentry"],"yoast_head":"<!-- This site is optimized with the Yoast SEO Premium plugin v27.4 (Yoast SEO v27.4) - https:\/\/yoast.com\/product\/yoast-seo-premium-wordpress\/ -->\n<title>Kontaktieren Sie Revalize noch heute f\u00fcr Fertigungsl\u00f6sungen<\/title>\n<meta name=\"description\" content=\"Sie suchen nach CAD-, PLM- und CPQ-L\u00f6sungen? Kontaktieren Sie Revalize f\u00fcr umfassende Unterst\u00fctzung. Steigern Sie Ihre Fertigungsflexibilit\u00e4t und senken Sie Ihre Kosten.\" \/>\n<meta name=\"robots\" content=\"index, follow, max-snippet:-1, max-image-preview:large, max-video-preview:-1\" \/>\n<link rel=\"canonical\" href=\"https:\/\/revalizesoftware.com\/de\/revalize-kontakt\/\" \/>\n<meta property=\"og:locale\" content=\"de_DE\" \/>\n<meta property=\"og:type\" content=\"article\" \/>\n<meta property=\"og:title\" content=\"Revalize Kontakt\" \/>\n<meta property=\"og:description\" content=\"Sie suchen nach CAD-, PLM- und CPQ-L\u00f6sungen? Kontaktieren Sie Revalize f\u00fcr umfassende Unterst\u00fctzung. Steigern Sie Ihre Fertigungsflexibilit\u00e4t und senken Sie Ihre Kosten.\" \/>\n<meta property=\"og:url\" content=\"https:\/\/revalizesoftware.com\/de\/revalize-kontakt\/\" \/>\n<meta property=\"og:site_name\" content=\"Revalize\" \/>\n<meta property=\"article:publisher\" content=\"https:\/\/www.facebook.com\/revalize\/\" \/>\n<meta property=\"article:modified_time\" content=\"2026-03-20T13:10:42+00:00\" \/>\n<meta property=\"og:image\" content=\"https:\/\/revalizesoftware.com\/wp-content\/uploads\/2024\/10\/2023-revalize-logo.webp\" \/>\n\t<meta property=\"og:image:width\" content=\"824\" \/>\n\t<meta property=\"og:image:height\" content=\"225\" \/>\n\t<meta property=\"og:image:type\" content=\"image\/png\" \/>\n<meta name=\"twitter:card\" content=\"summary_large_image\" \/>\n<meta name=\"twitter:site\" content=\"@revalize\" \/>\n<meta name=\"twitter:label1\" content=\"Gesch\u00e4tzte Lesezeit\" \/>\n\t<meta name=\"twitter:data1\" content=\"1\u00a0Minute\" \/>\n<script type=\"application\/ld+json\" class=\"yoast-schema-graph\">{\"@context\":\"https:\\\/\\\/schema.org\",\"@graph\":[{\"@type\":\"WebPage\",\"@id\":\"https:\\\/\\\/revalizesoftware.com\\\/de\\\/revalize-kontakt\\\/\",\"url\":\"https:\\\/\\\/revalizesoftware.com\\\/de\\\/revalize-kontakt\\\/\",\"name\":\"Kontaktieren Sie Revalize noch heute f\u00fcr Fertigungsl\u00f6sungen\",\"isPartOf\":{\"@id\":\"https:\\\/\\\/revalizesoftware.com\\\/de\\\/#website\"},\"primaryImageOfPage\":{\"@id\":\"https:\\\/\\\/revalizesoftware.com\\\/de\\\/revalize-kontakt\\\/#primaryimage\"},\"image\":{\"@id\":\"https:\\\/\\\/revalizesoftware.com\\\/de\\\/revalize-kontakt\\\/#primaryimage\"},\"thumbnailUrl\":\"https:\\\/\\\/revalizesoftware.com\\\/wp-content\\\/uploads\\\/2024\\\/10\\\/2023-revalize-logo.webp\",\"datePublished\":\"2021-05-28T08:17:59+00:00\",\"dateModified\":\"2026-03-20T13:10:42+00:00\",\"description\":\"Sie suchen nach CAD-, PLM- und CPQ-L\u00f6sungen? Kontaktieren Sie Revalize f\u00fcr umfassende Unterst\u00fctzung. Steigern Sie Ihre Fertigungsflexibilit\u00e4t und senken Sie Ihre Kosten.\",\"breadcrumb\":{\"@id\":\"https:\\\/\\\/revalizesoftware.com\\\/de\\\/revalize-kontakt\\\/#breadcrumb\"},\"inLanguage\":\"de\",\"potentialAction\":[{\"@type\":\"ReadAction\",\"target\":[\"https:\\\/\\\/revalizesoftware.com\\\/de\\\/revalize-kontakt\\\/\"]}]},{\"@type\":\"ImageObject\",\"inLanguage\":\"de\",\"@id\":\"https:\\\/\\\/revalizesoftware.com\\\/de\\\/revalize-kontakt\\\/#primaryimage\",\"url\":\"https:\\\/\\\/revalizesoftware.com\\\/wp-content\\\/uploads\\\/2024\\\/10\\\/2023-revalize-logo.webp\",\"contentUrl\":\"https:\\\/\\\/revalizesoftware.com\\\/wp-content\\\/uploads\\\/2024\\\/10\\\/2023-revalize-logo.webp\",\"width\":824,\"height\":225,\"caption\":\"Revalize,\"},{\"@type\":\"BreadcrumbList\",\"@id\":\"https:\\\/\\\/revalizesoftware.com\\\/de\\\/revalize-kontakt\\\/#breadcrumb\",\"itemListElement\":[{\"@type\":\"ListItem\",\"position\":1,\"name\":\"Home\",\"item\":\"https:\\\/\\\/revalizesoftware.com\\\/de\\\/revalize\\\/\"},{\"@type\":\"ListItem\",\"position\":2,\"name\":\"Revalize Kontakt\"}]},{\"@type\":\"WebSite\",\"@id\":\"https:\\\/\\\/revalizesoftware.com\\\/de\\\/#website\",\"url\":\"https:\\\/\\\/revalizesoftware.com\\\/de\\\/\",\"name\":\"Revalize\",\"description\":\"Great Starts with Revalize\",\"publisher\":{\"@id\":\"https:\\\/\\\/revalizesoftware.com\\\/de\\\/#organization\"},\"potentialAction\":[{\"@type\":\"SearchAction\",\"target\":{\"@type\":\"EntryPoint\",\"urlTemplate\":\"https:\\\/\\\/revalizesoftware.com\\\/de\\\/?s={search_term_string}\"},\"query-input\":{\"@type\":\"PropertyValueSpecification\",\"valueRequired\":true,\"valueName\":\"search_term_string\"}}],\"inLanguage\":\"de\"},{\"@type\":\"Organization\",\"@id\":\"https:\\\/\\\/revalizesoftware.com\\\/de\\\/#organization\",\"name\":\"Revalize\",\"url\":\"https:\\\/\\\/revalizesoftware.com\\\/de\\\/\",\"logo\":{\"@type\":\"ImageObject\",\"inLanguage\":\"de\",\"@id\":\"https:\\\/\\\/revalizesoftware.com\\\/de\\\/#\\\/schema\\\/logo\\\/image\\\/\",\"url\":\"https:\\\/\\\/revalizesoftware.com\\\/wp-content\\\/uploads\\\/2021\\\/05\\\/revalize-logo.png\",\"contentUrl\":\"https:\\\/\\\/revalizesoftware.com\\\/wp-content\\\/uploads\\\/2021\\\/05\\\/revalize-logo.png\",\"width\":976,\"height\":423,\"caption\":\"Revalize\"},\"image\":{\"@id\":\"https:\\\/\\\/revalizesoftware.com\\\/de\\\/#\\\/schema\\\/logo\\\/image\\\/\"},\"sameAs\":[\"https:\\\/\\\/www.facebook.com\\\/revalize\\\/\",\"https:\\\/\\\/x.com\\\/revalize\",\"https:\\\/\\\/www.linkedin.com\\\/company\\\/revalize\\\/\"]}]}<\/script>\n<!-- \/ Yoast SEO Premium plugin. -->","yoast_head_json":{"title":"Kontaktieren Sie Revalize noch heute f\u00fcr Fertigungsl\u00f6sungen","description":"Sie suchen nach CAD-, PLM- und CPQ-L\u00f6sungen? Kontaktieren Sie Revalize f\u00fcr umfassende Unterst\u00fctzung. Steigern Sie Ihre Fertigungsflexibilit\u00e4t und senken Sie Ihre Kosten.","robots":{"index":"index","follow":"follow","max-snippet":"max-snippet:-1","max-image-preview":"max-image-preview:large","max-video-preview":"max-video-preview:-1"},"canonical":"https:\/\/revalizesoftware.com\/de\/revalize-kontakt\/","og_locale":"de_DE","og_type":"article","og_title":"Revalize Kontakt","og_description":"Sie suchen nach CAD-, PLM- und CPQ-L\u00f6sungen? Kontaktieren Sie Revalize f\u00fcr umfassende Unterst\u00fctzung. Steigern Sie Ihre Fertigungsflexibilit\u00e4t und senken Sie Ihre Kosten.","og_url":"https:\/\/revalizesoftware.com\/de\/revalize-kontakt\/","og_site_name":"Revalize","article_publisher":"https:\/\/www.facebook.com\/revalize\/","article_modified_time":"2026-03-20T13:10:42+00:00","og_image":[{"width":824,"height":225,"url":"https:\/\/revalizesoftware.com\/wp-content\/uploads\/2024\/10\/2023-revalize-logo.webp","type":"image\/png"}],"twitter_card":"summary_large_image","twitter_site":"@revalize","twitter_misc":{"Gesch\u00e4tzte Lesezeit":"1\u00a0Minute"},"schema":{"@context":"https:\/\/schema.org","@graph":[{"@type":"WebPage","@id":"https:\/\/revalizesoftware.com\/de\/revalize-kontakt\/","url":"https:\/\/revalizesoftware.com\/de\/revalize-kontakt\/","name":"Kontaktieren Sie Revalize noch heute f\u00fcr Fertigungsl\u00f6sungen","isPartOf":{"@id":"https:\/\/revalizesoftware.com\/de\/#website"},"primaryImageOfPage":{"@id":"https:\/\/revalizesoftware.com\/de\/revalize-kontakt\/#primaryimage"},"image":{"@id":"https:\/\/revalizesoftware.com\/de\/revalize-kontakt\/#primaryimage"},"thumbnailUrl":"https:\/\/revalizesoftware.com\/wp-content\/uploads\/2024\/10\/2023-revalize-logo.webp","datePublished":"2021-05-28T08:17:59+00:00","dateModified":"2026-03-20T13:10:42+00:00","description":"Sie suchen nach CAD-, PLM- und CPQ-L\u00f6sungen? Kontaktieren Sie Revalize f\u00fcr umfassende Unterst\u00fctzung. Steigern Sie Ihre Fertigungsflexibilit\u00e4t und senken Sie Ihre Kosten.","breadcrumb":{"@id":"https:\/\/revalizesoftware.com\/de\/revalize-kontakt\/#breadcrumb"},"inLanguage":"de","potentialAction":[{"@type":"ReadAction","target":["https:\/\/revalizesoftware.com\/de\/revalize-kontakt\/"]}]},{"@type":"ImageObject","inLanguage":"de","@id":"https:\/\/revalizesoftware.com\/de\/revalize-kontakt\/#primaryimage","url":"https:\/\/revalizesoftware.com\/wp-content\/uploads\/2024\/10\/2023-revalize-logo.webp","contentUrl":"https:\/\/revalizesoftware.com\/wp-content\/uploads\/2024\/10\/2023-revalize-logo.webp","width":824,"height":225,"caption":"Revalize,"},{"@type":"BreadcrumbList","@id":"https:\/\/revalizesoftware.com\/de\/revalize-kontakt\/#breadcrumb","itemListElement":[{"@type":"ListItem","position":1,"name":"Home","item":"https:\/\/revalizesoftware.com\/de\/revalize\/"},{"@type":"ListItem","position":2,"name":"Revalize Kontakt"}]},{"@type":"WebSite","@id":"https:\/\/revalizesoftware.com\/de\/#website","url":"https:\/\/revalizesoftware.com\/de\/","name":"Revalize","description":"Great Starts with Revalize","publisher":{"@id":"https:\/\/revalizesoftware.com\/de\/#organization"},"potentialAction":[{"@type":"SearchAction","target":{"@type":"EntryPoint","urlTemplate":"https:\/\/revalizesoftware.com\/de\/?s={search_term_string}"},"query-input":{"@type":"PropertyValueSpecification","valueRequired":true,"valueName":"search_term_string"}}],"inLanguage":"de"},{"@type":"Organization","@id":"https:\/\/revalizesoftware.com\/de\/#organization","name":"Revalize","url":"https:\/\/revalizesoftware.com\/de\/","logo":{"@type":"ImageObject","inLanguage":"de","@id":"https:\/\/revalizesoftware.com\/de\/#\/schema\/logo\/image\/","url":"https:\/\/revalizesoftware.com\/wp-content\/uploads\/2021\/05\/revalize-logo.png","contentUrl":"https:\/\/revalizesoftware.com\/wp-content\/uploads\/2021\/05\/revalize-logo.png","width":976,"height":423,"caption":"Revalize"},"image":{"@id":"https:\/\/revalizesoftware.com\/de\/#\/schema\/logo\/image\/"},"sameAs":["https:\/\/www.facebook.com\/revalize\/","https:\/\/x.com\/revalize","https:\/\/www.linkedin.com\/company\/revalize\/"]}]}},"_links":{"self":[{"href":"https:\/\/revalizesoftware.com\/de\/wp-json\/wp\/v2\/pages\/10847","targetHints":{"allow":["GET"]}}],"collection":[{"href":"https:\/\/revalizesoftware.com\/de\/wp-json\/wp\/v2\/pages"}],"about":[{"href":"https:\/\/revalizesoftware.com\/de\/wp-json\/wp\/v2\/types\/page"}],"author":[{"embeddable":true,"href":"https:\/\/revalizesoftware.com\/de\/wp-json\/wp\/v2\/users\/39"}],"replies":[{"embeddable":true,"href":"https:\/\/revalizesoftware.com\/de\/wp-json\/wp\/v2\/comments?post=10847"}],"version-history":[{"count":0,"href":"https:\/\/revalizesoftware.com\/de\/wp-json\/wp\/v2\/pages\/10847\/revisions"}],"wp:featuredmedia":[{"embeddable":true,"href":"https:\/\/revalizesoftware.com\/de\/wp-json\/wp\/v2\/media\/48324"}],"wp:attachment":[{"href":"https:\/\/revalizesoftware.com\/de\/wp-json\/wp\/v2\/media?parent=10847"}],"curies":[{"name":"wp","href":"https:\/\/api.w.org\/{rel}","templated":true}]}}