{"id":150861,"date":"2025-10-22T07:39:15","date_gmt":"2025-10-22T11:39:15","guid":{"rendered":"https:\/\/revalizesoftware.com\/partners-form-page\/"},"modified":"2025-10-24T15:03:16","modified_gmt":"2025-10-24T19:03:16","slug":"partner-download-seite","status":"publish","type":"page","link":"https:\/\/revalizesoftware.com\/de\/partner-download-seite\/","title":{"rendered":"Partner Download Seite"},"content":{"rendered":"\t\t<div data-elementor-type=\"wp-page\" data-elementor-id=\"150861\" class=\"elementor elementor-150861 elementor-150766\" data-elementor-post-type=\"page\">\n\t\t\t\t<div class=\"elementor-element elementor-element-2f1f81a e-flex e-con-boxed e-con e-parent\" data-id=\"2f1f81a\" data-element_type=\"container\" data-e-type=\"container\" data-settings=\"{&quot;background_background&quot;:&quot;classic&quot;}\">\n\t\t\t\t\t<div class=\"e-con-inner\">\n\t\t<div class=\"elementor-element elementor-element-af4496a e-con-full e-flex e-con e-child\" data-id=\"af4496a\" data-element_type=\"container\" data-e-type=\"container\">\n\t\t\t\t<div class=\"elementor-element elementor-element-279b974 elementor-widget elementor-widget-heading\" data-id=\"279b974\" data-element_type=\"widget\" data-e-type=\"widget\" data-widget_type=\"heading.default\">\n\t\t\t\t<div class=\"elementor-widget-container\">\n\t\t\t\t\t<h2 class=\"elementor-heading-title elementor-size-default\">Beschleunigen Sie das Wachstum durch Partnerschaft:<\/h2>\t\t\t\t<\/div>\n\t\t\t\t<\/div>\n\t\t\t\t<div class=\"elementor-element elementor-element-a72a92b elementor-widget elementor-widget-heading\" data-id=\"a72a92b\" data-element_type=\"widget\" data-e-type=\"widget\" data-widget_type=\"heading.default\">\n\t\t\t\t<div class=\"elementor-widget-container\">\n\t\t\t\t\t<h1 class=\"elementor-heading-title elementor-size-default\">Das Revalize Partnerprogramm  <\/h1>\t\t\t\t<\/div>\n\t\t\t\t<\/div>\n\t\t\t\t<div class=\"elementor-element elementor-element-50d559b elementor-widget elementor-widget-text-editor\" data-id=\"50d559b\" data-element_type=\"widget\" data-e-type=\"widget\" data-widget_type=\"text-editor.default\">\n\t\t\t\t<div class=\"elementor-widget-container\">\n\t\t\t\t\t\t\t\t\tGeben Sie Ihrem Unternehmen die M\u00f6glichkeit, einen gr\u00f6\u00dferen Wert zu liefern, die Marktreichweite zu vergr\u00f6\u00dfern und neue Einnahmequellen zu erschlie\u00dfen &#8211; mit Revalize.  \t\t\t\t\t\t\t\t<\/div>\n\t\t\t\t<\/div>\n\t\t\t\t<\/div>\n\t\t\t\t\t<\/div>\n\t\t\t\t<\/div>\n\t\t<div class=\"elementor-element elementor-element-89e7295 e-flex e-con-boxed e-con e-parent\" data-id=\"89e7295\" data-element_type=\"container\" data-e-type=\"container\">\n\t\t\t\t\t<div class=\"e-con-inner\">\n\t\t<div class=\"elementor-element elementor-element-1600d5d e-con-full e-flex e-con e-child\" data-id=\"1600d5d\" data-element_type=\"container\" data-e-type=\"container\">\n\t\t\t\t<div class=\"elementor-element elementor-element-c592271 elementor-widget elementor-widget-text-editor\" data-id=\"c592271\" data-element_type=\"widget\" data-e-type=\"widget\" data-widget_type=\"text-editor.default\">\n\t\t\t\t<div class=\"elementor-widget-container\">\n\t\t\t\t\t\t\t\t\t<p>Die sich ver\u00e4ndernden Kundenanforderungen und die digitale Transformation werden den Markt weiterhin ver\u00e4ndern. Das <b>Revalize Partnerprogramm<\/b> bietet Ihrem Unternehmen die M\u00f6glichkeiten, Einblicke und Partnerschaftsunterst\u00fctzung, um wettbewerbsf\u00e4hig zu bleiben und mit Zuversicht zu wachsen. <\/p>\t\t\t\t\t\t\t\t<\/div>\n\t\t\t\t<\/div>\n\t\t\t\t<div class=\"elementor-element elementor-element-6355ffc elementor-widget elementor-widget-heading\" data-id=\"6355ffc\" data-element_type=\"widget\" data-e-type=\"widget\" data-widget_type=\"heading.default\">\n\t\t\t\t<div class=\"elementor-widget-container\">\n\t\t\t\t\t<h2 class=\"elementor-heading-title elementor-size-default\">Laden Sie die Brosch\u00fcre herunter und entdecken Sie:  <\/h2>\t\t\t\t<\/div>\n\t\t\t\t<\/div>\n\t\t\t\t<div class=\"elementor-element elementor-element-783dbf5 elementor-icon-list--layout-traditional elementor-list-item-link-full_width elementor-widget elementor-widget-icon-list\" data-id=\"783dbf5\" data-element_type=\"widget\" data-e-type=\"widget\" data-widget_type=\"icon-list.default\">\n\t\t\t\t<div class=\"elementor-widget-container\">\n\t\t\t\t\t\t\t<ul class=\"elementor-icon-list-items\">\n\t\t\t\t\t\t\t<li class=\"elementor-icon-list-item\">\n\t\t\t\t\t\t\t\t\t\t\t<span class=\"elementor-icon-list-icon\">\n\t\t\t\t\t\t\t<svg aria-hidden=\"true\" class=\"e-font-icon-svg e-fas-circle\" viewBox=\"0 0 512 512\" xmlns=\"http:\/\/www.w3.org\/2000\/svg\"><path d=\"M256 8C119 8 8 119 8 256s111 248 248 248 248-111 248-248S393 8 256 8z\"><\/path><\/svg>\t\t\t\t\t\t<\/span>\n\t\t\t\t\t\t\t\t\t\t<span class=\"elementor-icon-list-text\"><b>Erschlie\u00dfen Sie neue Umsatzm\u00f6glichkeiten<\/b> durch die integrierten L\u00f6sungen von Revalize und Partnerschaften im \u00d6kosystem.  <\/span>\n\t\t\t\t\t\t\t\t\t<\/li>\n\t\t\t\t\t\t\t\t<li class=\"elementor-icon-list-item\">\n\t\t\t\t\t\t\t\t\t\t\t<span class=\"elementor-icon-list-icon\">\n\t\t\t\t\t\t\t<svg aria-hidden=\"true\" class=\"e-font-icon-svg e-fas-circle\" viewBox=\"0 0 512 512\" xmlns=\"http:\/\/www.w3.org\/2000\/svg\"><path d=\"M256 8C119 8 8 119 8 256s111 248 248 248 248-111 248-248S393 8 256 8z\"><\/path><\/svg>\t\t\t\t\t\t<\/span>\n\t\t\t\t\t\t\t\t\t\t<span class=\"elementor-icon-list-text\"><b>St\u00e4rken Sie Ihr Wertversprechen<\/b> mit exklusivem Zugang zu ICP und Value Messaging Frameworks.  <\/span>\n\t\t\t\t\t\t\t\t\t<\/li>\n\t\t\t\t\t\t\t\t<li class=\"elementor-icon-list-item\">\n\t\t\t\t\t\t\t\t\t\t\t<span class=\"elementor-icon-list-icon\">\n\t\t\t\t\t\t\t<svg aria-hidden=\"true\" class=\"e-font-icon-svg e-fas-circle\" viewBox=\"0 0 512 512\" xmlns=\"http:\/\/www.w3.org\/2000\/svg\"><path d=\"M256 8C119 8 8 119 8 256s111 248 248 248 248-111 248-248S393 8 256 8z\"><\/path><\/svg>\t\t\t\t\t\t<\/span>\n\t\t\t\t\t\t\t\t\t\t<span class=\"elementor-icon-list-text\"><b>Beschleunigen Sie die Markteinf\u00fchrung<\/b> mit gebrauchsfertigen Vertriebs- und Marketingmaterialien, einschlie\u00dflich Co-Branding-Kampagnen und Partnerpaketen.  <\/span>\n\t\t\t\t\t\t\t\t\t<\/li>\n\t\t\t\t\t\t\t\t<li class=\"elementor-icon-list-item\">\n\t\t\t\t\t\t\t\t\t\t\t<span class=\"elementor-icon-list-icon\">\n\t\t\t\t\t\t\t<svg aria-hidden=\"true\" class=\"e-font-icon-svg e-fas-circle\" viewBox=\"0 0 512 512\" xmlns=\"http:\/\/www.w3.org\/2000\/svg\"><path d=\"M256 8C119 8 8 119 8 256s111 248 248 248 248-111 248-248S393 8 256 8z\"><\/path><\/svg>\t\t\t\t\t\t<\/span>\n\t\t\t\t\t\t\t\t\t\t<span class=\"elementor-icon-list-text\"><b>Arbeiten Sie strategisch<\/b> mit Revalize bei der Planung von Co-Marketing und Go-to-Market <b>zusammen<\/b>, um Ihre Reichweite zu vergr\u00f6\u00dfern.  <\/span>\n\t\t\t\t\t\t\t\t\t<\/li>\n\t\t\t\t\t\t\t\t<li class=\"elementor-icon-list-item\">\n\t\t\t\t\t\t\t\t\t\t\t<span class=\"elementor-icon-list-icon\">\n\t\t\t\t\t\t\t<svg aria-hidden=\"true\" class=\"e-font-icon-svg e-fas-circle\" viewBox=\"0 0 512 512\" xmlns=\"http:\/\/www.w3.org\/2000\/svg\"><path d=\"M256 8C119 8 8 119 8 256s111 248 248 248 248-111 248-248S393 8 256 8z\"><\/path><\/svg>\t\t\t\t\t\t<\/span>\n\t\t\t\t\t\t\t\t\t\t<span class=\"elementor-icon-list-text\"><b>Skalieren Sie effizient<\/b> durch unser gestaffeltes Partnermodell - von Bronze bis Gold - mit zunehmenden Stufen von Enablement und Marketingunterst\u00fctzung.  <\/span>\n\t\t\t\t\t\t\t\t\t<\/li>\n\t\t\t\t\t\t<\/ul>\n\t\t\t\t\t\t<\/div>\n\t\t\t\t<\/div>\n\t\t\t\t<div class=\"elementor-element elementor-element-c7c1e58 elementor-widget elementor-widget-heading\" data-id=\"c7c1e58\" data-element_type=\"widget\" data-e-type=\"widget\" data-widget_type=\"heading.default\">\n\t\t\t\t<div class=\"elementor-widget-container\">\n\t\t\t\t\t<h2 class=\"elementor-heading-title elementor-size-default\">F\u00fchren Sie mit Innovation. Wachsen durch Partnerschaft.   <\/h2>\t\t\t\t<\/div>\n\t\t\t\t<\/div>\n\t\t\t\t<\/div>\n\t\t<div class=\"elementor-element elementor-element-47dc59b e-con-full e-flex e-con e-child\" data-id=\"47dc59b\" data-element_type=\"container\" data-e-type=\"container\">\n\t\t<div class=\"elementor-element elementor-element-5efa68d e-con-full e-flex e-con e-child\" data-id=\"5efa68d\" data-element_type=\"container\" data-e-type=\"container\" data-settings=\"{&quot;background_background&quot;:&quot;classic&quot;}\">\n\t\t\t\t<div class=\"elementor-element elementor-element-3acddab elementor-widget elementor-widget-shortcode\" data-id=\"3acddab\" data-element_type=\"widget\" data-e-type=\"widget\" data-widget_type=\"shortcode.default\">\n\t\t\t\t<div class=\"elementor-widget-container\">\n\t\t\t\t\t\t\t<div class=\"elementor-shortcode\">\n\t\t\t\t\t\t<script>\n\t\t\t\t\t\t\twindow.hsFormsOnReady = window.hsFormsOnReady || [];\n\t\t\t\t\t\t\twindow.hsFormsOnReady.push(()=>{\n\t\t\t\t\t\t\t\thbspt.forms.create({\n\t\t\t\t\t\t\t\t\tportalId: 4541184,\n\t\t\t\t\t\t\t\t\tformId: \"72d17f84-d271-4dd7-9cf0-61c1c51be8ec\",\n\t\t\t\t\t\t\t\t\ttarget: \"#hbspt-form-1776003044000-9991898212\",\n\t\t\t\t\t\t\t\t\tregion: \"na1\",\n\t\t\t\t\t\t\t\t\t\n\t\t\t\t\t\t\t})});\n\t\t\t\t\t\t<\/script>\n\t\t\t\t\t\t<div class=\"hbspt-form\" id=\"hbspt-form-1776003044000-9991898212\"><\/div><\/div>\n\t\t\t\t\t\t<\/div>\n\t\t\t\t<\/div>\n\t\t\t\t<\/div>\n\t\t\t\t<\/div>\n\t\t\t\t\t<\/div>\n\t\t\t\t<\/div>\n\t\t\t\t<\/div>\n\t\t","protected":false},"excerpt":{"rendered":"<p>Beschleunigen Sie das Wachstum durch Partnerschaft: Das Revalize Partnerprogramm Geben Sie Ihrem Unternehmen die M\u00f6glichkeit, einen gr\u00f6\u00dferen Wert zu liefern, die Marktreichweite zu vergr\u00f6\u00dfern und neue Einnahmequellen zu erschlie\u00dfen &#8211; mit Revalize. Die sich ver\u00e4ndernden Kundenanforderungen und die digitale Transformation werden den Markt weiterhin ver\u00e4ndern. Das Revalize Partnerprogramm bietet Ihrem Unternehmen die M\u00f6glichkeiten, Einblicke und [&hellip;]<\/p>\n","protected":false},"author":39,"featured_media":0,"parent":0,"menu_order":0,"comment_status":"closed","ping_status":"closed","template":"","meta":{"content-type":"","footnotes":""},"class_list":["post-150861","page","type-page","status-publish","hentry"],"yoast_head":"<!-- This site is optimized with the Yoast SEO Premium plugin v27.3 (Yoast SEO v27.3) - https:\/\/yoast.com\/product\/yoast-seo-premium-wordpress\/ -->\n<title>Partner Download Seite - Revalize<\/title>\n<meta name=\"description\" content=\"Erschlie\u00dfen Sie Wachstum mit der Download-Seite f\u00fcr Partner. Greifen Sie noch heute auf wertvolle Ressourcen, Marketingmaterialien und Kooperationsm\u00f6glichkeiten zu.\" \/>\n<meta name=\"robots\" content=\"noindex, nofollow\" \/>\n<meta property=\"og:locale\" content=\"de_DE\" \/>\n<meta property=\"og:type\" content=\"article\" \/>\n<meta property=\"og:title\" content=\"Partner Download Seite\" \/>\n<meta property=\"og:description\" content=\"Erschlie\u00dfen Sie Wachstum mit der Download-Seite f\u00fcr Partner. Greifen Sie noch heute auf wertvolle Ressourcen, Marketingmaterialien und Kooperationsm\u00f6glichkeiten zu.\" \/>\n<meta property=\"og:url\" content=\"https:\/\/revalizesoftware.com\/de\/partner-download-seite\/\" \/>\n<meta property=\"og:site_name\" content=\"Revalize\" \/>\n<meta property=\"article:publisher\" content=\"https:\/\/www.facebook.com\/revalize\/\" \/>\n<meta property=\"article:modified_time\" content=\"2025-10-24T19:03:16+00:00\" \/>\n<meta name=\"twitter:card\" content=\"summary_large_image\" \/>\n<meta name=\"twitter:site\" content=\"@revalize\" \/>\n<meta name=\"twitter:label1\" content=\"Gesch\u00e4tzte Lesezeit\" \/>\n\t<meta name=\"twitter:data1\" content=\"1\u00a0Minute\" \/>\n<script type=\"application\/ld+json\" class=\"yoast-schema-graph\">{\"@context\":\"https:\\\/\\\/schema.org\",\"@graph\":[{\"@type\":\"WebPage\",\"@id\":\"https:\\\/\\\/revalizesoftware.com\\\/de\\\/partner-download-seite\\\/\",\"url\":\"https:\\\/\\\/revalizesoftware.com\\\/de\\\/partner-download-seite\\\/\",\"name\":\"Partner Download Seite - Revalize\",\"isPartOf\":{\"@id\":\"https:\\\/\\\/revalizesoftware.com\\\/de\\\/#website\"},\"datePublished\":\"2025-10-22T11:39:15+00:00\",\"dateModified\":\"2025-10-24T19:03:16+00:00\",\"description\":\"Erschlie\u00dfen Sie Wachstum mit der Download-Seite f\u00fcr Partner. Greifen Sie noch heute auf wertvolle Ressourcen, Marketingmaterialien und Kooperationsm\u00f6glichkeiten zu.\",\"breadcrumb\":{\"@id\":\"https:\\\/\\\/revalizesoftware.com\\\/de\\\/partner-download-seite\\\/#breadcrumb\"},\"inLanguage\":\"de\",\"potentialAction\":[{\"@type\":\"ReadAction\",\"target\":[\"https:\\\/\\\/revalizesoftware.com\\\/de\\\/partner-download-seite\\\/\"]}]},{\"@type\":\"BreadcrumbList\",\"@id\":\"https:\\\/\\\/revalizesoftware.com\\\/de\\\/partner-download-seite\\\/#breadcrumb\",\"itemListElement\":[{\"@type\":\"ListItem\",\"position\":1,\"name\":\"Home\",\"item\":\"https:\\\/\\\/revalizesoftware.com\\\/de\\\/\"},{\"@type\":\"ListItem\",\"position\":2,\"name\":\"Partner Download Seite\"}]},{\"@type\":\"WebSite\",\"@id\":\"https:\\\/\\\/revalizesoftware.com\\\/de\\\/#website\",\"url\":\"https:\\\/\\\/revalizesoftware.com\\\/de\\\/\",\"name\":\"Revalize\",\"description\":\"Great Starts with Revalize\",\"publisher\":{\"@id\":\"https:\\\/\\\/revalizesoftware.com\\\/de\\\/#organization\"},\"potentialAction\":[{\"@type\":\"SearchAction\",\"target\":{\"@type\":\"EntryPoint\",\"urlTemplate\":\"https:\\\/\\\/revalizesoftware.com\\\/de\\\/?s={search_term_string}\"},\"query-input\":{\"@type\":\"PropertyValueSpecification\",\"valueRequired\":true,\"valueName\":\"search_term_string\"}}],\"inLanguage\":\"de\"},{\"@type\":\"Organization\",\"@id\":\"https:\\\/\\\/revalizesoftware.com\\\/de\\\/#organization\",\"name\":\"Revalize\",\"url\":\"https:\\\/\\\/revalizesoftware.com\\\/de\\\/\",\"logo\":{\"@type\":\"ImageObject\",\"inLanguage\":\"de\",\"@id\":\"https:\\\/\\\/revalizesoftware.com\\\/de\\\/#\\\/schema\\\/logo\\\/image\\\/\",\"url\":\"https:\\\/\\\/revalizesoftware.com\\\/wp-content\\\/uploads\\\/2021\\\/05\\\/revalize-logo.png\",\"contentUrl\":\"https:\\\/\\\/revalizesoftware.com\\\/wp-content\\\/uploads\\\/2021\\\/05\\\/revalize-logo.png\",\"width\":976,\"height\":423,\"caption\":\"Revalize\"},\"image\":{\"@id\":\"https:\\\/\\\/revalizesoftware.com\\\/de\\\/#\\\/schema\\\/logo\\\/image\\\/\"},\"sameAs\":[\"https:\\\/\\\/www.facebook.com\\\/revalize\\\/\",\"https:\\\/\\\/x.com\\\/revalize\",\"https:\\\/\\\/www.linkedin.com\\\/company\\\/revalize\\\/\"]}]}<\/script>\n<!-- \/ Yoast SEO Premium plugin. -->","yoast_head_json":{"title":"Partner Download Seite - Revalize","description":"Erschlie\u00dfen Sie Wachstum mit der Download-Seite f\u00fcr Partner. Greifen Sie noch heute auf wertvolle Ressourcen, Marketingmaterialien und Kooperationsm\u00f6glichkeiten zu.","robots":{"index":"noindex","follow":"nofollow"},"og_locale":"de_DE","og_type":"article","og_title":"Partner Download Seite","og_description":"Erschlie\u00dfen Sie Wachstum mit der Download-Seite f\u00fcr Partner. Greifen Sie noch heute auf wertvolle Ressourcen, Marketingmaterialien und Kooperationsm\u00f6glichkeiten zu.","og_url":"https:\/\/revalizesoftware.com\/de\/partner-download-seite\/","og_site_name":"Revalize","article_publisher":"https:\/\/www.facebook.com\/revalize\/","article_modified_time":"2025-10-24T19:03:16+00:00","twitter_card":"summary_large_image","twitter_site":"@revalize","twitter_misc":{"Gesch\u00e4tzte Lesezeit":"1\u00a0Minute"},"schema":{"@context":"https:\/\/schema.org","@graph":[{"@type":"WebPage","@id":"https:\/\/revalizesoftware.com\/de\/partner-download-seite\/","url":"https:\/\/revalizesoftware.com\/de\/partner-download-seite\/","name":"Partner Download Seite - Revalize","isPartOf":{"@id":"https:\/\/revalizesoftware.com\/de\/#website"},"datePublished":"2025-10-22T11:39:15+00:00","dateModified":"2025-10-24T19:03:16+00:00","description":"Erschlie\u00dfen Sie Wachstum mit der Download-Seite f\u00fcr Partner. Greifen Sie noch heute auf wertvolle Ressourcen, Marketingmaterialien und Kooperationsm\u00f6glichkeiten zu.","breadcrumb":{"@id":"https:\/\/revalizesoftware.com\/de\/partner-download-seite\/#breadcrumb"},"inLanguage":"de","potentialAction":[{"@type":"ReadAction","target":["https:\/\/revalizesoftware.com\/de\/partner-download-seite\/"]}]},{"@type":"BreadcrumbList","@id":"https:\/\/revalizesoftware.com\/de\/partner-download-seite\/#breadcrumb","itemListElement":[{"@type":"ListItem","position":1,"name":"Home","item":"https:\/\/revalizesoftware.com\/de\/"},{"@type":"ListItem","position":2,"name":"Partner Download Seite"}]},{"@type":"WebSite","@id":"https:\/\/revalizesoftware.com\/de\/#website","url":"https:\/\/revalizesoftware.com\/de\/","name":"Revalize","description":"Great Starts with Revalize","publisher":{"@id":"https:\/\/revalizesoftware.com\/de\/#organization"},"potentialAction":[{"@type":"SearchAction","target":{"@type":"EntryPoint","urlTemplate":"https:\/\/revalizesoftware.com\/de\/?s={search_term_string}"},"query-input":{"@type":"PropertyValueSpecification","valueRequired":true,"valueName":"search_term_string"}}],"inLanguage":"de"},{"@type":"Organization","@id":"https:\/\/revalizesoftware.com\/de\/#organization","name":"Revalize","url":"https:\/\/revalizesoftware.com\/de\/","logo":{"@type":"ImageObject","inLanguage":"de","@id":"https:\/\/revalizesoftware.com\/de\/#\/schema\/logo\/image\/","url":"https:\/\/revalizesoftware.com\/wp-content\/uploads\/2021\/05\/revalize-logo.png","contentUrl":"https:\/\/revalizesoftware.com\/wp-content\/uploads\/2021\/05\/revalize-logo.png","width":976,"height":423,"caption":"Revalize"},"image":{"@id":"https:\/\/revalizesoftware.com\/de\/#\/schema\/logo\/image\/"},"sameAs":["https:\/\/www.facebook.com\/revalize\/","https:\/\/x.com\/revalize","https:\/\/www.linkedin.com\/company\/revalize\/"]}]}},"_links":{"self":[{"href":"https:\/\/revalizesoftware.com\/de\/wp-json\/wp\/v2\/pages\/150861","targetHints":{"allow":["GET"]}}],"collection":[{"href":"https:\/\/revalizesoftware.com\/de\/wp-json\/wp\/v2\/pages"}],"about":[{"href":"https:\/\/revalizesoftware.com\/de\/wp-json\/wp\/v2\/types\/page"}],"author":[{"embeddable":true,"href":"https:\/\/revalizesoftware.com\/de\/wp-json\/wp\/v2\/users\/39"}],"replies":[{"embeddable":true,"href":"https:\/\/revalizesoftware.com\/de\/wp-json\/wp\/v2\/comments?post=150861"}],"version-history":[{"count":0,"href":"https:\/\/revalizesoftware.com\/de\/wp-json\/wp\/v2\/pages\/150861\/revisions"}],"wp:attachment":[{"href":"https:\/\/revalizesoftware.com\/de\/wp-json\/wp\/v2\/media?parent=150861"}],"curies":[{"name":"wp","href":"https:\/\/api.w.org\/{rel}","templated":true}]}}