{"id":18042,"date":"2023-05-17T16:00:11","date_gmt":"2023-05-17T20:00:11","guid":{"rendered":"https:\/\/revalizesoftware.com\/rechtliches\/richtlinie-zur-akzeptablen-nutzung\/"},"modified":"2025-01-09T09:55:18","modified_gmt":"2025-01-09T14:55:18","slug":"richtlinie-zur-akzeptablen-nutzung","status":"publish","type":"page","link":"https:\/\/revalizesoftware.com\/de\/rechtliches\/richtlinie-zur-akzeptablen-nutzung\/","title":{"rendered":"Richtlinie zur akzeptablen Nutzung"},"content":{"rendered":"\t\t<div data-elementor-type=\"wp-page\" data-elementor-id=\"18042\" class=\"elementor elementor-18042 elementor-10818\" data-elementor-post-type=\"page\">\n\t\t\t\t<div class=\"elementor-element elementor-element-4be4683 e-flex e-con-boxed e-con e-parent\" data-id=\"4be4683\" data-element_type=\"container\" data-e-type=\"container\">\n\t\t\t\t\t<div class=\"e-con-inner\">\n\t\t<div class=\"elementor-element elementor-element-dd2b81a e-con-full e-flex e-con e-child\" data-id=\"dd2b81a\" data-element_type=\"container\" data-e-type=\"container\">\n\t\t\t\t<div class=\"elementor-element elementor-element-e97206f elementor-widget elementor-widget-heading\" data-id=\"e97206f\" data-element_type=\"widget\" data-e-type=\"widget\" data-widget_type=\"heading.default\">\n\t\t\t\t<div class=\"elementor-widget-container\">\n\t\t\t\t\t<h1 class=\"elementor-heading-title elementor-size-default\">Support Portal Richtlinie zur akzeptablen Nutzung<\/h1>\t\t\t\t<\/div>\n\t\t\t\t<\/div>\n\t\t\t\t<div class=\"elementor-element elementor-element-a017a12 elementor-widget-divider--view-line elementor-widget elementor-widget-divider\" data-id=\"a017a12\" data-element_type=\"widget\" data-e-type=\"widget\" data-widget_type=\"divider.default\">\n\t\t\t\t<div class=\"elementor-widget-container\">\n\t\t\t\t\t\t\t<div class=\"elementor-divider\">\n\t\t\t<span class=\"elementor-divider-separator\">\n\t\t\t\t\t\t<\/span>\n\t\t<\/div>\n\t\t\t\t\t\t<\/div>\n\t\t\t\t<\/div>\n\t\t\t\t<div class=\"elementor-element elementor-element-750c3c7 elementor-widget elementor-widget-heading\" data-id=\"750c3c7\" data-element_type=\"widget\" data-e-type=\"widget\" data-widget_type=\"heading.default\">\n\t\t\t\t<div class=\"elementor-widget-container\">\n\t\t\t\t\t<h2 class=\"elementor-heading-title elementor-size-default\">BITTE LESEN SIE DIESE BEDINGUNGEN SORGF\u00c4LTIG DURCH, BEVOR SIE UNSERE WEBSITE NUTZEN.<\/h2>\t\t\t\t<\/div>\n\t\t\t\t<\/div>\n\t\t\t\t<div class=\"elementor-element elementor-element-4262432 elementor-widget elementor-widget-text-editor\" data-id=\"4262432\" data-element_type=\"widget\" data-e-type=\"widget\" data-widget_type=\"text-editor.default\">\n\t\t\t\t<div class=\"elementor-widget-container\">\n\t\t\t\t\t\t\t\t\t<p>Diese Richtlinie zur akzeptablen Nutzung legt die Inhaltsstandards fest, die gelten, wenn Sie Inhalte auf unsere Website hochladen, mit anderen Benutzern auf unserer Website in Kontakt treten, einen Link zu unserer Website herstellen oder auf andere Weise mit unserer Website interagieren.<\/p>\n\t\t\t\t\t\t\t\t<\/div>\n\t\t\t\t<\/div>\n\t\t\t\t<div class=\"elementor-element elementor-element-a1e19b2 elementor-widget elementor-widget-heading\" data-id=\"a1e19b2\" data-element_type=\"widget\" data-e-type=\"widget\" data-widget_type=\"heading.default\">\n\t\t\t\t<div class=\"elementor-widget-container\">\n\t\t\t\t\t<h2 class=\"elementor-heading-title elementor-size-default\">Es gibt weitere Bedingungen, die f\u00fcr Sie gelten<\/h2>\t\t\t\t<\/div>\n\t\t\t\t<\/div>\n\t\t\t\t<div class=\"elementor-element elementor-element-753a2b2 elementor-widget elementor-widget-text-editor\" data-id=\"753a2b2\" data-element_type=\"widget\" data-e-type=\"widget\" data-widget_type=\"text-editor.default\">\n\t\t\t\t<div class=\"elementor-widget-container\">\n\t\t\t\t\t\t\t\t\t<p>Diese Nutzungsbedingungen beziehen sich auf die folgenden zus\u00e4tzlichen Bedingungen, die auch f\u00fcr Ihre Nutzung unserer Website gelten:<\/p>\n<ul>\n<li>Unser <span style=\"color: #00bad9;\"><a style=\"color: #00bad9;\" href=\"https:\/\/revalizesoftware.com\/de\/rechtliches\/website-nutzungsbedingungen\/\">Nutzungsbedingungen<\/a><\/span> Politik <a href=\"https:\/\/revalizesoftware.com\/de\/rechtliches\/website-nutzungsbedingungen\/\"><em>https:\/\/revalizesoftware.com\/terms-of-use\/<\/em><\/a><\/li>\n<\/ul>\n\t\t\t\t\t\t\t\t<\/div>\n\t\t\t\t<\/div>\n\t\t\t\t<div class=\"elementor-element elementor-element-ca517e3 elementor-widget elementor-widget-heading\" data-id=\"ca517e3\" data-element_type=\"widget\" data-e-type=\"widget\" data-widget_type=\"heading.default\">\n\t\t\t\t<div class=\"elementor-widget-container\">\n\t\t\t\t\t<h2 class=\"elementor-heading-title elementor-size-default\">Wir k\u00f6nnen \u00c4nderungen an diesen Bedingungen vornehmen<\/h2>\t\t\t\t<\/div>\n\t\t\t\t<\/div>\n\t\t\t\t<div class=\"elementor-element elementor-element-bc9e660 elementor-widget elementor-widget-text-editor\" data-id=\"bc9e660\" data-element_type=\"widget\" data-e-type=\"widget\" data-widget_type=\"text-editor.default\">\n\t\t\t\t<div class=\"elementor-widget-container\">\n\t\t\t\t\t\t\t\t\t<p>Wir \u00e4ndern diese Bedingungen von Zeit zu Zeit. Jedes Mal, wenn Sie unsere Website nutzen m\u00f6chten, \u00fcberpr\u00fcfen Sie bitte diese Bedingungen, um sicherzustellen, dass Sie die zu diesem Zeitpunkt geltenden Bedingungen verstehen.  <\/p>\n\t\t\t\t\t\t\t\t<\/div>\n\t\t\t\t<\/div>\n\t\t\t\t<div class=\"elementor-element elementor-element-8800bbf elementor-widget elementor-widget-heading\" data-id=\"8800bbf\" data-element_type=\"widget\" data-e-type=\"widget\" data-widget_type=\"heading.default\">\n\t\t\t\t<div class=\"elementor-widget-container\">\n\t\t\t\t\t<h2 class=\"elementor-heading-title elementor-size-default\">Verbotene Verwendungen<\/h2>\t\t\t\t<\/div>\n\t\t\t\t<\/div>\n\t\t\t\t<div class=\"elementor-element elementor-element-ada8013 elementor-widget elementor-widget-text-editor\" data-id=\"ada8013\" data-element_type=\"widget\" data-e-type=\"widget\" data-widget_type=\"text-editor.default\">\n\t\t\t\t<div class=\"elementor-widget-container\">\n\t\t\t\t\t\t\t\t\t<p>Sie d\u00fcrfen unsere Website nicht nutzen:<\/p>\n<ul>\n<li>in einer Weise, die gegen geltende lokale, nationale oder internationale Gesetze oder Vorschriften verst\u00f6\u00dft.<\/li>\n<li>in einer Weise, die rechtswidrig oder betr\u00fcgerisch ist oder einen rechtswidrigen oder betr\u00fcgerischen Zweck oder eine rechtswidrige Wirkung hat.<\/li>\n<li>mit dem Ziel, Minderj\u00e4hrigen in irgendeiner Weise zu schaden oder zu versuchen, ihnen zu schaden.<\/li>\n<li>Eine Person zu schikanieren, zu beleidigen, einzusch\u00fcchtern oder zu dem\u00fctigen.<\/li>\n<li>Unerw\u00fcnschte oder nicht genehmigte Werbung oder Werbematerialien oder andere Formen \u00e4hnlicher Aufforderungen (Spam) zu \u00fcbermitteln oder deren Versendung zu veranlassen.<\/li>\n<li>Wissentlich Daten zu \u00fcbermitteln, Material zu senden oder hochzuladen, das Viren, Trojaner, W\u00fcrmer, Zeitbomben, Keystroke-Logger, Spyware, Adware oder andere sch\u00e4dliche Programme oder \u00e4hnlichen Computercode enth\u00e4lt, die dazu bestimmt sind, den Betrieb von Computersoftware oder -hardware zu beeintr\u00e4chtigen.<\/li>\n<li>In jeder Form, die mit sexueller Ausbeutung oder Missbrauch von Kindern verbunden ist.<\/li>\n<li>Um terroristische Inhalte hochzuladen.<\/li>\n<\/ul>\n<p>Sie sind ebenfalls einverstanden:<\/p>\n<ul>\n<li>keinen Teil unserer Websites zu reproduzieren, zu duplizieren, zu kopieren oder weiterzuverkaufen.<\/li>\n<li>Nicht unbefugt zuzugreifen, zu st\u00f6ren, zu besch\u00e4digen oder zu st\u00f6ren:<\/li>\n<li>jeden Teil unserer Websites;<\/li>\n<li>jedes Ger\u00e4t oder Netzwerk, auf dem unsere Website gespeichert ist;<\/li>\n<li>jegliche Software, die f\u00fcr die Bereitstellung unserer Websites verwendet wird; oder<\/li>\n<li>Ger\u00e4te, Netze oder Software, die Eigentum Dritter sind oder von diesen genutzt werden.<\/li>\n<\/ul>\n\t\t\t\t\t\t\t\t<\/div>\n\t\t\t\t<\/div>\n\t\t\t\t<div class=\"elementor-element elementor-element-222a3a0 elementor-widget elementor-widget-heading\" data-id=\"222a3a0\" data-element_type=\"widget\" data-e-type=\"widget\" data-widget_type=\"heading.default\">\n\t\t\t\t<div class=\"elementor-widget-container\">\n\t\t\t\t\t<h2 class=\"elementor-heading-title elementor-size-default\">Interaktive Dienste<\/h2>\t\t\t\t<\/div>\n\t\t\t\t<\/div>\n\t\t\t\t<div class=\"elementor-element elementor-element-83ce921 elementor-widget elementor-widget-text-editor\" data-id=\"83ce921\" data-element_type=\"widget\" data-e-type=\"widget\" data-widget_type=\"text-editor.default\">\n\t\t\t\t<div class=\"elementor-widget-container\">\n\t\t\t\t\t\t\t\t\t<p>Wir k\u00f6nnen von Zeit zu Zeit interaktive Dienste auf unserer Website anbieten, einschlie\u00dflich, aber nicht beschr\u00e4nkt auf Video-Sharing-Einrichtungen, Chatrooms, Schwarze Bretter, Zwei-Wege-Kommunikation im Zusammenhang mit Hilfeanfragen und Rundfunkank\u00fcndigungen bez\u00fcglich der Revalize-Software (interaktive Dienste).<\/p>\n<p>Wenn wir einen interaktiven Dienst anbieten, werden wir Sie klar dar\u00fcber informieren, welche Art von Dienst angeboten wird, ob er moderiert wird und welche Form der Moderation verwendet wird (einschlie\u00dflich der Frage, ob es sich um eine menschliche oder technische Moderation handelt).<\/p>\n<p>Wir werden unser Bestes tun, um m\u00f6gliche Risiken f\u00fcr die Nutzer durch Dritte abzusch\u00e4tzen, wenn sie einen interaktiven Dienst auf unserer Website nutzen, und wir werden in jedem Einzelfall entscheiden, ob eine Moderation des betreffenden Dienstes (einschlie\u00dflich der Art der Moderation) im Lichte dieser Risiken angemessen ist. Wir sind jedoch nicht verpflichtet, interaktive Dienste, die wir auf unserer Website anbieten, zu \u00fcberwachen, zu kontrollieren oder zu moderieren, und wir schlie\u00dfen ausdr\u00fccklich unsere Haftung f\u00fcr Verluste oder Sch\u00e4den aus, die sich aus der Nutzung eines interaktiven Dienstes durch einen Nutzer ergeben, der gegen unsere Inhaltsstandards verst\u00f6\u00dft, unabh\u00e4ngig davon, ob der Dienst moderiert wird oder nicht.<\/p>\n<p>Dieses Portal ist nicht f\u00fcr die Nutzung durch Minderj\u00e4hrige bestimmt. Die Nutzung unserer interaktiven Dienste durch Minderj\u00e4hrige unterliegt der Zustimmung ihrer Eltern oder Erziehungsberechtigten. Wir raten Eltern, die ihren Kindern die Nutzung eines interaktiven Dienstes gestatten, unbedingt mit ihren Kindern \u00fcber deren Sicherheit im Internet zu sprechen, da die Moderation nicht narrensicher ist. Minderj\u00e4hrige, die einen interaktiven Dienst nutzen, sollten auf die potenziellen Risiken f\u00fcr sie aufmerksam gemacht werden.<\/p>\n<p>Wenn wir einen interaktiven Dienst moderieren, stellen wir Ihnen normalerweise eine M\u00f6glichkeit zur Verf\u00fcgung, den Moderator zu kontaktieren, falls ein Problem oder eine Schwierigkeit auftritt.<\/p>\n<p>Wir speichern keine terroristischen Inhalte.<\/p>\n\t\t\t\t\t\t\t\t<\/div>\n\t\t\t\t<\/div>\n\t\t\t\t<div class=\"elementor-element elementor-element-2945271 elementor-widget elementor-widget-heading\" data-id=\"2945271\" data-element_type=\"widget\" data-e-type=\"widget\" data-widget_type=\"heading.default\">\n\t\t\t\t<div class=\"elementor-widget-container\">\n\t\t\t\t\t<h2 class=\"elementor-heading-title elementor-size-default\">Verst\u00f6\u00dfe gegen diese Politik<\/h2>\t\t\t\t<\/div>\n\t\t\t\t<\/div>\n\t\t\t\t<div class=\"elementor-element elementor-element-abc9e40 elementor-widget elementor-widget-text-editor\" data-id=\"abc9e40\" data-element_type=\"widget\" data-e-type=\"widget\" data-widget_type=\"text-editor.default\">\n\t\t\t\t<div class=\"elementor-widget-container\">\n\t\t\t\t\t\t\t\t\t<p>Wenn wir der Ansicht sind, dass ein Versto\u00df gegen diese Nutzungsbedingungen vorliegt, k\u00f6nnen wir Ma\u00dfnahmen ergreifen, die wir f\u00fcr angemessen halten.  <\/p>\n<p>Die Nichteinhaltung dieser Nutzungsbedingungen stellt einen wesentlichen Versto\u00df gegen die <span style=\"color: #00bad9;\"><a style=\"color: #00bad9;\" href=\"https:\/\/revalizesoftware.com\/de\/rechtliches\/website-nutzungsbedingungen\/\">Nutzungsbedingungen<\/a><\/span> <a href=\"https:\/\/revalizesoftware.com\/de\/rechtliches\/website-nutzungsbedingungen\/\"><em>https:\/\/revalizesoftware.com\/terms-of-use\/<\/em><\/a> auf deren Grundlage Ihnen die Nutzung unserer Website gestattet ist, und kann dazu f\u00fchren, dass wir alle oder einige der folgenden Ma\u00dfnahmen ergreifen:<\/p>\n<ul>\n<li>Sofortiger, vor\u00fcbergehender oder dauerhafter Entzug Ihres Rechts, unsere Website zu nutzen.<\/li>\n<li>Erteilung einer Warnung an Sie.<\/li>\n<li>Gerichtsverfahren gegen Sie zur Erstattung aller Kosten auf Entsch\u00e4digungsbasis (einschlie\u00dflich, aber nicht beschr\u00e4nkt auf angemessene Verwaltungs- und Gerichtskosten), die sich aus dem Versto\u00df ergeben.<\/li>\n<li>Weitere rechtliche Schritte gegen Sie.<\/li>\n<li>Weitergabe solcher Informationen an Strafverfolgungsbeh\u00f6rden, wenn wir dies f\u00fcr notwendig erachten oder wenn dies gesetzlich vorgeschrieben ist.<\/li>\n<\/ul>\n<p>Wir schlie\u00dfen unsere Haftung f\u00fcr alle Ma\u00dfnahmen aus, die wir als Reaktion auf Verst\u00f6\u00dfe gegen diese Richtlinie zur akzeptablen Nutzung ergreifen. Die Ma\u00dfnahmen, die wir ergreifen k\u00f6nnen, sind nicht auf die oben beschriebenen beschr\u00e4nkt, und wir k\u00f6nnen jede andere Ma\u00dfnahme ergreifen, die wir nach vern\u00fcnftigem Ermessen f\u00fcr angemessen halten.<\/p>\n\t\t\t\t\t\t\t\t<\/div>\n\t\t\t\t<\/div>\n\t\t\t\t<div class=\"elementor-element elementor-element-dbd77ab elementor-widget elementor-widget-heading\" data-id=\"dbd77ab\" data-element_type=\"widget\" data-e-type=\"widget\" data-widget_type=\"heading.default\">\n\t\t\t\t<div class=\"elementor-widget-container\">\n\t\t\t\t\t<h2 class=\"elementor-heading-title elementor-size-default\">Wie dieser Vertrag \u00fcbertragen werden kann<\/h2>\t\t\t\t<\/div>\n\t\t\t\t<\/div>\n\t\t\t\t<div class=\"elementor-element elementor-element-e9cd173 elementor-widget elementor-widget-text-editor\" data-id=\"e9cd173\" data-element_type=\"widget\" data-e-type=\"widget\" data-widget_type=\"text-editor.default\">\n\t\t\t\t<div class=\"elementor-widget-container\">\n\t\t\t\t\t\t\t\t\t<p>Wir k\u00f6nnen unsere Rechte und Pflichten im Rahmen dieser Bedingungen auf jeden Dritten \u00fcbertragen, sofern dies Ihre Rechte im Rahmen dieser Bedingungen nicht beeintr\u00e4chtigt.<\/p>\n\t\t\t\t\t\t\t\t<\/div>\n\t\t\t\t<\/div>\n\t\t\t\t<div class=\"elementor-element elementor-element-6ac5f2b elementor-widget elementor-widget-heading\" data-id=\"6ac5f2b\" data-element_type=\"widget\" data-e-type=\"widget\" data-widget_type=\"heading.default\">\n\t\t\t\t<div class=\"elementor-widget-container\">\n\t\t\t\t\t<h2 class=\"elementor-heading-title elementor-size-default\">Welches Landesrecht gilt bei Streitigkeiten?<\/h2>\t\t\t\t<\/div>\n\t\t\t\t<\/div>\n\t\t\t\t<div class=\"elementor-element elementor-element-e7e72ac elementor-widget elementor-widget-text-editor\" data-id=\"e7e72ac\" data-element_type=\"widget\" data-e-type=\"widget\" data-widget_type=\"text-editor.default\">\n\t\t\t\t<div class=\"elementor-widget-container\">\n\t\t\t\t\t\t\t\t\t<p>Diese Nutzungsbedingungen, ihr Gegenstand und ihr Zustandekommen (sowie alle au\u00dfervertraglichen Streitigkeiten oder Anspr\u00fcche) unterliegen denselben Gesetzen wie der Vertrag, auf dessen Grundlage wir Ihnen die Supportleistungen erbringen. Wir unterwerfen uns beide der nicht ausschlie\u00dflichen Zust\u00e4ndigkeit der Gerichte, wie sie in diesem Vertrag festgelegt ist.<\/p>\n\t\t\t\t\t\t\t\t<\/div>\n\t\t\t\t<\/div>\n\t\t\t\t<\/div>\n\t\t\t\t\t<\/div>\n\t\t\t\t<\/div>\n\t\t\t\t<\/div>\n\t\t","protected":false},"excerpt":{"rendered":"<p>Support Portal Richtlinie zur akzeptablen Nutzung BITTE LESEN SIE DIESE BEDINGUNGEN SORGF\u00c4LTIG DURCH, BEVOR SIE UNSERE WEBSITE NUTZEN. Diese Richtlinie zur akzeptablen Nutzung legt die Inhaltsstandards fest, die gelten, wenn Sie Inhalte auf unsere Website hochladen, mit anderen Benutzern auf unserer Website in Kontakt treten, einen Link zu unserer Website herstellen oder auf andere Weise [&hellip;]<\/p>\n","protected":false},"author":39,"featured_media":0,"parent":17722,"menu_order":88,"comment_status":"closed","ping_status":"closed","template":"elementor_header_footer","meta":{"content-type":"","footnotes":""},"class_list":["post-18042","page","type-page","status-publish","hentry"],"yoast_head":"<!-- This site is optimized with the Yoast SEO Premium plugin v27.4 (Yoast SEO v27.4) - https:\/\/yoast.com\/product\/yoast-seo-premium-wordpress\/ -->\n<title>Richtlinie f\u00fcr die zul\u00e4ssige Nutzung -<\/title>\n<meta name=\"description\" content=\"Informieren Sie sich \u00fcber unsere Richtlinien zur akzeptablen Nutzung und verstehen Sie die Inhaltsstandards f\u00fcr das Hochladen, Verlinken und Interagieren auf unserer Website.\" \/>\n<meta name=\"robots\" content=\"index, follow, max-snippet:-1, max-image-preview:large, max-video-preview:-1\" \/>\n<link rel=\"canonical\" href=\"https:\/\/revalizesoftware.com\/de\/rechtliches\/richtlinie-zur-akzeptablen-nutzung\/\" \/>\n<meta property=\"og:locale\" content=\"de_DE\" \/>\n<meta property=\"og:type\" content=\"article\" \/>\n<meta property=\"og:title\" content=\"Richtlinie zur akzeptablen Nutzung\" \/>\n<meta property=\"og:description\" content=\"Informieren Sie sich \u00fcber unsere Richtlinien zur akzeptablen Nutzung und verstehen Sie die Inhaltsstandards f\u00fcr das Hochladen, Verlinken und Interagieren auf unserer Website.\" \/>\n<meta property=\"og:url\" content=\"https:\/\/revalizesoftware.com\/de\/rechtliches\/richtlinie-zur-akzeptablen-nutzung\/\" \/>\n<meta property=\"og:site_name\" content=\"Revalize\" \/>\n<meta property=\"article:publisher\" content=\"https:\/\/www.facebook.com\/revalize\/\" \/>\n<meta property=\"article:modified_time\" content=\"2025-01-09T14:55:18+00:00\" \/>\n<meta name=\"twitter:card\" content=\"summary_large_image\" \/>\n<meta name=\"twitter:site\" content=\"@revalize\" \/>\n<meta name=\"twitter:label1\" content=\"Gesch\u00e4tzte Lesezeit\" \/>\n\t<meta name=\"twitter:data1\" content=\"4\u00a0Minuten\" \/>\n<script type=\"application\/ld+json\" class=\"yoast-schema-graph\">{\"@context\":\"https:\\\/\\\/schema.org\",\"@graph\":[{\"@type\":\"WebPage\",\"@id\":\"https:\\\/\\\/revalizesoftware.com\\\/de\\\/rechtliches\\\/richtlinie-zur-akzeptablen-nutzung\\\/\",\"url\":\"https:\\\/\\\/revalizesoftware.com\\\/de\\\/rechtliches\\\/richtlinie-zur-akzeptablen-nutzung\\\/\",\"name\":\"Richtlinie f\u00fcr die zul\u00e4ssige Nutzung -\",\"isPartOf\":{\"@id\":\"https:\\\/\\\/revalizesoftware.com\\\/de\\\/#website\"},\"datePublished\":\"2023-05-17T20:00:11+00:00\",\"dateModified\":\"2025-01-09T14:55:18+00:00\",\"description\":\"Informieren Sie sich \u00fcber unsere Richtlinien zur akzeptablen Nutzung und verstehen Sie die Inhaltsstandards f\u00fcr das Hochladen, Verlinken und Interagieren auf unserer Website.\",\"breadcrumb\":{\"@id\":\"https:\\\/\\\/revalizesoftware.com\\\/de\\\/rechtliches\\\/richtlinie-zur-akzeptablen-nutzung\\\/#breadcrumb\"},\"inLanguage\":\"de\",\"potentialAction\":[{\"@type\":\"ReadAction\",\"target\":[\"https:\\\/\\\/revalizesoftware.com\\\/de\\\/rechtliches\\\/richtlinie-zur-akzeptablen-nutzung\\\/\"]}]},{\"@type\":\"BreadcrumbList\",\"@id\":\"https:\\\/\\\/revalizesoftware.com\\\/de\\\/rechtliches\\\/richtlinie-zur-akzeptablen-nutzung\\\/#breadcrumb\",\"itemListElement\":[{\"@type\":\"ListItem\",\"position\":1,\"name\":\"Home\",\"item\":\"https:\\\/\\\/revalizesoftware.com\\\/de\\\/revalize\\\/\"},{\"@type\":\"ListItem\",\"position\":2,\"name\":\"Revalize Rechtliches\",\"item\":\"https:\\\/\\\/revalizesoftware.com\\\/de\\\/rechtliches\\\/\"},{\"@type\":\"ListItem\",\"position\":3,\"name\":\"Richtlinie zur akzeptablen Nutzung\"}]},{\"@type\":\"WebSite\",\"@id\":\"https:\\\/\\\/revalizesoftware.com\\\/de\\\/#website\",\"url\":\"https:\\\/\\\/revalizesoftware.com\\\/de\\\/\",\"name\":\"Revalize\",\"description\":\"Great Starts with Revalize\",\"publisher\":{\"@id\":\"https:\\\/\\\/revalizesoftware.com\\\/de\\\/#organization\"},\"potentialAction\":[{\"@type\":\"SearchAction\",\"target\":{\"@type\":\"EntryPoint\",\"urlTemplate\":\"https:\\\/\\\/revalizesoftware.com\\\/de\\\/?s={search_term_string}\"},\"query-input\":{\"@type\":\"PropertyValueSpecification\",\"valueRequired\":true,\"valueName\":\"search_term_string\"}}],\"inLanguage\":\"de\"},{\"@type\":\"Organization\",\"@id\":\"https:\\\/\\\/revalizesoftware.com\\\/de\\\/#organization\",\"name\":\"Revalize\",\"url\":\"https:\\\/\\\/revalizesoftware.com\\\/de\\\/\",\"logo\":{\"@type\":\"ImageObject\",\"inLanguage\":\"de\",\"@id\":\"https:\\\/\\\/revalizesoftware.com\\\/de\\\/#\\\/schema\\\/logo\\\/image\\\/\",\"url\":\"https:\\\/\\\/revalizesoftware.com\\\/wp-content\\\/uploads\\\/2021\\\/05\\\/revalize-logo.png\",\"contentUrl\":\"https:\\\/\\\/revalizesoftware.com\\\/wp-content\\\/uploads\\\/2021\\\/05\\\/revalize-logo.png\",\"width\":976,\"height\":423,\"caption\":\"Revalize\"},\"image\":{\"@id\":\"https:\\\/\\\/revalizesoftware.com\\\/de\\\/#\\\/schema\\\/logo\\\/image\\\/\"},\"sameAs\":[\"https:\\\/\\\/www.facebook.com\\\/revalize\\\/\",\"https:\\\/\\\/x.com\\\/revalize\",\"https:\\\/\\\/www.linkedin.com\\\/company\\\/revalize\\\/\"]}]}<\/script>\n<!-- \/ Yoast SEO Premium plugin. -->","yoast_head_json":{"title":"Richtlinie f\u00fcr die zul\u00e4ssige Nutzung -","description":"Informieren Sie sich \u00fcber unsere Richtlinien zur akzeptablen Nutzung und verstehen Sie die Inhaltsstandards f\u00fcr das Hochladen, Verlinken und Interagieren auf unserer Website.","robots":{"index":"index","follow":"follow","max-snippet":"max-snippet:-1","max-image-preview":"max-image-preview:large","max-video-preview":"max-video-preview:-1"},"canonical":"https:\/\/revalizesoftware.com\/de\/rechtliches\/richtlinie-zur-akzeptablen-nutzung\/","og_locale":"de_DE","og_type":"article","og_title":"Richtlinie zur akzeptablen Nutzung","og_description":"Informieren Sie sich \u00fcber unsere Richtlinien zur akzeptablen Nutzung und verstehen Sie die Inhaltsstandards f\u00fcr das Hochladen, Verlinken und Interagieren auf unserer Website.","og_url":"https:\/\/revalizesoftware.com\/de\/rechtliches\/richtlinie-zur-akzeptablen-nutzung\/","og_site_name":"Revalize","article_publisher":"https:\/\/www.facebook.com\/revalize\/","article_modified_time":"2025-01-09T14:55:18+00:00","twitter_card":"summary_large_image","twitter_site":"@revalize","twitter_misc":{"Gesch\u00e4tzte Lesezeit":"4\u00a0Minuten"},"schema":{"@context":"https:\/\/schema.org","@graph":[{"@type":"WebPage","@id":"https:\/\/revalizesoftware.com\/de\/rechtliches\/richtlinie-zur-akzeptablen-nutzung\/","url":"https:\/\/revalizesoftware.com\/de\/rechtliches\/richtlinie-zur-akzeptablen-nutzung\/","name":"Richtlinie f\u00fcr die zul\u00e4ssige Nutzung -","isPartOf":{"@id":"https:\/\/revalizesoftware.com\/de\/#website"},"datePublished":"2023-05-17T20:00:11+00:00","dateModified":"2025-01-09T14:55:18+00:00","description":"Informieren Sie sich \u00fcber unsere Richtlinien zur akzeptablen Nutzung und verstehen Sie die Inhaltsstandards f\u00fcr das Hochladen, Verlinken und Interagieren auf unserer Website.","breadcrumb":{"@id":"https:\/\/revalizesoftware.com\/de\/rechtliches\/richtlinie-zur-akzeptablen-nutzung\/#breadcrumb"},"inLanguage":"de","potentialAction":[{"@type":"ReadAction","target":["https:\/\/revalizesoftware.com\/de\/rechtliches\/richtlinie-zur-akzeptablen-nutzung\/"]}]},{"@type":"BreadcrumbList","@id":"https:\/\/revalizesoftware.com\/de\/rechtliches\/richtlinie-zur-akzeptablen-nutzung\/#breadcrumb","itemListElement":[{"@type":"ListItem","position":1,"name":"Home","item":"https:\/\/revalizesoftware.com\/de\/revalize\/"},{"@type":"ListItem","position":2,"name":"Revalize Rechtliches","item":"https:\/\/revalizesoftware.com\/de\/rechtliches\/"},{"@type":"ListItem","position":3,"name":"Richtlinie zur akzeptablen Nutzung"}]},{"@type":"WebSite","@id":"https:\/\/revalizesoftware.com\/de\/#website","url":"https:\/\/revalizesoftware.com\/de\/","name":"Revalize","description":"Great Starts with Revalize","publisher":{"@id":"https:\/\/revalizesoftware.com\/de\/#organization"},"potentialAction":[{"@type":"SearchAction","target":{"@type":"EntryPoint","urlTemplate":"https:\/\/revalizesoftware.com\/de\/?s={search_term_string}"},"query-input":{"@type":"PropertyValueSpecification","valueRequired":true,"valueName":"search_term_string"}}],"inLanguage":"de"},{"@type":"Organization","@id":"https:\/\/revalizesoftware.com\/de\/#organization","name":"Revalize","url":"https:\/\/revalizesoftware.com\/de\/","logo":{"@type":"ImageObject","inLanguage":"de","@id":"https:\/\/revalizesoftware.com\/de\/#\/schema\/logo\/image\/","url":"https:\/\/revalizesoftware.com\/wp-content\/uploads\/2021\/05\/revalize-logo.png","contentUrl":"https:\/\/revalizesoftware.com\/wp-content\/uploads\/2021\/05\/revalize-logo.png","width":976,"height":423,"caption":"Revalize"},"image":{"@id":"https:\/\/revalizesoftware.com\/de\/#\/schema\/logo\/image\/"},"sameAs":["https:\/\/www.facebook.com\/revalize\/","https:\/\/x.com\/revalize","https:\/\/www.linkedin.com\/company\/revalize\/"]}]}},"_links":{"self":[{"href":"https:\/\/revalizesoftware.com\/de\/wp-json\/wp\/v2\/pages\/18042","targetHints":{"allow":["GET"]}}],"collection":[{"href":"https:\/\/revalizesoftware.com\/de\/wp-json\/wp\/v2\/pages"}],"about":[{"href":"https:\/\/revalizesoftware.com\/de\/wp-json\/wp\/v2\/types\/page"}],"author":[{"embeddable":true,"href":"https:\/\/revalizesoftware.com\/de\/wp-json\/wp\/v2\/users\/39"}],"replies":[{"embeddable":true,"href":"https:\/\/revalizesoftware.com\/de\/wp-json\/wp\/v2\/comments?post=18042"}],"version-history":[{"count":0,"href":"https:\/\/revalizesoftware.com\/de\/wp-json\/wp\/v2\/pages\/18042\/revisions"}],"up":[{"embeddable":true,"href":"https:\/\/revalizesoftware.com\/de\/wp-json\/wp\/v2\/pages\/17722"}],"wp:attachment":[{"href":"https:\/\/revalizesoftware.com\/de\/wp-json\/wp\/v2\/media?parent=18042"}],"curies":[{"name":"wp","href":"https:\/\/api.w.org\/{rel}","templated":true}]}}