{"id":23645,"date":"2024-04-24T09:34:16","date_gmt":"2024-04-24T13:34:16","guid":{"rendered":"https:\/\/revalizesoftware.com\/hr-datenschutzrahmenrichtlinie\/"},"modified":"2025-06-16T14:46:09","modified_gmt":"2025-06-16T18:46:09","slug":"hr-datenschutzrahmenrichtlinie","status":"publish","type":"page","link":"https:\/\/revalizesoftware.com\/de\/rechtliches\/hr-datenschutzrahmenrichtlinie\/","title":{"rendered":"HR-Datenschutzrahmenrichtlinie"},"content":{"rendered":"\t\t<div data-elementor-type=\"wp-page\" data-elementor-id=\"23645\" class=\"elementor elementor-23645 elementor-21777\" data-elementor-post-type=\"page\">\n\t\t\t\t<div class=\"elementor-element elementor-element-93a72e0 e-flex e-con-boxed e-con e-parent\" data-id=\"93a72e0\" data-element_type=\"container\" data-e-type=\"container\">\n\t\t\t\t\t<div class=\"e-con-inner\">\n\t\t<div class=\"elementor-element elementor-element-86b9225 e-con-full e-flex e-con e-child\" data-id=\"86b9225\" data-element_type=\"container\" data-e-type=\"container\">\n\t\t\t\t<div class=\"elementor-element elementor-element-5b89600 elementor-widget elementor-widget-heading\" data-id=\"5b89600\" data-element_type=\"widget\" data-e-type=\"widget\" data-widget_type=\"heading.default\">\n\t\t\t\t<div class=\"elementor-widget-container\">\n\t\t\t\t\t<h1 class=\"elementor-heading-title elementor-size-default\">HR-Datenschutzrahmenrichtlinie<\/h1>\t\t\t\t<\/div>\n\t\t\t\t<\/div>\n\t\t\t\t<div class=\"elementor-element elementor-element-849a3bb elementor-widget-divider--view-line elementor-widget elementor-widget-divider\" data-id=\"849a3bb\" data-element_type=\"widget\" data-e-type=\"widget\" data-widget_type=\"divider.default\">\n\t\t\t\t<div class=\"elementor-widget-container\">\n\t\t\t\t\t\t\t<div class=\"elementor-divider\">\n\t\t\t<span class=\"elementor-divider-separator\">\n\t\t\t\t\t\t<\/span>\n\t\t<\/div>\n\t\t\t\t\t\t<\/div>\n\t\t\t\t<\/div>\n\t\t\t\t<div class=\"elementor-element elementor-element-535b667 elementor-widget elementor-widget-text-editor\" data-id=\"535b667\" data-element_type=\"widget\" data-e-type=\"widget\" data-widget_type=\"text-editor.default\">\n\t\t\t\t<div class=\"elementor-widget-container\">\n\t\t\t\t\t\t\t\t\t<p>Datum des Inkrafttretens: April 24, 2024<\/p>\t\t\t\t\t\t\t\t<\/div>\n\t\t\t\t<\/div>\n\t\t\t\t<div class=\"elementor-element elementor-element-cb9bb9c elementor-widget elementor-widget-text-editor\" data-id=\"cb9bb9c\" data-element_type=\"widget\" data-e-type=\"widget\" data-widget_type=\"text-editor.default\">\n\t\t\t\t<div class=\"elementor-widget-container\">\n\t\t\t\t\t\t\t\t\t<p>Diese HR Data Privacy Framework Policy (&#8220;HR DPF Policy&#8221;) erg\u00e4nzt die Datenschutzhinweise f\u00fcr Mitarbeiter und Bewerber von Revalize. Diese HR DPF-Richtlinie gilt f\u00fcr die \u00dcbermittlung von personenbezogenen Daten aus dem Europ\u00e4ischen Wirtschaftsraum (EWR), dem Vereinigten K\u00f6nigreich (UK) und Gibraltar sowie der Schweiz in die Vereinigten Staaten.<\/p><p>Revalize, Inc. (&#8220;Revalize&#8221;) h\u00e4lt sich an das EU-U.S. Data Privacy Framework (EU-U.S. DPF), die UK Extension to the EU-U.S. DPF und das Swiss-U.S. Data Privacy Framework (Swiss-U.S. DPF) (zusammen das &#8220;Data Privacy Framework&#8221; oder &#8220;DPF&#8221;), wie es vom U.S. Department of Commerce festgelegt wurde.<\/p><p>Personenbezogene Daten k\u00f6nnen auf Servern verarbeitet werden, die sich au\u00dferhalb des Landes befinden, in dem Sie Ihren Wohnsitz haben. Unsere Datenschutzrichtlinie beschreibt, wie wir Ihre pers\u00f6nlichen Daten sch\u00fctzen. Zus\u00e4tzlich zu diesen Schutzma\u00dfnahmen bieten wir die folgenden Schutzma\u00dfnahmen in Bezug auf Daten\u00fcbertragungen aus dem EWR, Gro\u00dfbritannien und Gibraltar sowie der Schweiz.<\/p>\t\t\t\t\t\t\t\t<\/div>\n\t\t\t\t<\/div>\n\t\t\t\t<div class=\"elementor-element elementor-element-f6ae2a2 elementor-widget elementor-widget-heading\" data-id=\"f6ae2a2\" data-element_type=\"widget\" data-e-type=\"widget\" data-widget_type=\"heading.default\">\n\t\t\t\t<div class=\"elementor-widget-container\">\n\t\t\t\t\t<h2 class=\"elementor-heading-title elementor-size-default\">Angemessenheitsentscheidungen<\/h2>\t\t\t\t<\/div>\n\t\t\t\t<\/div>\n\t\t\t\t<div class=\"elementor-element elementor-element-202ba30 elementor-widget elementor-widget-text-editor\" data-id=\"202ba30\" data-element_type=\"widget\" data-e-type=\"widget\" data-widget_type=\"text-editor.default\">\n\t\t\t\t<div class=\"elementor-widget-container\">\n\t\t\t\t\t\t\t\t\tWenn die Europ\u00e4ische Kommission einen &#8220;Angemessenheitsbeschluss&#8221; in Bezug auf ein Land au\u00dferhalb des Europ\u00e4ischen Wirtschaftsraums (EWR) gefasst hat (d.h. festgestellt hat, dass das Land einen angemessenen Datenschutz bietet), k\u00f6nnen personenbezogene Daten aus dem EWR in dieses Land \u00fcbertragen werden, ohne dass weitere Garantien erforderlich sind. Das Vereinigte K\u00f6nigreich und die Schweiz haben \u00e4hnliche Angemessenheitsmechanismen eingef\u00fchrt, um die \u00dcbermittlung personenbezogener Daten in L\u00e4nder zu erm\u00f6glichen, die ihrer Meinung nach einen angemessenen Datenschutz bieten. Revalize, Inc. und seine verbundenen Unternehmen (&#8220;Revalize&#8221; oder &#8220;wir&#8221;) st\u00fctzen sich auf die Angemessenheitsentscheidungen der Europ\u00e4ischen Kommission sowie auf die britischen Angemessenheitsvorschriften und die Schweizer Angemessenheitsentscheidungen.\t\t\t\t\t\t\t\t<\/div>\n\t\t\t\t<\/div>\n\t\t\t\t<div class=\"elementor-element elementor-element-044453a elementor-widget elementor-widget-heading\" data-id=\"044453a\" data-element_type=\"widget\" data-e-type=\"widget\" data-widget_type=\"heading.default\">\n\t\t\t\t<div class=\"elementor-widget-container\">\n\t\t\t\t\t<h2 class=\"elementor-heading-title elementor-size-default\">Standardvertragsklauseln<\/h2>\t\t\t\t<\/div>\n\t\t\t\t<\/div>\n\t\t\t\t<div class=\"elementor-element elementor-element-60ac24a elementor-widget elementor-widget-text-editor\" data-id=\"60ac24a\" data-element_type=\"widget\" data-e-type=\"widget\" data-widget_type=\"text-editor.default\">\n\t\t\t\t<div class=\"elementor-widget-container\">\n\t\t\t\t\t\t\t\t\tWo es keinen Angemessenheitsmechanismus gibt, verlassen wir uns bei Daten\u00fcbertragungen aus dem EWR, dem Vereinigten K\u00f6nigreich und der Schweiz in Drittl\u00e4nder auf Standardvertragsklauseln (SCC), da diese angemessene Datenschutzgarantien bieten. Die SCCs wurden von der Europ\u00e4ischen Kommission genehmigt und m\u00fcssen in ihrer urspr\u00fcnglichen Form ohne \u00c4nderungen verwendet werden.  \t\t\t\t\t\t\t\t<\/div>\n\t\t\t\t<\/div>\n\t\t\t\t<div class=\"elementor-element elementor-element-eae5f67 elementor-widget elementor-widget-heading\" data-id=\"eae5f67\" data-element_type=\"widget\" data-e-type=\"widget\" data-widget_type=\"heading.default\">\n\t\t\t\t<div class=\"elementor-widget-container\">\n\t\t\t\t\t<h2 class=\"elementor-heading-title elementor-size-default\">EU-US- und Schweiz-US-Datenschutzrahmen und Erweiterung auf Gro\u00dfbritannien<\/h2>\t\t\t\t<\/div>\n\t\t\t\t<\/div>\n\t\t\t\t<div class=\"elementor-element elementor-element-ece2b58 elementor-widget elementor-widget-text-editor\" data-id=\"ece2b58\" data-element_type=\"widget\" data-e-type=\"widget\" data-widget_type=\"text-editor.default\">\n\t\t\t\t<div class=\"elementor-widget-container\">\n\t\t\t\t\t\t\t\t\t<p>Revalize h\u00e4lt sich an das EU-U.S. Data Privacy Framework (EU-U.S. DPF), die UK Extension to the EU-U.S. DPF und das Swiss-U.S. Data Privacy Framework (Swiss-U.S. DPF), wie vom U.S. Department of Commerce festgelegt. Revalize hat gegen\u00fcber dem U.S. Department of Commerce best\u00e4tigt, dass es die EU-U.S. Data Privacy Framework Principles (EU-U.S. DPF Principles) in Bezug auf die Verarbeitung personenbezogener Daten einh\u00e4lt, die es aus der Europ\u00e4ischen Union unter Berufung auf die EU-U.S. DPF und aus dem Vereinigten K\u00f6nigreich (und Gibraltar) unter Berufung auf die britische Erweiterung der EU-U.S. DPF erh\u00e4lt. Revalize hat gegen\u00fcber dem U.S. Department of Commerce best\u00e4tigt, dass es die Swiss-U.S. Data Privacy Framework Principles (Swiss-U.S. DPF Principles) in Bezug auf die Verarbeitung personenbezogener Daten, die aus der Schweiz unter Berufung auf die Swiss-U.S. DPF erhalten wurden, einh\u00e4lt. Im Falle eines Widerspruchs zwischen den Bestimmungen dieser Datenschutzrichtlinie und den EU-US-DSGVO und\/oder den Schweizer-US-DSGVO sind die Grunds\u00e4tze ma\u00dfgeblich. Um mehr \u00fcber das Data Privacy Framework (DPF) Programm zu erfahren und unsere Zertifizierung einzusehen, besuchen Sie bitte <span style=\"color: #00bad9;\"><a style=\"color: #00bad9;\" href=\"https:\/\/www.dataprivacyframework.gov\/\" target=\"_blank\" rel=\"noopener\">https:\/\/www.dataprivacyframework.gov<\/a><\/span>.<\/p><p>In \u00dcbereinstimmung mit der EU-US-DSGVO, der britischen Erweiterung der EU-US-DSGVO und der schweizerisch-US-amerikanischen DPF verpflichtet sich Revalize, mit dem von den EU-Datenschutzbeh\u00f6rden, dem UK Information Commissioner&#8217;s Office (ICO), der Gibraltar Regulatory Authority (GRA) und dem Eidgen\u00f6ssischen Datenschutz- und \u00d6ffentlichkeitsbeauftragten (ED\u00d6B) eingerichteten Gremium zusammenzuarbeiten und dessen Ratschl\u00e4ge in Bezug auf ungel\u00f6ste Beschwerden \u00fcber unseren Umgang mit Personaldaten zu befolgen, die im Rahmen der EU-U.S. DPF, der UK Extension to the EU-U.S. DPF und der Swiss-U.S. DPF eingegangen sind.<\/p><p>Betroffene Personen k\u00f6nnen sich an die unten aufgef\u00fchrten unabh\u00e4ngigen Regressanbieter wenden:<\/p><p>EU-Datenschutzbeh\u00f6rden (<span style=\"color: #00bad9;\"><a style=\"color: #00bad9;\" href=\"https:\/\/ec.europa.eu\/justice\/article-29\/structure\/data-protection-authorities\/index_en.htm\" target=\"_blank\" rel=\"noopener\">https:\/\/ec.europa.eu\/justice\/article-29\/structure\/data-protection-authorities\/index_en.htm<\/a><\/span>)<\/p><p>Eidgen\u00f6ssischer Datenschutz- und \u00d6ffentlichkeitsbeauftragter (<span style=\"color: #00bad9;\"><a style=\"color: #00bad9;\" href=\"https:\/\/www.edoeb.admin.ch\/edoeb\/en\/home.html\" target=\"_blank\" rel=\"noopener\">https:\/\/www.edoeb.admin.ch\/edoeb\/en\/home.html<\/a><\/span>)<\/p><p>UK Information Commissioner&#8217;s Office (<span style=\"color: #00bad9;\"><a style=\"color: #00bad9;\" href=\"https:\/\/ico.org.uk\/\" target=\"_blank\" rel=\"noopener\">https:\/\/ico.org.uk\/<\/a><\/span>)<\/p><p>Revalize wird mit der zust\u00e4ndigen Datenschutzbeh\u00f6rde bei der Untersuchung und L\u00f6sung von Beschwerden, die im Rahmen der DSGVO vorgebracht werden, zusammenarbeiten. Revalize wird alle Ratschl\u00e4ge der EU-DSGVO, des ED\u00d6B oder der ICO in Bezug auf ungel\u00f6ste Beschwerden \u00fcber unseren Umgang mit Personaldaten befolgen, die wir unter Berufung auf die EU-US-DSGVO und die britische Erweiterung der EU-US-DSGVO und die schweizerisch-US-amerikanische DSGVO erhalten haben. Die alternativen Streitbeilegungsdienste der Datenschutzbeh\u00f6rden sind f\u00fcr Sie kostenlos.<\/p><p>Wenn ein Streitfall oder eine Beschwerde weder von Revalize noch von den Datenschutzbeh\u00f6rden der EU, dem schweizerischen ED\u00d6B oder der britischen ICO gel\u00f6st werden kann, haben Sie das Recht zu verlangen, dass Revalize ein verbindliches Schiedsverfahren gem\u00e4\u00df dem Regress-, Durchsetzungs- und Haftungsgrundsatz der DSGVO und Anhang I der DSGVO einleitet.<\/p><p>Wir bleiben f\u00fcr alle Ihre pers\u00f6nlichen Daten verantwortlich, die von uns an Dritte zur externen Verarbeitung in unserem Namen weitergegeben werden.<br>Revalize unterliegt den Ermittlungs- und Durchsetzungsbefugnissen der US Federal Trade Commission.<\/p><p>Wir st\u00fctzen uns derzeit nicht auf die DPF Schweiz-USA und die britische Erweiterung der DPF EU-USA, um personenbezogene Daten in die USA zu \u00fcbermitteln.<br>Wenn Sie eine Frage zu unseren Datenschutzpraktiken in Bezug auf unsere DPF-Zertifizierung haben, wenden Sie sich bitte an unseren Chief Privacy Officer unter <span style=\"color: #00bad9;\"><a style=\"color: #00bad9;\" href=\"mailto:customersuccess@revalizesoftware.com\">customersuccess@revalizesoftware.com<\/a><\/span>.<\/p>\t\t\t\t\t\t\t\t<\/div>\n\t\t\t\t<\/div>\n\t\t\t\t<div class=\"elementor-element elementor-element-5862d1c elementor-widget elementor-widget-text-editor\" data-id=\"5862d1c\" data-element_type=\"widget\" data-e-type=\"widget\" data-widget_type=\"text-editor.default\">\n\t\t\t\t<div class=\"elementor-widget-container\">\n\t\t\t\t\t\t\t\t\t<p><em><strong>US-amerikanische Unternehmen oder US-Tochtergesellschaften von Revalize Inc, die dem Data Privacy Framework (DPF) folgen, einschlie\u00dflich der UK-Erweiterung zum EU-US-DPF und den Schweizer-US-DPF-Prinzipien<\/strong><\/em><\/p>\t\t\t\t\t\t\t\t<\/div>\n\t\t\t\t<\/div>\n\t\t\t\t<div class=\"elementor-element elementor-element-32fc311 elementor-widget elementor-widget-text-editor\" data-id=\"32fc311\" data-element_type=\"widget\" data-e-type=\"widget\" data-widget_type=\"text-editor.default\">\n\t\t\t\t<div class=\"elementor-widget-container\">\n\t\t\t\t\t\t\t\t\t<ul>\n<li>Attainia Holdings, LLC<\/li>\n<li>Attainia, LLC<\/li>\n<li>AutoQuotes, LLC<\/li>\n<li>AXI Parent, LLC<\/li>\n<li>Axonom, LLC<\/li>\n<li>BCA Technologies, LLC<\/li>\n<li>Configure One Holdings, LLC<\/li>\n<li>Configure One, LLC<\/li>\n<li>Engineered Software, LLC<\/li>\n<li>FPX, LLC<\/li>\n<li>Imperial Midco, LLC<\/li>\n<li>Intelliquip, LLC<\/li>\n<li>Kochman Consultants, Inc<\/li>\n<li>LeadMethod, LLC<\/li>\n<li>Lighting Analysts, LLC<\/li>\n<li>MicroD, LLC<\/li>\n<li>Revalize, Inc<\/li>\n<\/ul>\t\t\t\t\t\t\t\t<\/div>\n\t\t\t\t<\/div>\n\t\t\t\t<\/div>\n\t\t\t\t\t<\/div>\n\t\t\t\t<\/div>\n\t\t\t\t<\/div>\n\t\t","protected":false},"excerpt":{"rendered":"<p>HR-Datenschutzrahmenrichtlinie Datum des Inkrafttretens: April 24, 2024 Diese HR Data Privacy Framework Policy (&#8220;HR DPF Policy&#8221;) erg\u00e4nzt die Datenschutzhinweise f\u00fcr Mitarbeiter und Bewerber von Revalize. Diese HR DPF-Richtlinie gilt f\u00fcr die \u00dcbermittlung von personenbezogenen Daten aus dem Europ\u00e4ischen Wirtschaftsraum (EWR), dem Vereinigten K\u00f6nigreich (UK) und Gibraltar sowie der Schweiz in die Vereinigten Staaten. Revalize, Inc. [&hellip;]<\/p>\n","protected":false},"author":39,"featured_media":0,"parent":17722,"menu_order":0,"comment_status":"closed","ping_status":"closed","template":"","meta":{"content-type":"","footnotes":""},"class_list":["post-23645","page","type-page","status-publish","hentry"],"yoast_head":"<!-- This site is optimized with the Yoast SEO Premium plugin v27.4 (Yoast SEO v27.4) - https:\/\/yoast.com\/product\/yoast-seo-premium-wordpress\/ -->\n<title>HR-Datenschutzrahmenrichtlinie - Revalize<\/title>\n<meta name=\"description\" content=\"Erfahren Sie mehr \u00fcber die HR Data Privacy Framework Policy von Revalize und wie sie mit internationalen Datenschutzstandards \u00fcbereinstimmt.\" \/>\n<meta name=\"robots\" content=\"index, follow, max-snippet:-1, max-image-preview:large, max-video-preview:-1\" \/>\n<link rel=\"canonical\" href=\"https:\/\/revalizesoftware.com\/de\/rechtliches\/hr-datenschutzrahmenrichtlinie\/\" \/>\n<meta property=\"og:locale\" content=\"de_DE\" \/>\n<meta property=\"og:type\" content=\"article\" \/>\n<meta property=\"og:title\" content=\"HR-Datenschutzrahmenrichtlinie\" \/>\n<meta property=\"og:description\" content=\"Erfahren Sie mehr \u00fcber die HR Data Privacy Framework Policy von Revalize und wie sie mit internationalen Datenschutzstandards \u00fcbereinstimmt.\" \/>\n<meta property=\"og:url\" content=\"https:\/\/revalizesoftware.com\/de\/rechtliches\/hr-datenschutzrahmenrichtlinie\/\" \/>\n<meta property=\"og:site_name\" content=\"Revalize\" \/>\n<meta property=\"article:publisher\" content=\"https:\/\/www.facebook.com\/revalize\/\" \/>\n<meta property=\"article:modified_time\" content=\"2025-06-16T18:46:09+00:00\" \/>\n<meta name=\"twitter:card\" content=\"summary_large_image\" \/>\n<meta name=\"twitter:site\" content=\"@revalize\" \/>\n<meta name=\"twitter:label1\" content=\"Gesch\u00e4tzte Lesezeit\" \/>\n\t<meta name=\"twitter:data1\" content=\"5\u00a0Minuten\" \/>\n<script type=\"application\/ld+json\" class=\"yoast-schema-graph\">{\"@context\":\"https:\\\/\\\/schema.org\",\"@graph\":[{\"@type\":\"WebPage\",\"@id\":\"https:\\\/\\\/revalizesoftware.com\\\/de\\\/rechtliches\\\/hr-datenschutzrahmenrichtlinie\\\/\",\"url\":\"https:\\\/\\\/revalizesoftware.com\\\/de\\\/rechtliches\\\/hr-datenschutzrahmenrichtlinie\\\/\",\"name\":\"HR-Datenschutzrahmenrichtlinie - Revalize\",\"isPartOf\":{\"@id\":\"https:\\\/\\\/revalizesoftware.com\\\/de\\\/#website\"},\"datePublished\":\"2024-04-24T13:34:16+00:00\",\"dateModified\":\"2025-06-16T18:46:09+00:00\",\"description\":\"Erfahren Sie mehr \u00fcber die HR Data Privacy Framework Policy von Revalize und wie sie mit internationalen Datenschutzstandards \u00fcbereinstimmt.\",\"breadcrumb\":{\"@id\":\"https:\\\/\\\/revalizesoftware.com\\\/de\\\/rechtliches\\\/hr-datenschutzrahmenrichtlinie\\\/#breadcrumb\"},\"inLanguage\":\"de\",\"potentialAction\":[{\"@type\":\"ReadAction\",\"target\":[\"https:\\\/\\\/revalizesoftware.com\\\/de\\\/rechtliches\\\/hr-datenschutzrahmenrichtlinie\\\/\"]}]},{\"@type\":\"BreadcrumbList\",\"@id\":\"https:\\\/\\\/revalizesoftware.com\\\/de\\\/rechtliches\\\/hr-datenschutzrahmenrichtlinie\\\/#breadcrumb\",\"itemListElement\":[{\"@type\":\"ListItem\",\"position\":1,\"name\":\"Home\",\"item\":\"https:\\\/\\\/revalizesoftware.com\\\/de\\\/revalize\\\/\"},{\"@type\":\"ListItem\",\"position\":2,\"name\":\"Revalize Rechtliches\",\"item\":\"https:\\\/\\\/revalizesoftware.com\\\/de\\\/rechtliches\\\/\"},{\"@type\":\"ListItem\",\"position\":3,\"name\":\"HR-Datenschutzrahmenrichtlinie\"}]},{\"@type\":\"WebSite\",\"@id\":\"https:\\\/\\\/revalizesoftware.com\\\/de\\\/#website\",\"url\":\"https:\\\/\\\/revalizesoftware.com\\\/de\\\/\",\"name\":\"Revalize\",\"description\":\"Great Starts with Revalize\",\"publisher\":{\"@id\":\"https:\\\/\\\/revalizesoftware.com\\\/de\\\/#organization\"},\"potentialAction\":[{\"@type\":\"SearchAction\",\"target\":{\"@type\":\"EntryPoint\",\"urlTemplate\":\"https:\\\/\\\/revalizesoftware.com\\\/de\\\/?s={search_term_string}\"},\"query-input\":{\"@type\":\"PropertyValueSpecification\",\"valueRequired\":true,\"valueName\":\"search_term_string\"}}],\"inLanguage\":\"de\"},{\"@type\":\"Organization\",\"@id\":\"https:\\\/\\\/revalizesoftware.com\\\/de\\\/#organization\",\"name\":\"Revalize\",\"url\":\"https:\\\/\\\/revalizesoftware.com\\\/de\\\/\",\"logo\":{\"@type\":\"ImageObject\",\"inLanguage\":\"de\",\"@id\":\"https:\\\/\\\/revalizesoftware.com\\\/de\\\/#\\\/schema\\\/logo\\\/image\\\/\",\"url\":\"https:\\\/\\\/revalizesoftware.com\\\/wp-content\\\/uploads\\\/2021\\\/05\\\/revalize-logo.png\",\"contentUrl\":\"https:\\\/\\\/revalizesoftware.com\\\/wp-content\\\/uploads\\\/2021\\\/05\\\/revalize-logo.png\",\"width\":976,\"height\":423,\"caption\":\"Revalize\"},\"image\":{\"@id\":\"https:\\\/\\\/revalizesoftware.com\\\/de\\\/#\\\/schema\\\/logo\\\/image\\\/\"},\"sameAs\":[\"https:\\\/\\\/www.facebook.com\\\/revalize\\\/\",\"https:\\\/\\\/x.com\\\/revalize\",\"https:\\\/\\\/www.linkedin.com\\\/company\\\/revalize\\\/\"]}]}<\/script>\n<!-- \/ Yoast SEO Premium plugin. -->","yoast_head_json":{"title":"HR-Datenschutzrahmenrichtlinie - Revalize","description":"Erfahren Sie mehr \u00fcber die HR Data Privacy Framework Policy von Revalize und wie sie mit internationalen Datenschutzstandards \u00fcbereinstimmt.","robots":{"index":"index","follow":"follow","max-snippet":"max-snippet:-1","max-image-preview":"max-image-preview:large","max-video-preview":"max-video-preview:-1"},"canonical":"https:\/\/revalizesoftware.com\/de\/rechtliches\/hr-datenschutzrahmenrichtlinie\/","og_locale":"de_DE","og_type":"article","og_title":"HR-Datenschutzrahmenrichtlinie","og_description":"Erfahren Sie mehr \u00fcber die HR Data Privacy Framework Policy von Revalize und wie sie mit internationalen Datenschutzstandards \u00fcbereinstimmt.","og_url":"https:\/\/revalizesoftware.com\/de\/rechtliches\/hr-datenschutzrahmenrichtlinie\/","og_site_name":"Revalize","article_publisher":"https:\/\/www.facebook.com\/revalize\/","article_modified_time":"2025-06-16T18:46:09+00:00","twitter_card":"summary_large_image","twitter_site":"@revalize","twitter_misc":{"Gesch\u00e4tzte Lesezeit":"5\u00a0Minuten"},"schema":{"@context":"https:\/\/schema.org","@graph":[{"@type":"WebPage","@id":"https:\/\/revalizesoftware.com\/de\/rechtliches\/hr-datenschutzrahmenrichtlinie\/","url":"https:\/\/revalizesoftware.com\/de\/rechtliches\/hr-datenschutzrahmenrichtlinie\/","name":"HR-Datenschutzrahmenrichtlinie - Revalize","isPartOf":{"@id":"https:\/\/revalizesoftware.com\/de\/#website"},"datePublished":"2024-04-24T13:34:16+00:00","dateModified":"2025-06-16T18:46:09+00:00","description":"Erfahren Sie mehr \u00fcber die HR Data Privacy Framework Policy von Revalize und wie sie mit internationalen Datenschutzstandards \u00fcbereinstimmt.","breadcrumb":{"@id":"https:\/\/revalizesoftware.com\/de\/rechtliches\/hr-datenschutzrahmenrichtlinie\/#breadcrumb"},"inLanguage":"de","potentialAction":[{"@type":"ReadAction","target":["https:\/\/revalizesoftware.com\/de\/rechtliches\/hr-datenschutzrahmenrichtlinie\/"]}]},{"@type":"BreadcrumbList","@id":"https:\/\/revalizesoftware.com\/de\/rechtliches\/hr-datenschutzrahmenrichtlinie\/#breadcrumb","itemListElement":[{"@type":"ListItem","position":1,"name":"Home","item":"https:\/\/revalizesoftware.com\/de\/revalize\/"},{"@type":"ListItem","position":2,"name":"Revalize Rechtliches","item":"https:\/\/revalizesoftware.com\/de\/rechtliches\/"},{"@type":"ListItem","position":3,"name":"HR-Datenschutzrahmenrichtlinie"}]},{"@type":"WebSite","@id":"https:\/\/revalizesoftware.com\/de\/#website","url":"https:\/\/revalizesoftware.com\/de\/","name":"Revalize","description":"Great Starts with Revalize","publisher":{"@id":"https:\/\/revalizesoftware.com\/de\/#organization"},"potentialAction":[{"@type":"SearchAction","target":{"@type":"EntryPoint","urlTemplate":"https:\/\/revalizesoftware.com\/de\/?s={search_term_string}"},"query-input":{"@type":"PropertyValueSpecification","valueRequired":true,"valueName":"search_term_string"}}],"inLanguage":"de"},{"@type":"Organization","@id":"https:\/\/revalizesoftware.com\/de\/#organization","name":"Revalize","url":"https:\/\/revalizesoftware.com\/de\/","logo":{"@type":"ImageObject","inLanguage":"de","@id":"https:\/\/revalizesoftware.com\/de\/#\/schema\/logo\/image\/","url":"https:\/\/revalizesoftware.com\/wp-content\/uploads\/2021\/05\/revalize-logo.png","contentUrl":"https:\/\/revalizesoftware.com\/wp-content\/uploads\/2021\/05\/revalize-logo.png","width":976,"height":423,"caption":"Revalize"},"image":{"@id":"https:\/\/revalizesoftware.com\/de\/#\/schema\/logo\/image\/"},"sameAs":["https:\/\/www.facebook.com\/revalize\/","https:\/\/x.com\/revalize","https:\/\/www.linkedin.com\/company\/revalize\/"]}]}},"_links":{"self":[{"href":"https:\/\/revalizesoftware.com\/de\/wp-json\/wp\/v2\/pages\/23645","targetHints":{"allow":["GET"]}}],"collection":[{"href":"https:\/\/revalizesoftware.com\/de\/wp-json\/wp\/v2\/pages"}],"about":[{"href":"https:\/\/revalizesoftware.com\/de\/wp-json\/wp\/v2\/types\/page"}],"author":[{"embeddable":true,"href":"https:\/\/revalizesoftware.com\/de\/wp-json\/wp\/v2\/users\/39"}],"replies":[{"embeddable":true,"href":"https:\/\/revalizesoftware.com\/de\/wp-json\/wp\/v2\/comments?post=23645"}],"version-history":[{"count":0,"href":"https:\/\/revalizesoftware.com\/de\/wp-json\/wp\/v2\/pages\/23645\/revisions"}],"up":[{"embeddable":true,"href":"https:\/\/revalizesoftware.com\/de\/wp-json\/wp\/v2\/pages\/17722"}],"wp:attachment":[{"href":"https:\/\/revalizesoftware.com\/de\/wp-json\/wp\/v2\/media?parent=23645"}],"curies":[{"name":"wp","href":"https:\/\/api.w.org\/{rel}","templated":true}]}}