{"id":27907,"date":"2024-06-17T06:57:39","date_gmt":"2024-06-17T10:57:39","guid":{"rendered":"https:\/\/revalizesoftware.com\/?page_id=27907"},"modified":"2026-01-07T07:39:46","modified_gmt":"2026-01-07T12:39:46","slug":"keytech-impressum","status":"publish","type":"page","link":"https:\/\/revalizesoftware.com\/de\/keytech\/keytech-impressum\/","title":{"rendered":"Keytech-Impressum"},"content":{"rendered":"\t\t<div data-elementor-type=\"wp-page\" data-elementor-id=\"27907\" class=\"elementor elementor-27907 elementor-27906\" data-elementor-post-type=\"page\">\n\t\t\t\t<div class=\"elementor-element elementor-element-093e5e7 e-flex e-con-boxed e-con e-parent\" data-id=\"093e5e7\" data-element_type=\"container\" data-e-type=\"container\">\n\t\t\t\t\t<div class=\"e-con-inner\">\n\t\t\t\t<div class=\"elementor-element elementor-element-52b430a elementor-widget elementor-widget-heading\" data-id=\"52b430a\" data-element_type=\"widget\" data-e-type=\"widget\" data-widget_type=\"heading.default\">\n\t\t\t\t<div class=\"elementor-widget-container\">\n\t\t\t\t\t<h1 class=\"elementor-heading-title elementor-size-default\">Impressum<\/h1>\t\t\t\t<\/div>\n\t\t\t\t<\/div>\n\t\t\t\t<div class=\"elementor-element elementor-element-93a5d4b elementor-icon-list--layout-traditional elementor-list-item-link-full_width elementor-widget elementor-widget-icon-list\" data-id=\"93a5d4b\" data-element_type=\"widget\" data-e-type=\"widget\" data-widget_type=\"icon-list.default\">\n\t\t\t\t<div class=\"elementor-widget-container\">\n\t\t\t\t\t\t\t<ul class=\"elementor-icon-list-items\">\n\t\t\t\t\t\t\t<li class=\"elementor-icon-list-item\">\n\t\t\t\t\t\t\t\t\t\t<span class=\"elementor-icon-list-text\"><b>Procad International GmbH<\/b><\/span>\n\t\t\t\t\t\t\t\t\t<\/li>\n\t\t\t\t\t\t\t\t<li class=\"elementor-icon-list-item\">\n\t\t\t\t\t\t\t\t\t\t<span class=\"elementor-icon-list-text\">Vincenz-Prie\u00dfnitz-Str. 3 D-76131 Karlsruhe <\/span>\n\t\t\t\t\t\t\t\t\t<\/li>\n\t\t\t\t\t\t\t\t<li class=\"elementor-icon-list-item\">\n\t\t\t\t\t\t\t\t\t\t<span class=\"elementor-icon-list-text\">Gesch\u00e4ftsf\u00fchrer: John Mills, Daniel G\u00f6\u00dfling<\/span>\n\t\t\t\t\t\t\t\t\t<\/li>\n\t\t\t\t\t\t\t\t<li class=\"elementor-icon-list-item\">\n\t\t\t\t\t\t\t\t\t\t<span class=\"elementor-icon-list-text\">Amtsgericht Mannheim - HRB 731287<\/span>\n\t\t\t\t\t\t\t\t\t<\/li>\n\t\t\t\t\t\t\t\t<li class=\"elementor-icon-list-item\">\n\t\t\t\t\t\t\t\t\t\t<span class=\"elementor-icon-list-text\">VAT ID DE319553544 <\/span>\n\t\t\t\t\t\t\t\t\t<\/li>\n\t\t\t\t\t\t\t\t<li class=\"elementor-icon-list-item\">\n\t\t\t\t\t\t\t\t\t\t<span class=\"elementor-icon-list-text\">Adresse: Vincenz-Prie\u00dfnitz-Str. 3, D-76131 Karlsruhe, Deutschland<\/span>\n\t\t\t\t\t\t\t\t\t<\/li>\n\t\t\t\t\t\t\t\t<li class=\"elementor-icon-list-item\">\n\t\t\t\t\t\t\t\t\t\t<span class=\"elementor-icon-list-text\">Tel: +49 2361 985 80 0 <\/span>\n\t\t\t\t\t\t\t\t\t<\/li>\n\t\t\t\t\t\t\t\t<li class=\"elementor-icon-list-item\">\n\t\t\t\t\t\t\t\t\t\t<span class=\"elementor-icon-list-text\">Fax: +49 2361 985 80 23<\/span>\n\t\t\t\t\t\t\t\t\t<\/li>\n\t\t\t\t\t\t\t\t<li class=\"elementor-icon-list-item\">\n\t\t\t\t\t\t\t\t\t\t<span class=\"elementor-icon-list-text\">E-Mail: info@revalizesoftware.com<\/span>\n\t\t\t\t\t\t\t\t\t<\/li>\n\t\t\t\t\t\t<\/ul>\n\t\t\t\t\t\t<\/div>\n\t\t\t\t<\/div>\n\t\t\t\t\t<\/div>\n\t\t\t\t<\/div>\n\t\t\t\t<\/div>\n\t\t","protected":false},"excerpt":{"rendered":"<p>Impressum Procad International GmbH Vincenz-Prie\u00dfnitz-Str. 3 D-76131 Karlsruhe Gesch\u00e4ftsf\u00fchrer: John Mills, Daniel G\u00f6\u00dfling Amtsgericht Mannheim &#8211; HRB 731287 VAT ID DE319553544 Adresse: Vincenz-Prie\u00dfnitz-Str. 3, D-76131 Karlsruhe, Deutschland Tel: +49 2361 985 80 0 Fax: +49 2361 985 80 23 E-Mail: info@revalizesoftware.com<\/p>\n","protected":false},"author":41,"featured_media":0,"parent":37580,"menu_order":0,"comment_status":"closed","ping_status":"closed","template":"","meta":{"content-type":"","footnotes":""},"class_list":["post-27907","page","type-page","status-publish","hentry"],"yoast_head":"<!-- This site is optimized with the Yoast SEO Premium plugin v27.3 (Yoast SEO v27.3) - https:\/\/yoast.com\/product\/yoast-seo-premium-wordpress\/ -->\n<title>Impressum - keytech<\/title>\n<meta name=\"description\" content=\"Informieren Sie sich \u00fcber Unternehmensinformationen der keytech AG, einschlie\u00dflich Adresse, Kontaktdaten und Registrierungsinformationen.\" \/>\n<meta name=\"robots\" content=\"index, follow, max-snippet:-1, max-image-preview:large, max-video-preview:-1\" \/>\n<link rel=\"canonical\" href=\"https:\/\/revalizesoftware.com\/de\/keytech\/keytech-impressum\/\" \/>\n<meta property=\"og:locale\" content=\"de_DE\" \/>\n<meta property=\"og:type\" content=\"article\" \/>\n<meta property=\"og:title\" content=\"Keytech-Impressum\" \/>\n<meta property=\"og:description\" content=\"Informieren Sie sich \u00fcber Unternehmensinformationen der keytech AG, einschlie\u00dflich Adresse, Kontaktdaten und Registrierungsinformationen.\" \/>\n<meta property=\"og:url\" content=\"https:\/\/revalizesoftware.com\/de\/keytech\/keytech-impressum\/\" \/>\n<meta property=\"og:site_name\" content=\"Revalize\" \/>\n<meta property=\"article:publisher\" content=\"https:\/\/www.facebook.com\/revalize\/\" \/>\n<meta property=\"article:modified_time\" content=\"2026-01-07T12:39:46+00:00\" \/>\n<meta name=\"twitter:card\" content=\"summary_large_image\" \/>\n<meta name=\"twitter:site\" content=\"@revalize\" \/>\n<meta name=\"twitter:label1\" content=\"Gesch\u00e4tzte Lesezeit\" \/>\n\t<meta name=\"twitter:data1\" content=\"1\u00a0Minute\" \/>\n<script type=\"application\/ld+json\" class=\"yoast-schema-graph\">{\"@context\":\"https:\\\/\\\/schema.org\",\"@graph\":[{\"@type\":\"WebPage\",\"@id\":\"https:\\\/\\\/revalizesoftware.com\\\/de\\\/keytech\\\/keytech-impressum\\\/\",\"url\":\"https:\\\/\\\/revalizesoftware.com\\\/de\\\/keytech\\\/keytech-impressum\\\/\",\"name\":\"Impressum - keytech\",\"isPartOf\":{\"@id\":\"https:\\\/\\\/revalizesoftware.com\\\/de\\\/#website\"},\"datePublished\":\"2024-06-17T10:57:39+00:00\",\"dateModified\":\"2026-01-07T12:39:46+00:00\",\"description\":\"Informieren Sie sich \u00fcber Unternehmensinformationen der keytech AG, einschlie\u00dflich Adresse, Kontaktdaten und Registrierungsinformationen.\",\"breadcrumb\":{\"@id\":\"https:\\\/\\\/revalizesoftware.com\\\/de\\\/keytech\\\/keytech-impressum\\\/#breadcrumb\"},\"inLanguage\":\"de\",\"potentialAction\":[{\"@type\":\"ReadAction\",\"target\":[\"https:\\\/\\\/revalizesoftware.com\\\/de\\\/keytech\\\/keytech-impressum\\\/\"]}]},{\"@type\":\"BreadcrumbList\",\"@id\":\"https:\\\/\\\/revalizesoftware.com\\\/de\\\/keytech\\\/keytech-impressum\\\/#breadcrumb\",\"itemListElement\":[{\"@type\":\"ListItem\",\"position\":1,\"name\":\"Home\",\"item\":\"https:\\\/\\\/revalizesoftware.com\\\/de\\\/\"},{\"@type\":\"ListItem\",\"position\":2,\"name\":\"keytech von Revalize\",\"item\":\"https:\\\/\\\/revalizesoftware.com\\\/de\\\/keytech\\\/\"},{\"@type\":\"ListItem\",\"position\":3,\"name\":\"Keytech-Impressum\"}]},{\"@type\":\"WebSite\",\"@id\":\"https:\\\/\\\/revalizesoftware.com\\\/de\\\/#website\",\"url\":\"https:\\\/\\\/revalizesoftware.com\\\/de\\\/\",\"name\":\"Revalize\",\"description\":\"Great Starts with Revalize\",\"publisher\":{\"@id\":\"https:\\\/\\\/revalizesoftware.com\\\/de\\\/#organization\"},\"potentialAction\":[{\"@type\":\"SearchAction\",\"target\":{\"@type\":\"EntryPoint\",\"urlTemplate\":\"https:\\\/\\\/revalizesoftware.com\\\/de\\\/?s={search_term_string}\"},\"query-input\":{\"@type\":\"PropertyValueSpecification\",\"valueRequired\":true,\"valueName\":\"search_term_string\"}}],\"inLanguage\":\"de\"},{\"@type\":\"Organization\",\"@id\":\"https:\\\/\\\/revalizesoftware.com\\\/de\\\/#organization\",\"name\":\"Revalize\",\"url\":\"https:\\\/\\\/revalizesoftware.com\\\/de\\\/\",\"logo\":{\"@type\":\"ImageObject\",\"inLanguage\":\"de\",\"@id\":\"https:\\\/\\\/revalizesoftware.com\\\/de\\\/#\\\/schema\\\/logo\\\/image\\\/\",\"url\":\"https:\\\/\\\/revalizesoftware.com\\\/wp-content\\\/uploads\\\/2021\\\/05\\\/revalize-logo.png\",\"contentUrl\":\"https:\\\/\\\/revalizesoftware.com\\\/wp-content\\\/uploads\\\/2021\\\/05\\\/revalize-logo.png\",\"width\":976,\"height\":423,\"caption\":\"Revalize\"},\"image\":{\"@id\":\"https:\\\/\\\/revalizesoftware.com\\\/de\\\/#\\\/schema\\\/logo\\\/image\\\/\"},\"sameAs\":[\"https:\\\/\\\/www.facebook.com\\\/revalize\\\/\",\"https:\\\/\\\/x.com\\\/revalize\",\"https:\\\/\\\/www.linkedin.com\\\/company\\\/revalize\\\/\"]}]}<\/script>\n<!-- \/ Yoast SEO Premium plugin. -->","yoast_head_json":{"title":"Impressum - keytech","description":"Informieren Sie sich \u00fcber Unternehmensinformationen der keytech AG, einschlie\u00dflich Adresse, Kontaktdaten und Registrierungsinformationen.","robots":{"index":"index","follow":"follow","max-snippet":"max-snippet:-1","max-image-preview":"max-image-preview:large","max-video-preview":"max-video-preview:-1"},"canonical":"https:\/\/revalizesoftware.com\/de\/keytech\/keytech-impressum\/","og_locale":"de_DE","og_type":"article","og_title":"Keytech-Impressum","og_description":"Informieren Sie sich \u00fcber Unternehmensinformationen der keytech AG, einschlie\u00dflich Adresse, Kontaktdaten und Registrierungsinformationen.","og_url":"https:\/\/revalizesoftware.com\/de\/keytech\/keytech-impressum\/","og_site_name":"Revalize","article_publisher":"https:\/\/www.facebook.com\/revalize\/","article_modified_time":"2026-01-07T12:39:46+00:00","twitter_card":"summary_large_image","twitter_site":"@revalize","twitter_misc":{"Gesch\u00e4tzte Lesezeit":"1\u00a0Minute"},"schema":{"@context":"https:\/\/schema.org","@graph":[{"@type":"WebPage","@id":"https:\/\/revalizesoftware.com\/de\/keytech\/keytech-impressum\/","url":"https:\/\/revalizesoftware.com\/de\/keytech\/keytech-impressum\/","name":"Impressum - keytech","isPartOf":{"@id":"https:\/\/revalizesoftware.com\/de\/#website"},"datePublished":"2024-06-17T10:57:39+00:00","dateModified":"2026-01-07T12:39:46+00:00","description":"Informieren Sie sich \u00fcber Unternehmensinformationen der keytech AG, einschlie\u00dflich Adresse, Kontaktdaten und Registrierungsinformationen.","breadcrumb":{"@id":"https:\/\/revalizesoftware.com\/de\/keytech\/keytech-impressum\/#breadcrumb"},"inLanguage":"de","potentialAction":[{"@type":"ReadAction","target":["https:\/\/revalizesoftware.com\/de\/keytech\/keytech-impressum\/"]}]},{"@type":"BreadcrumbList","@id":"https:\/\/revalizesoftware.com\/de\/keytech\/keytech-impressum\/#breadcrumb","itemListElement":[{"@type":"ListItem","position":1,"name":"Home","item":"https:\/\/revalizesoftware.com\/de\/"},{"@type":"ListItem","position":2,"name":"keytech von Revalize","item":"https:\/\/revalizesoftware.com\/de\/keytech\/"},{"@type":"ListItem","position":3,"name":"Keytech-Impressum"}]},{"@type":"WebSite","@id":"https:\/\/revalizesoftware.com\/de\/#website","url":"https:\/\/revalizesoftware.com\/de\/","name":"Revalize","description":"Great Starts with Revalize","publisher":{"@id":"https:\/\/revalizesoftware.com\/de\/#organization"},"potentialAction":[{"@type":"SearchAction","target":{"@type":"EntryPoint","urlTemplate":"https:\/\/revalizesoftware.com\/de\/?s={search_term_string}"},"query-input":{"@type":"PropertyValueSpecification","valueRequired":true,"valueName":"search_term_string"}}],"inLanguage":"de"},{"@type":"Organization","@id":"https:\/\/revalizesoftware.com\/de\/#organization","name":"Revalize","url":"https:\/\/revalizesoftware.com\/de\/","logo":{"@type":"ImageObject","inLanguage":"de","@id":"https:\/\/revalizesoftware.com\/de\/#\/schema\/logo\/image\/","url":"https:\/\/revalizesoftware.com\/wp-content\/uploads\/2021\/05\/revalize-logo.png","contentUrl":"https:\/\/revalizesoftware.com\/wp-content\/uploads\/2021\/05\/revalize-logo.png","width":976,"height":423,"caption":"Revalize"},"image":{"@id":"https:\/\/revalizesoftware.com\/de\/#\/schema\/logo\/image\/"},"sameAs":["https:\/\/www.facebook.com\/revalize\/","https:\/\/x.com\/revalize","https:\/\/www.linkedin.com\/company\/revalize\/"]}]}},"_links":{"self":[{"href":"https:\/\/revalizesoftware.com\/de\/wp-json\/wp\/v2\/pages\/27907","targetHints":{"allow":["GET"]}}],"collection":[{"href":"https:\/\/revalizesoftware.com\/de\/wp-json\/wp\/v2\/pages"}],"about":[{"href":"https:\/\/revalizesoftware.com\/de\/wp-json\/wp\/v2\/types\/page"}],"author":[{"embeddable":true,"href":"https:\/\/revalizesoftware.com\/de\/wp-json\/wp\/v2\/users\/41"}],"replies":[{"embeddable":true,"href":"https:\/\/revalizesoftware.com\/de\/wp-json\/wp\/v2\/comments?post=27907"}],"version-history":[{"count":0,"href":"https:\/\/revalizesoftware.com\/de\/wp-json\/wp\/v2\/pages\/27907\/revisions"}],"up":[{"embeddable":true,"href":"https:\/\/revalizesoftware.com\/de\/wp-json\/wp\/v2\/pages\/37580"}],"wp:attachment":[{"href":"https:\/\/revalizesoftware.com\/de\/wp-json\/wp\/v2\/media?parent=27907"}],"curies":[{"name":"wp","href":"https:\/\/api.w.org\/{rel}","templated":true}]}}