{"id":29487,"date":"2023-08-31T18:53:47","date_gmt":"2023-08-31T22:53:47","guid":{"rendered":"https:\/\/revalizesoftware.com\/specpage\/specpage-fragen\/"},"modified":"2025-08-20T12:26:33","modified_gmt":"2025-08-20T16:26:33","slug":"specpage-faq","status":"publish","type":"page","link":"https:\/\/revalizesoftware.com\/de\/specpage\/specpage-faq\/","title":{"rendered":"SpecPage FAQ"},"content":{"rendered":"\t\t<div data-elementor-type=\"wp-page\" data-elementor-id=\"29487\" class=\"elementor elementor-29487 elementor-12697\" data-elementor-post-type=\"page\">\n\t\t\t\t<div class=\"elementor-element elementor-element-34b5de3 e-flex e-con-boxed e-con e-parent\" data-id=\"34b5de3\" data-element_type=\"container\" data-e-type=\"container\" data-settings=\"{&quot;background_background&quot;:&quot;classic&quot;}\">\n\t\t\t\t\t<div class=\"e-con-inner\">\n\t\t<div class=\"elementor-element elementor-element-79e566d e-con-full e-flex e-con e-child\" data-id=\"79e566d\" data-element_type=\"container\" data-e-type=\"container\">\n\t\t\t\t<div class=\"elementor-element elementor-element-e9c90b4 elementor-widget elementor-widget-heading\" data-id=\"e9c90b4\" data-element_type=\"widget\" data-e-type=\"widget\" data-widget_type=\"heading.default\">\n\t\t\t\t<div class=\"elementor-widget-container\">\n\t\t\t\t\t<h1 class=\"elementor-heading-title elementor-size-default\">H\u00e4ufig gestellte Fragen\n\n<\/h1>\t\t\t\t<\/div>\n\t\t\t\t<\/div>\n\t\t\t\t<\/div>\n\t\t\t\t\t<\/div>\n\t\t\t\t<\/div>\n\t\t<div class=\"elementor-element elementor-element-4841d2e e-flex e-con-boxed e-con e-parent\" data-id=\"4841d2e\" data-element_type=\"container\" data-e-type=\"container\" data-settings=\"{&quot;background_background&quot;:&quot;classic&quot;}\">\n\t\t\t\t\t<div class=\"e-con-inner\">\n\t\t<div class=\"elementor-element elementor-element-21be243 e-flex e-con-boxed e-con e-child\" data-id=\"21be243\" data-element_type=\"container\" data-e-type=\"container\">\n\t\t\t\t\t<div class=\"e-con-inner\">\n\t\t<div class=\"elementor-element elementor-element-e8e93f8 e-con-full e-flex e-con e-child\" data-id=\"e8e93f8\" data-element_type=\"container\" data-e-type=\"container\" data-settings=\"{&quot;background_background&quot;:&quot;classic&quot;}\">\n\t\t\t\t<div class=\"elementor-element elementor-element-206f4fd elementor-widget elementor-widget-heading\" data-id=\"206f4fd\" data-element_type=\"widget\" data-e-type=\"widget\" data-widget_type=\"heading.default\">\n\t\t\t\t<div class=\"elementor-widget-container\">\n\t\t\t\t\t<h3 class=\"elementor-heading-title elementor-size-default\">Was ist PLM?<\/h3>\t\t\t\t<\/div>\n\t\t\t\t<\/div>\n\t\t\t\t<div class=\"elementor-element elementor-element-8a4949f elementor-widget elementor-widget-text-editor\" data-id=\"8a4949f\" data-element_type=\"widget\" data-e-type=\"widget\" data-widget_type=\"text-editor.default\">\n\t\t\t\t<div class=\"elementor-widget-container\">\n\t\t\t\t\t\t\t\t\t<p>PLM steht f\u00fcr Product Lifecycle Management. SpecPage PLM bietet eine vertrauensw\u00fcrdige und zuverl\u00e4ssige Grundlage f\u00fcr die digitale Transformation. PLM synchronisiert Daten und rationalisiert die Produktion, spart Zeit, vermeidet Verwirrung und beschleunigt die Markteinf\u00fchrung.<\/p><p>In der Zeit vor der Forschung und Entwicklung, wenn die Kosten und die Verf\u00fcgbarkeit der Lieferanten die Gewinnspanne f\u00fcr ein Produkt bestimmen, verfolgt PLM die Herkunft der Rohstoffe, das Verarbeitungsdatum, das Verfallsdatum und die Allergeninformationen &#8211; alles Informationen, die notwendig sind, um die besten Entscheidungen f\u00fcr die Beschaffung, die Auswahl der Lieferanten und die Rohstoffkosten zu treffen.<\/p><p><strong>PLM ist das wichtigste Werkzeug, um Wettbewerbsvorteile in der Lebensmittel- und Getr\u00e4nkeindustrie zu erzielen:<\/strong><\/p><ul><li>Die Identifizierung von Rohstoffen und die Qualit\u00e4tskontrolle werden vereinfacht<\/li><li>Online-Formulare erm\u00f6glichen einfaches Hochladen und \u00dcberarbeiten von produktbezogenen Daten<\/li><li>Produkt- und Prozessinformationen k\u00f6nnen team- und abteilungs\u00fcbergreifend mit Anwendern geteilt werden &#8211; von der Fabrikhalle aus auf autorisierten Ger\u00e4ten<\/li><li>Produkt- und Etikettendesigns k\u00f6nnen mit autorisierten Akteuren geteilt werden, \u00c4nderungen sind sofort m\u00f6glich, und Entwickler k\u00f6nnen aus der Ferne auf die Informationen zugreifen.<\/li><li>Effiziente Bestandsverwaltung<\/li><li>First-to-Market-Status m\u00f6glich, um die Anforderungen der Verbraucher zu erf\u00fcllen<\/li><\/ul>\t\t\t\t\t\t\t\t<\/div>\n\t\t\t\t<\/div>\n\t\t\t\t<\/div>\n\t\t<div class=\"elementor-element elementor-element-a7774f6 e-con-full e-flex e-con e-child\" data-id=\"a7774f6\" data-element_type=\"container\" data-e-type=\"container\" data-settings=\"{&quot;background_background&quot;:&quot;classic&quot;}\">\n\t\t\t\t<div class=\"elementor-element elementor-element-2d293a4 elementor-widget elementor-widget-heading\" data-id=\"2d293a4\" data-element_type=\"widget\" data-e-type=\"widget\" data-widget_type=\"heading.default\">\n\t\t\t\t<div class=\"elementor-widget-container\">\n\t\t\t\t\t<h3 class=\"elementor-heading-title elementor-size-default\">Was ist die SpecPage-Suite von L\u00f6sungen?<\/h3>\t\t\t\t<\/div>\n\t\t\t\t<\/div>\n\t\t\t\t<div class=\"elementor-element elementor-element-c532ca2 elementor-widget elementor-widget-text-editor\" data-id=\"c532ca2\" data-element_type=\"widget\" data-e-type=\"widget\" data-widget_type=\"text-editor.default\">\n\t\t\t\t<div class=\"elementor-widget-container\">\n\t\t\t\t\t\t\t\t\t<p>Unser L\u00f6sungsangebot umfasst sowohl vor Ort als auch in der Cloud entwickelte, sofort einsatzbereite digitale Prozesse, die ausschlie\u00dflich f\u00fcr die rezeptbasierte Produktion in der Lebensmittel- und Getr\u00e4nkeindustrie entwickelt wurden.<\/p><p>Wir wissen, was Sie tun, wir wissen, wie Sie es tun und wir k\u00f6nnen Ihnen helfen, es besser zu machen &#8211; unser Prozessl\u00f6sungssystem erfordert 90 Prozent weniger Aufwand bei der Implementierung und Konfiguration. Die Benutzerschulung wird vereinfacht, so dass Sie schneller als mit jeder anderen Prozessl\u00f6sung oder PLM-Software zu Ergebnissen &#8211; und zum ROI &#8211; gelangen.<\/p><p>Wir schaffen die Grundlage f\u00fcr Ihren Erfolg mit Product Lifecycle Management (PLM), Produktdatenmanagement (PDM), Laborinformationsmanagementsystemen (LIMS), Compliance-, Lieferanten-, Verk\u00e4ufer- und K\u00e4uferleitf\u00e4den sowie GDSN, SAP GTIN-Connector und EHSA &#8211; diese Produkte versetzen Hersteller in die Lage, ihre Daten zu digitalisieren und zu nutzen, um eine betr\u00e4chtliche Investitionsrendite zu erzielen.<\/p><p>Die SpecPage-L\u00f6sungssuite kombiniert digitale Tools zur Erfassung und Verwaltung des Datenflusses w\u00e4hrend des gesamten Forschungs- und Entwicklungs-, Produktions- und Herstellungszyklus. Sie schafft Sichtbarkeit, Transparenz, R\u00fcckverfolgbarkeit und eine koh\u00e4rente Kommunikation, um die unerl\u00e4ssliche Zusammenstellung und Zusammenarbeit der anfallenden Daten zu erleichtern.<\/p>\t\t\t\t\t\t\t\t<\/div>\n\t\t\t\t<\/div>\n\t\t\t\t<\/div>\n\t\t<div class=\"elementor-element elementor-element-6ad4e59 e-con-full e-flex e-con e-child\" data-id=\"6ad4e59\" data-element_type=\"container\" data-e-type=\"container\" data-settings=\"{&quot;background_background&quot;:&quot;classic&quot;}\">\n\t\t\t\t<div class=\"elementor-element elementor-element-f3e978b elementor-widget elementor-widget-heading\" data-id=\"f3e978b\" data-element_type=\"widget\" data-e-type=\"widget\" data-widget_type=\"heading.default\">\n\t\t\t\t<div class=\"elementor-widget-container\">\n\t\t\t\t\t<h3 class=\"elementor-heading-title elementor-size-default\">Was sind die bew\u00e4hrten Vorteile von PLM?<\/h3>\t\t\t\t<\/div>\n\t\t\t\t<\/div>\n\t\t\t\t<div class=\"elementor-element elementor-element-684eaa2 elementor-widget elementor-widget-text-editor\" data-id=\"684eaa2\" data-element_type=\"widget\" data-e-type=\"widget\" data-widget_type=\"text-editor.default\">\n\t\t\t\t<div class=\"elementor-widget-container\">\n\t\t\t\t\t\t\t\t\t<p>Zu den erwiesenen Vorteilen von PLM geh\u00f6ren eine schnellere Markteinf\u00fchrung, eine bessere Unterst\u00fctzung bei der Einhaltung globaler gesetzlicher Vorschriften, h\u00f6here Einnahmen und eine deutliche Steigerung des ROI, geringere Produktionskosten und eine verbesserte Produktqualit\u00e4t. Die digitale Transformation von PLM unterst\u00fctzt die R\u00fcckverfolgbarkeit und die Einhaltung von Vorschriften zur Gew\u00e4hrleistung der Lebensmittelsicherheit, wovon Einzelpersonen und Unternehmen profitieren.<\/p><p>Lebensmittelhersteller, die ihre Daten nicht optimiert oder ihre Herstellungsprozesse nicht digitalisiert haben, m\u00fcssen mit Tabellenkalkulationen und gelegentlich mit Einwegprodukten wie ERP arbeiten, die zwar bestimmte Komponenten abdecken, aber keine umfassende, durchgehende Integration bieten.<\/p><p>Menschliche Fehler, Fehler bei der Dateneingabe, verlorene, fragmentierte und unauffindbare Dokumente kosten Zeit und Geld. Die st\u00e4ndige Aktualisierung von Daten in mehreren St\u00fccklisten ist nicht nur zeitaufw\u00e4ndig, sondern verursacht auch Probleme in der Forschung und Entwicklung, bei Simulationen und Versuchen, die oft bis zum Ende des Herstellungsprozesses ungel\u00f6st bleiben.<\/p>\t\t\t\t\t\t\t\t<\/div>\n\t\t\t\t<\/div>\n\t\t\t\t<\/div>\n\t\t<div class=\"elementor-element elementor-element-f46a24a e-con-full e-flex e-con e-child\" data-id=\"f46a24a\" data-element_type=\"container\" data-e-type=\"container\" data-settings=\"{&quot;background_background&quot;:&quot;classic&quot;}\">\n\t\t\t\t<div class=\"elementor-element elementor-element-f1cb69b elementor-widget elementor-widget-heading\" data-id=\"f1cb69b\" data-element_type=\"widget\" data-e-type=\"widget\" data-widget_type=\"heading.default\">\n\t\t\t\t<div class=\"elementor-widget-container\">\n\t\t\t\t\t<h3 class=\"elementor-heading-title elementor-size-default\">Wird PLM mit ERP funktionieren?<\/h3>\t\t\t\t<\/div>\n\t\t\t\t<\/div>\n\t\t\t\t<div class=\"elementor-element elementor-element-582d436 elementor-widget elementor-widget-text-editor\" data-id=\"582d436\" data-element_type=\"widget\" data-e-type=\"widget\" data-widget_type=\"text-editor.default\">\n\t\t\t\t<div class=\"elementor-widget-container\">\n\t\t\t\t\t\t\t\t\t<p>Der wesentliche Wert von PLM liegt in der innovativen Querschnittsfunktionalit\u00e4t; PLM integriert von der Produktidee, dem Konzept, den Versuchen, den Simulationen, der Herstellung, der Etikettierung, der Einhaltung globaler Vorschriften bis hin zum fertigen Produkt. Es schafft und verwaltet einen kontinuierlichen Fluss von Ideen und geistigem Eigentum, der die notwendigen Dokumente und Daten-Workflows f\u00fcr den gesamten Prozess des Lieferkettenmanagements zusammenf\u00fchrt.<\/p><p>Innovative Prozessl\u00f6sungen f\u00fcr das Product Lifecycle Management passen sich perfekt an ERP-Systeme an. PLM verwaltet die Innovation von Produkten, reichert die Daten im ERP an und f\u00fcgt Funktionen hinzu.<\/p><p>Die meisten Unternehmen kaufen ein ERP-System und versuchen, die Funktionalit\u00e4t und die Funktionen zu erweitern. Das funktioniert manchmal bis zu einem gewissen Grad, aber der Prozess wird nie so gut funktionieren, wie wenn die Funktionalit\u00e4t von Anfang an in die L\u00f6sung eingebaut worden w\u00e4re. Selbst wenn 90 Prozent der Daten kompatibel sind, kann das ERP 10 Prozent der Varianten, N\u00e4hrwerte oder Produktstatus nicht unterst\u00fctzen.<\/p><p>Lebensmittel- und Getr\u00e4nkehersteller ben\u00f6tigen eine umfassende Prozessl\u00f6sung, die flexibel und durchg\u00e4ngig integrierbar ist und die Transparenz bietet, die es ihnen erm\u00f6glicht, ihre Daten zu optimieren und als wertvolles, strategisches Kapital zu nutzen.<\/p>\t\t\t\t\t\t\t\t<\/div>\n\t\t\t\t<\/div>\n\t\t\t\t<\/div>\n\t\t<div class=\"elementor-element elementor-element-e8c30da e-con-full e-flex e-con e-child\" data-id=\"e8c30da\" data-element_type=\"container\" data-e-type=\"container\" data-settings=\"{&quot;background_background&quot;:&quot;classic&quot;}\">\n\t\t\t\t<div class=\"elementor-element elementor-element-cde1116 elementor-widget elementor-widget-heading\" data-id=\"cde1116\" data-element_type=\"widget\" data-e-type=\"widget\" data-widget_type=\"heading.default\">\n\t\t\t\t<div class=\"elementor-widget-container\">\n\t\t\t\t\t<h3 class=\"elementor-heading-title elementor-size-default\">Welche Art von Unterst\u00fctzung bietet SpecPage?<\/h3>\t\t\t\t<\/div>\n\t\t\t\t<\/div>\n\t\t\t\t<div class=\"elementor-element elementor-element-524dfe1 elementor-widget elementor-widget-text-editor\" data-id=\"524dfe1\" data-element_type=\"widget\" data-e-type=\"widget\" data-widget_type=\"text-editor.default\">\n\t\t\t\t<div class=\"elementor-widget-container\">\n\t\t\t\t\t\t\t\t\t<p>SpecPage bietet eine unbegrenzte, umfassende Implementierung, Schulung und technische Unterst\u00fctzung von Anfang an.<\/p><p>Vor der Implementierung ermitteln die SpecPage Prozessl\u00f6sungsspezialisten die individuellen Ziele und Arbeitsabl\u00e4ufe, um einen maximalen Nutzen in k\u00fcrzester Zeit zu gew\u00e4hrleisten. Wir bieten umfassende Schulungen f\u00fcr Benutzer und Administratoren als integralen Bestandteil einer erfolgreichen Produktimplementierung. Diese Schulungen und Programme werden von erfahrenen Systemtrainern durchgef\u00fchrt, um Ihre Mitarbeiter zu bef\u00e4higen und die Produktivit\u00e4t schnell zu steigern.<\/p><p>SpecPage University ist unser Bildungsprogramm, das darauf abzielt, Organisationen zu ver\u00e4ndern und eine gr\u00f6\u00dfere Wirkung zu erzielen, indem es Mitarbeitern, Personal und Teammitgliedern hilft, die F\u00e4higkeiten und das Wissen zu entwickeln, um alle Aspekte der SpecPage-L\u00f6sungssuite zu nutzen. Diese einzigartige Ausbildungsuniversit\u00e4t kommt der gesamten Organisation zugute, bereichert sie und f\u00f6rdert das Wachstum des Unternehmens.<\/p><p><strong>SpecPage Universit\u00e4t:<\/strong><\/p><ul><li>Schulungsprogramme vor Ort oder aus der Ferne auf der Grundlage unseres Modulkatalogs<\/li><li>Ad-hoc-Schulungen, die auf die jeweilige Kundenl\u00f6sung zugeschnitten sind<\/li><li>Regelm\u00e4\u00dfige Workshops zu einem festen Termin und\/oder an einem festen Ort.<\/li><\/ul><p>Unser Team von technischen Experten verf\u00fcgt \u00fcber jahrzehntelange Erfahrung und steht Ihnen per E-Mail, Skype, Telefon, TeamViewer oder Chat zur Verf\u00fcgung, um Ihre Fragen zu beantworten, damit Sie schnell die gew\u00fcnschten Informationen erhalten.<\/p>\t\t\t\t\t\t\t\t<\/div>\n\t\t\t\t<\/div>\n\t\t\t\t<\/div>\n\t\t\t\t\t<\/div>\n\t\t\t\t<\/div>\n\t\t\t\t\t<\/div>\n\t\t\t\t<\/div>\n\t\t\t\t<\/div>\n\t\t","protected":false},"excerpt":{"rendered":"<p>H\u00e4ufig gestellte Fragen Was ist PLM? PLM steht f\u00fcr Product Lifecycle Management. SpecPage PLM bietet eine vertrauensw\u00fcrdige und zuverl\u00e4ssige Grundlage f\u00fcr die digitale Transformation. PLM synchronisiert Daten und rationalisiert die Produktion, spart Zeit, vermeidet Verwirrung und beschleunigt die Markteinf\u00fchrung. In der Zeit vor der Forschung und Entwicklung, wenn die Kosten und die Verf\u00fcgbarkeit der Lieferanten [&hellip;]<\/p>\n","protected":false},"author":31,"featured_media":0,"parent":12486,"menu_order":0,"comment_status":"closed","ping_status":"closed","template":"","meta":{"content-type":"","footnotes":""},"class_list":["post-29487","page","type-page","status-publish","hentry"],"yoast_head":"<!-- This site is optimized with the Yoast SEO Premium plugin v27.3 (Yoast SEO v27.3) - https:\/\/yoast.com\/product\/yoast-seo-premium-wordpress\/ -->\n<title>H\u00e4ufig gestellte Fragen - SpecPage<\/title>\n<meta name=\"description\" content=\"Entdecken Sie, wie PLM die Produktion rationalisieren, Zeit sparen und die Markteinf\u00fchrung beschleunigen kann. Erfahren Sie, wie SpecPage PLM Ihr Unternehmen ver\u00e4ndern kann.\" \/>\n<meta name=\"robots\" content=\"index, follow, max-snippet:-1, max-image-preview:large, max-video-preview:-1\" \/>\n<link rel=\"canonical\" href=\"https:\/\/revalizesoftware.com\/de\/specpage\/specpage-faq\/\" \/>\n<meta property=\"og:locale\" content=\"de_DE\" \/>\n<meta property=\"og:type\" content=\"article\" \/>\n<meta property=\"og:title\" content=\"SpecPage FAQ\" \/>\n<meta property=\"og:description\" content=\"Entdecken Sie, wie PLM die Produktion rationalisieren, Zeit sparen und die Markteinf\u00fchrung beschleunigen kann. Erfahren Sie, wie SpecPage PLM Ihr Unternehmen ver\u00e4ndern kann.\" \/>\n<meta property=\"og:url\" content=\"https:\/\/revalizesoftware.com\/de\/specpage\/specpage-faq\/\" \/>\n<meta property=\"og:site_name\" content=\"Revalize\" \/>\n<meta property=\"article:publisher\" content=\"https:\/\/www.facebook.com\/revalize\/\" \/>\n<meta property=\"article:modified_time\" content=\"2025-08-20T16:26:33+00:00\" \/>\n<meta name=\"twitter:card\" content=\"summary_large_image\" \/>\n<meta name=\"twitter:site\" content=\"@revalize\" \/>\n<meta name=\"twitter:label1\" content=\"Gesch\u00e4tzte Lesezeit\" \/>\n\t<meta name=\"twitter:data1\" content=\"4\u00a0Minuten\" \/>\n<script type=\"application\/ld+json\" class=\"yoast-schema-graph\">{\"@context\":\"https:\\\/\\\/schema.org\",\"@graph\":[{\"@type\":\"WebPage\",\"@id\":\"https:\\\/\\\/revalizesoftware.com\\\/de\\\/specpage\\\/specpage-faq\\\/\",\"url\":\"https:\\\/\\\/revalizesoftware.com\\\/de\\\/specpage\\\/specpage-faq\\\/\",\"name\":\"H\u00e4ufig gestellte Fragen - SpecPage\",\"isPartOf\":{\"@id\":\"https:\\\/\\\/revalizesoftware.com\\\/de\\\/#website\"},\"datePublished\":\"2023-08-31T22:53:47+00:00\",\"dateModified\":\"2025-08-20T16:26:33+00:00\",\"description\":\"Entdecken Sie, wie PLM die Produktion rationalisieren, Zeit sparen und die Markteinf\u00fchrung beschleunigen kann. Erfahren Sie, wie SpecPage PLM Ihr Unternehmen ver\u00e4ndern kann.\",\"breadcrumb\":{\"@id\":\"https:\\\/\\\/revalizesoftware.com\\\/de\\\/specpage\\\/specpage-faq\\\/#breadcrumb\"},\"inLanguage\":\"de\",\"potentialAction\":[{\"@type\":\"ReadAction\",\"target\":[\"https:\\\/\\\/revalizesoftware.com\\\/de\\\/specpage\\\/specpage-faq\\\/\"]}]},{\"@type\":\"BreadcrumbList\",\"@id\":\"https:\\\/\\\/revalizesoftware.com\\\/de\\\/specpage\\\/specpage-faq\\\/#breadcrumb\",\"itemListElement\":[{\"@type\":\"ListItem\",\"position\":1,\"name\":\"Home\",\"item\":\"https:\\\/\\\/revalizesoftware.com\\\/de\\\/\"},{\"@type\":\"ListItem\",\"position\":2,\"name\":\"SpecPage from Revalize\",\"item\":\"https:\\\/\\\/revalizesoftware.com\\\/de\\\/specpage\\\/\"},{\"@type\":\"ListItem\",\"position\":3,\"name\":\"SpecPage FAQ\"}]},{\"@type\":\"WebSite\",\"@id\":\"https:\\\/\\\/revalizesoftware.com\\\/de\\\/#website\",\"url\":\"https:\\\/\\\/revalizesoftware.com\\\/de\\\/\",\"name\":\"Revalize\",\"description\":\"Great Starts with Revalize\",\"publisher\":{\"@id\":\"https:\\\/\\\/revalizesoftware.com\\\/de\\\/#organization\"},\"potentialAction\":[{\"@type\":\"SearchAction\",\"target\":{\"@type\":\"EntryPoint\",\"urlTemplate\":\"https:\\\/\\\/revalizesoftware.com\\\/de\\\/?s={search_term_string}\"},\"query-input\":{\"@type\":\"PropertyValueSpecification\",\"valueRequired\":true,\"valueName\":\"search_term_string\"}}],\"inLanguage\":\"de\"},{\"@type\":\"Organization\",\"@id\":\"https:\\\/\\\/revalizesoftware.com\\\/de\\\/#organization\",\"name\":\"Revalize\",\"url\":\"https:\\\/\\\/revalizesoftware.com\\\/de\\\/\",\"logo\":{\"@type\":\"ImageObject\",\"inLanguage\":\"de\",\"@id\":\"https:\\\/\\\/revalizesoftware.com\\\/de\\\/#\\\/schema\\\/logo\\\/image\\\/\",\"url\":\"https:\\\/\\\/revalizesoftware.com\\\/wp-content\\\/uploads\\\/2021\\\/05\\\/revalize-logo.png\",\"contentUrl\":\"https:\\\/\\\/revalizesoftware.com\\\/wp-content\\\/uploads\\\/2021\\\/05\\\/revalize-logo.png\",\"width\":976,\"height\":423,\"caption\":\"Revalize\"},\"image\":{\"@id\":\"https:\\\/\\\/revalizesoftware.com\\\/de\\\/#\\\/schema\\\/logo\\\/image\\\/\"},\"sameAs\":[\"https:\\\/\\\/www.facebook.com\\\/revalize\\\/\",\"https:\\\/\\\/x.com\\\/revalize\",\"https:\\\/\\\/www.linkedin.com\\\/company\\\/revalize\\\/\"]}]}<\/script>\n<!-- \/ Yoast SEO Premium plugin. -->","yoast_head_json":{"title":"H\u00e4ufig gestellte Fragen - SpecPage","description":"Entdecken Sie, wie PLM die Produktion rationalisieren, Zeit sparen und die Markteinf\u00fchrung beschleunigen kann. Erfahren Sie, wie SpecPage PLM Ihr Unternehmen ver\u00e4ndern kann.","robots":{"index":"index","follow":"follow","max-snippet":"max-snippet:-1","max-image-preview":"max-image-preview:large","max-video-preview":"max-video-preview:-1"},"canonical":"https:\/\/revalizesoftware.com\/de\/specpage\/specpage-faq\/","og_locale":"de_DE","og_type":"article","og_title":"SpecPage FAQ","og_description":"Entdecken Sie, wie PLM die Produktion rationalisieren, Zeit sparen und die Markteinf\u00fchrung beschleunigen kann. Erfahren Sie, wie SpecPage PLM Ihr Unternehmen ver\u00e4ndern kann.","og_url":"https:\/\/revalizesoftware.com\/de\/specpage\/specpage-faq\/","og_site_name":"Revalize","article_publisher":"https:\/\/www.facebook.com\/revalize\/","article_modified_time":"2025-08-20T16:26:33+00:00","twitter_card":"summary_large_image","twitter_site":"@revalize","twitter_misc":{"Gesch\u00e4tzte Lesezeit":"4\u00a0Minuten"},"schema":{"@context":"https:\/\/schema.org","@graph":[{"@type":"WebPage","@id":"https:\/\/revalizesoftware.com\/de\/specpage\/specpage-faq\/","url":"https:\/\/revalizesoftware.com\/de\/specpage\/specpage-faq\/","name":"H\u00e4ufig gestellte Fragen - SpecPage","isPartOf":{"@id":"https:\/\/revalizesoftware.com\/de\/#website"},"datePublished":"2023-08-31T22:53:47+00:00","dateModified":"2025-08-20T16:26:33+00:00","description":"Entdecken Sie, wie PLM die Produktion rationalisieren, Zeit sparen und die Markteinf\u00fchrung beschleunigen kann. Erfahren Sie, wie SpecPage PLM Ihr Unternehmen ver\u00e4ndern kann.","breadcrumb":{"@id":"https:\/\/revalizesoftware.com\/de\/specpage\/specpage-faq\/#breadcrumb"},"inLanguage":"de","potentialAction":[{"@type":"ReadAction","target":["https:\/\/revalizesoftware.com\/de\/specpage\/specpage-faq\/"]}]},{"@type":"BreadcrumbList","@id":"https:\/\/revalizesoftware.com\/de\/specpage\/specpage-faq\/#breadcrumb","itemListElement":[{"@type":"ListItem","position":1,"name":"Home","item":"https:\/\/revalizesoftware.com\/de\/"},{"@type":"ListItem","position":2,"name":"SpecPage from Revalize","item":"https:\/\/revalizesoftware.com\/de\/specpage\/"},{"@type":"ListItem","position":3,"name":"SpecPage FAQ"}]},{"@type":"WebSite","@id":"https:\/\/revalizesoftware.com\/de\/#website","url":"https:\/\/revalizesoftware.com\/de\/","name":"Revalize","description":"Great Starts with Revalize","publisher":{"@id":"https:\/\/revalizesoftware.com\/de\/#organization"},"potentialAction":[{"@type":"SearchAction","target":{"@type":"EntryPoint","urlTemplate":"https:\/\/revalizesoftware.com\/de\/?s={search_term_string}"},"query-input":{"@type":"PropertyValueSpecification","valueRequired":true,"valueName":"search_term_string"}}],"inLanguage":"de"},{"@type":"Organization","@id":"https:\/\/revalizesoftware.com\/de\/#organization","name":"Revalize","url":"https:\/\/revalizesoftware.com\/de\/","logo":{"@type":"ImageObject","inLanguage":"de","@id":"https:\/\/revalizesoftware.com\/de\/#\/schema\/logo\/image\/","url":"https:\/\/revalizesoftware.com\/wp-content\/uploads\/2021\/05\/revalize-logo.png","contentUrl":"https:\/\/revalizesoftware.com\/wp-content\/uploads\/2021\/05\/revalize-logo.png","width":976,"height":423,"caption":"Revalize"},"image":{"@id":"https:\/\/revalizesoftware.com\/de\/#\/schema\/logo\/image\/"},"sameAs":["https:\/\/www.facebook.com\/revalize\/","https:\/\/x.com\/revalize","https:\/\/www.linkedin.com\/company\/revalize\/"]}]}},"_links":{"self":[{"href":"https:\/\/revalizesoftware.com\/de\/wp-json\/wp\/v2\/pages\/29487","targetHints":{"allow":["GET"]}}],"collection":[{"href":"https:\/\/revalizesoftware.com\/de\/wp-json\/wp\/v2\/pages"}],"about":[{"href":"https:\/\/revalizesoftware.com\/de\/wp-json\/wp\/v2\/types\/page"}],"author":[{"embeddable":true,"href":"https:\/\/revalizesoftware.com\/de\/wp-json\/wp\/v2\/users\/31"}],"replies":[{"embeddable":true,"href":"https:\/\/revalizesoftware.com\/de\/wp-json\/wp\/v2\/comments?post=29487"}],"version-history":[{"count":0,"href":"https:\/\/revalizesoftware.com\/de\/wp-json\/wp\/v2\/pages\/29487\/revisions"}],"up":[{"embeddable":true,"href":"https:\/\/revalizesoftware.com\/de\/wp-json\/wp\/v2\/pages\/12486"}],"wp:attachment":[{"href":"https:\/\/revalizesoftware.com\/de\/wp-json\/wp\/v2\/media?parent=29487"}],"curies":[{"name":"wp","href":"https:\/\/api.w.org\/{rel}","templated":true}]}}