{"id":29499,"date":"2023-08-31T18:00:01","date_gmt":"2023-08-31T22:00:01","guid":{"rendered":"https:\/\/revalizesoftware.com\/specpage\/specpage-produkte\/specpage-gdsn-leitfaden\/"},"modified":"2025-03-13T12:32:20","modified_gmt":"2025-03-13T16:32:20","slug":"gdsn-guide","status":"publish","type":"page","link":"https:\/\/revalizesoftware.com\/de\/specpage\/specpage-produkte\/gdsn-guide\/","title":{"rendered":"SpecPage GDSN Leitfaden"},"content":{"rendered":"\t\t<div data-elementor-type=\"wp-page\" data-elementor-id=\"29499\" class=\"elementor elementor-29499 elementor-12686\" data-elementor-post-type=\"page\">\n\t\t\t\t<div class=\"elementor-element elementor-element-34b5de3 e-flex e-con-boxed e-con e-parent\" data-id=\"34b5de3\" data-element_type=\"container\" data-e-type=\"container\" data-settings=\"{&quot;background_background&quot;:&quot;classic&quot;}\">\n\t\t\t\t\t<div class=\"e-con-inner\">\n\t\t<div class=\"elementor-element elementor-element-79e566d e-con-full e-flex e-con e-child\" data-id=\"79e566d\" data-element_type=\"container\" data-e-type=\"container\">\n\t\t\t\t<div class=\"elementor-element elementor-element-e9c90b4 elementor-widget elementor-widget-heading\" data-id=\"e9c90b4\" data-element_type=\"widget\" data-e-type=\"widget\" data-widget_type=\"heading.default\">\n\t\t\t\t<div class=\"elementor-widget-container\">\n\t\t\t\t\t<h1 class=\"elementor-heading-title elementor-size-default\">GDSN-Leitfaden<\/h1>\t\t\t\t<\/div>\n\t\t\t\t<\/div>\n\t\t\t\t<div class=\"elementor-element elementor-element-d828087 elementor-widget elementor-widget-text-editor\" data-id=\"d828087\" data-element_type=\"widget\" data-e-type=\"widget\" data-widget_type=\"text-editor.default\">\n\t\t\t\t<div class=\"elementor-widget-container\">\n\t\t\t\t\t\t\t\t\t<p>On-Demand-Zugang zu genauen Informationen f\u00fcr die Datenbest\u00e4tigung, verbesserte globale Einhaltung von Vorschriften und Ern\u00e4hrungsstandards \u00fcber GS1 GDSN-Datenpools. Die Ver\u00f6ffentlichung und Validierung von Produktdaten vereinfacht und beschleunigt die Markteinf\u00fchrung neuer Produkte.<\/p>\n\t\t\t\t\t\t\t\t<\/div>\n\t\t\t\t<\/div>\n\t\t\t\t<\/div>\n\t\t\t\t\t<\/div>\n\t\t\t\t<\/div>\n\t\t<div class=\"elementor-element elementor-element-793c0ad e-flex e-con-boxed e-con e-parent\" data-id=\"793c0ad\" data-element_type=\"container\" data-e-type=\"container\">\n\t\t\t\t\t<div class=\"e-con-inner\">\n\t\t\t\t<div class=\"elementor-element elementor-element-5a2722d elementor-widget elementor-widget-text-editor\" data-id=\"5a2722d\" data-element_type=\"widget\" data-e-type=\"widget\" data-widget_type=\"text-editor.default\">\n\t\t\t\t<div class=\"elementor-widget-container\">\n\t\t\t\t\t\t\t\t\t<p>Der SpecPage GDSN Guide liefert standardisierte Produktdaten \u00fcber das Global Data Synchronization Network. Das GDSN ist ein globales Netzwerk mit mehr als 30 zertifizierten Datenpools, die mit 35.000 Organisationen verbunden sind. Es erm\u00f6glicht die Zusammenarbeit und die sichere Synchronisierung von pr\u00e4zisen Echtzeitdaten sowie den Austausch von Produktinformations-Updates f\u00fcr die Stammdatenverwaltung.<\/p>\n<p>Sowohl f\u00fcr Lieferanten als auch f\u00fcr H\u00e4ndler bietet der Beitritt zum GDSN-Netzwerk weitreichende Vorteile. Die Datenbest\u00e4tigung und die geladenen Datenpools erm\u00f6glichen eine effiziente und effektive Suche und den Zugriff f\u00fcr Kunden, die nach bestimmten Produktangeboten suchen &#8211; das spart Zeit und Geld und gew\u00e4hrleistet gleichzeitig Konsistenz. Wenn Lieferanten ihre Datenbanken aktualisieren, werden die Informationen entsprechend in allen Datenbanken aktualisiert, um Kontinuit\u00e4t und Genauigkeit zu gew\u00e4hrleisten.<\/p>\n\t\t\t\t\t\t\t\t<\/div>\n\t\t\t\t<\/div>\n\t\t\t\t\t<\/div>\n\t\t\t\t<\/div>\n\t\t<div class=\"elementor-element elementor-element-243f538 e-flex e-con-boxed e-con e-parent\" data-id=\"243f538\" data-element_type=\"container\" data-e-type=\"container\">\n\t\t\t\t\t<div class=\"e-con-inner\">\n\t\t\t\t<div class=\"elementor-element elementor-element-3ef7f29 elementor-widget-divider--view-line elementor-widget elementor-widget-divider\" data-id=\"3ef7f29\" data-element_type=\"widget\" data-e-type=\"widget\" data-widget_type=\"divider.default\">\n\t\t\t\t<div class=\"elementor-widget-container\">\n\t\t\t\t\t\t\t<div class=\"elementor-divider\">\n\t\t\t<span class=\"elementor-divider-separator\">\n\t\t\t\t\t\t<\/span>\n\t\t<\/div>\n\t\t\t\t\t\t<\/div>\n\t\t\t\t<\/div>\n\t\t\t\t\t<\/div>\n\t\t\t\t<\/div>\n\t\t<div class=\"elementor-element elementor-element-c8a311d e-flex e-con-boxed e-con e-parent\" data-id=\"c8a311d\" data-element_type=\"container\" data-e-type=\"container\">\n\t\t\t\t\t<div class=\"e-con-inner\">\n\t\t<div class=\"elementor-element elementor-element-7e861ef e-con-full e-flex e-con e-child\" data-id=\"7e861ef\" data-element_type=\"container\" data-e-type=\"container\">\n\t\t\t\t<div class=\"elementor-element elementor-element-32e2a25 elementor-widget elementor-widget-text-editor\" data-id=\"32e2a25\" data-element_type=\"widget\" data-e-type=\"widget\" data-widget_type=\"text-editor.default\">\n\t\t\t\t<div class=\"elementor-widget-container\">\n\t\t\t\t\t\t\t\t\t<p>Viele der Vorteile f\u00fcr die Kunden von SpecPage liegen in einem verbesserten Zugang zu genauen Informationen, der Einhaltung von Anforderungen und Ern\u00e4hrungs- und Gesundheitsvorschriften, der Beseitigung manueller Prozesse und der Vereinfachung von Verfahren f\u00fcr neue Marktprodukte. Die GDSN-Registrierung erm\u00f6glicht das Laden, die Registrierung, das Abonnement von Datenpools, die Ver\u00f6ffentlichung und die Best\u00e4tigung produktbezogener Daten \u00fcber mehrere Datenpools hinweg. Der SpecPage GDSN Guide bietet innovative Werkzeuge, um Informationen mit Kunden \u00fcber <span style=\"color: #00bad9;\">SpecPDM<\/span> auszutauschen, eine verbesserte Einhaltung gesetzlicher Vorschriften zu gew\u00e4hrleisten und Datenfehler zu eliminieren, w\u00e4hrend gleichzeitig eine korrekte Validierung sichergestellt wird.<\/p>\n\t\t\t\t\t\t\t\t<\/div>\n\t\t\t\t<\/div>\n\t\t\t\t<\/div>\n\t\t<div class=\"elementor-element elementor-element-ad55be3 e-con-full e-flex e-con e-child\" data-id=\"ad55be3\" data-element_type=\"container\" data-e-type=\"container\">\n\t\t\t\t<div class=\"elementor-element elementor-element-2d31682 elementor-icon-list--layout-traditional elementor-list-item-link-full_width elementor-widget elementor-widget-icon-list\" data-id=\"2d31682\" data-element_type=\"widget\" data-e-type=\"widget\" data-widget_type=\"icon-list.default\">\n\t\t\t\t<div class=\"elementor-widget-container\">\n\t\t\t\t\t\t\t<ul class=\"elementor-icon-list-items\">\n\t\t\t\t\t\t\t<li class=\"elementor-icon-list-item\">\n\t\t\t\t\t\t\t\t\t\t\t<span class=\"elementor-icon-list-icon\">\n\t\t\t\t\t\t\t<svg aria-hidden=\"true\" class=\"e-font-icon-svg e-fas-circle\" viewBox=\"0 0 512 512\" xmlns=\"http:\/\/www.w3.org\/2000\/svg\"><path d=\"M256 8C119 8 8 119 8 256s111 248 248 248 248-111 248-248S393 8 256 8z\"><\/path><\/svg>\t\t\t\t\t\t<\/span>\n\t\t\t\t\t\t\t\t\t\t<span class=\"elementor-icon-list-text\">Verbesserte Genauigkeit der Lieferantendaten - eine Quelle, die die Datenpflege minimiert<\/span>\n\t\t\t\t\t\t\t\t\t<\/li>\n\t\t\t\t\t\t\t\t<li class=\"elementor-icon-list-item\">\n\t\t\t\t\t\t\t\t\t\t\t<span class=\"elementor-icon-list-icon\">\n\t\t\t\t\t\t\t<svg aria-hidden=\"true\" class=\"e-font-icon-svg e-fas-circle\" viewBox=\"0 0 512 512\" xmlns=\"http:\/\/www.w3.org\/2000\/svg\"><path d=\"M256 8C119 8 8 119 8 256s111 248 248 248 248-111 248-248S393 8 256 8z\"><\/path><\/svg>\t\t\t\t\t\t<\/span>\n\t\t\t\t\t\t\t\t\t\t<span class=\"elementor-icon-list-text\">Pr\u00e4zise Informationen von den Lieferanten, erh\u00f6hte Sichtbarkeit der Produkte f\u00fcr die Kunden der H\u00e4ndler bei der Suche im Internet und in Online-Katalogen<\/span>\n\t\t\t\t\t\t\t\t\t<\/li>\n\t\t\t\t\t\t\t\t<li class=\"elementor-icon-list-item\">\n\t\t\t\t\t\t\t\t\t\t\t<span class=\"elementor-icon-list-icon\">\n\t\t\t\t\t\t\t<svg aria-hidden=\"true\" class=\"e-font-icon-svg e-fas-circle\" viewBox=\"0 0 512 512\" xmlns=\"http:\/\/www.w3.org\/2000\/svg\"><path d=\"M256 8C119 8 8 119 8 256s111 248 248 248 248-111 248-248S393 8 256 8z\"><\/path><\/svg>\t\t\t\t\t\t<\/span>\n\t\t\t\t\t\t\t\t\t\t<span class=\"elementor-icon-list-text\">Verbesserte Datenattribute in Backend-Bestellsystemen verbessern die Produktsuche f\u00fcr Kunden<\/span>\n\t\t\t\t\t\t\t\t\t<\/li>\n\t\t\t\t\t\t\t\t<li class=\"elementor-icon-list-item\">\n\t\t\t\t\t\t\t\t\t\t\t<span class=\"elementor-icon-list-icon\">\n\t\t\t\t\t\t\t<svg aria-hidden=\"true\" class=\"e-font-icon-svg e-fas-circle\" viewBox=\"0 0 512 512\" xmlns=\"http:\/\/www.w3.org\/2000\/svg\"><path d=\"M256 8C119 8 8 119 8 256s111 248 248 248 248-111 248-248S393 8 256 8z\"><\/path><\/svg>\t\t\t\t\t\t<\/span>\n\t\t\t\t\t\t\t\t\t\t<span class=\"elementor-icon-list-text\">Der Synchronisierungsprozess gew\u00e4hrleistet die Konsistenz der Datenklassifizierungen bei allen Herstellern<\/span>\n\t\t\t\t\t\t\t\t\t<\/li>\n\t\t\t\t\t\t\t\t<li class=\"elementor-icon-list-item\">\n\t\t\t\t\t\t\t\t\t\t\t<span class=\"elementor-icon-list-icon\">\n\t\t\t\t\t\t\t<svg aria-hidden=\"true\" class=\"e-font-icon-svg e-fas-circle\" viewBox=\"0 0 512 512\" xmlns=\"http:\/\/www.w3.org\/2000\/svg\"><path d=\"M256 8C119 8 8 119 8 256s111 248 248 248 248-111 248-248S393 8 256 8z\"><\/path><\/svg>\t\t\t\t\t\t<\/span>\n\t\t\t\t\t\t\t\t\t\t<span class=\"elementor-icon-list-text\">GTINs (UPC-Codes) werden f\u00fcr alle Artikel bereitgestellt, so dass das Scannen f\u00fcr alle Produkte m\u00f6glich ist.<\/span>\n\t\t\t\t\t\t\t\t\t<\/li>\n\t\t\t\t\t\t<\/ul>\n\t\t\t\t\t\t<\/div>\n\t\t\t\t<\/div>\n\t\t\t\t<\/div>\n\t\t\t\t\t<\/div>\n\t\t\t\t<\/div>\n\t\t<div class=\"elementor-element elementor-element-a88c86c e-flex e-con-boxed e-con e-parent\" data-id=\"a88c86c\" data-element_type=\"container\" data-e-type=\"container\" data-settings=\"{&quot;background_background&quot;:&quot;classic&quot;}\">\n\t\t\t\t\t<div class=\"e-con-inner\">\n\t\t<div class=\"elementor-element elementor-element-0848bad e-con-full e-flex e-con e-child\" data-id=\"0848bad\" data-element_type=\"container\" data-e-type=\"container\">\n\t\t\t\t<div class=\"elementor-element elementor-element-ae2e03f elementor-widget elementor-widget-image\" data-id=\"ae2e03f\" data-element_type=\"widget\" data-e-type=\"widget\" data-widget_type=\"image.default\">\n\t\t\t\t<div class=\"elementor-widget-container\">\n\t\t\t\t\t\t\t\t\t\t\t\t\t\t\t<img fetchpriority=\"high\" decoding=\"async\" width=\"600\" height=\"337\" src=\"https:\/\/revalizesoftware.com\/wp-content\/uploads\/2023\/08\/specpage-gdsn-workshop.png\" class=\"attachment-large size-large wp-image-12688\" alt=\"GDSN workshop\" srcset=\"https:\/\/revalizesoftware.com\/wp-content\/uploads\/2023\/08\/specpage-gdsn-workshop.png 600w, https:\/\/revalizesoftware.com\/wp-content\/uploads\/2023\/08\/specpage-gdsn-workshop-300x169.png 300w\" sizes=\"(max-width: 600px) 100vw, 600px\" \/>\t\t\t\t\t\t\t\t\t\t\t\t\t\t\t<\/div>\n\t\t\t\t<\/div>\n\t\t\t\t<\/div>\n\t\t<div class=\"elementor-element elementor-element-4b6f23d e-con-full e-flex e-con e-child\" data-id=\"4b6f23d\" data-element_type=\"container\" data-e-type=\"container\">\n\t\t\t\t<div class=\"elementor-element elementor-element-83f8062 elementor-widget elementor-widget-heading\" data-id=\"83f8062\" data-element_type=\"widget\" data-e-type=\"widget\" data-widget_type=\"heading.default\">\n\t\t\t\t<div class=\"elementor-widget-container\">\n\t\t\t\t\t<h2 class=\"elementor-heading-title elementor-size-default\">GDSN Guide Discovery Workshop<\/h2>\t\t\t\t<\/div>\n\t\t\t\t<\/div>\n\t\t\t\t<div class=\"elementor-element elementor-element-b9d5f24 elementor-widget elementor-widget-text-editor\" data-id=\"b9d5f24\" data-element_type=\"widget\" data-e-type=\"widget\" data-widget_type=\"text-editor.default\">\n\t\t\t\t<div class=\"elementor-widget-container\">\n\t\t\t\t\t\t\t\t\t<p>SpecPage bietet personalisierte, interaktive Online-Workshops an, um die konkreten Vorteile der Entwicklung und Verwaltung von Qualit\u00e4tsdaten mit Hilfe von SAP GDSN-Datenpools zu veranschaulichen, die den spezifischen Gesch\u00e4ftsanforderungen Ihres Unternehmens entsprechen. Diese Workshops richten sich an Mitglieder von Stammdaten- und Projektmanagement-Teams sowie an IT-F\u00fchrungskr\u00e4fte und C-Suites, die f\u00fcr den ROI und die Einhaltung globaler Vorschriften verantwortlich sind.<\/p>\n\t\t\t\t\t\t\t\t<\/div>\n\t\t\t\t<\/div>\n\t\t\t\t<div class=\"elementor-element elementor-element-44b29fa diamond-btn-light-blue elementor-widget elementor-widget-button\" data-id=\"44b29fa\" data-element_type=\"widget\" data-e-type=\"widget\" data-widget_type=\"button.default\">\n\t\t\t\t<div class=\"elementor-widget-container\">\n\t\t\t\t\t\t\t\t\t<div class=\"elementor-button-wrapper\">\n\t\t\t\t\t<a class=\"elementor-button elementor-button-link elementor-size-sm\" href=\"\/de\/specpage\/specpage-demo\/\">\n\t\t\t\t\t\t<span class=\"elementor-button-content-wrapper\">\n\t\t\t\t\t\t\t\t\t<span class=\"elementor-button-text\">Jetzt mitmachen!<\/span>\n\t\t\t\t\t<\/span>\n\t\t\t\t\t<\/a>\n\t\t\t\t<\/div>\n\t\t\t\t\t\t\t\t<\/div>\n\t\t\t\t<\/div>\n\t\t\t\t<\/div>\n\t\t\t\t\t<\/div>\n\t\t\t\t<\/div>\n\t\t\t\t<\/div>\n\t\t","protected":false},"excerpt":{"rendered":"<p>GDSN-Leitfaden On-Demand-Zugang zu genauen Informationen f\u00fcr die Datenbest\u00e4tigung, verbesserte globale Einhaltung von Vorschriften und Ern\u00e4hrungsstandards \u00fcber GS1 GDSN-Datenpools. Die Ver\u00f6ffentlichung und Validierung von Produktdaten vereinfacht und beschleunigt die Markteinf\u00fchrung neuer Produkte. Der SpecPage GDSN Guide liefert standardisierte Produktdaten \u00fcber das Global Data Synchronization Network. Das GDSN ist ein globales Netzwerk mit mehr als 30 zertifizierten [&hellip;]<\/p>\n","protected":false},"author":31,"featured_media":0,"parent":29491,"menu_order":0,"comment_status":"closed","ping_status":"closed","template":"","meta":{"content-type":"","footnotes":""},"class_list":["post-29499","page","type-page","status-publish","hentry"],"yoast_head":"<!-- This site is optimized with the Yoast SEO Premium plugin v27.3 (Yoast SEO v27.3) - https:\/\/yoast.com\/product\/yoast-seo-premium-wordpress\/ -->\n<title>GDSN Leitfaden - SpecPage<\/title>\n<meta name=\"description\" content=\"Entdecken Sie die Vorteile von GDSN f\u00fcr pr\u00e4zisen Informationszugang, globale Compliance und vereinfachte Produkteinf\u00fchrung.\" \/>\n<meta name=\"robots\" content=\"index, follow, max-snippet:-1, max-image-preview:large, max-video-preview:-1\" \/>\n<link rel=\"canonical\" href=\"https:\/\/revalizesoftware.com\/de\/specpage\/specpage-produkte\/gdsn-guide\/\" \/>\n<meta property=\"og:locale\" content=\"de_DE\" \/>\n<meta property=\"og:type\" content=\"article\" \/>\n<meta property=\"og:title\" content=\"SpecPage GDSN Leitfaden\" \/>\n<meta property=\"og:description\" content=\"Entdecken Sie die Vorteile von GDSN f\u00fcr pr\u00e4zisen Informationszugang, globale Compliance und vereinfachte Produkteinf\u00fchrung.\" \/>\n<meta property=\"og:url\" content=\"https:\/\/revalizesoftware.com\/de\/specpage\/specpage-produkte\/gdsn-guide\/\" \/>\n<meta property=\"og:site_name\" content=\"Revalize\" \/>\n<meta property=\"article:publisher\" content=\"https:\/\/www.facebook.com\/revalize\/\" \/>\n<meta property=\"article:modified_time\" content=\"2025-03-13T16:32:20+00:00\" \/>\n<meta property=\"og:image\" content=\"https:\/\/revalizesoftware.com\/wp-content\/uploads\/2023\/08\/specpage-gdsn-workshop.png\" \/>\n<meta name=\"twitter:card\" content=\"summary_large_image\" \/>\n<meta name=\"twitter:site\" content=\"@revalize\" \/>\n<meta name=\"twitter:label1\" content=\"Gesch\u00e4tzte Lesezeit\" \/>\n\t<meta name=\"twitter:data1\" content=\"2\u00a0Minuten\" \/>\n<script type=\"application\/ld+json\" class=\"yoast-schema-graph\">{\"@context\":\"https:\\\/\\\/schema.org\",\"@graph\":[{\"@type\":\"WebPage\",\"@id\":\"https:\\\/\\\/revalizesoftware.com\\\/de\\\/specpage\\\/specpage-produkte\\\/gdsn-guide\\\/\",\"url\":\"https:\\\/\\\/revalizesoftware.com\\\/de\\\/specpage\\\/specpage-produkte\\\/gdsn-guide\\\/\",\"name\":\"GDSN Leitfaden - SpecPage\",\"isPartOf\":{\"@id\":\"https:\\\/\\\/revalizesoftware.com\\\/de\\\/#website\"},\"primaryImageOfPage\":{\"@id\":\"https:\\\/\\\/revalizesoftware.com\\\/de\\\/specpage\\\/specpage-produkte\\\/gdsn-guide\\\/#primaryimage\"},\"image\":{\"@id\":\"https:\\\/\\\/revalizesoftware.com\\\/de\\\/specpage\\\/specpage-produkte\\\/gdsn-guide\\\/#primaryimage\"},\"thumbnailUrl\":\"https:\\\/\\\/revalizesoftware.com\\\/wp-content\\\/uploads\\\/2023\\\/08\\\/specpage-gdsn-workshop.png\",\"datePublished\":\"2023-08-31T22:00:01+00:00\",\"dateModified\":\"2025-03-13T16:32:20+00:00\",\"description\":\"Entdecken Sie die Vorteile von GDSN f\u00fcr pr\u00e4zisen Informationszugang, globale Compliance und vereinfachte Produkteinf\u00fchrung.\",\"breadcrumb\":{\"@id\":\"https:\\\/\\\/revalizesoftware.com\\\/de\\\/specpage\\\/specpage-produkte\\\/gdsn-guide\\\/#breadcrumb\"},\"inLanguage\":\"de\",\"potentialAction\":[{\"@type\":\"ReadAction\",\"target\":[\"https:\\\/\\\/revalizesoftware.com\\\/de\\\/specpage\\\/specpage-produkte\\\/gdsn-guide\\\/\"]}]},{\"@type\":\"ImageObject\",\"inLanguage\":\"de\",\"@id\":\"https:\\\/\\\/revalizesoftware.com\\\/de\\\/specpage\\\/specpage-produkte\\\/gdsn-guide\\\/#primaryimage\",\"url\":\"https:\\\/\\\/revalizesoftware.com\\\/wp-content\\\/uploads\\\/2023\\\/08\\\/specpage-gdsn-workshop.png\",\"contentUrl\":\"https:\\\/\\\/revalizesoftware.com\\\/wp-content\\\/uploads\\\/2023\\\/08\\\/specpage-gdsn-workshop.png\"},{\"@type\":\"BreadcrumbList\",\"@id\":\"https:\\\/\\\/revalizesoftware.com\\\/de\\\/specpage\\\/specpage-produkte\\\/gdsn-guide\\\/#breadcrumb\",\"itemListElement\":[{\"@type\":\"ListItem\",\"position\":1,\"name\":\"Home\",\"item\":\"https:\\\/\\\/revalizesoftware.com\\\/de\\\/\"},{\"@type\":\"ListItem\",\"position\":2,\"name\":\"SpecPage from Revalize\",\"item\":\"https:\\\/\\\/revalizesoftware.com\\\/de\\\/specpage\\\/\"},{\"@type\":\"ListItem\",\"position\":3,\"name\":\"SpecPage Produkte\",\"item\":\"https:\\\/\\\/revalizesoftware.com\\\/de\\\/specpage\\\/specpage-produkte\\\/\"},{\"@type\":\"ListItem\",\"position\":4,\"name\":\"SpecPage GDSN Leitfaden\"}]},{\"@type\":\"WebSite\",\"@id\":\"https:\\\/\\\/revalizesoftware.com\\\/de\\\/#website\",\"url\":\"https:\\\/\\\/revalizesoftware.com\\\/de\\\/\",\"name\":\"Revalize\",\"description\":\"Great Starts with Revalize\",\"publisher\":{\"@id\":\"https:\\\/\\\/revalizesoftware.com\\\/de\\\/#organization\"},\"potentialAction\":[{\"@type\":\"SearchAction\",\"target\":{\"@type\":\"EntryPoint\",\"urlTemplate\":\"https:\\\/\\\/revalizesoftware.com\\\/de\\\/?s={search_term_string}\"},\"query-input\":{\"@type\":\"PropertyValueSpecification\",\"valueRequired\":true,\"valueName\":\"search_term_string\"}}],\"inLanguage\":\"de\"},{\"@type\":\"Organization\",\"@id\":\"https:\\\/\\\/revalizesoftware.com\\\/de\\\/#organization\",\"name\":\"Revalize\",\"url\":\"https:\\\/\\\/revalizesoftware.com\\\/de\\\/\",\"logo\":{\"@type\":\"ImageObject\",\"inLanguage\":\"de\",\"@id\":\"https:\\\/\\\/revalizesoftware.com\\\/de\\\/#\\\/schema\\\/logo\\\/image\\\/\",\"url\":\"https:\\\/\\\/revalizesoftware.com\\\/wp-content\\\/uploads\\\/2021\\\/05\\\/revalize-logo.png\",\"contentUrl\":\"https:\\\/\\\/revalizesoftware.com\\\/wp-content\\\/uploads\\\/2021\\\/05\\\/revalize-logo.png\",\"width\":976,\"height\":423,\"caption\":\"Revalize\"},\"image\":{\"@id\":\"https:\\\/\\\/revalizesoftware.com\\\/de\\\/#\\\/schema\\\/logo\\\/image\\\/\"},\"sameAs\":[\"https:\\\/\\\/www.facebook.com\\\/revalize\\\/\",\"https:\\\/\\\/x.com\\\/revalize\",\"https:\\\/\\\/www.linkedin.com\\\/company\\\/revalize\\\/\"]}]}<\/script>\n<!-- \/ Yoast SEO Premium plugin. -->","yoast_head_json":{"title":"GDSN Leitfaden - SpecPage","description":"Entdecken Sie die Vorteile von GDSN f\u00fcr pr\u00e4zisen Informationszugang, globale Compliance und vereinfachte Produkteinf\u00fchrung.","robots":{"index":"index","follow":"follow","max-snippet":"max-snippet:-1","max-image-preview":"max-image-preview:large","max-video-preview":"max-video-preview:-1"},"canonical":"https:\/\/revalizesoftware.com\/de\/specpage\/specpage-produkte\/gdsn-guide\/","og_locale":"de_DE","og_type":"article","og_title":"SpecPage GDSN Leitfaden","og_description":"Entdecken Sie die Vorteile von GDSN f\u00fcr pr\u00e4zisen Informationszugang, globale Compliance und vereinfachte Produkteinf\u00fchrung.","og_url":"https:\/\/revalizesoftware.com\/de\/specpage\/specpage-produkte\/gdsn-guide\/","og_site_name":"Revalize","article_publisher":"https:\/\/www.facebook.com\/revalize\/","article_modified_time":"2025-03-13T16:32:20+00:00","og_image":[{"url":"https:\/\/revalizesoftware.com\/wp-content\/uploads\/2023\/08\/specpage-gdsn-workshop.png","type":"","width":"","height":""}],"twitter_card":"summary_large_image","twitter_site":"@revalize","twitter_misc":{"Gesch\u00e4tzte Lesezeit":"2\u00a0Minuten"},"schema":{"@context":"https:\/\/schema.org","@graph":[{"@type":"WebPage","@id":"https:\/\/revalizesoftware.com\/de\/specpage\/specpage-produkte\/gdsn-guide\/","url":"https:\/\/revalizesoftware.com\/de\/specpage\/specpage-produkte\/gdsn-guide\/","name":"GDSN Leitfaden - SpecPage","isPartOf":{"@id":"https:\/\/revalizesoftware.com\/de\/#website"},"primaryImageOfPage":{"@id":"https:\/\/revalizesoftware.com\/de\/specpage\/specpage-produkte\/gdsn-guide\/#primaryimage"},"image":{"@id":"https:\/\/revalizesoftware.com\/de\/specpage\/specpage-produkte\/gdsn-guide\/#primaryimage"},"thumbnailUrl":"https:\/\/revalizesoftware.com\/wp-content\/uploads\/2023\/08\/specpage-gdsn-workshop.png","datePublished":"2023-08-31T22:00:01+00:00","dateModified":"2025-03-13T16:32:20+00:00","description":"Entdecken Sie die Vorteile von GDSN f\u00fcr pr\u00e4zisen Informationszugang, globale Compliance und vereinfachte Produkteinf\u00fchrung.","breadcrumb":{"@id":"https:\/\/revalizesoftware.com\/de\/specpage\/specpage-produkte\/gdsn-guide\/#breadcrumb"},"inLanguage":"de","potentialAction":[{"@type":"ReadAction","target":["https:\/\/revalizesoftware.com\/de\/specpage\/specpage-produkte\/gdsn-guide\/"]}]},{"@type":"ImageObject","inLanguage":"de","@id":"https:\/\/revalizesoftware.com\/de\/specpage\/specpage-produkte\/gdsn-guide\/#primaryimage","url":"https:\/\/revalizesoftware.com\/wp-content\/uploads\/2023\/08\/specpage-gdsn-workshop.png","contentUrl":"https:\/\/revalizesoftware.com\/wp-content\/uploads\/2023\/08\/specpage-gdsn-workshop.png"},{"@type":"BreadcrumbList","@id":"https:\/\/revalizesoftware.com\/de\/specpage\/specpage-produkte\/gdsn-guide\/#breadcrumb","itemListElement":[{"@type":"ListItem","position":1,"name":"Home","item":"https:\/\/revalizesoftware.com\/de\/"},{"@type":"ListItem","position":2,"name":"SpecPage from Revalize","item":"https:\/\/revalizesoftware.com\/de\/specpage\/"},{"@type":"ListItem","position":3,"name":"SpecPage Produkte","item":"https:\/\/revalizesoftware.com\/de\/specpage\/specpage-produkte\/"},{"@type":"ListItem","position":4,"name":"SpecPage GDSN Leitfaden"}]},{"@type":"WebSite","@id":"https:\/\/revalizesoftware.com\/de\/#website","url":"https:\/\/revalizesoftware.com\/de\/","name":"Revalize","description":"Great Starts with Revalize","publisher":{"@id":"https:\/\/revalizesoftware.com\/de\/#organization"},"potentialAction":[{"@type":"SearchAction","target":{"@type":"EntryPoint","urlTemplate":"https:\/\/revalizesoftware.com\/de\/?s={search_term_string}"},"query-input":{"@type":"PropertyValueSpecification","valueRequired":true,"valueName":"search_term_string"}}],"inLanguage":"de"},{"@type":"Organization","@id":"https:\/\/revalizesoftware.com\/de\/#organization","name":"Revalize","url":"https:\/\/revalizesoftware.com\/de\/","logo":{"@type":"ImageObject","inLanguage":"de","@id":"https:\/\/revalizesoftware.com\/de\/#\/schema\/logo\/image\/","url":"https:\/\/revalizesoftware.com\/wp-content\/uploads\/2021\/05\/revalize-logo.png","contentUrl":"https:\/\/revalizesoftware.com\/wp-content\/uploads\/2021\/05\/revalize-logo.png","width":976,"height":423,"caption":"Revalize"},"image":{"@id":"https:\/\/revalizesoftware.com\/de\/#\/schema\/logo\/image\/"},"sameAs":["https:\/\/www.facebook.com\/revalize\/","https:\/\/x.com\/revalize","https:\/\/www.linkedin.com\/company\/revalize\/"]}]}},"_links":{"self":[{"href":"https:\/\/revalizesoftware.com\/de\/wp-json\/wp\/v2\/pages\/29499","targetHints":{"allow":["GET"]}}],"collection":[{"href":"https:\/\/revalizesoftware.com\/de\/wp-json\/wp\/v2\/pages"}],"about":[{"href":"https:\/\/revalizesoftware.com\/de\/wp-json\/wp\/v2\/types\/page"}],"author":[{"embeddable":true,"href":"https:\/\/revalizesoftware.com\/de\/wp-json\/wp\/v2\/users\/31"}],"replies":[{"embeddable":true,"href":"https:\/\/revalizesoftware.com\/de\/wp-json\/wp\/v2\/comments?post=29499"}],"version-history":[{"count":0,"href":"https:\/\/revalizesoftware.com\/de\/wp-json\/wp\/v2\/pages\/29499\/revisions"}],"up":[{"embeddable":true,"href":"https:\/\/revalizesoftware.com\/de\/wp-json\/wp\/v2\/pages\/29491"}],"wp:attachment":[{"href":"https:\/\/revalizesoftware.com\/de\/wp-json\/wp\/v2\/media?parent=29499"}],"curies":[{"name":"wp","href":"https:\/\/api.w.org\/{rel}","templated":true}]}}