{"id":29505,"date":"2024-01-30T10:23:40","date_gmt":"2024-01-30T15:23:40","guid":{"rendered":"https:\/\/revalizesoftware.com\/specpage\/specpage-produkte\/specpage-plm-produktlebenszyklus-management\/"},"modified":"2025-03-18T12:23:16","modified_gmt":"2025-03-18T16:23:16","slug":"specpage-plm-product-lifecycle-management","status":"publish","type":"page","link":"https:\/\/revalizesoftware.com\/de\/specpage\/specpage-produkte\/specpage-plm-product-lifecycle-management\/","title":{"rendered":"SpecPage Produktlebenszyklus-Management (PLM)"},"content":{"rendered":"\t\t<div data-elementor-type=\"wp-page\" data-elementor-id=\"29505\" class=\"elementor elementor-29505 elementor-18979\" data-elementor-post-type=\"page\">\n\t\t\t\t<div class=\"elementor-element elementor-element-34b5de3 e-flex e-con-boxed e-con e-parent\" data-id=\"34b5de3\" data-element_type=\"container\" data-e-type=\"container\" data-settings=\"{&quot;background_background&quot;:&quot;classic&quot;}\">\n\t\t\t\t\t<div class=\"e-con-inner\">\n\t\t<div class=\"elementor-element elementor-element-79e566d e-con-full e-flex e-con e-child\" data-id=\"79e566d\" data-element_type=\"container\" data-e-type=\"container\">\n\t\t\t\t<div class=\"elementor-element elementor-element-e9c90b4 elementor-widget elementor-widget-heading\" data-id=\"e9c90b4\" data-element_type=\"widget\" data-e-type=\"widget\" data-widget_type=\"heading.default\">\n\t\t\t\t<div class=\"elementor-widget-container\">\n\t\t\t\t\t<h1 class=\"elementor-heading-title elementor-size-default\">Product Lifecycle Management<\/h1>\t\t\t\t<\/div>\n\t\t\t\t<\/div>\n\t\t\t\t<div class=\"elementor-element elementor-element-d828087 elementor-widget elementor-widget-text-editor\" data-id=\"d828087\" data-element_type=\"widget\" data-e-type=\"widget\" data-widget_type=\"text-editor.default\">\n\t\t\t\t<div class=\"elementor-widget-container\">\n\t\t\t\t\t\t\t\t\t<p>PLM ist der entscheidende Faktor zur F\u00f6rderung von Produkt- und Prozessinnovationen, zur Verbesserung der Effizienz und zur Beseitigung von Verschwendung. SpecPage PLM optimiert die Daten, um einen strategischen Wettbewerbsvorteil zu schaffen.<\/p>\n\t\t\t\t\t\t\t\t<\/div>\n\t\t\t\t<\/div>\n\t\t\t\t<\/div>\n\t\t\t\t\t<\/div>\n\t\t\t\t<\/div>\n\t\t<div class=\"elementor-element elementor-element-5d44dbf e-flex e-con-boxed e-con e-parent\" data-id=\"5d44dbf\" data-element_type=\"container\" data-e-type=\"container\">\n\t\t\t\t\t<div class=\"e-con-inner\">\n\t\t<div class=\"elementor-element elementor-element-ea7eddb e-con-full e-flex e-con e-child\" data-id=\"ea7eddb\" data-element_type=\"container\" data-e-type=\"container\">\n\t\t\t\t<div class=\"elementor-element elementor-element-3097da1 elementor-widget elementor-widget-text-editor\" data-id=\"3097da1\" data-element_type=\"widget\" data-e-type=\"widget\" data-widget_type=\"text-editor.default\">\n\t\t\t\t<div class=\"elementor-widget-container\">\n\t\t\t\t\t\t\t\t\t<p>Product Lifecycle Management (PLM) bietet eine verl\u00e4ssliche und zuverl\u00e4ssige Grundlage f\u00fcr die digitale Transformation &#8211; eine einzige Quelle der Wahrheit, Transparenz und R\u00fcckverfolgbarkeit werden geschaffen, wenn Hersteller eine innovative, durchg\u00e4ngige PLM-Prozessl\u00f6sung einsetzen.<\/p>\n<p>Um ein Maximum an greifbarem und messbarem Nutzen aus Produktprozessen zu ziehen, m\u00fcssen Hersteller ihre Daten effektiv verwalten. Produktdaten sind der Schl\u00fcssel zu mehr Umsatz und Rendite. PLM ist das bew\u00e4hrte Werkzeug, um f\u00fcr mehr Transparenz, R\u00fcckverfolgbarkeit, Lieferantenmanagement und die Einhaltung globaler gesetzlicher Vorschriften zu sorgen.<\/p>\n\t\t\t\t\t\t\t\t<\/div>\n\t\t\t\t<\/div>\n\t\t\t\t<div class=\"elementor-element elementor-element-101caa3 elementor-widget elementor-widget-heading\" data-id=\"101caa3\" data-element_type=\"widget\" data-e-type=\"widget\" data-widget_type=\"heading.default\">\n\t\t\t\t<div class=\"elementor-widget-container\">\n\t\t\t\t\t<h2 class=\"elementor-heading-title elementor-size-default\">PLM-S\u00e4ulen<\/h2>\t\t\t\t<\/div>\n\t\t\t\t<\/div>\n\t\t\t\t<div class=\"elementor-element elementor-element-381f36f elementor-widget elementor-widget-text-editor\" data-id=\"381f36f\" data-element_type=\"widget\" data-e-type=\"widget\" data-widget_type=\"text-editor.default\">\n\t\t\t\t<div class=\"elementor-widget-container\">\n\t\t\t\t\t\t\t\t\t<p>PLM optimiert das gr\u00f6\u00dfte Kapital der Lebensmittel- und Getr\u00e4nkehersteller &#8211; ihre Daten. Es bietet M\u00f6glichkeiten zur Kostenkontrolle und Qualit\u00e4tssteigerung von der Idee bis zum fertigen Produkt.<\/p>\n<p>Vor der Forschung und Entwicklung, wenn die Kosten und die Verf\u00fcgbarkeit der Lieferanten die Gewinnspanne f\u00fcr ein Produkt bestimmen, verfolgt PLM die Herkunft der Rohstoffe, das Verarbeitungsdatum, das Verfallsdatum und die Allergeninformationen &#8211; alles Informationen, die notwendig sind, um \u00fcber das Lieferantenmanagement die besten Entscheidungen f\u00fcr die Beschaffung, die Auswahl der Lieferanten und die Rohstoffkosten zu treffen.<\/p>\n<p>Die innovativen PLM-Prozessl\u00f6sungen sind globale Projekt- und Portfoliomanagement-Frameworks, sie unterst\u00fctzen neue Produktinnovationen und verf\u00fcgen \u00fcber die Flexibilit\u00e4t, sich an die sich st\u00e4ndig \u00e4ndernden internationalen Verordnungen, Gesetze und Anforderungen anzupassen.<\/p>\n<p>R\u00fcckverfolgbarkeit, umfassende, genaue Produktdaten, die Materialien und Rezepte erm\u00f6glichen<\/p>\n<p>R\u00fcckverfolgbarkeit, umfassende und genaue Produktdaten, die die Verwaltung von Materialien und Rezepturspezifikationen \u00fcber die gesamte Produktstruktur und den gesamten Lebenszyklus erm\u00f6glichen, werden durch PLM-Prozessl\u00f6sungen vereinfacht.<\/p>\n<p>Menschliches Versagen, Datenduplikation und doppelter Arbeitsaufwand sowie Fehler bei der Dateneingabe treten h\u00e4ufig bei sich wiederholenden Aufgaben auf &#8211; aber Automatisierung und Digitalisierung beseitigen Fehlerquoten, Ungenauigkeiten und Ineffizienzen und bieten M\u00f6glichkeiten, die Talente des Teams f\u00fcr gewinnbringende Aufgaben einzusetzen.<\/p>\n<p>PLM erm\u00f6glicht anpassungsf\u00e4hige Funktionen, senkt die Kosten und unterst\u00fctzt die agile Entwicklung neuer und interessanter Produkte.<\/p>\n\t\t\t\t\t\t\t\t<\/div>\n\t\t\t\t<\/div>\n\t\t\t\t<\/div>\n\t\t<div class=\"elementor-element elementor-element-96ae244 e-con-full e-flex e-con e-child\" data-id=\"96ae244\" data-element_type=\"container\" data-e-type=\"container\">\n\t\t\t\t<div class=\"elementor-element elementor-element-66a80b0 elementor-widget elementor-widget-image\" data-id=\"66a80b0\" data-element_type=\"widget\" data-e-type=\"widget\" data-widget_type=\"image.default\">\n\t\t\t\t<div class=\"elementor-widget-container\">\n\t\t\t\t\t\t\t\t\t\t\t\t\t\t\t<img fetchpriority=\"high\" decoding=\"async\" width=\"800\" height=\"570\" src=\"https:\/\/revalizesoftware.com\/wp-content\/uploads\/2023\/09\/food-and-beverage-lp-4.jpg\" class=\"attachment-large size-large wp-image-12751\" alt=\"Woman checking bottle on assembly line\" srcset=\"https:\/\/revalizesoftware.com\/wp-content\/uploads\/2023\/09\/food-and-beverage-lp-4.jpg 952w, https:\/\/revalizesoftware.com\/wp-content\/uploads\/2023\/09\/food-and-beverage-lp-4-300x214.jpg 300w, https:\/\/revalizesoftware.com\/wp-content\/uploads\/2023\/09\/food-and-beverage-lp-4-768x547.jpg 768w\" sizes=\"(max-width: 800px) 100vw, 800px\" \/>\t\t\t\t\t\t\t\t\t\t\t\t\t\t\t<\/div>\n\t\t\t\t<\/div>\n\t\t\t\t<div class=\"elementor-element elementor-element-acfca20 elementor-widget elementor-widget-text-editor\" data-id=\"acfca20\" data-element_type=\"widget\" data-e-type=\"widget\" data-widget_type=\"text-editor.default\">\n\t\t\t\t<div class=\"elementor-widget-container\">\n\t\t\t\t\t\t\t\t\t<p>PLM ist das wichtigste Werkzeug, um Wettbewerbsvorteile in der Lebensmittel- und Getr\u00e4nkeindustrie zu erzielen:<\/p>\n\t\t\t\t\t\t\t\t<\/div>\n\t\t\t\t<\/div>\n\t\t\t\t<div class=\"elementor-element elementor-element-a69e91c elementor-icon-list--layout-traditional elementor-list-item-link-full_width elementor-widget elementor-widget-icon-list\" data-id=\"a69e91c\" data-element_type=\"widget\" data-e-type=\"widget\" data-widget_type=\"icon-list.default\">\n\t\t\t\t<div class=\"elementor-widget-container\">\n\t\t\t\t\t\t\t<ul class=\"elementor-icon-list-items\">\n\t\t\t\t\t\t\t<li class=\"elementor-icon-list-item\">\n\t\t\t\t\t\t\t\t\t\t\t<span class=\"elementor-icon-list-icon\">\n\t\t\t\t\t\t\t<svg aria-hidden=\"true\" class=\"e-font-icon-svg e-fas-circle\" viewBox=\"0 0 512 512\" xmlns=\"http:\/\/www.w3.org\/2000\/svg\"><path d=\"M256 8C119 8 8 119 8 256s111 248 248 248 248-111 248-248S393 8 256 8z\"><\/path><\/svg>\t\t\t\t\t\t<\/span>\n\t\t\t\t\t\t\t\t\t\t<span class=\"elementor-icon-list-text\">Die Identifizierung von Rohstoffen und die Qualit\u00e4tskontrolle werden vereinfacht<\/span>\n\t\t\t\t\t\t\t\t\t<\/li>\n\t\t\t\t\t\t\t\t<li class=\"elementor-icon-list-item\">\n\t\t\t\t\t\t\t\t\t\t\t<span class=\"elementor-icon-list-icon\">\n\t\t\t\t\t\t\t<svg aria-hidden=\"true\" class=\"e-font-icon-svg e-fas-circle\" viewBox=\"0 0 512 512\" xmlns=\"http:\/\/www.w3.org\/2000\/svg\"><path d=\"M256 8C119 8 8 119 8 256s111 248 248 248 248-111 248-248S393 8 256 8z\"><\/path><\/svg>\t\t\t\t\t\t<\/span>\n\t\t\t\t\t\t\t\t\t\t<span class=\"elementor-icon-list-text\">Online-Formulare erm\u00f6glichen einfaches Hochladen und \u00dcberarbeiten von produktbezogenen Daten<\/span>\n\t\t\t\t\t\t\t\t\t<\/li>\n\t\t\t\t\t\t\t\t<li class=\"elementor-icon-list-item\">\n\t\t\t\t\t\t\t\t\t\t\t<span class=\"elementor-icon-list-icon\">\n\t\t\t\t\t\t\t<svg aria-hidden=\"true\" class=\"e-font-icon-svg e-fas-circle\" viewBox=\"0 0 512 512\" xmlns=\"http:\/\/www.w3.org\/2000\/svg\"><path d=\"M256 8C119 8 8 119 8 256s111 248 248 248 248-111 248-248S393 8 256 8z\"><\/path><\/svg>\t\t\t\t\t\t<\/span>\n\t\t\t\t\t\t\t\t\t\t<span class=\"elementor-icon-list-text\">Produkt- und Prozessinformationen k\u00f6nnen team- und abteilungs\u00fcbergreifend mit Anwendern geteilt werden - von der Fabrikhalle aus auf autorisierten Ger\u00e4ten<\/span>\n\t\t\t\t\t\t\t\t\t<\/li>\n\t\t\t\t\t\t\t\t<li class=\"elementor-icon-list-item\">\n\t\t\t\t\t\t\t\t\t\t\t<span class=\"elementor-icon-list-icon\">\n\t\t\t\t\t\t\t<svg aria-hidden=\"true\" class=\"e-font-icon-svg e-fas-circle\" viewBox=\"0 0 512 512\" xmlns=\"http:\/\/www.w3.org\/2000\/svg\"><path d=\"M256 8C119 8 8 119 8 256s111 248 248 248 248-111 248-248S393 8 256 8z\"><\/path><\/svg>\t\t\t\t\t\t<\/span>\n\t\t\t\t\t\t\t\t\t\t<span class=\"elementor-icon-list-text\">Produkt- und Etikettendesigns k\u00f6nnen mit autorisierten Akteuren geteilt werden, \u00c4nderungen sind sofort m\u00f6glich, und Entwickler k\u00f6nnen aus der Ferne auf die Informationen zugreifen.<\/span>\n\t\t\t\t\t\t\t\t\t<\/li>\n\t\t\t\t\t\t\t\t<li class=\"elementor-icon-list-item\">\n\t\t\t\t\t\t\t\t\t\t\t<span class=\"elementor-icon-list-icon\">\n\t\t\t\t\t\t\t<svg aria-hidden=\"true\" class=\"e-font-icon-svg e-fas-circle\" viewBox=\"0 0 512 512\" xmlns=\"http:\/\/www.w3.org\/2000\/svg\"><path d=\"M256 8C119 8 8 119 8 256s111 248 248 248 248-111 248-248S393 8 256 8z\"><\/path><\/svg>\t\t\t\t\t\t<\/span>\n\t\t\t\t\t\t\t\t\t\t<span class=\"elementor-icon-list-text\">Effiziente Bestandsverwaltung<\/span>\n\t\t\t\t\t\t\t\t\t<\/li>\n\t\t\t\t\t\t\t\t<li class=\"elementor-icon-list-item\">\n\t\t\t\t\t\t\t\t\t\t\t<span class=\"elementor-icon-list-icon\">\n\t\t\t\t\t\t\t<svg aria-hidden=\"true\" class=\"e-font-icon-svg e-fas-circle\" viewBox=\"0 0 512 512\" xmlns=\"http:\/\/www.w3.org\/2000\/svg\"><path d=\"M256 8C119 8 8 119 8 256s111 248 248 248 248-111 248-248S393 8 256 8z\"><\/path><\/svg>\t\t\t\t\t\t<\/span>\n\t\t\t\t\t\t\t\t\t\t<span class=\"elementor-icon-list-text\">First-to-Market-Status m\u00f6glich, um die Anforderungen der Verbraucher zu erf\u00fcllen<\/span>\n\t\t\t\t\t\t\t\t\t<\/li>\n\t\t\t\t\t\t<\/ul>\n\t\t\t\t\t\t<\/div>\n\t\t\t\t<\/div>\n\t\t\t\t<\/div>\n\t\t\t\t\t<\/div>\n\t\t\t\t<\/div>\n\t\t\t\t<\/div>\n\t\t","protected":false},"excerpt":{"rendered":"<p>Product Lifecycle Management PLM ist der entscheidende Faktor zur F\u00f6rderung von Produkt- und Prozessinnovationen, zur Verbesserung der Effizienz und zur Beseitigung von Verschwendung. SpecPage PLM optimiert die Daten, um einen strategischen Wettbewerbsvorteil zu schaffen. Product Lifecycle Management (PLM) bietet eine verl\u00e4ssliche und zuverl\u00e4ssige Grundlage f\u00fcr die digitale Transformation &#8211; eine einzige Quelle der Wahrheit, Transparenz [&hellip;]<\/p>\n","protected":false},"author":31,"featured_media":0,"parent":29491,"menu_order":0,"comment_status":"closed","ping_status":"closed","template":"","meta":{"content-type":"","footnotes":""},"class_list":["post-29505","page","type-page","status-publish","hentry"],"yoast_head":"<!-- This site is optimized with the Yoast SEO Premium plugin v27.3 (Yoast SEO v27.3) - https:\/\/yoast.com\/product\/yoast-seo-premium-wordpress\/ -->\n<title>PLM f\u00fcr die Lebensmittel- und Getr\u00e4nkeindustrie - SpecPage<\/title>\n<meta name=\"description\" content=\"Optimieren Sie Daten mit PLM f\u00fcr Lebensmittel- und Getr\u00e4nkehersteller. Kontrollieren Sie die Kosten und steigern Sie die Qualit\u00e4t von der Idee bis zum fertigen Produkt.\" \/>\n<meta name=\"robots\" content=\"index, follow, max-snippet:-1, max-image-preview:large, max-video-preview:-1\" \/>\n<link rel=\"canonical\" href=\"https:\/\/revalizesoftware.com\/de\/specpage\/specpage-produkte\/specpage-plm-product-lifecycle-management\/\" \/>\n<meta property=\"og:locale\" content=\"de_DE\" \/>\n<meta property=\"og:type\" content=\"article\" \/>\n<meta property=\"og:title\" content=\"SpecPage Produktlebenszyklus-Management (PLM)\" \/>\n<meta property=\"og:description\" content=\"Optimieren Sie Daten mit PLM f\u00fcr Lebensmittel- und Getr\u00e4nkehersteller. Kontrollieren Sie die Kosten und steigern Sie die Qualit\u00e4t von der Idee bis zum fertigen Produkt.\" \/>\n<meta property=\"og:url\" content=\"https:\/\/revalizesoftware.com\/de\/specpage\/specpage-produkte\/specpage-plm-product-lifecycle-management\/\" \/>\n<meta property=\"og:site_name\" content=\"Revalize\" \/>\n<meta property=\"article:publisher\" content=\"https:\/\/www.facebook.com\/revalize\/\" \/>\n<meta property=\"article:modified_time\" content=\"2025-03-18T16:23:16+00:00\" \/>\n<meta property=\"og:image\" content=\"https:\/\/revalizesoftware.com\/wp-content\/uploads\/2023\/09\/food-and-beverage-lp-4-768x547.jpg\" \/>\n<meta name=\"twitter:card\" content=\"summary_large_image\" \/>\n<meta name=\"twitter:site\" content=\"@revalize\" \/>\n<meta name=\"twitter:label1\" content=\"Gesch\u00e4tzte Lesezeit\" \/>\n\t<meta name=\"twitter:data1\" content=\"2\u00a0Minuten\" \/>\n<script type=\"application\/ld+json\" class=\"yoast-schema-graph\">{\"@context\":\"https:\\\/\\\/schema.org\",\"@graph\":[{\"@type\":\"WebPage\",\"@id\":\"https:\\\/\\\/revalizesoftware.com\\\/de\\\/specpage\\\/specpage-produkte\\\/specpage-plm-product-lifecycle-management\\\/\",\"url\":\"https:\\\/\\\/revalizesoftware.com\\\/de\\\/specpage\\\/specpage-produkte\\\/specpage-plm-product-lifecycle-management\\\/\",\"name\":\"PLM f\u00fcr die Lebensmittel- und Getr\u00e4nkeindustrie - SpecPage\",\"isPartOf\":{\"@id\":\"https:\\\/\\\/revalizesoftware.com\\\/de\\\/#website\"},\"primaryImageOfPage\":{\"@id\":\"https:\\\/\\\/revalizesoftware.com\\\/de\\\/specpage\\\/specpage-produkte\\\/specpage-plm-product-lifecycle-management\\\/#primaryimage\"},\"image\":{\"@id\":\"https:\\\/\\\/revalizesoftware.com\\\/de\\\/specpage\\\/specpage-produkte\\\/specpage-plm-product-lifecycle-management\\\/#primaryimage\"},\"thumbnailUrl\":\"https:\\\/\\\/revalizesoftware.com\\\/wp-content\\\/uploads\\\/2023\\\/09\\\/food-and-beverage-lp-4-768x547.jpg\",\"datePublished\":\"2024-01-30T15:23:40+00:00\",\"dateModified\":\"2025-03-18T16:23:16+00:00\",\"description\":\"Optimieren Sie Daten mit PLM f\u00fcr Lebensmittel- und Getr\u00e4nkehersteller. Kontrollieren Sie die Kosten und steigern Sie die Qualit\u00e4t von der Idee bis zum fertigen Produkt.\",\"breadcrumb\":{\"@id\":\"https:\\\/\\\/revalizesoftware.com\\\/de\\\/specpage\\\/specpage-produkte\\\/specpage-plm-product-lifecycle-management\\\/#breadcrumb\"},\"inLanguage\":\"de\",\"potentialAction\":[{\"@type\":\"ReadAction\",\"target\":[\"https:\\\/\\\/revalizesoftware.com\\\/de\\\/specpage\\\/specpage-produkte\\\/specpage-plm-product-lifecycle-management\\\/\"]}]},{\"@type\":\"ImageObject\",\"inLanguage\":\"de\",\"@id\":\"https:\\\/\\\/revalizesoftware.com\\\/de\\\/specpage\\\/specpage-produkte\\\/specpage-plm-product-lifecycle-management\\\/#primaryimage\",\"url\":\"https:\\\/\\\/revalizesoftware.com\\\/wp-content\\\/uploads\\\/2023\\\/09\\\/food-and-beverage-lp-4-768x547.jpg\",\"contentUrl\":\"https:\\\/\\\/revalizesoftware.com\\\/wp-content\\\/uploads\\\/2023\\\/09\\\/food-and-beverage-lp-4-768x547.jpg\"},{\"@type\":\"BreadcrumbList\",\"@id\":\"https:\\\/\\\/revalizesoftware.com\\\/de\\\/specpage\\\/specpage-produkte\\\/specpage-plm-product-lifecycle-management\\\/#breadcrumb\",\"itemListElement\":[{\"@type\":\"ListItem\",\"position\":1,\"name\":\"Home\",\"item\":\"https:\\\/\\\/revalizesoftware.com\\\/de\\\/\"},{\"@type\":\"ListItem\",\"position\":2,\"name\":\"SpecPage from Revalize\",\"item\":\"https:\\\/\\\/revalizesoftware.com\\\/de\\\/specpage\\\/\"},{\"@type\":\"ListItem\",\"position\":3,\"name\":\"SpecPage Produkte\",\"item\":\"https:\\\/\\\/revalizesoftware.com\\\/de\\\/specpage\\\/specpage-produkte\\\/\"},{\"@type\":\"ListItem\",\"position\":4,\"name\":\"SpecPage Produktlebenszyklus-Management (PLM)\"}]},{\"@type\":\"WebSite\",\"@id\":\"https:\\\/\\\/revalizesoftware.com\\\/de\\\/#website\",\"url\":\"https:\\\/\\\/revalizesoftware.com\\\/de\\\/\",\"name\":\"Revalize\",\"description\":\"Great Starts with Revalize\",\"publisher\":{\"@id\":\"https:\\\/\\\/revalizesoftware.com\\\/de\\\/#organization\"},\"potentialAction\":[{\"@type\":\"SearchAction\",\"target\":{\"@type\":\"EntryPoint\",\"urlTemplate\":\"https:\\\/\\\/revalizesoftware.com\\\/de\\\/?s={search_term_string}\"},\"query-input\":{\"@type\":\"PropertyValueSpecification\",\"valueRequired\":true,\"valueName\":\"search_term_string\"}}],\"inLanguage\":\"de\"},{\"@type\":\"Organization\",\"@id\":\"https:\\\/\\\/revalizesoftware.com\\\/de\\\/#organization\",\"name\":\"Revalize\",\"url\":\"https:\\\/\\\/revalizesoftware.com\\\/de\\\/\",\"logo\":{\"@type\":\"ImageObject\",\"inLanguage\":\"de\",\"@id\":\"https:\\\/\\\/revalizesoftware.com\\\/de\\\/#\\\/schema\\\/logo\\\/image\\\/\",\"url\":\"https:\\\/\\\/revalizesoftware.com\\\/wp-content\\\/uploads\\\/2021\\\/05\\\/revalize-logo.png\",\"contentUrl\":\"https:\\\/\\\/revalizesoftware.com\\\/wp-content\\\/uploads\\\/2021\\\/05\\\/revalize-logo.png\",\"width\":976,\"height\":423,\"caption\":\"Revalize\"},\"image\":{\"@id\":\"https:\\\/\\\/revalizesoftware.com\\\/de\\\/#\\\/schema\\\/logo\\\/image\\\/\"},\"sameAs\":[\"https:\\\/\\\/www.facebook.com\\\/revalize\\\/\",\"https:\\\/\\\/x.com\\\/revalize\",\"https:\\\/\\\/www.linkedin.com\\\/company\\\/revalize\\\/\"]}]}<\/script>\n<!-- \/ Yoast SEO Premium plugin. -->","yoast_head_json":{"title":"PLM f\u00fcr die Lebensmittel- und Getr\u00e4nkeindustrie - SpecPage","description":"Optimieren Sie Daten mit PLM f\u00fcr Lebensmittel- und Getr\u00e4nkehersteller. Kontrollieren Sie die Kosten und steigern Sie die Qualit\u00e4t von der Idee bis zum fertigen Produkt.","robots":{"index":"index","follow":"follow","max-snippet":"max-snippet:-1","max-image-preview":"max-image-preview:large","max-video-preview":"max-video-preview:-1"},"canonical":"https:\/\/revalizesoftware.com\/de\/specpage\/specpage-produkte\/specpage-plm-product-lifecycle-management\/","og_locale":"de_DE","og_type":"article","og_title":"SpecPage Produktlebenszyklus-Management (PLM)","og_description":"Optimieren Sie Daten mit PLM f\u00fcr Lebensmittel- und Getr\u00e4nkehersteller. Kontrollieren Sie die Kosten und steigern Sie die Qualit\u00e4t von der Idee bis zum fertigen Produkt.","og_url":"https:\/\/revalizesoftware.com\/de\/specpage\/specpage-produkte\/specpage-plm-product-lifecycle-management\/","og_site_name":"Revalize","article_publisher":"https:\/\/www.facebook.com\/revalize\/","article_modified_time":"2025-03-18T16:23:16+00:00","og_image":[{"url":"https:\/\/revalizesoftware.com\/wp-content\/uploads\/2023\/09\/food-and-beverage-lp-4-768x547.jpg","type":"","width":"","height":""}],"twitter_card":"summary_large_image","twitter_site":"@revalize","twitter_misc":{"Gesch\u00e4tzte Lesezeit":"2\u00a0Minuten"},"schema":{"@context":"https:\/\/schema.org","@graph":[{"@type":"WebPage","@id":"https:\/\/revalizesoftware.com\/de\/specpage\/specpage-produkte\/specpage-plm-product-lifecycle-management\/","url":"https:\/\/revalizesoftware.com\/de\/specpage\/specpage-produkte\/specpage-plm-product-lifecycle-management\/","name":"PLM f\u00fcr die Lebensmittel- und Getr\u00e4nkeindustrie - SpecPage","isPartOf":{"@id":"https:\/\/revalizesoftware.com\/de\/#website"},"primaryImageOfPage":{"@id":"https:\/\/revalizesoftware.com\/de\/specpage\/specpage-produkte\/specpage-plm-product-lifecycle-management\/#primaryimage"},"image":{"@id":"https:\/\/revalizesoftware.com\/de\/specpage\/specpage-produkte\/specpage-plm-product-lifecycle-management\/#primaryimage"},"thumbnailUrl":"https:\/\/revalizesoftware.com\/wp-content\/uploads\/2023\/09\/food-and-beverage-lp-4-768x547.jpg","datePublished":"2024-01-30T15:23:40+00:00","dateModified":"2025-03-18T16:23:16+00:00","description":"Optimieren Sie Daten mit PLM f\u00fcr Lebensmittel- und Getr\u00e4nkehersteller. Kontrollieren Sie die Kosten und steigern Sie die Qualit\u00e4t von der Idee bis zum fertigen Produkt.","breadcrumb":{"@id":"https:\/\/revalizesoftware.com\/de\/specpage\/specpage-produkte\/specpage-plm-product-lifecycle-management\/#breadcrumb"},"inLanguage":"de","potentialAction":[{"@type":"ReadAction","target":["https:\/\/revalizesoftware.com\/de\/specpage\/specpage-produkte\/specpage-plm-product-lifecycle-management\/"]}]},{"@type":"ImageObject","inLanguage":"de","@id":"https:\/\/revalizesoftware.com\/de\/specpage\/specpage-produkte\/specpage-plm-product-lifecycle-management\/#primaryimage","url":"https:\/\/revalizesoftware.com\/wp-content\/uploads\/2023\/09\/food-and-beverage-lp-4-768x547.jpg","contentUrl":"https:\/\/revalizesoftware.com\/wp-content\/uploads\/2023\/09\/food-and-beverage-lp-4-768x547.jpg"},{"@type":"BreadcrumbList","@id":"https:\/\/revalizesoftware.com\/de\/specpage\/specpage-produkte\/specpage-plm-product-lifecycle-management\/#breadcrumb","itemListElement":[{"@type":"ListItem","position":1,"name":"Home","item":"https:\/\/revalizesoftware.com\/de\/"},{"@type":"ListItem","position":2,"name":"SpecPage from Revalize","item":"https:\/\/revalizesoftware.com\/de\/specpage\/"},{"@type":"ListItem","position":3,"name":"SpecPage Produkte","item":"https:\/\/revalizesoftware.com\/de\/specpage\/specpage-produkte\/"},{"@type":"ListItem","position":4,"name":"SpecPage Produktlebenszyklus-Management (PLM)"}]},{"@type":"WebSite","@id":"https:\/\/revalizesoftware.com\/de\/#website","url":"https:\/\/revalizesoftware.com\/de\/","name":"Revalize","description":"Great Starts with Revalize","publisher":{"@id":"https:\/\/revalizesoftware.com\/de\/#organization"},"potentialAction":[{"@type":"SearchAction","target":{"@type":"EntryPoint","urlTemplate":"https:\/\/revalizesoftware.com\/de\/?s={search_term_string}"},"query-input":{"@type":"PropertyValueSpecification","valueRequired":true,"valueName":"search_term_string"}}],"inLanguage":"de"},{"@type":"Organization","@id":"https:\/\/revalizesoftware.com\/de\/#organization","name":"Revalize","url":"https:\/\/revalizesoftware.com\/de\/","logo":{"@type":"ImageObject","inLanguage":"de","@id":"https:\/\/revalizesoftware.com\/de\/#\/schema\/logo\/image\/","url":"https:\/\/revalizesoftware.com\/wp-content\/uploads\/2021\/05\/revalize-logo.png","contentUrl":"https:\/\/revalizesoftware.com\/wp-content\/uploads\/2021\/05\/revalize-logo.png","width":976,"height":423,"caption":"Revalize"},"image":{"@id":"https:\/\/revalizesoftware.com\/de\/#\/schema\/logo\/image\/"},"sameAs":["https:\/\/www.facebook.com\/revalize\/","https:\/\/x.com\/revalize","https:\/\/www.linkedin.com\/company\/revalize\/"]}]}},"_links":{"self":[{"href":"https:\/\/revalizesoftware.com\/de\/wp-json\/wp\/v2\/pages\/29505","targetHints":{"allow":["GET"]}}],"collection":[{"href":"https:\/\/revalizesoftware.com\/de\/wp-json\/wp\/v2\/pages"}],"about":[{"href":"https:\/\/revalizesoftware.com\/de\/wp-json\/wp\/v2\/types\/page"}],"author":[{"embeddable":true,"href":"https:\/\/revalizesoftware.com\/de\/wp-json\/wp\/v2\/users\/31"}],"replies":[{"embeddable":true,"href":"https:\/\/revalizesoftware.com\/de\/wp-json\/wp\/v2\/comments?post=29505"}],"version-history":[{"count":0,"href":"https:\/\/revalizesoftware.com\/de\/wp-json\/wp\/v2\/pages\/29505\/revisions"}],"up":[{"embeddable":true,"href":"https:\/\/revalizesoftware.com\/de\/wp-json\/wp\/v2\/pages\/29491"}],"wp:attachment":[{"href":"https:\/\/revalizesoftware.com\/de\/wp-json\/wp\/v2\/media?parent=29505"}],"curies":[{"name":"wp","href":"https:\/\/api.w.org\/{rel}","templated":true}]}}