{"id":29509,"date":"2023-08-31T18:49:31","date_gmt":"2023-08-31T22:49:31","guid":{"rendered":"https:\/\/revalizesoftware.com\/specpage\/specpage-produkte\/specpage-leitfaden-fuer-lieferanten\/"},"modified":"2025-04-09T12:46:20","modified_gmt":"2025-04-09T16:46:20","slug":"suppliers-guide","status":"publish","type":"page","link":"https:\/\/revalizesoftware.com\/de\/specpage\/specpage-produkte\/suppliers-guide\/","title":{"rendered":"SpecPage Leitfaden f\u00fcr Lieferanten"},"content":{"rendered":"\t\t<div data-elementor-type=\"wp-page\" data-elementor-id=\"29509\" class=\"elementor elementor-29509 elementor-12692\" data-elementor-post-type=\"page\">\n\t\t\t\t<div class=\"elementor-element elementor-element-34b5de3 e-flex e-con-boxed e-con e-parent\" data-id=\"34b5de3\" data-element_type=\"container\" data-e-type=\"container\" data-settings=\"{&quot;background_background&quot;:&quot;classic&quot;}\">\n\t\t\t\t\t<div class=\"e-con-inner\">\n\t\t<div class=\"elementor-element elementor-element-79e566d e-con-full e-flex e-con e-child\" data-id=\"79e566d\" data-element_type=\"container\" data-e-type=\"container\">\n\t\t\t\t<div class=\"elementor-element elementor-element-e9c90b4 elementor-widget elementor-widget-heading\" data-id=\"e9c90b4\" data-element_type=\"widget\" data-e-type=\"widget\" data-widget_type=\"heading.default\">\n\t\t\t\t<div class=\"elementor-widget-container\">\n\t\t\t\t\t<h1 class=\"elementor-heading-title elementor-size-default\">Leitfaden f\u00fcr Lieferanten<\/h1>\t\t\t\t<\/div>\n\t\t\t\t<\/div>\n\t\t\t\t<div class=\"elementor-element elementor-element-d828087 elementor-widget elementor-widget-text-editor\" data-id=\"d828087\" data-element_type=\"widget\" data-e-type=\"widget\" data-widget_type=\"text-editor.default\">\n\t\t\t\t<div class=\"elementor-widget-container\">\n\t\t\t\t\t\t\t\t\tDer innovative Supplier&#8217;s Guide bietet schnellen Zugriff auf wichtige Spezifikationen, um den Arbeitsaufwand zu verringern und die Datensicherheit zu erh\u00f6hen. Sparen Sie Zeit, vermeiden Sie Fehler und erstellen und erfassen Sie Workflow-Spezifikationen mit Datenprozessen, die nur einmal eingegeben werden m\u00fcssen.\n\t\t\t\t\t\t\t\t<\/div>\n\t\t\t\t<\/div>\n\t\t\t\t<\/div>\n\t\t\t\t\t<\/div>\n\t\t\t\t<\/div>\n\t\t<div class=\"elementor-element elementor-element-8b0d7f4 e-flex e-con-boxed e-con e-parent\" data-id=\"8b0d7f4\" data-element_type=\"container\" data-e-type=\"container\">\n\t\t\t\t\t<div class=\"e-con-inner\">\n\t\t<div class=\"elementor-element elementor-element-48cb026 e-con-full e-flex e-con e-child\" data-id=\"48cb026\" data-element_type=\"container\" data-e-type=\"container\">\n\t\t\t\t<div class=\"elementor-element elementor-element-3097da1 elementor-widget elementor-widget-text-editor\" data-id=\"3097da1\" data-element_type=\"widget\" data-e-type=\"widget\" data-widget_type=\"text-editor.default\">\n\t\t\t\t<div class=\"elementor-widget-container\">\n\t\t\t\t\t\t\t\t\t<p>Die SpecPage-L\u00f6sungssuite umfasst einen innovativen Supplier&#8217;s Guide zur Online-Erfassung von Spezifikationen, Lieferanten- und Qualit\u00e4tsfrageb\u00f6gen und erg\u00e4nzenden Inhalten, um Zeit und Kosten zu sparen.<\/p><p>Das von SpecPage gehostete Lieferantenportal ist der erste wichtige Schritt in der Lieferkette des Datenmanagements und wurde entwickelt, um eine Reihe von Herausforderungen zu beseitigen, von der Lebensmittelsicherheit \u00fcber die Datensicherheit bis hin zur einfachen Verwaltung von Spezifikationen.<\/p><p>Dieser fortschrittliche Leitfaden vereinfacht den Prozess der Bereitstellung von Spezifikationen, indem er es den Herstellern erm\u00f6glicht, Informationen und Daten an ein gehostetes Online-Portal zu leiten und die Daten dann in das SpecPDM-Produktdatenmanagement herunterzuladen und zu ver\u00f6ffentlichen, wo sie von Interessengruppen mit autorisiertem Zugriff abgerufen werden k\u00f6nnen.<\/p><p>Der Leitfaden f\u00fcr Lieferanten ist vollst\u00e4ndig anpassbar und individuell gestaltbar. Sie bietet den Produzenten den Rahmen, um die von den Lieferanten geforderten Informationen und Dokumente zu bestimmen. Sobald die Informationen erfasst und die Zertifizierungsdokumente angeh\u00e4ngt sind, werden autorisierte Aktion\u00e4re automatisch per E-Mail benachrichtigt.<br>Supplier&#8217;s Guide validiert elektronische Signaturen f\u00fcr rechtsverbindliche Spezifikationen in der gesamten Lieferkette und erm\u00f6glicht Transparenz und R\u00fcckverfolgbarkeit hinsichtlich der Ansichten und der Erstellung von Spezifikationsdokumenten.<\/p><p>Von den Rohstoffen bis hin zu den Spezifikationen und dem Qualit\u00e4tsmanagement erm\u00f6glicht der Supplier&#8217;s Guide autorisierten Benutzern die Definition von Parametern, Dokumenten und Daten, die Teil der in der Datenbank enthaltenen Informationskette werden. Informationen, die per E-Mail ausgetauscht werden, sind einfach nicht so sicher und gesch\u00fctzt wie Daten, die im Supplier&#8217;s Guide gespeichert sind.<br>Dieses interaktive Lieferantenportal bietet nicht nur Sicherheit, sondern auch einen bequemen, schnellen und bedarfsgerechten Zugriff auf Daten zu Rohstoffen und Spezifikationen.<\/p>\t\t\t\t\t\t\t\t<\/div>\n\t\t\t\t<\/div>\n\t\t\t\t<\/div>\n\t\t\t\t\t<\/div>\n\t\t\t\t<\/div>\n\t\t<div class=\"elementor-element elementor-element-4c354bb e-flex e-con-boxed e-con e-parent\" data-id=\"4c354bb\" data-element_type=\"container\" data-e-type=\"container\">\n\t\t\t\t\t<div class=\"e-con-inner\">\n\t\t\t\t<div class=\"elementor-element elementor-element-57cbf0d elementor-widget elementor-widget-text-editor\" data-id=\"57cbf0d\" data-element_type=\"widget\" data-e-type=\"widget\" data-widget_type=\"text-editor.default\">\n\t\t\t\t<div class=\"elementor-widget-container\">\n\t\t\t\t\t\t\t\t\t<p>Diese Technologie ist alles andere als statisch, sondern beinhaltet sogar vorausschauende Folgefunktionen. Mehr als 50 Prozent der anf\u00e4nglichen E-Mail-Anfragen, die an Lieferanten zu Rohstoffen gerichtet werden, bleiben unbeantwortet. Der Supplier&#8217;s Guide nimmt diese Verz\u00f6gerung und das Ausbleiben einer Antwort vorweg und verfolgt die urspr\u00fcngliche Anfrage weiter, bis eine Antwort eingeht.<\/p><p>Interne und externe Lieferanten profitieren enorm, da Produktspezifikationen nur einmal eingegeben werden m\u00fcssen. Die Software ist flexibel und erm\u00f6glicht die Verwaltung zus\u00e4tzlicher Spezifikationen und \u00c4nderungen sowie die Beantwortung spezifischer Kundenanfragen mit schnellen, genauen, effizienten und umfassenden Informationen.<\/p><ul><li>Schneller Zugriff auf genaue Spezifikationen von Lieferanten<\/li><li>Un\u00fcbertroffen umfassendes, kosteneffizientes Spezifikationsmanagement<\/li><li>Geringere Arbeitsbelastung und Erstellung von Workflow-Spezifikationen<\/li><li>Erheblich erh\u00f6hte Datensicherheit<\/li><li>Erh\u00f6hte Genauigkeit und Fehlerbeseitigung beim manuellen Export in andere Erfassungstools<\/li><li>Erleichterte Zertifizierung und Audits f\u00fcr das Lieferkettenmanagement<\/li><\/ul><p> <\/p><p>Die Datensicherheit ist durch einsehbare individuelle Logins gew\u00e4hrleistet. Jeder Aktion\u00e4r sieht die Rohstoffe oder relevanten Spezifikationen, die er erstellt hat oder f\u00fcr die er berechtigt ist, sowie die Kommunikation, die f\u00fcr die Ausf\u00fchrung der zugewiesenen Aufgaben erforderlich ist.<\/p><p>Dar\u00fcber hinaus k\u00f6nnen die Hersteller die Daten definieren und nach Priorit\u00e4t einstufen. Dies erm\u00f6glicht die Nutzung mehrerer Lieferanten und den Vergleich der Daten zwischen den Lieferanten, entweder mit exakten Spezifikationen oder mit aktualisierten Spezifikationen.<\/p><p>Die F\u00e4higkeit, autorisierten Benutzern \u00fcber ein reaktionsschnelles und interaktives gehostetes Lieferantenportal die erforderlichen Informationen zur Verf\u00fcgung zu stellen, ist f\u00fcr die Zusammenarbeit, Information und Dokumentation f\u00fcr Lieferanten von entscheidender Bedeutung:<\/p><ul><li>Schneller Zugriff auf Informationen \u00fcber alle Kan\u00e4le<\/li><li>Informationsanfragen werden in Echtzeit beantwortet<\/li><li>Heruntergeladene Informationen, die f\u00fcr berechtigte Aktion\u00e4re verf\u00fcgbar sind<\/li><li>Hervorragende Datenqualit\u00e4t, Daten sind fehlerfrei<\/li><li>Nachverfolgung \u00fcber Datenfreigabe<\/li><li>Elektronischer Abgleich f\u00fcr Spezifikationen Funktion<\/li><\/ul><p> <\/p><p>Die Lebensmittelsicherheit muss f\u00fcr Rezeptur- und Rezepturhersteller oberste Priorit\u00e4t haben. Die finanziellen Folgen eines Produktr\u00fcckrufs k\u00f6nnen sich auf Tausende von Dollar belaufen &#8211; aber die Kosten f\u00fcr das verlorene Vertrauen der Verbraucher k\u00f6nnten ein Unternehmen in den Bankrott treiben. Der beste Weg, Lebensmittelsicherheit zu erreichen, ist das Management von Spezifikationen von der ersten Idee an.<\/p><p>SpecPage Supplier&#8217;s Guide ist eine au\u00dfergew\u00f6hnlich benutzerfreundliche, preisgekr\u00f6nte Prozessl\u00f6sung mit einer Vielzahl von modularen Setups. Es wurde mit dem Preis &#8220;Mittelstand IT Innovation Made in Germany 2017&#8221; f\u00fcr eine innovative, weltweit t\u00e4tige Software-Schmiede ausgezeichnet.<\/p>\t\t\t\t\t\t\t\t<\/div>\n\t\t\t\t<\/div>\n\t\t\t\t\t<\/div>\n\t\t\t\t<\/div>\n\t\t\t\t<\/div>\n\t\t","protected":false},"excerpt":{"rendered":"<p>Leitfaden f\u00fcr Lieferanten Der innovative Supplier&#8217;s Guide bietet schnellen Zugriff auf wichtige Spezifikationen, um den Arbeitsaufwand zu verringern und die Datensicherheit zu erh\u00f6hen. Sparen Sie Zeit, vermeiden Sie Fehler und erstellen und erfassen Sie Workflow-Spezifikationen mit Datenprozessen, die nur einmal eingegeben werden m\u00fcssen. Die SpecPage-L\u00f6sungssuite umfasst einen innovativen Supplier&#8217;s Guide zur Online-Erfassung von Spezifikationen, Lieferanten- [&hellip;]<\/p>\n","protected":false},"author":31,"featured_media":0,"parent":29491,"menu_order":0,"comment_status":"closed","ping_status":"closed","template":"","meta":{"content-type":"","footnotes":""},"class_list":["post-29509","page","type-page","status-publish","hentry"],"yoast_head":"<!-- This site is optimized with the Yoast SEO Premium plugin v27.4 (Yoast SEO v27.4) - https:\/\/yoast.com\/product\/yoast-seo-premium-wordpress\/ -->\n<title>Leitfaden f\u00fcr Lieferanten - SpecPage<\/title>\n<meta name=\"description\" content=\"Erh\u00f6hen Sie die Datensicherheit mit einem innovativen Supplier&#039;s Guide. Vereinfachen Sie den Prozess der Bereitstellung von Spezifikationen und verbessern Sie die Effizienz des Arbeitsablaufs.\" \/>\n<meta name=\"robots\" content=\"index, follow, max-snippet:-1, max-image-preview:large, max-video-preview:-1\" \/>\n<link rel=\"canonical\" href=\"https:\/\/revalizesoftware.com\/de\/specpage\/specpage-produkte\/suppliers-guide\/\" \/>\n<meta property=\"og:locale\" content=\"de_DE\" \/>\n<meta property=\"og:type\" content=\"article\" \/>\n<meta property=\"og:title\" content=\"SpecPage Leitfaden f\u00fcr Lieferanten\" \/>\n<meta property=\"og:description\" content=\"Erh\u00f6hen Sie die Datensicherheit mit einem innovativen Supplier&#039;s Guide. Vereinfachen Sie den Prozess der Bereitstellung von Spezifikationen und verbessern Sie die Effizienz des Arbeitsablaufs.\" \/>\n<meta property=\"og:url\" content=\"https:\/\/revalizesoftware.com\/de\/specpage\/specpage-produkte\/suppliers-guide\/\" \/>\n<meta property=\"og:site_name\" content=\"Revalize\" \/>\n<meta property=\"article:publisher\" content=\"https:\/\/www.facebook.com\/revalize\/\" \/>\n<meta property=\"article:modified_time\" content=\"2025-04-09T16:46:20+00:00\" \/>\n<meta name=\"twitter:card\" content=\"summary_large_image\" \/>\n<meta name=\"twitter:site\" content=\"@revalize\" \/>\n<meta name=\"twitter:label1\" content=\"Gesch\u00e4tzte Lesezeit\" \/>\n\t<meta name=\"twitter:data1\" content=\"3\u00a0Minuten\" \/>\n<script type=\"application\/ld+json\" class=\"yoast-schema-graph\">{\"@context\":\"https:\\\/\\\/schema.org\",\"@graph\":[{\"@type\":\"WebPage\",\"@id\":\"https:\\\/\\\/revalizesoftware.com\\\/de\\\/specpage\\\/specpage-produkte\\\/suppliers-guide\\\/\",\"url\":\"https:\\\/\\\/revalizesoftware.com\\\/de\\\/specpage\\\/specpage-produkte\\\/suppliers-guide\\\/\",\"name\":\"Leitfaden f\u00fcr Lieferanten - SpecPage\",\"isPartOf\":{\"@id\":\"https:\\\/\\\/revalizesoftware.com\\\/de\\\/#website\"},\"datePublished\":\"2023-08-31T22:49:31+00:00\",\"dateModified\":\"2025-04-09T16:46:20+00:00\",\"description\":\"Erh\u00f6hen Sie die Datensicherheit mit einem innovativen Supplier's Guide. Vereinfachen Sie den Prozess der Bereitstellung von Spezifikationen und verbessern Sie die Effizienz des Arbeitsablaufs.\",\"breadcrumb\":{\"@id\":\"https:\\\/\\\/revalizesoftware.com\\\/de\\\/specpage\\\/specpage-produkte\\\/suppliers-guide\\\/#breadcrumb\"},\"inLanguage\":\"de\",\"potentialAction\":[{\"@type\":\"ReadAction\",\"target\":[\"https:\\\/\\\/revalizesoftware.com\\\/de\\\/specpage\\\/specpage-produkte\\\/suppliers-guide\\\/\"]}]},{\"@type\":\"BreadcrumbList\",\"@id\":\"https:\\\/\\\/revalizesoftware.com\\\/de\\\/specpage\\\/specpage-produkte\\\/suppliers-guide\\\/#breadcrumb\",\"itemListElement\":[{\"@type\":\"ListItem\",\"position\":1,\"name\":\"Home\",\"item\":\"https:\\\/\\\/revalizesoftware.com\\\/de\\\/revalize\\\/\"},{\"@type\":\"ListItem\",\"position\":2,\"name\":\"SpecPage from Revalize\",\"item\":\"https:\\\/\\\/revalizesoftware.com\\\/de\\\/specpage\\\/\"},{\"@type\":\"ListItem\",\"position\":3,\"name\":\"SpecPage Produkte\",\"item\":\"https:\\\/\\\/revalizesoftware.com\\\/de\\\/specpage\\\/specpage-produkte\\\/\"},{\"@type\":\"ListItem\",\"position\":4,\"name\":\"SpecPage Leitfaden f\u00fcr Lieferanten\"}]},{\"@type\":\"WebSite\",\"@id\":\"https:\\\/\\\/revalizesoftware.com\\\/de\\\/#website\",\"url\":\"https:\\\/\\\/revalizesoftware.com\\\/de\\\/\",\"name\":\"Revalize\",\"description\":\"Great Starts with Revalize\",\"publisher\":{\"@id\":\"https:\\\/\\\/revalizesoftware.com\\\/de\\\/#organization\"},\"potentialAction\":[{\"@type\":\"SearchAction\",\"target\":{\"@type\":\"EntryPoint\",\"urlTemplate\":\"https:\\\/\\\/revalizesoftware.com\\\/de\\\/?s={search_term_string}\"},\"query-input\":{\"@type\":\"PropertyValueSpecification\",\"valueRequired\":true,\"valueName\":\"search_term_string\"}}],\"inLanguage\":\"de\"},{\"@type\":\"Organization\",\"@id\":\"https:\\\/\\\/revalizesoftware.com\\\/de\\\/#organization\",\"name\":\"Revalize\",\"url\":\"https:\\\/\\\/revalizesoftware.com\\\/de\\\/\",\"logo\":{\"@type\":\"ImageObject\",\"inLanguage\":\"de\",\"@id\":\"https:\\\/\\\/revalizesoftware.com\\\/de\\\/#\\\/schema\\\/logo\\\/image\\\/\",\"url\":\"https:\\\/\\\/revalizesoftware.com\\\/wp-content\\\/uploads\\\/2021\\\/05\\\/revalize-logo.png\",\"contentUrl\":\"https:\\\/\\\/revalizesoftware.com\\\/wp-content\\\/uploads\\\/2021\\\/05\\\/revalize-logo.png\",\"width\":976,\"height\":423,\"caption\":\"Revalize\"},\"image\":{\"@id\":\"https:\\\/\\\/revalizesoftware.com\\\/de\\\/#\\\/schema\\\/logo\\\/image\\\/\"},\"sameAs\":[\"https:\\\/\\\/www.facebook.com\\\/revalize\\\/\",\"https:\\\/\\\/x.com\\\/revalize\",\"https:\\\/\\\/www.linkedin.com\\\/company\\\/revalize\\\/\"]}]}<\/script>\n<!-- \/ Yoast SEO Premium plugin. -->","yoast_head_json":{"title":"Leitfaden f\u00fcr Lieferanten - SpecPage","description":"Erh\u00f6hen Sie die Datensicherheit mit einem innovativen Supplier's Guide. Vereinfachen Sie den Prozess der Bereitstellung von Spezifikationen und verbessern Sie die Effizienz des Arbeitsablaufs.","robots":{"index":"index","follow":"follow","max-snippet":"max-snippet:-1","max-image-preview":"max-image-preview:large","max-video-preview":"max-video-preview:-1"},"canonical":"https:\/\/revalizesoftware.com\/de\/specpage\/specpage-produkte\/suppliers-guide\/","og_locale":"de_DE","og_type":"article","og_title":"SpecPage Leitfaden f\u00fcr Lieferanten","og_description":"Erh\u00f6hen Sie die Datensicherheit mit einem innovativen Supplier's Guide. Vereinfachen Sie den Prozess der Bereitstellung von Spezifikationen und verbessern Sie die Effizienz des Arbeitsablaufs.","og_url":"https:\/\/revalizesoftware.com\/de\/specpage\/specpage-produkte\/suppliers-guide\/","og_site_name":"Revalize","article_publisher":"https:\/\/www.facebook.com\/revalize\/","article_modified_time":"2025-04-09T16:46:20+00:00","twitter_card":"summary_large_image","twitter_site":"@revalize","twitter_misc":{"Gesch\u00e4tzte Lesezeit":"3\u00a0Minuten"},"schema":{"@context":"https:\/\/schema.org","@graph":[{"@type":"WebPage","@id":"https:\/\/revalizesoftware.com\/de\/specpage\/specpage-produkte\/suppliers-guide\/","url":"https:\/\/revalizesoftware.com\/de\/specpage\/specpage-produkte\/suppliers-guide\/","name":"Leitfaden f\u00fcr Lieferanten - SpecPage","isPartOf":{"@id":"https:\/\/revalizesoftware.com\/de\/#website"},"datePublished":"2023-08-31T22:49:31+00:00","dateModified":"2025-04-09T16:46:20+00:00","description":"Erh\u00f6hen Sie die Datensicherheit mit einem innovativen Supplier's Guide. Vereinfachen Sie den Prozess der Bereitstellung von Spezifikationen und verbessern Sie die Effizienz des Arbeitsablaufs.","breadcrumb":{"@id":"https:\/\/revalizesoftware.com\/de\/specpage\/specpage-produkte\/suppliers-guide\/#breadcrumb"},"inLanguage":"de","potentialAction":[{"@type":"ReadAction","target":["https:\/\/revalizesoftware.com\/de\/specpage\/specpage-produkte\/suppliers-guide\/"]}]},{"@type":"BreadcrumbList","@id":"https:\/\/revalizesoftware.com\/de\/specpage\/specpage-produkte\/suppliers-guide\/#breadcrumb","itemListElement":[{"@type":"ListItem","position":1,"name":"Home","item":"https:\/\/revalizesoftware.com\/de\/revalize\/"},{"@type":"ListItem","position":2,"name":"SpecPage from Revalize","item":"https:\/\/revalizesoftware.com\/de\/specpage\/"},{"@type":"ListItem","position":3,"name":"SpecPage Produkte","item":"https:\/\/revalizesoftware.com\/de\/specpage\/specpage-produkte\/"},{"@type":"ListItem","position":4,"name":"SpecPage Leitfaden f\u00fcr Lieferanten"}]},{"@type":"WebSite","@id":"https:\/\/revalizesoftware.com\/de\/#website","url":"https:\/\/revalizesoftware.com\/de\/","name":"Revalize","description":"Great Starts with Revalize","publisher":{"@id":"https:\/\/revalizesoftware.com\/de\/#organization"},"potentialAction":[{"@type":"SearchAction","target":{"@type":"EntryPoint","urlTemplate":"https:\/\/revalizesoftware.com\/de\/?s={search_term_string}"},"query-input":{"@type":"PropertyValueSpecification","valueRequired":true,"valueName":"search_term_string"}}],"inLanguage":"de"},{"@type":"Organization","@id":"https:\/\/revalizesoftware.com\/de\/#organization","name":"Revalize","url":"https:\/\/revalizesoftware.com\/de\/","logo":{"@type":"ImageObject","inLanguage":"de","@id":"https:\/\/revalizesoftware.com\/de\/#\/schema\/logo\/image\/","url":"https:\/\/revalizesoftware.com\/wp-content\/uploads\/2021\/05\/revalize-logo.png","contentUrl":"https:\/\/revalizesoftware.com\/wp-content\/uploads\/2021\/05\/revalize-logo.png","width":976,"height":423,"caption":"Revalize"},"image":{"@id":"https:\/\/revalizesoftware.com\/de\/#\/schema\/logo\/image\/"},"sameAs":["https:\/\/www.facebook.com\/revalize\/","https:\/\/x.com\/revalize","https:\/\/www.linkedin.com\/company\/revalize\/"]}]}},"_links":{"self":[{"href":"https:\/\/revalizesoftware.com\/de\/wp-json\/wp\/v2\/pages\/29509","targetHints":{"allow":["GET"]}}],"collection":[{"href":"https:\/\/revalizesoftware.com\/de\/wp-json\/wp\/v2\/pages"}],"about":[{"href":"https:\/\/revalizesoftware.com\/de\/wp-json\/wp\/v2\/types\/page"}],"author":[{"embeddable":true,"href":"https:\/\/revalizesoftware.com\/de\/wp-json\/wp\/v2\/users\/31"}],"replies":[{"embeddable":true,"href":"https:\/\/revalizesoftware.com\/de\/wp-json\/wp\/v2\/comments?post=29509"}],"version-history":[{"count":0,"href":"https:\/\/revalizesoftware.com\/de\/wp-json\/wp\/v2\/pages\/29509\/revisions"}],"up":[{"embeddable":true,"href":"https:\/\/revalizesoftware.com\/de\/wp-json\/wp\/v2\/pages\/29491"}],"wp:attachment":[{"href":"https:\/\/revalizesoftware.com\/de\/wp-json\/wp\/v2\/media?parent=29509"}],"curies":[{"name":"wp","href":"https:\/\/api.w.org\/{rel}","templated":true}]}}