{"id":29513,"date":"2023-09-01T10:44:25","date_gmt":"2023-09-01T14:44:25","guid":{"rendered":"https:\/\/revalizesoftware.com\/specpage\/specpage-dienstleistungen\/specpage-etikettendienstleistungen-fuer-lebensmittelprodukte\/"},"modified":"2025-02-05T09:44:03","modified_gmt":"2025-02-05T14:44:03","slug":"food-label-services","status":"publish","type":"page","link":"https:\/\/revalizesoftware.com\/de\/specpage\/specpage-services\/food-label-services\/","title":{"rendered":"SpecPage Food Label Services"},"content":{"rendered":"\t\t<div data-elementor-type=\"wp-page\" data-elementor-id=\"29513\" class=\"elementor elementor-29513 elementor-12729\" data-elementor-post-type=\"page\">\n\t\t\t\t<div class=\"elementor-element elementor-element-34b5de3 e-flex e-con-boxed e-con e-parent\" data-id=\"34b5de3\" data-element_type=\"container\" data-e-type=\"container\" data-settings=\"{&quot;background_background&quot;:&quot;classic&quot;}\">\n\t\t\t\t\t<div class=\"e-con-inner\">\n\t\t<div class=\"elementor-element elementor-element-79e566d e-con-full e-flex e-con e-child\" data-id=\"79e566d\" data-element_type=\"container\" data-e-type=\"container\">\n\t\t\t\t<div class=\"elementor-element elementor-element-e9c90b4 elementor-widget elementor-widget-heading\" data-id=\"e9c90b4\" data-element_type=\"widget\" data-e-type=\"widget\" data-widget_type=\"heading.default\">\n\t\t\t\t<div class=\"elementor-widget-container\">\n\t\t\t\t\t<h1 class=\"elementor-heading-title elementor-size-default\">Lebensmittel-Etiketten Dienstleistungen<\/h1>\t\t\t\t<\/div>\n\t\t\t\t<\/div>\n\t\t\t\t<div class=\"elementor-element elementor-element-d828087 elementor-widget elementor-widget-text-editor\" data-id=\"d828087\" data-element_type=\"widget\" data-e-type=\"widget\" data-widget_type=\"text-editor.default\">\n\t\t\t\t<div class=\"elementor-widget-container\">\n\t\t\t\t\t\t\t\t\t<p>Saubere Etiketten als einzige Quelle der Wahrheit sind unabdingbar &#8211; wir verstehen die Anforderungen und k\u00f6nnen Ihnen helfen, Produktetiketten zu entwickeln, die die globalen gesetzlichen Anforderungen erf\u00fcllen, den Anspr\u00fcchen der Verbraucher gerecht werden und Ihren Marktanteil erh\u00f6hen.<\/p>\n\t\t\t\t\t\t\t\t<\/div>\n\t\t\t\t<\/div>\n\t\t\t\t<\/div>\n\t\t\t\t\t<\/div>\n\t\t\t\t<\/div>\n\t\t<div class=\"elementor-element elementor-element-a5b9aaa e-flex e-con-boxed e-con e-parent\" data-id=\"a5b9aaa\" data-element_type=\"container\" data-e-type=\"container\">\n\t\t\t\t\t<div class=\"e-con-inner\">\n\t\t<div class=\"elementor-element elementor-element-e33c69b e-con-full e-flex e-con e-child\" data-id=\"e33c69b\" data-element_type=\"container\" data-e-type=\"container\">\n\t\t\t\t<div class=\"elementor-element elementor-element-f417812 elementor-widget elementor-widget-text-editor\" data-id=\"f417812\" data-element_type=\"widget\" data-e-type=\"widget\" data-widget_type=\"text-editor.default\">\n\t\t\t\t<div class=\"elementor-widget-container\">\n\t\t\t\t\t\t\t\t\t<p>Die SpecPage-Suite von L\u00f6sungen bietet die fachgerechte Einhaltung der gesetzlichen Etikettierungsanforderungen in ganz Europa und China. Die Anforderungen an Verpackungen und saubere Etiketten sind ein grundlegendes Instrument f\u00fcr Lebensmittel- und Getr\u00e4nkehersteller, um Handelspartner und Verbraucher \u00fcber ihre Produkte zu informieren.<\/p>\n<p>Studien und seri\u00f6se Untersuchungen zeigen deutlich, dass gesundheitsbewusste Verbraucher genaue N\u00e4hrwert- und Allergeninformationen verlangen und sich bei ihren Kaufentscheidungen auf Etiketten verlassen, um zwischen verschiedenen Marken zu unterscheiden.<\/p>\n<p>Mit dem wachsenden Bewusstsein der Verbraucher haben die Aufsichtsbeh\u00f6rden strengere Richtlinien und Standards durchgesetzt, um die Verbraucher vor falschen oder irref\u00fchrenden Angaben auf Produktetiketten zu sch\u00fctzen. SpecPage kennt die rechtlichen Anforderungen und kann Ihnen bei der Entwicklung von Produktetiketten f\u00fcr den Vertrieb in mehreren Sprachen helfen, damit diese weltweit genutzt werden k\u00f6nnen.<\/p>\n<p><strong>\u00dcberpr\u00fcfung von Etiketten f\u00fcr Lebensmittel und Getr\u00e4nke<\/strong><\/p>\n<p>Die SpecPage Suite von Prozessl\u00f6sungen umfasst Expertenbewertungen von Lebensmittel- und Getr\u00e4nkeetiketten.<\/p>\n<ul>\n<li>Produktbewertung und \u00dcberarbeitung bestehender Kennzeichnungspraktiken, einschlie\u00dflich Produktname, Zutatenliste, Design und Format im Hinblick auf relevante Vorschriften<\/li>\n<li>Unterst\u00fctzung bei der Entwicklung informativer Etiketten in \u00dcbereinstimmung mit der lokalen Gesetzgebung der Ziell\u00e4nder, in der jeweiligen Sprache<\/li>\n<\/ul>\n\t\t\t\t\t\t\t\t<\/div>\n\t\t\t\t<\/div>\n\t\t\t\t<\/div>\n\t\t<div class=\"elementor-element elementor-element-11e824a e-con-full e-flex e-con e-child\" data-id=\"11e824a\" data-element_type=\"container\" data-e-type=\"container\">\n\t\t\t\t<div class=\"elementor-element elementor-element-bf5a0fc elementor-widget elementor-widget-image\" data-id=\"bf5a0fc\" data-element_type=\"widget\" data-e-type=\"widget\" data-widget_type=\"image.default\">\n\t\t\t\t<div class=\"elementor-widget-container\">\n\t\t\t\t\t\t\t\t\t\t\t\t\t\t\t<img fetchpriority=\"high\" decoding=\"async\" width=\"710\" height=\"678\" src=\"https:\/\/revalizesoftware.com\/wp-content\/uploads\/2024\/03\/blog-img-77.webp\" class=\"attachment-large size-large wp-image-20929\" alt=\"Man looking at laptop in front of food service equipment\" \/>\t\t\t\t\t\t\t\t\t\t\t\t\t\t\t<\/div>\n\t\t\t\t<\/div>\n\t\t\t\t<\/div>\n\t\t\t\t\t<\/div>\n\t\t\t\t<\/div>\n\t\t<div class=\"elementor-element elementor-element-7e30f48 e-flex e-con-boxed e-con e-parent\" data-id=\"7e30f48\" data-element_type=\"container\" data-e-type=\"container\" data-settings=\"{&quot;background_background&quot;:&quot;classic&quot;}\">\n\t\t\t\t\t<div class=\"e-con-inner\">\n\t\t\t\t<div class=\"elementor-element elementor-element-1cd8de38 elementor-widget elementor-widget-heading\" data-id=\"1cd8de38\" data-element_type=\"widget\" data-e-type=\"widget\" data-widget_type=\"heading.default\">\n\t\t\t\t<div class=\"elementor-widget-container\">\n\t\t\t\t\t<h2 class=\"elementor-heading-title elementor-size-default\">Verbinden Sie sich mit uns<\/h2>\t\t\t\t<\/div>\n\t\t\t\t<\/div>\n\t\t\t\t<div class=\"elementor-element elementor-element-6e8e8ae0 elementor-widget elementor-widget-text-editor\" data-id=\"6e8e8ae0\" data-element_type=\"widget\" data-e-type=\"widget\" data-widget_type=\"text-editor.default\">\n\t\t\t\t<div class=\"elementor-widget-container\">\n\t\t\t\t\t\t\t\t\t<p>Sind Sie bereit, den Wandel Ihres Unternehmens voranzutreiben?<\/p>\n\t\t\t\t\t\t\t\t<\/div>\n\t\t\t\t<\/div>\n\t\t\t\t<div class=\"elementor-element elementor-element-38473b0c elementor-align-center diamond-btn-light-blue elementor-widget elementor-widget-button\" data-id=\"38473b0c\" data-element_type=\"widget\" data-e-type=\"widget\" data-widget_type=\"button.default\">\n\t\t\t\t<div class=\"elementor-widget-container\">\n\t\t\t\t\t\t\t\t\t<div class=\"elementor-button-wrapper\">\n\t\t\t\t\t<a class=\"elementor-button elementor-button-link elementor-size-sm\" href=\"\/de\/specpage\/specpage-demo\/\">\n\t\t\t\t\t\t<span class=\"elementor-button-content-wrapper\">\n\t\t\t\t\t\t\t\t\t<span class=\"elementor-button-text\">KONTAKTIEREN SIE UNS<\/span>\n\t\t\t\t\t<\/span>\n\t\t\t\t\t<\/a>\n\t\t\t\t<\/div>\n\t\t\t\t\t\t\t\t<\/div>\n\t\t\t\t<\/div>\n\t\t\t\t\t<\/div>\n\t\t\t\t<\/div>\n\t\t\t\t<\/div>\n\t\t","protected":false},"excerpt":{"rendered":"<p>Lebensmittel-Etiketten Dienstleistungen Saubere Etiketten als einzige Quelle der Wahrheit sind unabdingbar &#8211; wir verstehen die Anforderungen und k\u00f6nnen Ihnen helfen, Produktetiketten zu entwickeln, die die globalen gesetzlichen Anforderungen erf\u00fcllen, den Anspr\u00fcchen der Verbraucher gerecht werden und Ihren Marktanteil erh\u00f6hen. Die SpecPage-Suite von L\u00f6sungen bietet die fachgerechte Einhaltung der gesetzlichen Etikettierungsanforderungen in ganz Europa und China. [&hellip;]<\/p>\n","protected":false},"author":31,"featured_media":0,"parent":29511,"menu_order":0,"comment_status":"closed","ping_status":"closed","template":"","meta":{"content-type":"","footnotes":""},"class_list":["post-29513","page","type-page","status-publish","hentry"],"yoast_head":"<!-- This site is optimized with the Yoast SEO Premium plugin v27.4 (Yoast SEO v27.4) - https:\/\/yoast.com\/product\/yoast-seo-premium-wordpress\/ -->\n<title>Food Label Services - SpecPage<\/title>\n<meta name=\"description\" content=\"Sorgen Sie f\u00fcr die Einhaltung der weltweiten Lebensmittelvorschriften und erf\u00fcllen Sie die Anforderungen der Verbraucher mit unseren Dienstleistungen f\u00fcr die Kennzeichnung von Lebensmitteln.\" \/>\n<meta name=\"robots\" content=\"index, follow, max-snippet:-1, max-image-preview:large, max-video-preview:-1\" \/>\n<link rel=\"canonical\" href=\"https:\/\/revalizesoftware.com\/de\/specpage\/specpage-services\/food-label-services\/\" \/>\n<meta property=\"og:locale\" content=\"de_DE\" \/>\n<meta property=\"og:type\" content=\"article\" \/>\n<meta property=\"og:title\" content=\"SpecPage Food Label Services\" \/>\n<meta property=\"og:description\" content=\"Sorgen Sie f\u00fcr die Einhaltung der weltweiten Lebensmittelvorschriften und erf\u00fcllen Sie die Anforderungen der Verbraucher mit unseren Dienstleistungen f\u00fcr die Kennzeichnung von Lebensmitteln.\" \/>\n<meta property=\"og:url\" content=\"https:\/\/revalizesoftware.com\/de\/specpage\/specpage-services\/food-label-services\/\" \/>\n<meta property=\"og:site_name\" content=\"Revalize\" \/>\n<meta property=\"article:publisher\" content=\"https:\/\/www.facebook.com\/revalize\/\" \/>\n<meta property=\"article:modified_time\" content=\"2025-02-05T14:44:03+00:00\" \/>\n<meta property=\"og:image\" content=\"https:\/\/revalizesoftware.com\/wp-content\/uploads\/2024\/03\/blog-img-77.webp\" \/>\n<meta name=\"twitter:card\" content=\"summary_large_image\" \/>\n<meta name=\"twitter:site\" content=\"@revalize\" \/>\n<meta name=\"twitter:label1\" content=\"Gesch\u00e4tzte Lesezeit\" \/>\n\t<meta name=\"twitter:data1\" content=\"2\u00a0Minuten\" \/>\n<script type=\"application\/ld+json\" class=\"yoast-schema-graph\">{\"@context\":\"https:\\\/\\\/schema.org\",\"@graph\":[{\"@type\":\"WebPage\",\"@id\":\"https:\\\/\\\/revalizesoftware.com\\\/de\\\/specpage\\\/specpage-services\\\/food-label-services\\\/\",\"url\":\"https:\\\/\\\/revalizesoftware.com\\\/de\\\/specpage\\\/specpage-services\\\/food-label-services\\\/\",\"name\":\"Food Label Services - SpecPage\",\"isPartOf\":{\"@id\":\"https:\\\/\\\/revalizesoftware.com\\\/de\\\/#website\"},\"primaryImageOfPage\":{\"@id\":\"https:\\\/\\\/revalizesoftware.com\\\/de\\\/specpage\\\/specpage-services\\\/food-label-services\\\/#primaryimage\"},\"image\":{\"@id\":\"https:\\\/\\\/revalizesoftware.com\\\/de\\\/specpage\\\/specpage-services\\\/food-label-services\\\/#primaryimage\"},\"thumbnailUrl\":\"https:\\\/\\\/revalizesoftware.com\\\/wp-content\\\/uploads\\\/2024\\\/03\\\/blog-img-77.webp\",\"datePublished\":\"2023-09-01T14:44:25+00:00\",\"dateModified\":\"2025-02-05T14:44:03+00:00\",\"description\":\"Sorgen Sie f\u00fcr die Einhaltung der weltweiten Lebensmittelvorschriften und erf\u00fcllen Sie die Anforderungen der Verbraucher mit unseren Dienstleistungen f\u00fcr die Kennzeichnung von Lebensmitteln.\",\"breadcrumb\":{\"@id\":\"https:\\\/\\\/revalizesoftware.com\\\/de\\\/specpage\\\/specpage-services\\\/food-label-services\\\/#breadcrumb\"},\"inLanguage\":\"de\",\"potentialAction\":[{\"@type\":\"ReadAction\",\"target\":[\"https:\\\/\\\/revalizesoftware.com\\\/de\\\/specpage\\\/specpage-services\\\/food-label-services\\\/\"]}]},{\"@type\":\"ImageObject\",\"inLanguage\":\"de\",\"@id\":\"https:\\\/\\\/revalizesoftware.com\\\/de\\\/specpage\\\/specpage-services\\\/food-label-services\\\/#primaryimage\",\"url\":\"https:\\\/\\\/revalizesoftware.com\\\/wp-content\\\/uploads\\\/2024\\\/03\\\/blog-img-77.webp\",\"contentUrl\":\"https:\\\/\\\/revalizesoftware.com\\\/wp-content\\\/uploads\\\/2024\\\/03\\\/blog-img-77.webp\"},{\"@type\":\"BreadcrumbList\",\"@id\":\"https:\\\/\\\/revalizesoftware.com\\\/de\\\/specpage\\\/specpage-services\\\/food-label-services\\\/#breadcrumb\",\"itemListElement\":[{\"@type\":\"ListItem\",\"position\":1,\"name\":\"Home\",\"item\":\"https:\\\/\\\/revalizesoftware.com\\\/de\\\/revalize\\\/\"},{\"@type\":\"ListItem\",\"position\":2,\"name\":\"SpecPage from Revalize\",\"item\":\"https:\\\/\\\/revalizesoftware.com\\\/de\\\/specpage\\\/\"},{\"@type\":\"ListItem\",\"position\":3,\"name\":\"SpecPage Services\",\"item\":\"https:\\\/\\\/revalizesoftware.com\\\/de\\\/specpage\\\/specpage-services\\\/\"},{\"@type\":\"ListItem\",\"position\":4,\"name\":\"SpecPage Food Label Services\"}]},{\"@type\":\"WebSite\",\"@id\":\"https:\\\/\\\/revalizesoftware.com\\\/de\\\/#website\",\"url\":\"https:\\\/\\\/revalizesoftware.com\\\/de\\\/\",\"name\":\"Revalize\",\"description\":\"Great Starts with Revalize\",\"publisher\":{\"@id\":\"https:\\\/\\\/revalizesoftware.com\\\/de\\\/#organization\"},\"potentialAction\":[{\"@type\":\"SearchAction\",\"target\":{\"@type\":\"EntryPoint\",\"urlTemplate\":\"https:\\\/\\\/revalizesoftware.com\\\/de\\\/?s={search_term_string}\"},\"query-input\":{\"@type\":\"PropertyValueSpecification\",\"valueRequired\":true,\"valueName\":\"search_term_string\"}}],\"inLanguage\":\"de\"},{\"@type\":\"Organization\",\"@id\":\"https:\\\/\\\/revalizesoftware.com\\\/de\\\/#organization\",\"name\":\"Revalize\",\"url\":\"https:\\\/\\\/revalizesoftware.com\\\/de\\\/\",\"logo\":{\"@type\":\"ImageObject\",\"inLanguage\":\"de\",\"@id\":\"https:\\\/\\\/revalizesoftware.com\\\/de\\\/#\\\/schema\\\/logo\\\/image\\\/\",\"url\":\"https:\\\/\\\/revalizesoftware.com\\\/wp-content\\\/uploads\\\/2021\\\/05\\\/revalize-logo.png\",\"contentUrl\":\"https:\\\/\\\/revalizesoftware.com\\\/wp-content\\\/uploads\\\/2021\\\/05\\\/revalize-logo.png\",\"width\":976,\"height\":423,\"caption\":\"Revalize\"},\"image\":{\"@id\":\"https:\\\/\\\/revalizesoftware.com\\\/de\\\/#\\\/schema\\\/logo\\\/image\\\/\"},\"sameAs\":[\"https:\\\/\\\/www.facebook.com\\\/revalize\\\/\",\"https:\\\/\\\/x.com\\\/revalize\",\"https:\\\/\\\/www.linkedin.com\\\/company\\\/revalize\\\/\"]}]}<\/script>\n<!-- \/ Yoast SEO Premium plugin. -->","yoast_head_json":{"title":"Food Label Services - SpecPage","description":"Sorgen Sie f\u00fcr die Einhaltung der weltweiten Lebensmittelvorschriften und erf\u00fcllen Sie die Anforderungen der Verbraucher mit unseren Dienstleistungen f\u00fcr die Kennzeichnung von Lebensmitteln.","robots":{"index":"index","follow":"follow","max-snippet":"max-snippet:-1","max-image-preview":"max-image-preview:large","max-video-preview":"max-video-preview:-1"},"canonical":"https:\/\/revalizesoftware.com\/de\/specpage\/specpage-services\/food-label-services\/","og_locale":"de_DE","og_type":"article","og_title":"SpecPage Food Label Services","og_description":"Sorgen Sie f\u00fcr die Einhaltung der weltweiten Lebensmittelvorschriften und erf\u00fcllen Sie die Anforderungen der Verbraucher mit unseren Dienstleistungen f\u00fcr die Kennzeichnung von Lebensmitteln.","og_url":"https:\/\/revalizesoftware.com\/de\/specpage\/specpage-services\/food-label-services\/","og_site_name":"Revalize","article_publisher":"https:\/\/www.facebook.com\/revalize\/","article_modified_time":"2025-02-05T14:44:03+00:00","og_image":[{"url":"https:\/\/revalizesoftware.com\/wp-content\/uploads\/2024\/03\/blog-img-77.webp","type":"","width":"","height":""}],"twitter_card":"summary_large_image","twitter_site":"@revalize","twitter_misc":{"Gesch\u00e4tzte Lesezeit":"2\u00a0Minuten"},"schema":{"@context":"https:\/\/schema.org","@graph":[{"@type":"WebPage","@id":"https:\/\/revalizesoftware.com\/de\/specpage\/specpage-services\/food-label-services\/","url":"https:\/\/revalizesoftware.com\/de\/specpage\/specpage-services\/food-label-services\/","name":"Food Label Services - SpecPage","isPartOf":{"@id":"https:\/\/revalizesoftware.com\/de\/#website"},"primaryImageOfPage":{"@id":"https:\/\/revalizesoftware.com\/de\/specpage\/specpage-services\/food-label-services\/#primaryimage"},"image":{"@id":"https:\/\/revalizesoftware.com\/de\/specpage\/specpage-services\/food-label-services\/#primaryimage"},"thumbnailUrl":"https:\/\/revalizesoftware.com\/wp-content\/uploads\/2024\/03\/blog-img-77.webp","datePublished":"2023-09-01T14:44:25+00:00","dateModified":"2025-02-05T14:44:03+00:00","description":"Sorgen Sie f\u00fcr die Einhaltung der weltweiten Lebensmittelvorschriften und erf\u00fcllen Sie die Anforderungen der Verbraucher mit unseren Dienstleistungen f\u00fcr die Kennzeichnung von Lebensmitteln.","breadcrumb":{"@id":"https:\/\/revalizesoftware.com\/de\/specpage\/specpage-services\/food-label-services\/#breadcrumb"},"inLanguage":"de","potentialAction":[{"@type":"ReadAction","target":["https:\/\/revalizesoftware.com\/de\/specpage\/specpage-services\/food-label-services\/"]}]},{"@type":"ImageObject","inLanguage":"de","@id":"https:\/\/revalizesoftware.com\/de\/specpage\/specpage-services\/food-label-services\/#primaryimage","url":"https:\/\/revalizesoftware.com\/wp-content\/uploads\/2024\/03\/blog-img-77.webp","contentUrl":"https:\/\/revalizesoftware.com\/wp-content\/uploads\/2024\/03\/blog-img-77.webp"},{"@type":"BreadcrumbList","@id":"https:\/\/revalizesoftware.com\/de\/specpage\/specpage-services\/food-label-services\/#breadcrumb","itemListElement":[{"@type":"ListItem","position":1,"name":"Home","item":"https:\/\/revalizesoftware.com\/de\/revalize\/"},{"@type":"ListItem","position":2,"name":"SpecPage from Revalize","item":"https:\/\/revalizesoftware.com\/de\/specpage\/"},{"@type":"ListItem","position":3,"name":"SpecPage Services","item":"https:\/\/revalizesoftware.com\/de\/specpage\/specpage-services\/"},{"@type":"ListItem","position":4,"name":"SpecPage Food Label Services"}]},{"@type":"WebSite","@id":"https:\/\/revalizesoftware.com\/de\/#website","url":"https:\/\/revalizesoftware.com\/de\/","name":"Revalize","description":"Great Starts with Revalize","publisher":{"@id":"https:\/\/revalizesoftware.com\/de\/#organization"},"potentialAction":[{"@type":"SearchAction","target":{"@type":"EntryPoint","urlTemplate":"https:\/\/revalizesoftware.com\/de\/?s={search_term_string}"},"query-input":{"@type":"PropertyValueSpecification","valueRequired":true,"valueName":"search_term_string"}}],"inLanguage":"de"},{"@type":"Organization","@id":"https:\/\/revalizesoftware.com\/de\/#organization","name":"Revalize","url":"https:\/\/revalizesoftware.com\/de\/","logo":{"@type":"ImageObject","inLanguage":"de","@id":"https:\/\/revalizesoftware.com\/de\/#\/schema\/logo\/image\/","url":"https:\/\/revalizesoftware.com\/wp-content\/uploads\/2021\/05\/revalize-logo.png","contentUrl":"https:\/\/revalizesoftware.com\/wp-content\/uploads\/2021\/05\/revalize-logo.png","width":976,"height":423,"caption":"Revalize"},"image":{"@id":"https:\/\/revalizesoftware.com\/de\/#\/schema\/logo\/image\/"},"sameAs":["https:\/\/www.facebook.com\/revalize\/","https:\/\/x.com\/revalize","https:\/\/www.linkedin.com\/company\/revalize\/"]}]}},"_links":{"self":[{"href":"https:\/\/revalizesoftware.com\/de\/wp-json\/wp\/v2\/pages\/29513","targetHints":{"allow":["GET"]}}],"collection":[{"href":"https:\/\/revalizesoftware.com\/de\/wp-json\/wp\/v2\/pages"}],"about":[{"href":"https:\/\/revalizesoftware.com\/de\/wp-json\/wp\/v2\/types\/page"}],"author":[{"embeddable":true,"href":"https:\/\/revalizesoftware.com\/de\/wp-json\/wp\/v2\/users\/31"}],"replies":[{"embeddable":true,"href":"https:\/\/revalizesoftware.com\/de\/wp-json\/wp\/v2\/comments?post=29513"}],"version-history":[{"count":0,"href":"https:\/\/revalizesoftware.com\/de\/wp-json\/wp\/v2\/pages\/29513\/revisions"}],"up":[{"embeddable":true,"href":"https:\/\/revalizesoftware.com\/de\/wp-json\/wp\/v2\/pages\/29511"}],"wp:attachment":[{"href":"https:\/\/revalizesoftware.com\/de\/wp-json\/wp\/v2\/media?parent=29513"}],"curies":[{"name":"wp","href":"https:\/\/api.w.org\/{rel}","templated":true}]}}