{"id":29515,"date":"2023-09-01T10:46:57","date_gmt":"2023-09-01T14:46:57","guid":{"rendered":"https:\/\/revalizesoftware.com\/specpage\/specpage-dienstleistungen\/specpage-gdsm-stammdatenerfassung-outsourcing\/"},"modified":"2025-08-20T10:48:35","modified_gmt":"2025-08-20T14:48:35","slug":"gdsn-mater-data-capture","status":"publish","type":"page","link":"https:\/\/revalizesoftware.com\/de\/specpage\/specpage-services\/gdsn-mater-data-capture\/","title":{"rendered":"SpecPage GDSN Stammdatenerfassung Outsourcing"},"content":{"rendered":"\t\t<div data-elementor-type=\"wp-page\" data-elementor-id=\"29515\" class=\"elementor elementor-29515 elementor-12732\" data-elementor-post-type=\"page\">\n\t\t\t\t<div class=\"elementor-element elementor-element-34b5de3 e-flex e-con-boxed e-con e-parent\" data-id=\"34b5de3\" data-element_type=\"container\" data-e-type=\"container\" data-settings=\"{&quot;background_background&quot;:&quot;classic&quot;}\">\n\t\t\t\t\t<div class=\"e-con-inner\">\n\t\t<div class=\"elementor-element elementor-element-79e566d e-con-full e-flex e-con e-child\" data-id=\"79e566d\" data-element_type=\"container\" data-e-type=\"container\">\n\t\t\t\t<div class=\"elementor-element elementor-element-e9c90b4 elementor-widget elementor-widget-heading\" data-id=\"e9c90b4\" data-element_type=\"widget\" data-e-type=\"widget\" data-widget_type=\"heading.default\">\n\t\t\t\t<div class=\"elementor-widget-container\">\n\t\t\t\t\t<h1 class=\"elementor-heading-title elementor-size-default\">GDSN Stammdatenerfassung<\/h1>\t\t\t\t<\/div>\n\t\t\t\t<\/div>\n\t\t\t\t<div class=\"elementor-element elementor-element-d828087 elementor-widget elementor-widget-text-editor\" data-id=\"d828087\" data-element_type=\"widget\" data-e-type=\"widget\" data-widget_type=\"text-editor.default\">\n\t\t\t\t<div class=\"elementor-widget-container\">\n\t\t\t\t\t\t\t\t\t<p>Die Prozessl\u00f6sungen von SpecPage helfen bei der Standardisierung von Produktdaten f\u00fcr die Erweiterung des globalen Marktanteils \u00fcber das Global Data Synchronization Network (GDSN). Wir stellen Ihnen die richtigen Tools zur Verf\u00fcgung, um die Anbindung von Datenpools zu vereinfachen.<\/p>\t\t\t\t\t\t\t\t<\/div>\n\t\t\t\t<\/div>\n\t\t\t\t<\/div>\n\t\t\t\t\t<\/div>\n\t\t\t\t<\/div>\n\t\t<div class=\"elementor-element elementor-element-c04e5a9 e-flex e-con-boxed e-con e-parent\" data-id=\"c04e5a9\" data-element_type=\"container\" data-e-type=\"container\">\n\t\t\t\t\t<div class=\"e-con-inner\">\n\t\t<div class=\"elementor-element elementor-element-2ca3e9c e-con-full e-flex e-con e-child\" data-id=\"2ca3e9c\" data-element_type=\"container\" data-e-type=\"container\">\n\t\t\t\t<div class=\"elementor-element elementor-element-f417812 elementor-widget elementor-widget-text-editor\" data-id=\"f417812\" data-element_type=\"widget\" data-e-type=\"widget\" data-widget_type=\"text-editor.default\">\n\t\t\t\t<div class=\"elementor-widget-container\">\n\t\t\t\t\t\t\t\t\t<p>SpecPage kennt die universellen Best Practices f\u00fcr Produktdaten, Bilderfassung, Produktdateninspektionen und Data Governance &#8211; wie sie vom Global Data Synchronization Network (GDSN) bereitgestellt werden. Diese Best Practices f\u00f6rdern die Zusammenarbeit und helfen Herstellern, durch genaue, hochwertige Daten umfassende Vorteile zu erzielen.<\/p><p>Die Hersteller in der Lebensmittel- und Getr\u00e4nkeindustrie stehen in einem harten Wettbewerb &#8211; schrumpfende Gewinnmargen, sich schnell \u00e4ndernde Lebensmitteltrends und sich rasch ver\u00e4ndernde Verbraucherw\u00fcnsche erh\u00f6hen den Druck, das richtige Produkt zum richtigen Zeitpunkt zum richtigen Preis in die H\u00e4nde des richtigen Verbrauchers zu bringen, um nachhaltiges Wachstum zu erzielen.<\/p><p><img fetchpriority=\"high\" decoding=\"async\" class=\"aligncenter\" style=\"padding: 40px 0px;\" src=\"https:\/\/revalizesoftware.com\/wp-content\/uploads\/2024\/02\/blog-img-74.jpg\" alt=\"Eine Person im Laborkittel und mit Haarnetz untersucht die Eier mit einem Klemmbrett und einem Stift.\" width=\"710\" height=\"678\"><\/p><p><strong>Branchenf\u00fchrer wissen, dass der Hersteller mit den besten, genauesten und vollst\u00e4ndigsten Daten gewinnt.<\/strong><\/p><p>Eine klare Kommunikation und Zusammenarbeit zwischen SpecPage, Herstellern, Datenempf\u00e4ngern und dem GDSN &#8211; unabh\u00e4ngig von Gr\u00f6\u00dfe, Branche, Produkttyp, Vertriebsweg oder Rolle in der Lieferkette &#8211; ist f\u00fcr einen erfolgreichen internationalen Produktvertrieb unerl\u00e4sslich.<\/p><p><strong>Einige der wichtigsten Vorteile sind:<\/strong><\/p><ul><li>Validierte, st\u00e4ndig aktualisierte, genaue, standardisierte Produktdaten und Bilder<\/li><li>Leicht zug\u00e4ngliche digitale Asset-Informationen; Produktbild, Gewichte<\/li><li>Abmessungen, Vertr\u00e4glichkeiten, Allergen- und N\u00e4hrwertangaben, produktspezifische Daten, Werbe- und Marketingdaten<\/li><li>Materialbl\u00e4tter, Berichte \u00fcber Inhaltsstoffanalysen<\/li><\/ul><p>Die GDSN-Qualit\u00e4tssicherungsteams \u00fcberpr\u00fcfen die Produktinformationen auf Vollst\u00e4ndigkeit und Genauigkeit &#8211; unvollst\u00e4ndige oder ungenaue Informationen werden zur\u00fcckgewiesen. So ist gew\u00e4hrleistet, dass Ihr Produkt, wenn es den Markt erreicht, von h\u00f6chster Qualit\u00e4t und kaufbereit ist.<\/p><p>Sichtbarkeit, Transparenz und R\u00fcckverfolgbarkeit sind w\u00e4hrend des gesamten GDSN-Validierungsprozesses gegeben, falls Probleme auftreten sollten.<\/p><p><strong>Mehrwertige Unterst\u00fctzung von SpecPage:<\/strong><\/p><ul><li>Entwicklung von Funktionsspezifikationen<\/li><li>Integration und Synchronisierung des Stammdatensystems mit GDSN-Poolunterst\u00fctzung<\/li><li>Implementierung des GTIN-Connectors als Validierungs- und \u00dcbertragungseinheit f\u00fcr SAP-Anwender<\/li><li>Einf\u00fchrung eines neuen Produkts<\/li><li>Logistik und Webportale<\/li><li>Aktuelle Chancen auf dem Markt<\/li><li>Unterst\u00fctzung f\u00fcr lokale Compliance-Anforderungen und Vorschriften<\/li><li>e-Commerce<\/li><\/ul><p>Der auf Formeln basierende Lebensmittel- und Getr\u00e4nkemarkt ist gereift; die Verbraucher geben sich nicht mehr mit Versprechungen zufrieden &#8211; unabh\u00e4ngig von der Gr\u00f6\u00dfe oder dem Ruf der Marke &#8211; sie verlangen umfassende Daten als Beweis.<\/p><p>SpecPage bietet Ihnen die Ausbildung und die Werkzeuge, die Sie ben\u00f6tigen, um schnell und einfach auf die Produktdatenpools der Lieferanten zuzugreifen. Au\u00dferdem k\u00f6nnen Sie die Informationen an Ihre Kunden weitergeben, indem Sie sie online \u00fcber herunterladbare Datenbl\u00e4tter ver\u00f6ffentlichen. Dies spart Zeit, Geld und Ressourcen, da genaue, konsistente Daten aus einer einzigen Quelle geliefert werden.<\/p>\t\t\t\t\t\t\t\t<\/div>\n\t\t\t\t<\/div>\n\t\t\t\t<\/div>\n\t\t\t\t\t<\/div>\n\t\t\t\t<\/div>\n\t\t<div class=\"elementor-element elementor-element-8f39ee8 e-flex e-con-boxed e-con e-parent\" data-id=\"8f39ee8\" data-element_type=\"container\" data-e-type=\"container\" data-settings=\"{&quot;background_background&quot;:&quot;classic&quot;}\">\n\t\t\t\t\t<div class=\"e-con-inner\">\n\t\t\t\t<div class=\"elementor-element elementor-element-47a6f6d3 elementor-widget elementor-widget-heading\" data-id=\"47a6f6d3\" data-element_type=\"widget\" data-e-type=\"widget\" data-widget_type=\"heading.default\">\n\t\t\t\t<div class=\"elementor-widget-container\">\n\t\t\t\t\t<h2 class=\"elementor-heading-title elementor-size-default\">Melden Sie sich bei uns<\/h2>\t\t\t\t<\/div>\n\t\t\t\t<\/div>\n\t\t\t\t<div class=\"elementor-element elementor-element-5af4df7c elementor-widget elementor-widget-text-editor\" data-id=\"5af4df7c\" data-element_type=\"widget\" data-e-type=\"widget\" data-widget_type=\"text-editor.default\">\n\t\t\t\t<div class=\"elementor-widget-container\">\n\t\t\t\t\t\t\t\t\tSind Sie bereit, den Wandel Ihres Unternehmens voranzutreiben?\t\t\t\t\t\t\t\t<\/div>\n\t\t\t\t<\/div>\n\t\t\t\t<div class=\"elementor-element elementor-element-31dc7f3c elementor-align-center diamond-btn-light-blue elementor-widget elementor-widget-button\" data-id=\"31dc7f3c\" data-element_type=\"widget\" data-e-type=\"widget\" data-widget_type=\"button.default\">\n\t\t\t\t<div class=\"elementor-widget-container\">\n\t\t\t\t\t\t\t\t\t<div class=\"elementor-button-wrapper\">\n\t\t\t\t\t<a class=\"elementor-button elementor-button-link elementor-size-sm\" href=\"https:\/\/revalizesoftware.com\/de\/specpage\/specpage-demo\/\">\n\t\t\t\t\t\t<span class=\"elementor-button-content-wrapper\">\n\t\t\t\t\t\t\t\t\t<span class=\"elementor-button-text\">KONTAKTIEREN SIE UNS<\/span>\n\t\t\t\t\t<\/span>\n\t\t\t\t\t<\/a>\n\t\t\t\t<\/div>\n\t\t\t\t\t\t\t\t<\/div>\n\t\t\t\t<\/div>\n\t\t\t\t\t<\/div>\n\t\t\t\t<\/div>\n\t\t\t\t<\/div>\n\t\t","protected":false},"excerpt":{"rendered":"<p>GDSN Stammdatenerfassung Die Prozessl\u00f6sungen von SpecPage helfen bei der Standardisierung von Produktdaten f\u00fcr die Erweiterung des globalen Marktanteils \u00fcber das Global Data Synchronization Network (GDSN). Wir stellen Ihnen die richtigen Tools zur Verf\u00fcgung, um die Anbindung von Datenpools zu vereinfachen. SpecPage kennt die universellen Best Practices f\u00fcr Produktdaten, Bilderfassung, Produktdateninspektionen und Data Governance &#8211; wie [&hellip;]<\/p>\n","protected":false},"author":31,"featured_media":0,"parent":29511,"menu_order":0,"comment_status":"closed","ping_status":"closed","template":"","meta":{"content-type":"","footnotes":""},"class_list":["post-29515","page","type-page","status-publish","hentry"],"yoast_head":"<!-- This site is optimized with the Yoast SEO Premium plugin v27.3 (Yoast SEO v27.3) - https:\/\/yoast.com\/product\/yoast-seo-premium-wordpress\/ -->\n<title>GDSM Stammdatenerfassung Outsourcing - SpecPage<\/title>\n<meta name=\"description\" content=\"Erweitern Sie Ihren globalen Marktanteil mit den Prozessl\u00f6sungen von SpecPage. Standardisieren Sie Produktdaten \u00fcber das GDSN f\u00fcr mehr Effizienz und Zusammenarbeit.\" \/>\n<meta name=\"robots\" content=\"index, follow, max-snippet:-1, max-image-preview:large, max-video-preview:-1\" \/>\n<link rel=\"canonical\" href=\"https:\/\/revalizesoftware.com\/de\/specpage\/specpage-services\/gdsn-mater-data-capture\/\" \/>\n<meta property=\"og:locale\" content=\"de_DE\" \/>\n<meta property=\"og:type\" content=\"article\" \/>\n<meta property=\"og:title\" content=\"SpecPage GDSN Stammdatenerfassung Outsourcing\" \/>\n<meta property=\"og:description\" content=\"Erweitern Sie Ihren globalen Marktanteil mit den Prozessl\u00f6sungen von SpecPage. Standardisieren Sie Produktdaten \u00fcber das GDSN f\u00fcr mehr Effizienz und Zusammenarbeit.\" \/>\n<meta property=\"og:url\" content=\"https:\/\/revalizesoftware.com\/de\/specpage\/specpage-services\/gdsn-mater-data-capture\/\" \/>\n<meta property=\"og:site_name\" content=\"Revalize\" \/>\n<meta property=\"article:publisher\" content=\"https:\/\/www.facebook.com\/revalize\/\" \/>\n<meta property=\"article:modified_time\" content=\"2025-08-20T14:48:35+00:00\" \/>\n<meta property=\"og:image\" content=\"https:\/\/revalizesoftware.com\/wp-content\/uploads\/2024\/02\/blog-img-74.jpg\" \/>\n<meta name=\"twitter:card\" content=\"summary_large_image\" \/>\n<meta name=\"twitter:site\" content=\"@revalize\" \/>\n<meta name=\"twitter:label1\" content=\"Gesch\u00e4tzte Lesezeit\" \/>\n\t<meta name=\"twitter:data1\" content=\"3\u00a0Minuten\" \/>\n<script type=\"application\/ld+json\" class=\"yoast-schema-graph\">{\"@context\":\"https:\\\/\\\/schema.org\",\"@graph\":[{\"@type\":\"WebPage\",\"@id\":\"https:\\\/\\\/revalizesoftware.com\\\/de\\\/specpage\\\/specpage-services\\\/gdsn-mater-data-capture\\\/\",\"url\":\"https:\\\/\\\/revalizesoftware.com\\\/de\\\/specpage\\\/specpage-services\\\/gdsn-mater-data-capture\\\/\",\"name\":\"GDSM Stammdatenerfassung Outsourcing - SpecPage\",\"isPartOf\":{\"@id\":\"https:\\\/\\\/revalizesoftware.com\\\/de\\\/#website\"},\"primaryImageOfPage\":{\"@id\":\"https:\\\/\\\/revalizesoftware.com\\\/de\\\/specpage\\\/specpage-services\\\/gdsn-mater-data-capture\\\/#primaryimage\"},\"image\":{\"@id\":\"https:\\\/\\\/revalizesoftware.com\\\/de\\\/specpage\\\/specpage-services\\\/gdsn-mater-data-capture\\\/#primaryimage\"},\"thumbnailUrl\":\"https:\\\/\\\/revalizesoftware.com\\\/wp-content\\\/uploads\\\/2024\\\/02\\\/blog-img-74.jpg\",\"datePublished\":\"2023-09-01T14:46:57+00:00\",\"dateModified\":\"2025-08-20T14:48:35+00:00\",\"description\":\"Erweitern Sie Ihren globalen Marktanteil mit den Prozessl\u00f6sungen von SpecPage. Standardisieren Sie Produktdaten \u00fcber das GDSN f\u00fcr mehr Effizienz und Zusammenarbeit.\",\"breadcrumb\":{\"@id\":\"https:\\\/\\\/revalizesoftware.com\\\/de\\\/specpage\\\/specpage-services\\\/gdsn-mater-data-capture\\\/#breadcrumb\"},\"inLanguage\":\"de\",\"potentialAction\":[{\"@type\":\"ReadAction\",\"target\":[\"https:\\\/\\\/revalizesoftware.com\\\/de\\\/specpage\\\/specpage-services\\\/gdsn-mater-data-capture\\\/\"]}]},{\"@type\":\"ImageObject\",\"inLanguage\":\"de\",\"@id\":\"https:\\\/\\\/revalizesoftware.com\\\/de\\\/specpage\\\/specpage-services\\\/gdsn-mater-data-capture\\\/#primaryimage\",\"url\":\"https:\\\/\\\/revalizesoftware.com\\\/wp-content\\\/uploads\\\/2024\\\/02\\\/blog-img-74.jpg\",\"contentUrl\":\"https:\\\/\\\/revalizesoftware.com\\\/wp-content\\\/uploads\\\/2024\\\/02\\\/blog-img-74.jpg\"},{\"@type\":\"BreadcrumbList\",\"@id\":\"https:\\\/\\\/revalizesoftware.com\\\/de\\\/specpage\\\/specpage-services\\\/gdsn-mater-data-capture\\\/#breadcrumb\",\"itemListElement\":[{\"@type\":\"ListItem\",\"position\":1,\"name\":\"Home\",\"item\":\"https:\\\/\\\/revalizesoftware.com\\\/de\\\/\"},{\"@type\":\"ListItem\",\"position\":2,\"name\":\"SpecPage from Revalize\",\"item\":\"https:\\\/\\\/revalizesoftware.com\\\/de\\\/specpage\\\/\"},{\"@type\":\"ListItem\",\"position\":3,\"name\":\"SpecPage Services\",\"item\":\"https:\\\/\\\/revalizesoftware.com\\\/de\\\/specpage\\\/specpage-services\\\/\"},{\"@type\":\"ListItem\",\"position\":4,\"name\":\"SpecPage GDSN Stammdatenerfassung Outsourcing\"}]},{\"@type\":\"WebSite\",\"@id\":\"https:\\\/\\\/revalizesoftware.com\\\/de\\\/#website\",\"url\":\"https:\\\/\\\/revalizesoftware.com\\\/de\\\/\",\"name\":\"Revalize\",\"description\":\"Great Starts with Revalize\",\"publisher\":{\"@id\":\"https:\\\/\\\/revalizesoftware.com\\\/de\\\/#organization\"},\"potentialAction\":[{\"@type\":\"SearchAction\",\"target\":{\"@type\":\"EntryPoint\",\"urlTemplate\":\"https:\\\/\\\/revalizesoftware.com\\\/de\\\/?s={search_term_string}\"},\"query-input\":{\"@type\":\"PropertyValueSpecification\",\"valueRequired\":true,\"valueName\":\"search_term_string\"}}],\"inLanguage\":\"de\"},{\"@type\":\"Organization\",\"@id\":\"https:\\\/\\\/revalizesoftware.com\\\/de\\\/#organization\",\"name\":\"Revalize\",\"url\":\"https:\\\/\\\/revalizesoftware.com\\\/de\\\/\",\"logo\":{\"@type\":\"ImageObject\",\"inLanguage\":\"de\",\"@id\":\"https:\\\/\\\/revalizesoftware.com\\\/de\\\/#\\\/schema\\\/logo\\\/image\\\/\",\"url\":\"https:\\\/\\\/revalizesoftware.com\\\/wp-content\\\/uploads\\\/2021\\\/05\\\/revalize-logo.png\",\"contentUrl\":\"https:\\\/\\\/revalizesoftware.com\\\/wp-content\\\/uploads\\\/2021\\\/05\\\/revalize-logo.png\",\"width\":976,\"height\":423,\"caption\":\"Revalize\"},\"image\":{\"@id\":\"https:\\\/\\\/revalizesoftware.com\\\/de\\\/#\\\/schema\\\/logo\\\/image\\\/\"},\"sameAs\":[\"https:\\\/\\\/www.facebook.com\\\/revalize\\\/\",\"https:\\\/\\\/x.com\\\/revalize\",\"https:\\\/\\\/www.linkedin.com\\\/company\\\/revalize\\\/\"]}]}<\/script>\n<!-- \/ Yoast SEO Premium plugin. -->","yoast_head_json":{"title":"GDSM Stammdatenerfassung Outsourcing - SpecPage","description":"Erweitern Sie Ihren globalen Marktanteil mit den Prozessl\u00f6sungen von SpecPage. Standardisieren Sie Produktdaten \u00fcber das GDSN f\u00fcr mehr Effizienz und Zusammenarbeit.","robots":{"index":"index","follow":"follow","max-snippet":"max-snippet:-1","max-image-preview":"max-image-preview:large","max-video-preview":"max-video-preview:-1"},"canonical":"https:\/\/revalizesoftware.com\/de\/specpage\/specpage-services\/gdsn-mater-data-capture\/","og_locale":"de_DE","og_type":"article","og_title":"SpecPage GDSN Stammdatenerfassung Outsourcing","og_description":"Erweitern Sie Ihren globalen Marktanteil mit den Prozessl\u00f6sungen von SpecPage. Standardisieren Sie Produktdaten \u00fcber das GDSN f\u00fcr mehr Effizienz und Zusammenarbeit.","og_url":"https:\/\/revalizesoftware.com\/de\/specpage\/specpage-services\/gdsn-mater-data-capture\/","og_site_name":"Revalize","article_publisher":"https:\/\/www.facebook.com\/revalize\/","article_modified_time":"2025-08-20T14:48:35+00:00","og_image":[{"url":"https:\/\/revalizesoftware.com\/wp-content\/uploads\/2024\/02\/blog-img-74.jpg","type":"","width":"","height":""}],"twitter_card":"summary_large_image","twitter_site":"@revalize","twitter_misc":{"Gesch\u00e4tzte Lesezeit":"3\u00a0Minuten"},"schema":{"@context":"https:\/\/schema.org","@graph":[{"@type":"WebPage","@id":"https:\/\/revalizesoftware.com\/de\/specpage\/specpage-services\/gdsn-mater-data-capture\/","url":"https:\/\/revalizesoftware.com\/de\/specpage\/specpage-services\/gdsn-mater-data-capture\/","name":"GDSM Stammdatenerfassung Outsourcing - SpecPage","isPartOf":{"@id":"https:\/\/revalizesoftware.com\/de\/#website"},"primaryImageOfPage":{"@id":"https:\/\/revalizesoftware.com\/de\/specpage\/specpage-services\/gdsn-mater-data-capture\/#primaryimage"},"image":{"@id":"https:\/\/revalizesoftware.com\/de\/specpage\/specpage-services\/gdsn-mater-data-capture\/#primaryimage"},"thumbnailUrl":"https:\/\/revalizesoftware.com\/wp-content\/uploads\/2024\/02\/blog-img-74.jpg","datePublished":"2023-09-01T14:46:57+00:00","dateModified":"2025-08-20T14:48:35+00:00","description":"Erweitern Sie Ihren globalen Marktanteil mit den Prozessl\u00f6sungen von SpecPage. Standardisieren Sie Produktdaten \u00fcber das GDSN f\u00fcr mehr Effizienz und Zusammenarbeit.","breadcrumb":{"@id":"https:\/\/revalizesoftware.com\/de\/specpage\/specpage-services\/gdsn-mater-data-capture\/#breadcrumb"},"inLanguage":"de","potentialAction":[{"@type":"ReadAction","target":["https:\/\/revalizesoftware.com\/de\/specpage\/specpage-services\/gdsn-mater-data-capture\/"]}]},{"@type":"ImageObject","inLanguage":"de","@id":"https:\/\/revalizesoftware.com\/de\/specpage\/specpage-services\/gdsn-mater-data-capture\/#primaryimage","url":"https:\/\/revalizesoftware.com\/wp-content\/uploads\/2024\/02\/blog-img-74.jpg","contentUrl":"https:\/\/revalizesoftware.com\/wp-content\/uploads\/2024\/02\/blog-img-74.jpg"},{"@type":"BreadcrumbList","@id":"https:\/\/revalizesoftware.com\/de\/specpage\/specpage-services\/gdsn-mater-data-capture\/#breadcrumb","itemListElement":[{"@type":"ListItem","position":1,"name":"Home","item":"https:\/\/revalizesoftware.com\/de\/"},{"@type":"ListItem","position":2,"name":"SpecPage from Revalize","item":"https:\/\/revalizesoftware.com\/de\/specpage\/"},{"@type":"ListItem","position":3,"name":"SpecPage Services","item":"https:\/\/revalizesoftware.com\/de\/specpage\/specpage-services\/"},{"@type":"ListItem","position":4,"name":"SpecPage GDSN Stammdatenerfassung Outsourcing"}]},{"@type":"WebSite","@id":"https:\/\/revalizesoftware.com\/de\/#website","url":"https:\/\/revalizesoftware.com\/de\/","name":"Revalize","description":"Great Starts with Revalize","publisher":{"@id":"https:\/\/revalizesoftware.com\/de\/#organization"},"potentialAction":[{"@type":"SearchAction","target":{"@type":"EntryPoint","urlTemplate":"https:\/\/revalizesoftware.com\/de\/?s={search_term_string}"},"query-input":{"@type":"PropertyValueSpecification","valueRequired":true,"valueName":"search_term_string"}}],"inLanguage":"de"},{"@type":"Organization","@id":"https:\/\/revalizesoftware.com\/de\/#organization","name":"Revalize","url":"https:\/\/revalizesoftware.com\/de\/","logo":{"@type":"ImageObject","inLanguage":"de","@id":"https:\/\/revalizesoftware.com\/de\/#\/schema\/logo\/image\/","url":"https:\/\/revalizesoftware.com\/wp-content\/uploads\/2021\/05\/revalize-logo.png","contentUrl":"https:\/\/revalizesoftware.com\/wp-content\/uploads\/2021\/05\/revalize-logo.png","width":976,"height":423,"caption":"Revalize"},"image":{"@id":"https:\/\/revalizesoftware.com\/de\/#\/schema\/logo\/image\/"},"sameAs":["https:\/\/www.facebook.com\/revalize\/","https:\/\/x.com\/revalize","https:\/\/www.linkedin.com\/company\/revalize\/"]}]}},"_links":{"self":[{"href":"https:\/\/revalizesoftware.com\/de\/wp-json\/wp\/v2\/pages\/29515","targetHints":{"allow":["GET"]}}],"collection":[{"href":"https:\/\/revalizesoftware.com\/de\/wp-json\/wp\/v2\/pages"}],"about":[{"href":"https:\/\/revalizesoftware.com\/de\/wp-json\/wp\/v2\/types\/page"}],"author":[{"embeddable":true,"href":"https:\/\/revalizesoftware.com\/de\/wp-json\/wp\/v2\/users\/31"}],"replies":[{"embeddable":true,"href":"https:\/\/revalizesoftware.com\/de\/wp-json\/wp\/v2\/comments?post=29515"}],"version-history":[{"count":0,"href":"https:\/\/revalizesoftware.com\/de\/wp-json\/wp\/v2\/pages\/29515\/revisions"}],"up":[{"embeddable":true,"href":"https:\/\/revalizesoftware.com\/de\/wp-json\/wp\/v2\/pages\/29511"}],"wp:attachment":[{"href":"https:\/\/revalizesoftware.com\/de\/wp-json\/wp\/v2\/media?parent=29515"}],"curies":[{"name":"wp","href":"https:\/\/api.w.org\/{rel}","templated":true}]}}