{"id":29519,"date":"2023-09-01T10:59:03","date_gmt":"2023-09-01T14:59:03","guid":{"rendered":"https:\/\/revalizesoftware.com\/specpage\/specpage-dienstleistungen\/specpage-saas-cloud-loesungen\/"},"modified":"2025-09-12T09:45:15","modified_gmt":"2025-09-12T13:45:15","slug":"plm-saas","status":"publish","type":"page","link":"https:\/\/revalizesoftware.com\/de\/specpage\/specpage-services\/plm-saas\/","title":{"rendered":"SpecPage SAAS Cloud-L\u00f6sungen"},"content":{"rendered":"\t\t<div data-elementor-type=\"wp-page\" data-elementor-id=\"29519\" class=\"elementor elementor-29519 elementor-12738\" data-elementor-post-type=\"page\">\n\t\t\t\t<div class=\"elementor-element elementor-element-34b5de3 e-flex e-con-boxed e-con e-parent\" data-id=\"34b5de3\" data-element_type=\"container\" data-e-type=\"container\" data-settings=\"{&quot;background_background&quot;:&quot;classic&quot;}\">\n\t\t\t\t\t<div class=\"e-con-inner\">\n\t\t<div class=\"elementor-element elementor-element-79e566d e-con-full e-flex e-con e-child\" data-id=\"79e566d\" data-element_type=\"container\" data-e-type=\"container\">\n\t\t\t\t<div class=\"elementor-element elementor-element-e9c90b4 elementor-widget elementor-widget-heading\" data-id=\"e9c90b4\" data-element_type=\"widget\" data-e-type=\"widget\" data-widget_type=\"heading.default\">\n\t\t\t\t<div class=\"elementor-widget-container\">\n\t\t\t\t\t<h1 class=\"elementor-heading-title elementor-size-default\">SpecPage PLM SaaS Cloud-L\u00f6sungen<\/h1>\t\t\t\t<\/div>\n\t\t\t\t<\/div>\n\t\t\t\t<div class=\"elementor-element elementor-element-d828087 elementor-widget elementor-widget-text-editor\" data-id=\"d828087\" data-element_type=\"widget\" data-e-type=\"widget\" data-widget_type=\"text-editor.default\">\n\t\t\t\t<div class=\"elementor-widget-container\">\n\t\t\t\t\t\t\t\t\t<p>Pr\u00e4zises Produktinformationsmanagement f\u00f6rdert die Innovation. PLM SaaS optimiert die Unternehmensinfrastruktur, so dass Forschungs- und Entwicklungsteams ungestraft innovieren k\u00f6nnen.<\/p>\t\t\t\t\t\t\t\t<\/div>\n\t\t\t\t<\/div>\n\t\t\t\t<\/div>\n\t\t\t\t\t<\/div>\n\t\t\t\t<\/div>\n\t\t<div class=\"elementor-element elementor-element-3fd1b4a e-flex e-con-boxed e-con e-parent\" data-id=\"3fd1b4a\" data-element_type=\"container\" data-e-type=\"container\">\n\t\t\t\t\t<div class=\"e-con-inner\">\n\t\t<div class=\"elementor-element elementor-element-5718f1d e-con-full e-flex e-con e-child\" data-id=\"5718f1d\" data-element_type=\"container\" data-e-type=\"container\">\n\t\t\t\t<div class=\"elementor-element elementor-element-2ab22c9 elementor-widget elementor-widget-text-editor\" data-id=\"2ab22c9\" data-element_type=\"widget\" data-e-type=\"widget\" data-widget_type=\"text-editor.default\">\n\t\t\t\t<div class=\"elementor-widget-container\">\n\t\t\t\t\t\t\t\t\t<p>Unternehmen sehen sich beim Kauf von PLM- oder PDM-L\u00f6sungen in der Regel mit hohen Anschaffungskosten konfrontiert, zu denen noch unvorhersehbare Kosten f\u00fcr laufenden Support, Wartung und Upgrades hinzukommen.<\/p><p>Dies stellt f\u00fcr die Unternehmen ein gro\u00dfes Risiko dar, da sie sich zu erheblichen Ausgaben und Ressourcen verpflichten m\u00fcssen, lange bevor sie greifbare Ergebnisse des Systems sehen.<\/p><p>Wir von SpecPage glauben, dass Sie diese Last nicht tragen sollten. Deshalb sind wir das einzige Unternehmen, das SpecPage PLM SaaS Cloud Subscriptions anbietet, die Ihnen v\u00f6llige Flexibilit\u00e4t beim Zugriff auf unsere L\u00f6sungen bieten.<\/p>\t\t\t\t\t\t\t\t<\/div>\n\t\t\t\t<\/div>\n\t\t\t\t<\/div>\n\t\t<div class=\"elementor-element elementor-element-cd7b8f4 e-con-full e-flex e-con e-child\" data-id=\"cd7b8f4\" data-element_type=\"container\" data-e-type=\"container\">\n\t\t\t\t<div class=\"elementor-element elementor-element-bd54e43 elementor-widget elementor-widget-video\" data-id=\"bd54e43\" data-element_type=\"widget\" data-e-type=\"widget\" data-settings=\"{&quot;video_type&quot;:&quot;vimeo&quot;}\" data-widget_type=\"video.default\">\n\t\t\t\t<div class=\"elementor-widget-container\">\n\t\t\t\t\t\t\t<div class=\"elementor-wrapper elementor-open-inline\">\n\t\t\t<iframe class=\"elementor-video-iframe\" allowfullscreen allow=\"clipboard-write\" title=\"vimeo Video Player\" src=\"https:\/\/player.vimeo.com\/video\/383197436?color&amp;autopause=0&amp;loop=0&amp;muted=0&amp;title=1&amp;portrait=1&amp;byline=1#t=\"><\/iframe>\t\t<\/div>\n\t\t\t\t\t\t<\/div>\n\t\t\t\t<\/div>\n\t\t\t\t<\/div>\n\t\t\t\t\t<\/div>\n\t\t\t\t<\/div>\n\t\t<div class=\"elementor-element elementor-element-d01c422 e-flex e-con-boxed e-con e-parent\" data-id=\"d01c422\" data-element_type=\"container\" data-e-type=\"container\">\n\t\t\t\t\t<div class=\"e-con-inner\">\n\t\t\t\t<div class=\"elementor-element elementor-element-8b07093 elementor-widget elementor-widget-heading\" data-id=\"8b07093\" data-element_type=\"widget\" data-e-type=\"widget\" data-widget_type=\"heading.default\">\n\t\t\t\t<div class=\"elementor-widget-container\">\n\t\t\t\t\t<h2 class=\"elementor-heading-title elementor-size-default\">SpecPage PLM SaaS Cloud Abonnements\n<\/h2>\t\t\t\t<\/div>\n\t\t\t\t<\/div>\n\t\t\t\t<div class=\"elementor-element elementor-element-a10e5c7 elementor-widget elementor-widget-text-editor\" data-id=\"a10e5c7\" data-element_type=\"widget\" data-e-type=\"widget\" data-widget_type=\"text-editor.default\">\n\t\t\t\t<div class=\"elementor-widget-container\">\n\t\t\t\t\t\t\t\t\t<p>SpecPage PLM SaaS Cloud Subscriptions ist eine einzigartige L\u00f6sung, die Ihnen einen einzigartigen Vorteil bietet, den Sie sonst nirgendwo bekommen &#8211; Upgrades als Teil Ihres Abonnements. Das SpecPage Upgrade Team wird Ihr System auf die neueste Version aktualisieren, unabh\u00e4ngig davon, wie Sie es angepasst haben. Niemand sonst au\u00dfer SpecPage bietet diesen Vorteil. Das bedeutet enorme Einsparungen \u00fcber die gesamte Lebensdauer Ihrer L\u00f6sung.<\/p>\t\t\t\t\t\t\t\t<\/div>\n\t\t\t\t<\/div>\n\t\t\t\t<div class=\"elementor-element elementor-element-73e547f elementor-widget elementor-widget-heading\" data-id=\"73e547f\" data-element_type=\"widget\" data-e-type=\"widget\" data-widget_type=\"heading.default\">\n\t\t\t\t<div class=\"elementor-widget-container\">\n\t\t\t\t\t<h3 class=\"elementor-heading-title elementor-size-default\">SaaS Cloud-Abonnementdienste\n\n<\/h3>\t\t\t\t<\/div>\n\t\t\t\t<\/div>\n\t\t\t\t<div class=\"elementor-element elementor-element-9f6bde0 elementor-widget elementor-widget-text-editor\" data-id=\"9f6bde0\" data-element_type=\"widget\" data-e-type=\"widget\" data-widget_type=\"text-editor.default\">\n\t\t\t\t<div class=\"elementor-widget-container\">\n\t\t\t\t\t\t\t\t\t<p>Die SaaS Cloud Subscription Services sind so konzipiert, dass sie die Anforderungen von Unternehmen in allen Phasen ihrer PLM- und PDM-Implementierung erf\u00fcllen:<\/p><ul><li>Von SpecPage durchgef\u00fchrte Release-Upgrades ohne zus\u00e4tzliche Kosten, unabh\u00e4ngig davon, wie stark Ihre L\u00f6sung angepasst wurde<\/li><li>Live-Hotline und Online-Support durch erfahrene SpecPage-Supporttechniker, einschlie\u00dflich unbegrenzter Support-Tickets, Entwicklerunterst\u00fctzung und Eskalationsmanagement<\/li><li>Service Packs, die Erweiterungen, Sicherheitsupdates und Hotfixes enthalten, k\u00f6nnen bestellt werden.<\/li><li>Zugriff auf das SaaS-Abonnentenportal, das Online-Lernprogramme und die SpecPage SpecPDM Wissensdatenbank enth\u00e4lt<\/li><\/ul><p>Unser mehrschichtiger Sicherheitsansatz beginnt mit der physischen Sicherheit Ihrer Daten. Deshalb stellen wir unsere Private Cloud in Tier IV-Rechenzentren bereit, die die strengsten Sicherheitsrichtlinien aller Rechenzentren durchsetzen. Stufe IV ist besonders streng, mit Anforderungen wie:<\/p><ul><li>Vollst\u00e4ndige Redundanz der Subsysteme<\/li><li>Abgetrennte Sicherheitszonen mit biometrischen Zugangskontrollen<\/li><li>Unabh\u00e4ngige K\u00fchlger\u00e4te mit doppelter Energieversorgung<\/li><li>Fehlertolerante elektrische Energieverteilung<\/li><\/ul><p>Um unserer Verpflichtung nachzukommen, erstklassige Dienstleistungen zu liefern, hat SpecPage seine sichere private Cloud exklusiv in f\u00fchrenden Tier IV Rechenzentren in der Schweiz eingerichtet. <b>Qualit\u00e4t, Stabilit\u00e4t, Neutralit\u00e4t, Vertraulichkeit:<\/b> Die Schweiz nutzt ihre St\u00e4rken und investiert in die datengesteuerte Wirtschaft.<\/p><p>Die Schweiz gilt als einer der sichersten Orte der Welt f\u00fcr den Betrieb eines Rechenzentrums. Dies sind die Ergebnisse des Data Center Risk Index, der von der amerikanischen Immobilienverwaltungsgesellschaft Cushman &amp; Wakefield ver\u00f6ffentlicht wurde. Als Schweizer Unternehmen werden die SpecPage Private Cloud-L\u00f6sungen ausschlie\u00dflich in hochsicheren TIER 4 geo-redundanten Rechenzentren in der Schweiz gehostet. SpecPage ist ISO 27001-zertifiziert und h\u00e4lt sich an die Outsourcing-Vorschriften.<\/p><p><strong>CLOUD-Gesetz: Warum der Schweizer Datenschutz und in der Schweiz ans\u00e4ssige Server die sicherste Option sind<\/strong><\/p><p>Seit dem Patriot Act von 2001 sind US-Unternehmen verpflichtet, auf Anfrage der US-Beh\u00f6rden Daten offenzulegen. Mit dem CLOUD Act von 2018 versuchen die US-Beh\u00f6rden nun auch, Zugriff auf ausl\u00e4ndische Server zu erhalten. F\u00fcr Unternehmen, die die EU-Datenschutz-Grundverordnung (GDPR) einhalten m\u00fcssen, wirft die neue US-Gesetzgebung zus\u00e4tzliche Fragen zur Einhaltung auf. Der CLOUD Act, der von US-Unternehmen verlangt, den Zugang zu Daten auch dann zu gew\u00e4hren, wenn die lokalen ausl\u00e4ndischen Gesetze dies verbieten, schafft einen internationalen Konflikt des anwendbaren Rechts.<\/p><p>Besondere Aufmerksamkeit in Bezug auf das U.S. Cloud Act muss einer Due-Diligence-Pr\u00fcfung des organisatorischen Aufbaus f\u00fcr globale elektronische Kommunikations-\/Computing-Dienste gewidmet werden, vor allem, wenn sie in mehreren Gerichtsbarkeiten t\u00e4tig sind. Wenn kritische Daten, einschlie\u00dflich vertraulicher Informationen und pers\u00f6nlicher Daten von Einzelpersonen, in der Cloud gespeichert werden, m\u00fcssen modernste Sicherheitsma\u00dfnahmen angewendet werden, einschlie\u00dflich der Verschl\u00fcsselung von \u00dcbertragungskan\u00e4len und Datenspeichern. Nicht zuletzt sollten Vertr\u00e4ge mit Dienstanbietern eine Standardformulierung \u00fcber die Verpflichtung des Dienstanbieters enthalten, den Strafverfolgungsbeh\u00f6rden die Daten seiner Kunden nur dann zur Verf\u00fcgung zu stellen, wenn ein g\u00fcltiges rechtliches Ersuchen vorliegt, d.h. einen Durchsuchungsbefehl, d.h. eine gerichtliche Anordnung, die sich auf den Nachweis gegen\u00fcber einem Richter st\u00fctzt, dass verl\u00e4ssliche Informationen einen wahrscheinlichen Grund f\u00fcr die angeforderte Durchsuchung darstellen; und die Staatsanw\u00e4lte anzuweisen, sich direkt an den Dienstleistungsempf\u00e4nger zu wenden, um die Daten zu erhalten, anstatt \u00fcber den Cloud-Anbieter zu gehen, wenn dies praktikabel ist und die Ermittlungen nicht beeintr\u00e4chtigt; und den Dienstleistungsempf\u00e4nger \u00fcber das Ersuchen der Strafverfolgungsbeh\u00f6rden zu informieren, die Inhalte aufzubewahren, zu sichern oder offenzulegen, wenn dies die Ermittlungen nicht beeintr\u00e4chtigt (d.h. wenn keine Nachrichtensperre erlassen wurde).<\/p>\t\t\t\t\t\t\t\t<\/div>\n\t\t\t\t<\/div>\n\t\t\t\t\t<\/div>\n\t\t\t\t<\/div>\n\t\t<div class=\"elementor-element elementor-element-956d157 e-flex e-con-boxed e-con e-parent\" data-id=\"956d157\" data-element_type=\"container\" data-e-type=\"container\" data-settings=\"{&quot;background_background&quot;:&quot;classic&quot;}\">\n\t\t\t\t\t<div class=\"e-con-inner\">\n\t\t\t\t<div class=\"elementor-element elementor-element-29f1170b elementor-widget elementor-widget-heading\" data-id=\"29f1170b\" data-element_type=\"widget\" data-e-type=\"widget\" data-widget_type=\"heading.default\">\n\t\t\t\t<div class=\"elementor-widget-container\">\n\t\t\t\t\t<h2 class=\"elementor-heading-title elementor-size-default\">Melden Sie sich bei uns<\/h2>\t\t\t\t<\/div>\n\t\t\t\t<\/div>\n\t\t\t\t<div class=\"elementor-element elementor-element-5cb3cad5 elementor-widget elementor-widget-text-editor\" data-id=\"5cb3cad5\" data-element_type=\"widget\" data-e-type=\"widget\" data-widget_type=\"text-editor.default\">\n\t\t\t\t<div class=\"elementor-widget-container\">\n\t\t\t\t\t\t\t\t\tSind Sie bereit, den Wandel Ihres Unternehmens voranzutreiben?\t\t\t\t\t\t\t\t<\/div>\n\t\t\t\t<\/div>\n\t\t\t\t<div class=\"elementor-element elementor-element-78852a9c elementor-align-center diamond-btn-light-blue elementor-widget elementor-widget-button\" data-id=\"78852a9c\" data-element_type=\"widget\" data-e-type=\"widget\" data-widget_type=\"button.default\">\n\t\t\t\t<div class=\"elementor-widget-container\">\n\t\t\t\t\t\t\t\t\t<div class=\"elementor-button-wrapper\">\n\t\t\t\t\t<a class=\"elementor-button elementor-button-link elementor-size-sm\" href=\"https:\/\/revalizesoftware.com\/de\/specpage\/specpage-demo\/\">\n\t\t\t\t\t\t<span class=\"elementor-button-content-wrapper\">\n\t\t\t\t\t\t\t\t\t<span class=\"elementor-button-text\">KONTAKTIEREN SIE UNS<\/span>\n\t\t\t\t\t<\/span>\n\t\t\t\t\t<\/a>\n\t\t\t\t<\/div>\n\t\t\t\t\t\t\t\t<\/div>\n\t\t\t\t<\/div>\n\t\t\t\t\t<\/div>\n\t\t\t\t<\/div>\n\t\t\t\t<\/div>\n\t\t","protected":false},"excerpt":{"rendered":"<p>SpecPage PLM SaaS Cloud-L\u00f6sungen Pr\u00e4zises Produktinformationsmanagement f\u00f6rdert die Innovation. PLM SaaS optimiert die Unternehmensinfrastruktur, so dass Forschungs- und Entwicklungsteams ungestraft innovieren k\u00f6nnen. Unternehmen sehen sich beim Kauf von PLM- oder PDM-L\u00f6sungen in der Regel mit hohen Anschaffungskosten konfrontiert, zu denen noch unvorhersehbare Kosten f\u00fcr laufenden Support, Wartung und Upgrades hinzukommen. Dies stellt f\u00fcr die Unternehmen [&hellip;]<\/p>\n","protected":false},"author":31,"featured_media":0,"parent":29511,"menu_order":0,"comment_status":"closed","ping_status":"closed","template":"","meta":{"content-type":"","footnotes":""},"class_list":["post-29519","page","type-page","status-publish","hentry"],"yoast_head":"<!-- This site is optimized with the Yoast SEO Premium plugin v27.4 (Yoast SEO v27.4) - https:\/\/yoast.com\/product\/yoast-seo-premium-wordpress\/ -->\n<title>SAAS Cloud-L\u00f6sungen - SpecPage<\/title>\n<meta name=\"description\" content=\"SpecPage bietet SaaS-Cloud-Abonnements an, die Ihnen v\u00f6llige Flexibilit\u00e4t beim Zugriff auf unsere L\u00f6sungen bieten.\" \/>\n<meta name=\"robots\" content=\"index, follow, max-snippet:-1, max-image-preview:large, max-video-preview:-1\" \/>\n<link rel=\"canonical\" href=\"https:\/\/revalizesoftware.com\/de\/specpage\/specpage-services\/plm-saas\/\" \/>\n<meta property=\"og:locale\" content=\"de_DE\" \/>\n<meta property=\"og:type\" content=\"article\" \/>\n<meta property=\"og:title\" content=\"SpecPage SAAS Cloud-L\u00f6sungen\" \/>\n<meta property=\"og:description\" content=\"SpecPage bietet SaaS-Cloud-Abonnements an, die Ihnen v\u00f6llige Flexibilit\u00e4t beim Zugriff auf unsere L\u00f6sungen bieten.\" \/>\n<meta property=\"og:url\" content=\"https:\/\/revalizesoftware.com\/de\/specpage\/specpage-services\/plm-saas\/\" \/>\n<meta property=\"og:site_name\" content=\"Revalize\" \/>\n<meta property=\"article:publisher\" content=\"https:\/\/www.facebook.com\/revalize\/\" \/>\n<meta property=\"article:modified_time\" content=\"2025-09-12T13:45:15+00:00\" \/>\n<meta name=\"twitter:card\" content=\"summary_large_image\" \/>\n<meta name=\"twitter:site\" content=\"@revalize\" \/>\n<meta name=\"twitter:label1\" content=\"Gesch\u00e4tzte Lesezeit\" \/>\n\t<meta name=\"twitter:data1\" content=\"4\u00a0Minuten\" \/>\n<script type=\"application\/ld+json\" class=\"yoast-schema-graph\">{\"@context\":\"https:\\\/\\\/schema.org\",\"@graph\":[{\"@type\":\"WebPage\",\"@id\":\"https:\\\/\\\/revalizesoftware.com\\\/de\\\/specpage\\\/specpage-services\\\/plm-saas\\\/\",\"url\":\"https:\\\/\\\/revalizesoftware.com\\\/de\\\/specpage\\\/specpage-services\\\/plm-saas\\\/\",\"name\":\"SAAS Cloud-L\u00f6sungen - SpecPage\",\"isPartOf\":{\"@id\":\"https:\\\/\\\/revalizesoftware.com\\\/de\\\/#website\"},\"datePublished\":\"2023-09-01T14:59:03+00:00\",\"dateModified\":\"2025-09-12T13:45:15+00:00\",\"description\":\"SpecPage bietet SaaS-Cloud-Abonnements an, die Ihnen v\u00f6llige Flexibilit\u00e4t beim Zugriff auf unsere L\u00f6sungen bieten.\",\"breadcrumb\":{\"@id\":\"https:\\\/\\\/revalizesoftware.com\\\/de\\\/specpage\\\/specpage-services\\\/plm-saas\\\/#breadcrumb\"},\"inLanguage\":\"de\",\"potentialAction\":[{\"@type\":\"ReadAction\",\"target\":[\"https:\\\/\\\/revalizesoftware.com\\\/de\\\/specpage\\\/specpage-services\\\/plm-saas\\\/\"]}]},{\"@type\":\"BreadcrumbList\",\"@id\":\"https:\\\/\\\/revalizesoftware.com\\\/de\\\/specpage\\\/specpage-services\\\/plm-saas\\\/#breadcrumb\",\"itemListElement\":[{\"@type\":\"ListItem\",\"position\":1,\"name\":\"Home\",\"item\":\"https:\\\/\\\/revalizesoftware.com\\\/de\\\/revalize\\\/\"},{\"@type\":\"ListItem\",\"position\":2,\"name\":\"SpecPage from Revalize\",\"item\":\"https:\\\/\\\/revalizesoftware.com\\\/de\\\/specpage\\\/\"},{\"@type\":\"ListItem\",\"position\":3,\"name\":\"SpecPage Services\",\"item\":\"https:\\\/\\\/revalizesoftware.com\\\/de\\\/specpage\\\/specpage-services\\\/\"},{\"@type\":\"ListItem\",\"position\":4,\"name\":\"SpecPage SAAS Cloud-L\u00f6sungen\"}]},{\"@type\":\"WebSite\",\"@id\":\"https:\\\/\\\/revalizesoftware.com\\\/de\\\/#website\",\"url\":\"https:\\\/\\\/revalizesoftware.com\\\/de\\\/\",\"name\":\"Revalize\",\"description\":\"Great Starts with Revalize\",\"publisher\":{\"@id\":\"https:\\\/\\\/revalizesoftware.com\\\/de\\\/#organization\"},\"potentialAction\":[{\"@type\":\"SearchAction\",\"target\":{\"@type\":\"EntryPoint\",\"urlTemplate\":\"https:\\\/\\\/revalizesoftware.com\\\/de\\\/?s={search_term_string}\"},\"query-input\":{\"@type\":\"PropertyValueSpecification\",\"valueRequired\":true,\"valueName\":\"search_term_string\"}}],\"inLanguage\":\"de\"},{\"@type\":\"Organization\",\"@id\":\"https:\\\/\\\/revalizesoftware.com\\\/de\\\/#organization\",\"name\":\"Revalize\",\"url\":\"https:\\\/\\\/revalizesoftware.com\\\/de\\\/\",\"logo\":{\"@type\":\"ImageObject\",\"inLanguage\":\"de\",\"@id\":\"https:\\\/\\\/revalizesoftware.com\\\/de\\\/#\\\/schema\\\/logo\\\/image\\\/\",\"url\":\"https:\\\/\\\/revalizesoftware.com\\\/wp-content\\\/uploads\\\/2021\\\/05\\\/revalize-logo.png\",\"contentUrl\":\"https:\\\/\\\/revalizesoftware.com\\\/wp-content\\\/uploads\\\/2021\\\/05\\\/revalize-logo.png\",\"width\":976,\"height\":423,\"caption\":\"Revalize\"},\"image\":{\"@id\":\"https:\\\/\\\/revalizesoftware.com\\\/de\\\/#\\\/schema\\\/logo\\\/image\\\/\"},\"sameAs\":[\"https:\\\/\\\/www.facebook.com\\\/revalize\\\/\",\"https:\\\/\\\/x.com\\\/revalize\",\"https:\\\/\\\/www.linkedin.com\\\/company\\\/revalize\\\/\"]}]}<\/script>\n<!-- \/ Yoast SEO Premium plugin. -->","yoast_head_json":{"title":"SAAS Cloud-L\u00f6sungen - SpecPage","description":"SpecPage bietet SaaS-Cloud-Abonnements an, die Ihnen v\u00f6llige Flexibilit\u00e4t beim Zugriff auf unsere L\u00f6sungen bieten.","robots":{"index":"index","follow":"follow","max-snippet":"max-snippet:-1","max-image-preview":"max-image-preview:large","max-video-preview":"max-video-preview:-1"},"canonical":"https:\/\/revalizesoftware.com\/de\/specpage\/specpage-services\/plm-saas\/","og_locale":"de_DE","og_type":"article","og_title":"SpecPage SAAS Cloud-L\u00f6sungen","og_description":"SpecPage bietet SaaS-Cloud-Abonnements an, die Ihnen v\u00f6llige Flexibilit\u00e4t beim Zugriff auf unsere L\u00f6sungen bieten.","og_url":"https:\/\/revalizesoftware.com\/de\/specpage\/specpage-services\/plm-saas\/","og_site_name":"Revalize","article_publisher":"https:\/\/www.facebook.com\/revalize\/","article_modified_time":"2025-09-12T13:45:15+00:00","twitter_card":"summary_large_image","twitter_site":"@revalize","twitter_misc":{"Gesch\u00e4tzte Lesezeit":"4\u00a0Minuten"},"schema":{"@context":"https:\/\/schema.org","@graph":[{"@type":"WebPage","@id":"https:\/\/revalizesoftware.com\/de\/specpage\/specpage-services\/plm-saas\/","url":"https:\/\/revalizesoftware.com\/de\/specpage\/specpage-services\/plm-saas\/","name":"SAAS Cloud-L\u00f6sungen - SpecPage","isPartOf":{"@id":"https:\/\/revalizesoftware.com\/de\/#website"},"datePublished":"2023-09-01T14:59:03+00:00","dateModified":"2025-09-12T13:45:15+00:00","description":"SpecPage bietet SaaS-Cloud-Abonnements an, die Ihnen v\u00f6llige Flexibilit\u00e4t beim Zugriff auf unsere L\u00f6sungen bieten.","breadcrumb":{"@id":"https:\/\/revalizesoftware.com\/de\/specpage\/specpage-services\/plm-saas\/#breadcrumb"},"inLanguage":"de","potentialAction":[{"@type":"ReadAction","target":["https:\/\/revalizesoftware.com\/de\/specpage\/specpage-services\/plm-saas\/"]}]},{"@type":"BreadcrumbList","@id":"https:\/\/revalizesoftware.com\/de\/specpage\/specpage-services\/plm-saas\/#breadcrumb","itemListElement":[{"@type":"ListItem","position":1,"name":"Home","item":"https:\/\/revalizesoftware.com\/de\/revalize\/"},{"@type":"ListItem","position":2,"name":"SpecPage from Revalize","item":"https:\/\/revalizesoftware.com\/de\/specpage\/"},{"@type":"ListItem","position":3,"name":"SpecPage Services","item":"https:\/\/revalizesoftware.com\/de\/specpage\/specpage-services\/"},{"@type":"ListItem","position":4,"name":"SpecPage SAAS Cloud-L\u00f6sungen"}]},{"@type":"WebSite","@id":"https:\/\/revalizesoftware.com\/de\/#website","url":"https:\/\/revalizesoftware.com\/de\/","name":"Revalize","description":"Great Starts with Revalize","publisher":{"@id":"https:\/\/revalizesoftware.com\/de\/#organization"},"potentialAction":[{"@type":"SearchAction","target":{"@type":"EntryPoint","urlTemplate":"https:\/\/revalizesoftware.com\/de\/?s={search_term_string}"},"query-input":{"@type":"PropertyValueSpecification","valueRequired":true,"valueName":"search_term_string"}}],"inLanguage":"de"},{"@type":"Organization","@id":"https:\/\/revalizesoftware.com\/de\/#organization","name":"Revalize","url":"https:\/\/revalizesoftware.com\/de\/","logo":{"@type":"ImageObject","inLanguage":"de","@id":"https:\/\/revalizesoftware.com\/de\/#\/schema\/logo\/image\/","url":"https:\/\/revalizesoftware.com\/wp-content\/uploads\/2021\/05\/revalize-logo.png","contentUrl":"https:\/\/revalizesoftware.com\/wp-content\/uploads\/2021\/05\/revalize-logo.png","width":976,"height":423,"caption":"Revalize"},"image":{"@id":"https:\/\/revalizesoftware.com\/de\/#\/schema\/logo\/image\/"},"sameAs":["https:\/\/www.facebook.com\/revalize\/","https:\/\/x.com\/revalize","https:\/\/www.linkedin.com\/company\/revalize\/"]}]}},"_links":{"self":[{"href":"https:\/\/revalizesoftware.com\/de\/wp-json\/wp\/v2\/pages\/29519","targetHints":{"allow":["GET"]}}],"collection":[{"href":"https:\/\/revalizesoftware.com\/de\/wp-json\/wp\/v2\/pages"}],"about":[{"href":"https:\/\/revalizesoftware.com\/de\/wp-json\/wp\/v2\/types\/page"}],"author":[{"embeddable":true,"href":"https:\/\/revalizesoftware.com\/de\/wp-json\/wp\/v2\/users\/31"}],"replies":[{"embeddable":true,"href":"https:\/\/revalizesoftware.com\/de\/wp-json\/wp\/v2\/comments?post=29519"}],"version-history":[{"count":0,"href":"https:\/\/revalizesoftware.com\/de\/wp-json\/wp\/v2\/pages\/29519\/revisions"}],"up":[{"embeddable":true,"href":"https:\/\/revalizesoftware.com\/de\/wp-json\/wp\/v2\/pages\/29511"}],"wp:attachment":[{"href":"https:\/\/revalizesoftware.com\/de\/wp-json\/wp\/v2\/media?parent=29519"}],"curies":[{"name":"wp","href":"https:\/\/api.w.org\/{rel}","templated":true}]}}