{"id":46867,"date":"2023-09-27T07:49:51","date_gmt":"2023-09-27T11:49:51","guid":{"rendered":"https:\/\/revalizesoftware.com\/speedmaxx-eine-demo-vereinbaren\/"},"modified":"2026-03-11T14:30:06","modified_gmt":"2026-03-11T18:30:06","slug":"speedmaxx-demo","status":"publish","type":"page","link":"https:\/\/revalizesoftware.com\/de\/speedmaxx\/speedmaxx-demo\/","title":{"rendered":"speedmaxx Demo"},"content":{"rendered":"\t\t<div data-elementor-type=\"wp-page\" data-elementor-id=\"46867\" class=\"elementor elementor-46867 elementor-14022\" data-elementor-post-type=\"page\">\n\t\t\t\t<div class=\"elementor-element elementor-element-96de0bd e-flex e-con-boxed e-con e-parent\" data-id=\"96de0bd\" data-element_type=\"container\" data-e-type=\"container\" id=\"single-post\" data-settings=\"{&quot;background_background&quot;:&quot;classic&quot;}\">\n\t\t\t\t\t<div class=\"e-con-inner\">\n\t\t<div class=\"elementor-element elementor-element-576b431 e-con-full e-flex e-con e-child\" data-id=\"576b431\" data-element_type=\"container\" data-e-type=\"container\">\n\t\t\t\t<div class=\"elementor-element elementor-element-2086d7a elementor-widget elementor-widget-heading\" data-id=\"2086d7a\" data-element_type=\"widget\" data-e-type=\"widget\" data-widget_type=\"heading.default\">\n\t\t\t\t<div class=\"elementor-widget-container\">\n\t\t\t\t\t<h2 class=\"elementor-heading-title elementor-size-default\">KONTAKTIEREN SIE UNS<\/h2>\t\t\t\t<\/div>\n\t\t\t\t<\/div>\n\t\t\t\t<div class=\"elementor-element elementor-element-a234aa4 elementor-widget elementor-widget-heading\" data-id=\"a234aa4\" data-element_type=\"widget\" data-e-type=\"widget\" data-widget_type=\"heading.default\">\n\t\t\t\t<div class=\"elementor-widget-container\">\n\t\t\t\t\t<h2 class=\"elementor-heading-title elementor-size-default\">Sind Sie bereit, ein Gespr\u00e4ch dar\u00fcber zu f\u00fchren, wie Sie bessere Ergebnisse f\u00fcr Ihr Unternehmen erzielen k\u00f6nnen?<\/h2>\t\t\t\t<\/div>\n\t\t\t\t<\/div>\n\t\t\t\t<div class=\"elementor-element elementor-element-4eb15d9 elementor-widget elementor-widget-text-editor\" data-id=\"4eb15d9\" data-element_type=\"widget\" data-e-type=\"widget\" data-widget_type=\"text-editor.default\">\n\t\t\t\t<div class=\"elementor-widget-container\">\n\t\t\t\t\t\t\t\t\tF\u00fcllen Sie das Formular aus, und wir werden Sie mit einem Produktexperten verbinden, der den Anforderungen Ihres Unternehmens entspricht.\t\t\t\t\t\t\t\t<\/div>\n\t\t\t\t<\/div>\n\t\t\t\t<div class=\"elementor-element elementor-element-420db95 elementor-widget elementor-widget-heading\" data-id=\"420db95\" data-element_type=\"widget\" data-e-type=\"widget\" data-widget_type=\"heading.default\">\n\t\t\t\t<div class=\"elementor-widget-container\">\n\t\t\t\t\t<h2 class=\"elementor-heading-title elementor-size-default\">Suchen Sie Unterst\u00fctzung?<\/h2>\t\t\t\t<\/div>\n\t\t\t\t<\/div>\n\t\t\t\t<div class=\"elementor-element elementor-element-4d3cee8 diamond-btn-orange elementor-widget elementor-widget-button\" data-id=\"4d3cee8\" data-element_type=\"widget\" data-e-type=\"widget\" data-widget_type=\"button.default\">\n\t\t\t\t<div class=\"elementor-widget-container\">\n\t\t\t\t\t\t\t\t\t<div class=\"elementor-button-wrapper\">\n\t\t\t\t\t<a class=\"elementor-button elementor-button-link elementor-size-sm\" href=\"https:\/\/support.revalizesoftware.com\/login\" target=\"_blank\">\n\t\t\t\t\t\t<span class=\"elementor-button-content-wrapper\">\n\t\t\t\t\t\t\t\t\t<span class=\"elementor-button-text\">Besuchen Sie unser Support-Portal<\/span>\n\t\t\t\t\t<\/span>\n\t\t\t\t\t<\/a>\n\t\t\t\t<\/div>\n\t\t\t\t\t\t\t\t<\/div>\n\t\t\t\t<\/div>\n\t\t\t\t<\/div>\n\t\t<div class=\"elementor-element elementor-element-1bc2ec2 e-con-full e-flex e-con e-child\" data-id=\"1bc2ec2\" data-element_type=\"container\" data-e-type=\"container\" data-settings=\"{&quot;background_background&quot;:&quot;classic&quot;}\">\n\t\t\t\t<div class=\"elementor-element elementor-element-5fa4fc1 elementor-widget elementor-widget-heading\" data-id=\"5fa4fc1\" data-element_type=\"widget\" data-e-type=\"widget\" data-widget_type=\"heading.default\">\n\t\t\t\t<div class=\"elementor-widget-container\">\n\t\t\t\t\t<h1 class=\"elementor-heading-title elementor-size-default\">Sprechen Sie noch heute mit jemandem von speedmaxx<\/h1>\t\t\t\t<\/div>\n\t\t\t\t<\/div>\n\t\t\t\t<div class=\"elementor-element elementor-element-52b817c elementor-widget elementor-widget-shortcode\" data-id=\"52b817c\" data-element_type=\"widget\" data-e-type=\"widget\" data-widget_type=\"shortcode.default\">\n\t\t\t\t<div class=\"elementor-widget-container\">\n\t\t\t\t\t\t\t<div class=\"elementor-shortcode\">\n\t\t\t\t\t\t<script>\n\t\t\t\t\t\t\twindow.hsFormsOnReady = window.hsFormsOnReady || [];\n\t\t\t\t\t\t\twindow.hsFormsOnReady.push(()=>{\n\t\t\t\t\t\t\t\thbspt.forms.create({\n\t\t\t\t\t\t\t\t\tportalId: 4541184,\n\t\t\t\t\t\t\t\t\tformId: \"0c86a8c6-fbaa-4405-9fb7-0fdcf2ece2ec\",\n\t\t\t\t\t\t\t\t\ttarget: \"#hbspt-form-1776778743000-8950094202\",\n\t\t\t\t\t\t\t\t\tregion: \"na1\",\n\t\t\t\t\t\t\t\t\t\n\t\t\t\t\t\t\t})});\n\t\t\t\t\t\t<\/script>\n\t\t\t\t\t\t<div class=\"hbspt-form\" id=\"hbspt-form-1776778743000-8950094202\"><\/div>\n<\/div>\n\t\t\t\t\t\t<\/div>\n\t\t\t\t<\/div>\n\t\t\t\t<\/div>\n\t\t\t\t\t<\/div>\n\t\t\t\t<\/div>\n\t\t\t\t<\/div>\n\t\t","protected":false},"excerpt":{"rendered":"<p>KONTAKTIEREN SIE UNS Sind Sie bereit, ein Gespr\u00e4ch dar\u00fcber zu f\u00fchren, wie Sie bessere Ergebnisse f\u00fcr Ihr Unternehmen erzielen k\u00f6nnen? F\u00fcllen Sie das Formular aus, und wir werden Sie mit einem Produktexperten verbinden, der den Anforderungen Ihres Unternehmens entspricht. Suchen Sie Unterst\u00fctzung? Besuchen Sie unser Support-Portal Sprechen Sie noch heute mit jemandem von speedmaxx<\/p>\n","protected":false},"author":38,"featured_media":18033,"parent":37569,"menu_order":80,"comment_status":"closed","ping_status":"closed","template":"elementor_header_footer","meta":{"content-type":"","footnotes":""},"class_list":["post-46867","page","type-page","status-publish","has-post-thumbnail","hentry"],"yoast_head":"<!-- This site is optimized with the Yoast SEO Premium plugin v27.4 (Yoast SEO v27.4) - https:\/\/yoast.com\/product\/yoast-seo-premium-wordpress\/ -->\n<title>Erleben Sie speedmaxx in Aktion: Fordern Sie noch heute eine Demo an<\/title>\n<meta name=\"description\" content=\"speedmaxx Fordern Sie eine Demo an und setzen Sie sich mit einem Produktspezialisten in Verbindung, der auf die Bed\u00fcrfnisse Ihres Unternehmens zugeschnitten ist.\" \/>\n<meta name=\"robots\" content=\"index, follow, max-snippet:-1, max-image-preview:large, max-video-preview:-1\" \/>\n<link rel=\"canonical\" href=\"https:\/\/revalizesoftware.com\/de\/speedmaxx\/speedmaxx-demo\/\" \/>\n<meta property=\"og:locale\" content=\"de_DE\" \/>\n<meta property=\"og:type\" content=\"article\" \/>\n<meta property=\"og:title\" content=\"speedmaxx Demo\" \/>\n<meta property=\"og:description\" content=\"speedmaxx Fordern Sie eine Demo an und setzen Sie sich mit einem Produktspezialisten in Verbindung, der auf die Bed\u00fcrfnisse Ihres Unternehmens zugeschnitten ist.\" \/>\n<meta property=\"og:url\" content=\"https:\/\/revalizesoftware.com\/de\/speedmaxx\/speedmaxx-demo\/\" \/>\n<meta property=\"og:site_name\" content=\"Revalize\" \/>\n<meta property=\"article:publisher\" content=\"https:\/\/www.facebook.com\/revalize\/\" \/>\n<meta property=\"article:modified_time\" content=\"2026-03-11T18:30:06+00:00\" \/>\n<meta property=\"og:image\" content=\"https:\/\/revalizesoftware.com\/wp-content\/uploads\/2024\/01\/speedmaxx-From-Revalize-logo.png\" \/>\n\t<meta property=\"og:image:width\" content=\"640\" \/>\n\t<meta property=\"og:image:height\" content=\"202\" \/>\n\t<meta property=\"og:image:type\" content=\"image\/png\" \/>\n<meta name=\"twitter:card\" content=\"summary_large_image\" \/>\n<meta name=\"twitter:site\" content=\"@revalize\" \/>\n<meta name=\"twitter:label1\" content=\"Gesch\u00e4tzte Lesezeit\" \/>\n\t<meta name=\"twitter:data1\" content=\"1\u00a0Minute\" \/>\n<script type=\"application\/ld+json\" class=\"yoast-schema-graph\">{\"@context\":\"https:\\\/\\\/schema.org\",\"@graph\":[{\"@type\":\"WebPage\",\"@id\":\"https:\\\/\\\/revalizesoftware.com\\\/de\\\/speedmaxx\\\/speedmaxx-demo\\\/\",\"url\":\"https:\\\/\\\/revalizesoftware.com\\\/de\\\/speedmaxx\\\/speedmaxx-demo\\\/\",\"name\":\"Erleben Sie speedmaxx in Aktion: Fordern Sie noch heute eine Demo an\",\"isPartOf\":{\"@id\":\"https:\\\/\\\/revalizesoftware.com\\\/de\\\/#website\"},\"primaryImageOfPage\":{\"@id\":\"https:\\\/\\\/revalizesoftware.com\\\/de\\\/speedmaxx\\\/speedmaxx-demo\\\/#primaryimage\"},\"image\":{\"@id\":\"https:\\\/\\\/revalizesoftware.com\\\/de\\\/speedmaxx\\\/speedmaxx-demo\\\/#primaryimage\"},\"thumbnailUrl\":\"https:\\\/\\\/revalizesoftware.com\\\/wp-content\\\/uploads\\\/2024\\\/01\\\/speedmaxx-From-Revalize-logo.png\",\"datePublished\":\"2023-09-27T11:49:51+00:00\",\"dateModified\":\"2026-03-11T18:30:06+00:00\",\"description\":\"speedmaxx Fordern Sie eine Demo an und setzen Sie sich mit einem Produktspezialisten in Verbindung, der auf die Bed\u00fcrfnisse Ihres Unternehmens zugeschnitten ist.\",\"breadcrumb\":{\"@id\":\"https:\\\/\\\/revalizesoftware.com\\\/de\\\/speedmaxx\\\/speedmaxx-demo\\\/#breadcrumb\"},\"inLanguage\":\"de\",\"potentialAction\":[{\"@type\":\"ReadAction\",\"target\":[\"https:\\\/\\\/revalizesoftware.com\\\/de\\\/speedmaxx\\\/speedmaxx-demo\\\/\"]}]},{\"@type\":\"ImageObject\",\"inLanguage\":\"de\",\"@id\":\"https:\\\/\\\/revalizesoftware.com\\\/de\\\/speedmaxx\\\/speedmaxx-demo\\\/#primaryimage\",\"url\":\"https:\\\/\\\/revalizesoftware.com\\\/wp-content\\\/uploads\\\/2024\\\/01\\\/speedmaxx-From-Revalize-logo.png\",\"contentUrl\":\"https:\\\/\\\/revalizesoftware.com\\\/wp-content\\\/uploads\\\/2024\\\/01\\\/speedmaxx-From-Revalize-logo.png\",\"width\":640,\"height\":202,\"caption\":\"speedmaxx von Revalize\"},{\"@type\":\"BreadcrumbList\",\"@id\":\"https:\\\/\\\/revalizesoftware.com\\\/de\\\/speedmaxx\\\/speedmaxx-demo\\\/#breadcrumb\",\"itemListElement\":[{\"@type\":\"ListItem\",\"position\":1,\"name\":\"Home\",\"item\":\"https:\\\/\\\/revalizesoftware.com\\\/de\\\/revalize\\\/\"},{\"@type\":\"ListItem\",\"position\":2,\"name\":\"speedmaxx von Revalize\",\"item\":\"https:\\\/\\\/revalizesoftware.com\\\/de\\\/speedmaxx\\\/\"},{\"@type\":\"ListItem\",\"position\":3,\"name\":\"speedmaxx Demo\"}]},{\"@type\":\"WebSite\",\"@id\":\"https:\\\/\\\/revalizesoftware.com\\\/de\\\/#website\",\"url\":\"https:\\\/\\\/revalizesoftware.com\\\/de\\\/\",\"name\":\"Revalize\",\"description\":\"Great Starts with Revalize\",\"publisher\":{\"@id\":\"https:\\\/\\\/revalizesoftware.com\\\/de\\\/#organization\"},\"potentialAction\":[{\"@type\":\"SearchAction\",\"target\":{\"@type\":\"EntryPoint\",\"urlTemplate\":\"https:\\\/\\\/revalizesoftware.com\\\/de\\\/?s={search_term_string}\"},\"query-input\":{\"@type\":\"PropertyValueSpecification\",\"valueRequired\":true,\"valueName\":\"search_term_string\"}}],\"inLanguage\":\"de\"},{\"@type\":\"Organization\",\"@id\":\"https:\\\/\\\/revalizesoftware.com\\\/de\\\/#organization\",\"name\":\"Revalize\",\"url\":\"https:\\\/\\\/revalizesoftware.com\\\/de\\\/\",\"logo\":{\"@type\":\"ImageObject\",\"inLanguage\":\"de\",\"@id\":\"https:\\\/\\\/revalizesoftware.com\\\/de\\\/#\\\/schema\\\/logo\\\/image\\\/\",\"url\":\"https:\\\/\\\/revalizesoftware.com\\\/wp-content\\\/uploads\\\/2021\\\/05\\\/revalize-logo.png\",\"contentUrl\":\"https:\\\/\\\/revalizesoftware.com\\\/wp-content\\\/uploads\\\/2021\\\/05\\\/revalize-logo.png\",\"width\":976,\"height\":423,\"caption\":\"Revalize\"},\"image\":{\"@id\":\"https:\\\/\\\/revalizesoftware.com\\\/de\\\/#\\\/schema\\\/logo\\\/image\\\/\"},\"sameAs\":[\"https:\\\/\\\/www.facebook.com\\\/revalize\\\/\",\"https:\\\/\\\/x.com\\\/revalize\",\"https:\\\/\\\/www.linkedin.com\\\/company\\\/revalize\\\/\"]}]}<\/script>\n<!-- \/ Yoast SEO Premium plugin. -->","yoast_head_json":{"title":"Erleben Sie speedmaxx in Aktion: Fordern Sie noch heute eine Demo an","description":"speedmaxx Fordern Sie eine Demo an und setzen Sie sich mit einem Produktspezialisten in Verbindung, der auf die Bed\u00fcrfnisse Ihres Unternehmens zugeschnitten ist.","robots":{"index":"index","follow":"follow","max-snippet":"max-snippet:-1","max-image-preview":"max-image-preview:large","max-video-preview":"max-video-preview:-1"},"canonical":"https:\/\/revalizesoftware.com\/de\/speedmaxx\/speedmaxx-demo\/","og_locale":"de_DE","og_type":"article","og_title":"speedmaxx Demo","og_description":"speedmaxx Fordern Sie eine Demo an und setzen Sie sich mit einem Produktspezialisten in Verbindung, der auf die Bed\u00fcrfnisse Ihres Unternehmens zugeschnitten ist.","og_url":"https:\/\/revalizesoftware.com\/de\/speedmaxx\/speedmaxx-demo\/","og_site_name":"Revalize","article_publisher":"https:\/\/www.facebook.com\/revalize\/","article_modified_time":"2026-03-11T18:30:06+00:00","og_image":[{"width":640,"height":202,"url":"https:\/\/revalizesoftware.com\/wp-content\/uploads\/2024\/01\/speedmaxx-From-Revalize-logo.png","type":"image\/png"}],"twitter_card":"summary_large_image","twitter_site":"@revalize","twitter_misc":{"Gesch\u00e4tzte Lesezeit":"1\u00a0Minute"},"schema":{"@context":"https:\/\/schema.org","@graph":[{"@type":"WebPage","@id":"https:\/\/revalizesoftware.com\/de\/speedmaxx\/speedmaxx-demo\/","url":"https:\/\/revalizesoftware.com\/de\/speedmaxx\/speedmaxx-demo\/","name":"Erleben Sie speedmaxx in Aktion: Fordern Sie noch heute eine Demo an","isPartOf":{"@id":"https:\/\/revalizesoftware.com\/de\/#website"},"primaryImageOfPage":{"@id":"https:\/\/revalizesoftware.com\/de\/speedmaxx\/speedmaxx-demo\/#primaryimage"},"image":{"@id":"https:\/\/revalizesoftware.com\/de\/speedmaxx\/speedmaxx-demo\/#primaryimage"},"thumbnailUrl":"https:\/\/revalizesoftware.com\/wp-content\/uploads\/2024\/01\/speedmaxx-From-Revalize-logo.png","datePublished":"2023-09-27T11:49:51+00:00","dateModified":"2026-03-11T18:30:06+00:00","description":"speedmaxx Fordern Sie eine Demo an und setzen Sie sich mit einem Produktspezialisten in Verbindung, der auf die Bed\u00fcrfnisse Ihres Unternehmens zugeschnitten ist.","breadcrumb":{"@id":"https:\/\/revalizesoftware.com\/de\/speedmaxx\/speedmaxx-demo\/#breadcrumb"},"inLanguage":"de","potentialAction":[{"@type":"ReadAction","target":["https:\/\/revalizesoftware.com\/de\/speedmaxx\/speedmaxx-demo\/"]}]},{"@type":"ImageObject","inLanguage":"de","@id":"https:\/\/revalizesoftware.com\/de\/speedmaxx\/speedmaxx-demo\/#primaryimage","url":"https:\/\/revalizesoftware.com\/wp-content\/uploads\/2024\/01\/speedmaxx-From-Revalize-logo.png","contentUrl":"https:\/\/revalizesoftware.com\/wp-content\/uploads\/2024\/01\/speedmaxx-From-Revalize-logo.png","width":640,"height":202,"caption":"speedmaxx von Revalize"},{"@type":"BreadcrumbList","@id":"https:\/\/revalizesoftware.com\/de\/speedmaxx\/speedmaxx-demo\/#breadcrumb","itemListElement":[{"@type":"ListItem","position":1,"name":"Home","item":"https:\/\/revalizesoftware.com\/de\/revalize\/"},{"@type":"ListItem","position":2,"name":"speedmaxx von Revalize","item":"https:\/\/revalizesoftware.com\/de\/speedmaxx\/"},{"@type":"ListItem","position":3,"name":"speedmaxx Demo"}]},{"@type":"WebSite","@id":"https:\/\/revalizesoftware.com\/de\/#website","url":"https:\/\/revalizesoftware.com\/de\/","name":"Revalize","description":"Great Starts with Revalize","publisher":{"@id":"https:\/\/revalizesoftware.com\/de\/#organization"},"potentialAction":[{"@type":"SearchAction","target":{"@type":"EntryPoint","urlTemplate":"https:\/\/revalizesoftware.com\/de\/?s={search_term_string}"},"query-input":{"@type":"PropertyValueSpecification","valueRequired":true,"valueName":"search_term_string"}}],"inLanguage":"de"},{"@type":"Organization","@id":"https:\/\/revalizesoftware.com\/de\/#organization","name":"Revalize","url":"https:\/\/revalizesoftware.com\/de\/","logo":{"@type":"ImageObject","inLanguage":"de","@id":"https:\/\/revalizesoftware.com\/de\/#\/schema\/logo\/image\/","url":"https:\/\/revalizesoftware.com\/wp-content\/uploads\/2021\/05\/revalize-logo.png","contentUrl":"https:\/\/revalizesoftware.com\/wp-content\/uploads\/2021\/05\/revalize-logo.png","width":976,"height":423,"caption":"Revalize"},"image":{"@id":"https:\/\/revalizesoftware.com\/de\/#\/schema\/logo\/image\/"},"sameAs":["https:\/\/www.facebook.com\/revalize\/","https:\/\/x.com\/revalize","https:\/\/www.linkedin.com\/company\/revalize\/"]}]}},"_links":{"self":[{"href":"https:\/\/revalizesoftware.com\/de\/wp-json\/wp\/v2\/pages\/46867","targetHints":{"allow":["GET"]}}],"collection":[{"href":"https:\/\/revalizesoftware.com\/de\/wp-json\/wp\/v2\/pages"}],"about":[{"href":"https:\/\/revalizesoftware.com\/de\/wp-json\/wp\/v2\/types\/page"}],"author":[{"embeddable":true,"href":"https:\/\/revalizesoftware.com\/de\/wp-json\/wp\/v2\/users\/38"}],"replies":[{"embeddable":true,"href":"https:\/\/revalizesoftware.com\/de\/wp-json\/wp\/v2\/comments?post=46867"}],"version-history":[{"count":0,"href":"https:\/\/revalizesoftware.com\/de\/wp-json\/wp\/v2\/pages\/46867\/revisions"}],"up":[{"embeddable":true,"href":"https:\/\/revalizesoftware.com\/de\/wp-json\/wp\/v2\/pages\/37569"}],"wp:featuredmedia":[{"embeddable":true,"href":"https:\/\/revalizesoftware.com\/de\/wp-json\/wp\/v2\/media\/18033"}],"wp:attachment":[{"href":"https:\/\/revalizesoftware.com\/de\/wp-json\/wp\/v2\/media?parent=46867"}],"curies":[{"name":"wp","href":"https:\/\/api.w.org\/{rel}","templated":true}]}}