{"id":68284,"date":"2025-02-25T09:33:08","date_gmt":"2025-02-25T14:33:08","guid":{"rendered":"https:\/\/revalizesoftware.com\/support-portal-anleitung-zur-selbstregistrierung\/"},"modified":"2025-04-08T08:19:01","modified_gmt":"2025-04-08T12:19:01","slug":"support-portal-anleitung-zur-selbstregistrierung","status":"publish","type":"page","link":"https:\/\/revalizesoftware.com\/de\/support-portal-anleitung-zur-selbstregistrierung\/","title":{"rendered":"Support Portal Anleitung zur Selbstregistrierung"},"content":{"rendered":"\t\t<div data-elementor-type=\"wp-page\" data-elementor-id=\"68284\" class=\"elementor elementor-68284 elementor-67007\" data-elementor-post-type=\"page\">\n\t\t\t\t<div class=\"elementor-element elementor-element-ac317af e-flex e-con-boxed e-con e-parent\" data-id=\"ac317af\" data-element_type=\"container\" data-e-type=\"container\">\n\t\t\t\t\t<div class=\"e-con-inner\">\n\t\t\t\t<div class=\"elementor-element elementor-element-577357b elementor-widget elementor-widget-heading\" data-id=\"577357b\" data-element_type=\"widget\" data-e-type=\"widget\" data-widget_type=\"heading.default\">\n\t\t\t\t<div class=\"elementor-widget-container\">\n\t\t\t\t\t<h2 class=\"elementor-heading-title elementor-size-default\">Anleitung zur Selbstregistrierung im Revalize-Kundenportal  <\/h2>\t\t\t\t<\/div>\n\t\t\t\t<\/div>\n\t\t\t\t<div class=\"elementor-element elementor-element-f58b7ff elementor-widget elementor-widget-text-editor\" data-id=\"f58b7ff\" data-element_type=\"widget\" data-e-type=\"widget\" data-widget_type=\"text-editor.default\">\n\t\t\t\t<div class=\"elementor-widget-container\">\n\t\t\t\t\t\t\t\t\t<p>Willkommen bei der Anleitung zur Registrierung im Revalize-Kundenportal! Befolgen Sie diese einfachen Schritte, um Ihr Konto einzurichten und auf unsere Support-Services zuzugreifen. <\/p>\t\t\t\t\t\t\t\t<\/div>\n\t\t\t\t<\/div>\n\t\t\t\t<div class=\"elementor-element elementor-element-7a9595a elementor-widget elementor-widget-text-editor\" data-id=\"7a9595a\" data-element_type=\"widget\" data-e-type=\"widget\" data-widget_type=\"text-editor.default\">\n\t\t\t\t<div class=\"elementor-widget-container\">\n\t\t\t\t\t\t\t\t\tSchritt-f\u00fcr-Schritt-Registrierungsprozess  \t\t\t\t\t\t\t\t<\/div>\n\t\t\t\t<\/div>\n\t\t\t\t<div class=\"elementor-element elementor-element-d3c4feb elementor-widget elementor-widget-heading\" data-id=\"d3c4feb\" data-element_type=\"widget\" data-e-type=\"widget\" data-widget_type=\"heading.default\">\n\t\t\t\t<div class=\"elementor-widget-container\">\n\t\t\t\t\t<h2 class=\"elementor-heading-title elementor-size-default\">1. Besuchen Sie das Portal  <\/h2>\t\t\t\t<\/div>\n\t\t\t\t<\/div>\n\t\t\t\t<div class=\"elementor-element elementor-element-b0c7383 elementor-icon-list--layout-traditional elementor-list-item-link-full_width elementor-widget elementor-widget-icon-list\" data-id=\"b0c7383\" data-element_type=\"widget\" data-e-type=\"widget\" data-widget_type=\"icon-list.default\">\n\t\t\t\t<div class=\"elementor-widget-container\">\n\t\t\t\t\t\t\t<ul class=\"elementor-icon-list-items\">\n\t\t\t\t\t\t\t<li class=\"elementor-icon-list-item\">\n\t\t\t\t\t\t\t\t\t\t\t<a href=\"https:\/\/support.revalizesoftware.com\/\">\n\n\t\t\t\t\t\t\t\t\t\t\t\t<span class=\"elementor-icon-list-icon\">\n\t\t\t\t\t\t\t<svg aria-hidden=\"true\" class=\"e-font-icon-svg e-fas-circle\" viewBox=\"0 0 512 512\" xmlns=\"http:\/\/www.w3.org\/2000\/svg\"><path d=\"M256 8C119 8 8 119 8 256s111 248 248 248 248-111 248-248S393 8 256 8z\"><\/path><\/svg>\t\t\t\t\t\t<\/span>\n\t\t\t\t\t\t\t\t\t\t<span class=\"elementor-icon-list-text\">\u00d6ffnen Sie Ihren Webbrowser und gehen Sie auf support.revalizesoftware.com <\/span>\n\t\t\t\t\t\t\t\t\t\t\t<\/a>\n\t\t\t\t\t\t\t\t\t<\/li>\n\t\t\t\t\t\t<\/ul>\n\t\t\t\t\t\t<\/div>\n\t\t\t\t<\/div>\n\t\t\t\t<div class=\"elementor-element elementor-element-f9394d3 elementor-widget elementor-widget-heading\" data-id=\"f9394d3\" data-element_type=\"widget\" data-e-type=\"widget\" data-widget_type=\"heading.default\">\n\t\t\t\t<div class=\"elementor-widget-container\">\n\t\t\t\t\t<h2 class=\"elementor-heading-title elementor-size-default\">2. Anmelden  <\/h2>\t\t\t\t<\/div>\n\t\t\t\t<\/div>\n\t\t\t\t<div class=\"elementor-element elementor-element-99a2121 elementor-icon-list--layout-traditional elementor-list-item-link-full_width elementor-widget elementor-widget-icon-list\" data-id=\"99a2121\" data-element_type=\"widget\" data-e-type=\"widget\" data-widget_type=\"icon-list.default\">\n\t\t\t\t<div class=\"elementor-widget-container\">\n\t\t\t\t\t\t\t<ul class=\"elementor-icon-list-items\">\n\t\t\t\t\t\t\t<li class=\"elementor-icon-list-item\">\n\t\t\t\t\t\t\t\t\t\t\t<span class=\"elementor-icon-list-icon\">\n\t\t\t\t\t\t\t<svg aria-hidden=\"true\" class=\"e-font-icon-svg e-fas-circle\" viewBox=\"0 0 512 512\" xmlns=\"http:\/\/www.w3.org\/2000\/svg\"><path d=\"M256 8C119 8 8 119 8 256s111 248 248 248 248-111 248-248S393 8 256 8z\"><\/path><\/svg>\t\t\t\t\t\t<\/span>\n\t\t\t\t\t\t\t\t\t\t<span class=\"elementor-icon-list-text\">Klicken Sie auf der Anmeldeseite auf den Link \"Anmelden\".  <\/span>\n\t\t\t\t\t\t\t\t\t<\/li>\n\t\t\t\t\t\t<\/ul>\n\t\t\t\t\t\t<\/div>\n\t\t\t\t<\/div>\n\t\t\t\t<div class=\"elementor-element elementor-element-5d5f154 elementor-widget elementor-widget-image\" data-id=\"5d5f154\" data-element_type=\"widget\" data-e-type=\"widget\" data-widget_type=\"image.default\">\n\t\t\t\t<div class=\"elementor-widget-container\">\n\t\t\t\t\t\t\t\t\t\t\t\t\t\t\t<img fetchpriority=\"high\" decoding=\"async\" width=\"470\" height=\"590\" src=\"https:\/\/revalizesoftware.com\/wp-content\/uploads\/2025\/02\/Login-Prompt-Sign-Up.png\" class=\"attachment-full size-full wp-image-67036\" alt=\"Anmeldeseite f\u00fcr die Revalize Support Community mit Feldern f\u00fcr Benutzernamen und Passwort. Sie haben die M\u00f6glichkeit, sich an die Anmeldung zu erinnern, das Passwort zur\u00fcckzusetzen und sich anzumelden. Greifen Sie auf das Revalize Support Portal zu, um den Leitfaden zur Fallerstellung in aller Ruhe zu studieren.\" srcset=\"https:\/\/revalizesoftware.com\/wp-content\/uploads\/2025\/02\/Login-Prompt-Sign-Up.png 470w, https:\/\/revalizesoftware.com\/wp-content\/uploads\/2025\/02\/Login-Prompt-Sign-Up-239x300.png 239w\" sizes=\"(max-width: 470px) 100vw, 470px\" \/>\t\t\t\t\t\t\t\t\t\t\t\t\t\t\t<\/div>\n\t\t\t\t<\/div>\n\t\t\t\t<div class=\"elementor-element elementor-element-6d19ad3 elementor-widget elementor-widget-heading\" data-id=\"6d19ad3\" data-element_type=\"widget\" data-e-type=\"widget\" data-widget_type=\"heading.default\">\n\t\t\t\t<div class=\"elementor-widget-container\">\n\t\t\t\t\t<h2 class=\"elementor-heading-title elementor-size-default\">3. F\u00fcllen Sie Ihre Informationen aus  <\/h2>\t\t\t\t<\/div>\n\t\t\t\t<\/div>\n\t\t\t\t<div class=\"elementor-element elementor-element-7469bb0 elementor-icon-list--layout-traditional elementor-list-item-link-full_width elementor-widget elementor-widget-icon-list\" data-id=\"7469bb0\" data-element_type=\"widget\" data-e-type=\"widget\" data-widget_type=\"icon-list.default\">\n\t\t\t\t<div class=\"elementor-widget-container\">\n\t\t\t\t\t\t\t<ul class=\"elementor-icon-list-items\">\n\t\t\t\t\t\t\t<li class=\"elementor-icon-list-item\">\n\t\t\t\t\t\t\t\t\t\t\t<span class=\"elementor-icon-list-icon\">\n\t\t\t\t\t\t\t<svg aria-hidden=\"true\" class=\"e-font-icon-svg e-fas-circle\" viewBox=\"0 0 512 512\" xmlns=\"http:\/\/www.w3.org\/2000\/svg\"><path d=\"M256 8C119 8 8 119 8 256s111 248 248 248 248-111 248-248S393 8 256 8z\"><\/path><\/svg>\t\t\t\t\t\t<\/span>\n\t\t\t\t\t\t\t\t\t\t<span class=\"elementor-icon-list-text\">Geben Sie Ihren Vor- und Nachnamen, Ihre E-Mail-Adresse und den Namen Ihres Unternehmens ein und w\u00e4hlen Sie Ihre bevorzugte Sprache.  <\/span>\n\t\t\t\t\t\t\t\t\t<\/li>\n\t\t\t\t\t\t\t\t<li class=\"elementor-icon-list-item\">\n\t\t\t\t\t\t\t\t\t\t\t<span class=\"elementor-icon-list-icon\">\n\t\t\t\t\t\t\t<svg aria-hidden=\"true\" class=\"e-font-icon-svg e-fas-circle\" viewBox=\"0 0 512 512\" xmlns=\"http:\/\/www.w3.org\/2000\/svg\"><path d=\"M256 8C119 8 8 119 8 256s111 248 248 248 248-111 248-248S393 8 256 8z\"><\/path><\/svg>\t\t\t\t\t\t<\/span>\n\t\t\t\t\t\t\t\t\t\t<span class=\"elementor-icon-list-text\">Klicken Sie auf \"Konto erstellen\", um fortzufahren.  <\/span>\n\t\t\t\t\t\t\t\t\t<\/li>\n\t\t\t\t\t\t<\/ul>\n\t\t\t\t\t\t<\/div>\n\t\t\t\t<\/div>\n\t\t\t\t<div class=\"elementor-element elementor-element-6ef6f44 elementor-widget elementor-widget-image\" data-id=\"6ef6f44\" data-element_type=\"widget\" data-e-type=\"widget\" data-widget_type=\"image.default\">\n\t\t\t\t<div class=\"elementor-widget-container\">\n\t\t\t\t\t\t\t\t\t\t\t\t\t\t\t<img decoding=\"async\" width=\"532\" height=\"824\" src=\"https:\/\/revalizesoftware.com\/wp-content\/uploads\/2025\/02\/Self-Registration-Prompt.png\" class=\"attachment-full size-full wp-image-67021\" alt=\"F\u00fcllen Sie das Revalize-Anmeldeformular aus und geben Sie Ihren Vornamen, Nachnamen, Ihre E-Mail-Adresse und Ihr Unternehmen an. Greifen Sie auf Sprachoptionen wie Englisch, Spanisch, Polnisch und Deutsch zu. Nutzen Sie unser Support-Portal f\u00fcr die nahtlose Erstellung von F\u00e4llen \u00fcber die Schaltfl\u00e4che Konto erstellen am unteren Rand.\" srcset=\"https:\/\/revalizesoftware.com\/wp-content\/uploads\/2025\/02\/Self-Registration-Prompt.png 532w, https:\/\/revalizesoftware.com\/wp-content\/uploads\/2025\/02\/Self-Registration-Prompt-194x300.png 194w\" sizes=\"(max-width: 532px) 100vw, 532px\" \/>\t\t\t\t\t\t\t\t\t\t\t\t\t\t\t<\/div>\n\t\t\t\t<\/div>\n\t\t\t\t<div class=\"elementor-element elementor-element-a6d2477 elementor-widget elementor-widget-text-editor\" data-id=\"a6d2477\" data-element_type=\"widget\" data-e-type=\"widget\" data-widget_type=\"text-editor.default\">\n\t\t\t\t<div class=\"elementor-widget-container\">\n\t\t\t\t\t\t\t\t\tWie geht es weiter?  \t\t\t\t\t\t\t\t<\/div>\n\t\t\t\t<\/div>\n\t\t\t\t<div class=\"elementor-element elementor-element-b3dcfcc elementor-widget elementor-widget-text-editor\" data-id=\"b3dcfcc\" data-element_type=\"widget\" data-e-type=\"widget\" data-widget_type=\"text-editor.default\">\n\t\t\t\t<div class=\"elementor-widget-container\">\n\t\t\t\t\t\t\t\t\tW\u00e4hrend unseres Registrierungsprozesses werden die von Ihnen angegebenen Informationen mit den Kontoinformationen in unserem System abgeglichen. \t\t\t\t\t\t\t\t<\/div>\n\t\t\t\t<\/div>\n\t\t\t\t<div class=\"elementor-element elementor-element-8515df2 elementor-icon-list--layout-traditional elementor-list-item-link-full_width elementor-widget elementor-widget-icon-list\" data-id=\"8515df2\" data-element_type=\"widget\" data-e-type=\"widget\" data-widget_type=\"icon-list.default\">\n\t\t\t\t<div class=\"elementor-widget-container\">\n\t\t\t\t\t\t\t<ul class=\"elementor-icon-list-items\">\n\t\t\t\t\t\t\t<li class=\"elementor-icon-list-item\">\n\t\t\t\t\t\t\t\t\t\t\t<span class=\"elementor-icon-list-icon\">\n\t\t\t\t\t\t\t<svg aria-hidden=\"true\" class=\"e-font-icon-svg e-fas-circle\" viewBox=\"0 0 512 512\" xmlns=\"http:\/\/www.w3.org\/2000\/svg\"><path d=\"M256 8C119 8 8 119 8 256s111 248 248 248 248-111 248-248S393 8 256 8z\"><\/path><\/svg>\t\t\t\t\t\t<\/span>\n\t\t\t\t\t\t\t\t\t\t<span class=\"elementor-icon-list-text\">Wenn es eine \u00dcbereinstimmung gibt, wird eine Meldung auf dem Bildschirm angezeigt, in der Sie aufgefordert werden, Ihre E-Mail f\u00fcr die n\u00e4chsten Schritte zu \u00fcberpr\u00fcfen. Dieser Vorgang dauert nur ein paar Minuten. Bitte \u00fcberpr\u00fcfen Sie Ihren Junk- oder Spam-Ordner, wenn Sie keine weitere Nachricht in Ihrem Posteingang finden.    <\/span>\n\t\t\t\t\t\t\t\t\t<\/li>\n\t\t\t\t\t\t\t\t<li class=\"elementor-icon-list-item\">\n\t\t\t\t\t\t\t\t\t\t\t<span class=\"elementor-icon-list-icon\">\n\t\t\t\t\t\t\t<svg aria-hidden=\"true\" class=\"e-font-icon-svg e-fas-circle\" viewBox=\"0 0 512 512\" xmlns=\"http:\/\/www.w3.org\/2000\/svg\"><path d=\"M256 8C119 8 8 119 8 256s111 248 248 248 248-111 248-248S393 8 256 8z\"><\/path><\/svg>\t\t\t\t\t\t<\/span>\n\t\t\t\t\t\t\t\t\t\t<span class=\"elementor-icon-list-text\">Wenn es keine \u00dcbereinstimmung gibt, erscheint eine Meldung auf dem Bildschirm, die Sie darauf hinweist, dass das Kundensupport-Team Ihre Anfrage \u00fcberpr\u00fcfen wird. Das Kundensupport Team ist darum bem\u00fcht, die Pr\u00fcfung innerhalb von zwei Werktagen abzuschlie\u00dfen. Wenn Ihr Antrag genehmigt wird, erhalten Sie eine E-Mail mit Informationen zu den n\u00e4chsten Schritten.   <\/span>\n\t\t\t\t\t\t\t\t\t<\/li>\n\t\t\t\t\t\t\t\t<li class=\"elementor-icon-list-item\">\n\t\t\t\t\t\t\t\t\t\t\t<span class=\"elementor-icon-list-icon\">\n\t\t\t\t\t\t\t<svg aria-hidden=\"true\" class=\"e-font-icon-svg e-fas-circle\" viewBox=\"0 0 512 512\" xmlns=\"http:\/\/www.w3.org\/2000\/svg\"><path d=\"M256 8C119 8 8 119 8 256s111 248 248 248 248-111 248-248S393 8 256 8z\"><\/path><\/svg>\t\t\t\t\t\t<\/span>\n\t\t\t\t\t\t\t\t\t\t<span class=\"elementor-icon-list-text\">Wenn Sie Fragen zu Ihrer Registrierungsanfrage haben, wird sich der Kundendienst mit Ihnen in Verbindung setzen, um dies zu besprechen.  <\/span>\n\t\t\t\t\t\t\t\t\t<\/li>\n\t\t\t\t\t\t<\/ul>\n\t\t\t\t\t\t<\/div>\n\t\t\t\t<\/div>\n\t\t\t\t\t<\/div>\n\t\t\t\t<\/div>\n\t\t\t\t<\/div>\n\t\t","protected":false},"excerpt":{"rendered":"<p>Anleitung zur Selbstregistrierung im Revalize-Kundenportal Willkommen bei der Anleitung zur Registrierung im Revalize-Kundenportal! Befolgen Sie diese einfachen Schritte, um Ihr Konto einzurichten und auf unsere Support-Services zuzugreifen. Schritt-f\u00fcr-Schritt-Registrierungsprozess 1. Besuchen Sie das Portal \u00d6ffnen Sie Ihren Webbrowser und gehen Sie auf support.revalizesoftware.com 2. Anmelden Klicken Sie auf der Anmeldeseite auf den Link &#8220;Anmelden&#8221;. 3. F\u00fcllen [&hellip;]<\/p>\n","protected":false},"author":39,"featured_media":0,"parent":0,"menu_order":0,"comment_status":"closed","ping_status":"closed","template":"","meta":{"content-type":"","footnotes":""},"class_list":["post-68284","page","type-page","status-publish","hentry"],"yoast_head":"<!-- This site is optimized with the Yoast SEO Premium plugin v27.5 (Yoast SEO v27.5) - https:\/\/yoast.com\/product\/yoast-seo-premium-wordpress\/ -->\n<title>Support Portal Anleitung zur Selbstregistrierung - Revalize<\/title>\n<meta name=\"robots\" content=\"noindex, nofollow\" \/>\n<meta property=\"og:locale\" content=\"de_DE\" \/>\n<meta property=\"og:type\" content=\"article\" \/>\n<meta property=\"og:title\" content=\"Support Portal Anleitung zur Selbstregistrierung\" \/>\n<meta property=\"og:description\" content=\"Anleitung zur Selbstregistrierung im Revalize-Kundenportal Willkommen bei der Anleitung zur Registrierung im Revalize-Kundenportal! Befolgen Sie diese einfachen Schritte, um Ihr Konto einzurichten und auf unsere Support-Services zuzugreifen. Schritt-f\u00fcr-Schritt-Registrierungsprozess 1. Besuchen Sie das Portal \u00d6ffnen Sie Ihren Webbrowser und gehen Sie auf support.revalizesoftware.com 2. Anmelden Klicken Sie auf der Anmeldeseite auf den Link &#8220;Anmelden&#8221;. 3. F\u00fcllen [&hellip;]\" \/>\n<meta property=\"og:url\" content=\"https:\/\/revalizesoftware.com\/de\/support-portal-anleitung-zur-selbstregistrierung\/\" \/>\n<meta property=\"og:site_name\" content=\"Revalize\" \/>\n<meta property=\"article:publisher\" content=\"https:\/\/www.facebook.com\/revalize\/\" \/>\n<meta property=\"article:modified_time\" content=\"2025-04-08T12:19:01+00:00\" \/>\n<meta property=\"og:image\" content=\"https:\/\/revalizesoftware.com\/wp-content\/uploads\/2025\/02\/Login-Prompt-Sign-Up.png\" \/>\n<meta name=\"twitter:card\" content=\"summary_large_image\" \/>\n<meta name=\"twitter:site\" content=\"@revalize\" \/>\n<meta name=\"twitter:label1\" content=\"Gesch\u00e4tzte Lesezeit\" \/>\n\t<meta name=\"twitter:data1\" content=\"2\u00a0Minuten\" \/>\n<script type=\"application\/ld+json\" class=\"yoast-schema-graph\">{\"@context\":\"https:\\\/\\\/schema.org\",\"@graph\":[{\"@type\":\"WebPage\",\"@id\":\"https:\\\/\\\/revalizesoftware.com\\\/de\\\/support-portal-anleitung-zur-selbstregistrierung\\\/\",\"url\":\"https:\\\/\\\/revalizesoftware.com\\\/de\\\/support-portal-anleitung-zur-selbstregistrierung\\\/\",\"name\":\"Support Portal Anleitung zur Selbstregistrierung - Revalize\",\"isPartOf\":{\"@id\":\"https:\\\/\\\/revalizesoftware.com\\\/de\\\/#website\"},\"primaryImageOfPage\":{\"@id\":\"https:\\\/\\\/revalizesoftware.com\\\/de\\\/support-portal-anleitung-zur-selbstregistrierung\\\/#primaryimage\"},\"image\":{\"@id\":\"https:\\\/\\\/revalizesoftware.com\\\/de\\\/support-portal-anleitung-zur-selbstregistrierung\\\/#primaryimage\"},\"thumbnailUrl\":\"https:\\\/\\\/revalizesoftware.com\\\/wp-content\\\/uploads\\\/2025\\\/02\\\/Login-Prompt-Sign-Up.png\",\"datePublished\":\"2025-02-25T14:33:08+00:00\",\"dateModified\":\"2025-04-08T12:19:01+00:00\",\"breadcrumb\":{\"@id\":\"https:\\\/\\\/revalizesoftware.com\\\/de\\\/support-portal-anleitung-zur-selbstregistrierung\\\/#breadcrumb\"},\"inLanguage\":\"de\",\"potentialAction\":[{\"@type\":\"ReadAction\",\"target\":[\"https:\\\/\\\/revalizesoftware.com\\\/de\\\/support-portal-anleitung-zur-selbstregistrierung\\\/\"]}]},{\"@type\":\"ImageObject\",\"inLanguage\":\"de\",\"@id\":\"https:\\\/\\\/revalizesoftware.com\\\/de\\\/support-portal-anleitung-zur-selbstregistrierung\\\/#primaryimage\",\"url\":\"https:\\\/\\\/revalizesoftware.com\\\/wp-content\\\/uploads\\\/2025\\\/02\\\/Login-Prompt-Sign-Up.png\",\"contentUrl\":\"https:\\\/\\\/revalizesoftware.com\\\/wp-content\\\/uploads\\\/2025\\\/02\\\/Login-Prompt-Sign-Up.png\"},{\"@type\":\"BreadcrumbList\",\"@id\":\"https:\\\/\\\/revalizesoftware.com\\\/de\\\/support-portal-anleitung-zur-selbstregistrierung\\\/#breadcrumb\",\"itemListElement\":[{\"@type\":\"ListItem\",\"position\":1,\"name\":\"Home\",\"item\":\"https:\\\/\\\/revalizesoftware.com\\\/de\\\/revalize\\\/\"},{\"@type\":\"ListItem\",\"position\":2,\"name\":\"Support Portal Anleitung zur Selbstregistrierung\"}]},{\"@type\":\"WebSite\",\"@id\":\"https:\\\/\\\/revalizesoftware.com\\\/de\\\/#website\",\"url\":\"https:\\\/\\\/revalizesoftware.com\\\/de\\\/\",\"name\":\"Revalize\",\"description\":\"Great Starts with Revalize\",\"publisher\":{\"@id\":\"https:\\\/\\\/revalizesoftware.com\\\/de\\\/#organization\"},\"potentialAction\":[{\"@type\":\"SearchAction\",\"target\":{\"@type\":\"EntryPoint\",\"urlTemplate\":\"https:\\\/\\\/revalizesoftware.com\\\/de\\\/?s={search_term_string}\"},\"query-input\":{\"@type\":\"PropertyValueSpecification\",\"valueRequired\":true,\"valueName\":\"search_term_string\"}}],\"inLanguage\":\"de\"},{\"@type\":\"Organization\",\"@id\":\"https:\\\/\\\/revalizesoftware.com\\\/de\\\/#organization\",\"name\":\"Revalize\",\"url\":\"https:\\\/\\\/revalizesoftware.com\\\/de\\\/\",\"logo\":{\"@type\":\"ImageObject\",\"inLanguage\":\"de\",\"@id\":\"https:\\\/\\\/revalizesoftware.com\\\/de\\\/#\\\/schema\\\/logo\\\/image\\\/\",\"url\":\"https:\\\/\\\/revalizesoftware.com\\\/wp-content\\\/uploads\\\/2021\\\/05\\\/revalize-logo.png\",\"contentUrl\":\"https:\\\/\\\/revalizesoftware.com\\\/wp-content\\\/uploads\\\/2021\\\/05\\\/revalize-logo.png\",\"width\":976,\"height\":423,\"caption\":\"Revalize\"},\"image\":{\"@id\":\"https:\\\/\\\/revalizesoftware.com\\\/de\\\/#\\\/schema\\\/logo\\\/image\\\/\"},\"sameAs\":[\"https:\\\/\\\/www.facebook.com\\\/revalize\\\/\",\"https:\\\/\\\/x.com\\\/revalize\",\"https:\\\/\\\/www.linkedin.com\\\/company\\\/revalize\\\/\"]}]}<\/script>\n<!-- \/ Yoast SEO Premium plugin. -->","yoast_head_json":{"title":"Support Portal Anleitung zur Selbstregistrierung - Revalize","robots":{"index":"noindex","follow":"nofollow"},"og_locale":"de_DE","og_type":"article","og_title":"Support Portal Anleitung zur Selbstregistrierung","og_description":"Anleitung zur Selbstregistrierung im Revalize-Kundenportal Willkommen bei der Anleitung zur Registrierung im Revalize-Kundenportal! Befolgen Sie diese einfachen Schritte, um Ihr Konto einzurichten und auf unsere Support-Services zuzugreifen. Schritt-f\u00fcr-Schritt-Registrierungsprozess 1. Besuchen Sie das Portal \u00d6ffnen Sie Ihren Webbrowser und gehen Sie auf support.revalizesoftware.com 2. Anmelden Klicken Sie auf der Anmeldeseite auf den Link &#8220;Anmelden&#8221;. 3. F\u00fcllen [&hellip;]","og_url":"https:\/\/revalizesoftware.com\/de\/support-portal-anleitung-zur-selbstregistrierung\/","og_site_name":"Revalize","article_publisher":"https:\/\/www.facebook.com\/revalize\/","article_modified_time":"2025-04-08T12:19:01+00:00","og_image":[{"url":"https:\/\/revalizesoftware.com\/wp-content\/uploads\/2025\/02\/Login-Prompt-Sign-Up.png","type":"","width":"","height":""}],"twitter_card":"summary_large_image","twitter_site":"@revalize","twitter_misc":{"Gesch\u00e4tzte Lesezeit":"2\u00a0Minuten"},"schema":{"@context":"https:\/\/schema.org","@graph":[{"@type":"WebPage","@id":"https:\/\/revalizesoftware.com\/de\/support-portal-anleitung-zur-selbstregistrierung\/","url":"https:\/\/revalizesoftware.com\/de\/support-portal-anleitung-zur-selbstregistrierung\/","name":"Support Portal Anleitung zur Selbstregistrierung - Revalize","isPartOf":{"@id":"https:\/\/revalizesoftware.com\/de\/#website"},"primaryImageOfPage":{"@id":"https:\/\/revalizesoftware.com\/de\/support-portal-anleitung-zur-selbstregistrierung\/#primaryimage"},"image":{"@id":"https:\/\/revalizesoftware.com\/de\/support-portal-anleitung-zur-selbstregistrierung\/#primaryimage"},"thumbnailUrl":"https:\/\/revalizesoftware.com\/wp-content\/uploads\/2025\/02\/Login-Prompt-Sign-Up.png","datePublished":"2025-02-25T14:33:08+00:00","dateModified":"2025-04-08T12:19:01+00:00","breadcrumb":{"@id":"https:\/\/revalizesoftware.com\/de\/support-portal-anleitung-zur-selbstregistrierung\/#breadcrumb"},"inLanguage":"de","potentialAction":[{"@type":"ReadAction","target":["https:\/\/revalizesoftware.com\/de\/support-portal-anleitung-zur-selbstregistrierung\/"]}]},{"@type":"ImageObject","inLanguage":"de","@id":"https:\/\/revalizesoftware.com\/de\/support-portal-anleitung-zur-selbstregistrierung\/#primaryimage","url":"https:\/\/revalizesoftware.com\/wp-content\/uploads\/2025\/02\/Login-Prompt-Sign-Up.png","contentUrl":"https:\/\/revalizesoftware.com\/wp-content\/uploads\/2025\/02\/Login-Prompt-Sign-Up.png"},{"@type":"BreadcrumbList","@id":"https:\/\/revalizesoftware.com\/de\/support-portal-anleitung-zur-selbstregistrierung\/#breadcrumb","itemListElement":[{"@type":"ListItem","position":1,"name":"Home","item":"https:\/\/revalizesoftware.com\/de\/revalize\/"},{"@type":"ListItem","position":2,"name":"Support Portal Anleitung zur Selbstregistrierung"}]},{"@type":"WebSite","@id":"https:\/\/revalizesoftware.com\/de\/#website","url":"https:\/\/revalizesoftware.com\/de\/","name":"Revalize","description":"Great Starts with Revalize","publisher":{"@id":"https:\/\/revalizesoftware.com\/de\/#organization"},"potentialAction":[{"@type":"SearchAction","target":{"@type":"EntryPoint","urlTemplate":"https:\/\/revalizesoftware.com\/de\/?s={search_term_string}"},"query-input":{"@type":"PropertyValueSpecification","valueRequired":true,"valueName":"search_term_string"}}],"inLanguage":"de"},{"@type":"Organization","@id":"https:\/\/revalizesoftware.com\/de\/#organization","name":"Revalize","url":"https:\/\/revalizesoftware.com\/de\/","logo":{"@type":"ImageObject","inLanguage":"de","@id":"https:\/\/revalizesoftware.com\/de\/#\/schema\/logo\/image\/","url":"https:\/\/revalizesoftware.com\/wp-content\/uploads\/2021\/05\/revalize-logo.png","contentUrl":"https:\/\/revalizesoftware.com\/wp-content\/uploads\/2021\/05\/revalize-logo.png","width":976,"height":423,"caption":"Revalize"},"image":{"@id":"https:\/\/revalizesoftware.com\/de\/#\/schema\/logo\/image\/"},"sameAs":["https:\/\/www.facebook.com\/revalize\/","https:\/\/x.com\/revalize","https:\/\/www.linkedin.com\/company\/revalize\/"]}]}},"_links":{"self":[{"href":"https:\/\/revalizesoftware.com\/de\/wp-json\/wp\/v2\/pages\/68284","targetHints":{"allow":["GET"]}}],"collection":[{"href":"https:\/\/revalizesoftware.com\/de\/wp-json\/wp\/v2\/pages"}],"about":[{"href":"https:\/\/revalizesoftware.com\/de\/wp-json\/wp\/v2\/types\/page"}],"author":[{"embeddable":true,"href":"https:\/\/revalizesoftware.com\/de\/wp-json\/wp\/v2\/users\/39"}],"replies":[{"embeddable":true,"href":"https:\/\/revalizesoftware.com\/de\/wp-json\/wp\/v2\/comments?post=68284"}],"version-history":[{"count":0,"href":"https:\/\/revalizesoftware.com\/de\/wp-json\/wp\/v2\/pages\/68284\/revisions"}],"wp:attachment":[{"href":"https:\/\/revalizesoftware.com\/de\/wp-json\/wp\/v2\/media?parent=68284"}],"curies":[{"name":"wp","href":"https:\/\/api.w.org\/{rel}","templated":true}]}}