{"id":160826,"date":"2025-10-16T09:27:48","date_gmt":"2025-10-16T13:27:48","guid":{"rendered":"https:\/\/revalizesoftware.com\/tenado-studia-przypadkow\/"},"modified":"2026-04-17T07:41:38","modified_gmt":"2026-04-17T11:41:38","slug":"tenado-studia-przypadkow","status":"publish","type":"page","link":"https:\/\/revalizesoftware.com\/pl\/tenado-studia-przypadkow\/","title":{"rendered":"Studia przypadk\u00f3w TENADO"},"content":{"rendered":"\t\t<div data-elementor-type=\"wp-page\" data-elementor-id=\"160826\" class=\"elementor elementor-160826 elementor-149675\" data-elementor-post-type=\"page\">\n\t\t\t\t<div class=\"elementor-element elementor-element-70178c8 e-flex e-con-boxed e-con e-parent\" data-id=\"70178c8\" data-element_type=\"container\" data-e-type=\"container\" data-settings=\"{&quot;background_background&quot;:&quot;classic&quot;}\">\n\t\t\t\t\t<div class=\"e-con-inner\">\n\t\t<div class=\"elementor-element elementor-element-2ff2be1 e-con-full e-flex e-con e-child\" data-id=\"2ff2be1\" data-element_type=\"container\" data-e-type=\"container\">\n\t\t\t\t<div class=\"elementor-element elementor-element-13d4929 elementor-widget elementor-widget-heading\" data-id=\"13d4929\" data-element_type=\"widget\" data-e-type=\"widget\" data-widget_type=\"heading.default\">\n\t\t\t\t<div class=\"elementor-widget-container\">\n\t\t\t\t\t<h1 class=\"elementor-heading-title elementor-size-default\">Studia przypadk\u00f3w TENADO<\/h1>\t\t\t\t<\/div>\n\t\t\t\t<\/div>\n\t\t\t\t<div class=\"elementor-element elementor-element-b986228 elementor-widget elementor-widget-text-editor\" data-id=\"b986228\" data-element_type=\"widget\" data-e-type=\"widget\" data-widget_type=\"text-editor.default\">\n\t\t\t\t<div class=\"elementor-widget-container\">\n\t\t\t\t\t\t\t\t\t<p>Dowiedz si\u0119, w jaki spos\u00f3b studia przypadk\u00f3w TENADO mog\u0105 pom\u00f3c w poprawie obs\u0142ugi klienta. Uzyskaj\u0105 Pa\u0144stwo cenne wskaz\u00f3wki i porady, kt\u00f3re pomog\u0105 usprawni\u0107 Pa\u0144stwa dzia\u0142alno\u015b\u0107. <\/p>\t\t\t\t\t\t\t\t<\/div>\n\t\t\t\t<\/div>\n\t\t\t\t<\/div>\n\t\t\t\t\t<\/div>\n\t\t\t\t<\/div>\n\t\t<div class=\"elementor-element elementor-element-7095096 e-flex e-con-boxed e-con e-parent\" data-id=\"7095096\" data-element_type=\"container\" data-e-type=\"container\" id=\"case-study\">\n\t\t\t\t\t<div class=\"e-con-inner\">\n\t\t\t\t<div class=\"elementor-element elementor-element-da7b253 elementor-grid-3 elementor-grid-tablet-2 elementor-grid-mobile-1 elementor-widget elementor-widget-loop-grid\" data-id=\"da7b253\" data-element_type=\"widget\" data-e-type=\"widget\" data-settings=\"{&quot;template_id&quot;:23200,&quot;pagination_type&quot;:&quot;numbers&quot;,&quot;_skin&quot;:&quot;post&quot;,&quot;columns&quot;:&quot;3&quot;,&quot;columns_tablet&quot;:&quot;2&quot;,&quot;columns_mobile&quot;:&quot;1&quot;,&quot;edit_handle_selector&quot;:&quot;[data-elementor-type=\\&quot;loop-item\\&quot;]&quot;,&quot;pagination_load_type&quot;:&quot;page_reload&quot;,&quot;row_gap&quot;:{&quot;unit&quot;:&quot;px&quot;,&quot;size&quot;:&quot;&quot;,&quot;sizes&quot;:[]},&quot;row_gap_tablet&quot;:{&quot;unit&quot;:&quot;px&quot;,&quot;size&quot;:&quot;&quot;,&quot;sizes&quot;:[]},&quot;row_gap_mobile&quot;:{&quot;unit&quot;:&quot;px&quot;,&quot;size&quot;:&quot;&quot;,&quot;sizes&quot;:[]}}\" data-widget_type=\"loop-grid.post\">\n\t\t\t\t<div class=\"elementor-widget-container\">\n\t\t\t\t\t\t\t<div class=\"elementor-loop-container elementor-grid\" role=\"list\">\n\t\t<style id=\"loop-23200\">.elementor-23200 .elementor-element.elementor-element-98240e7{--display:flex;--margin-top:0px;--margin-bottom:0px;--margin-left:0px;--margin-right:0px;--padding-top:0px;--padding-bottom:10px;--padding-left:0px;--padding-right:0px;}.elementor-23200 .elementor-element.elementor-element-6845efa{--display:flex;border-style:solid;--border-style:solid;border-width:2px 2px 2px 2px;--border-top-width:2px;--border-right-width:2px;--border-bottom-width:2px;--border-left-width:2px;border-color:var( --e-global-color-741534b );--border-color:var( --e-global-color-741534b );--border-radius:8px 8px 0px 0px;--padding-top:0px;--padding-bottom:0px;--padding-left:0px;--padding-right:0px;}.elementor-23200 .elementor-element.elementor-element-9256bec img{border-style:none;border-radius:8px 8px 0px 0px;}.elementor-23200 .elementor-element.elementor-element-f699741{--display:flex;--min-height:400px;--justify-content:flex-start;--border-radius:0px 0px 8px 8px;--margin-top:-20px;--margin-bottom:0px;--margin-left:0px;--margin-right:0px;--padding-top:19px;--padding-bottom:19px;--padding-left:19px;--padding-right:19px;}.elementor-23200 .elementor-element.elementor-element-f699741:not(.elementor-motion-effects-element-type-background), .elementor-23200 .elementor-element.elementor-element-f699741 > .elementor-motion-effects-container > .elementor-motion-effects-layer{background-color:var( --e-global-color-741534b );}.elementor-23200 .elementor-element.elementor-element-32d8c8a{text-align:center;}.elementor-23200 .elementor-element.elementor-element-32d8c8a .elementor-heading-title{font-family:var( --e-global-typography-9360721-font-family ), Arial;font-size:var( --e-global-typography-9360721-font-size );font-weight:var( --e-global-typography-9360721-font-weight );line-height:var( --e-global-typography-9360721-line-height );letter-spacing:var( --e-global-typography-9360721-letter-spacing );word-spacing:var( --e-global-typography-9360721-word-spacing );color:var( --e-global-color-text );}.elementor-23200 .elementor-element.elementor-element-32d8c8a > .elementor-widget-container{padding:20px 20px 20px 20px;}.elementor-23200 .elementor-element.elementor-element-1647c9a .elementor-widget-container{font-family:var( --e-global-typography-text-font-family ), Arial;font-size:var( --e-global-typography-text-font-size );line-height:var( --e-global-typography-text-line-height );letter-spacing:var( --e-global-typography-text-letter-spacing );color:var( --e-global-color-text );}.elementor-23200 .elementor-element.elementor-element-1647c9a.elementor-element{--flex-grow:1;--flex-shrink:0;}.elementor-23200 .elementor-element.elementor-element-d3b1dde .elementor-button{font-family:var( --e-global-typography-3abffb1-font-family ), Arial;font-size:var( --e-global-typography-3abffb1-font-size );text-transform:var( --e-global-typography-3abffb1-text-transform );line-height:var( --e-global-typography-3abffb1-line-height );letter-spacing:var( --e-global-typography-3abffb1-letter-spacing );word-spacing:var( --e-global-typography-3abffb1-word-spacing );fill:var( --e-global-color-004144c );color:var( --e-global-color-004144c );}.elementor-23200 .elementor-element.elementor-element-d3b1dde .elementor-button:hover, .elementor-23200 .elementor-element.elementor-element-d3b1dde .elementor-button:focus{color:var( --e-global-color-004144c );}.elementor-23200 .elementor-element.elementor-element-d3b1dde .elementor-button:hover svg, .elementor-23200 .elementor-element.elementor-element-d3b1dde .elementor-button:focus svg{fill:var( --e-global-color-004144c );}.elementor-23200 .elementor-element.elementor-element-d3b1dde > .elementor-widget-container{padding:20px 0px 30px 0px;}@media(max-width:1024px){.elementor-23200 .elementor-element.elementor-element-32d8c8a .elementor-heading-title{font-size:var( --e-global-typography-9360721-font-size );line-height:var( --e-global-typography-9360721-line-height );letter-spacing:var( --e-global-typography-9360721-letter-spacing );word-spacing:var( --e-global-typography-9360721-word-spacing );}.elementor-23200 .elementor-element.elementor-element-1647c9a .elementor-widget-container{font-size:var( --e-global-typography-text-font-size );line-height:var( --e-global-typography-text-line-height );letter-spacing:var( --e-global-typography-text-letter-spacing );}.elementor-23200 .elementor-element.elementor-element-d3b1dde .elementor-button{font-size:var( --e-global-typography-3abffb1-font-size );line-height:var( --e-global-typography-3abffb1-line-height );letter-spacing:var( --e-global-typography-3abffb1-letter-spacing );word-spacing:var( --e-global-typography-3abffb1-word-spacing );}}@media(max-width:767px){.elementor-23200 .elementor-element.elementor-element-32d8c8a .elementor-heading-title{font-size:var( --e-global-typography-9360721-font-size );line-height:var( --e-global-typography-9360721-line-height );letter-spacing:var( --e-global-typography-9360721-letter-spacing );word-spacing:var( --e-global-typography-9360721-word-spacing );}.elementor-23200 .elementor-element.elementor-element-1647c9a .elementor-widget-container{font-size:var( --e-global-typography-text-font-size );line-height:var( --e-global-typography-text-line-height );letter-spacing:var( --e-global-typography-text-letter-spacing );}.elementor-23200 .elementor-element.elementor-element-d3b1dde .elementor-button{font-size:var( --e-global-typography-3abffb1-font-size );line-height:var( --e-global-typography-3abffb1-line-height );letter-spacing:var( --e-global-typography-3abffb1-letter-spacing );word-spacing:var( --e-global-typography-3abffb1-word-spacing );}}<\/style>\t\t<div data-elementor-type=\"loop-item\" data-elementor-id=\"23200\" class=\"elementor elementor-23200 e-loop-item e-loop-item-160824 post-160824 post type-post status-publish format-standard has-post-thumbnail hentry category-tenado tag-tenado brand-tenado\" data-elementor-post-type=\"elementor_library\" data-custom-edit-handle=\"1\">\n\t\t\t<div class=\"elementor-element elementor-element-98240e7 e-flex e-con-boxed e-con e-parent\" data-id=\"98240e7\" data-element_type=\"container\" data-e-type=\"container\">\n\t\t\t\t\t<div class=\"e-con-inner\">\n\t\t<div class=\"elementor-element elementor-element-6845efa e-con-full e-flex e-con e-child\" data-id=\"6845efa\" data-element_type=\"container\" data-e-type=\"container\">\n\t\t\t\t<div class=\"elementor-element elementor-element-9256bec elementor-widget elementor-widget-theme-post-featured-image elementor-widget-image\" data-id=\"9256bec\" data-element_type=\"widget\" data-e-type=\"widget\" data-widget_type=\"theme-post-featured-image.default\">\n\t\t\t\t<div class=\"elementor-widget-container\">\n\t\t\t\t\t\t\t\t\t\t\t\t\t\t\t\t<a href=\"https:\/\/revalizesoftware.com\/pl\/case-studies\/novatoria-case-study\/\">\n\t\t\t\t\t\t\t<img fetchpriority=\"high\" decoding=\"async\" width=\"400\" height=\"400\" src=\"https:\/\/revalizesoftware.com\/wp-content\/uploads\/2025\/12\/Novatoria-Logo.png\" class=\"attachment-full size-full wp-image-160823\" alt=\"Logo Novatoria z geometrycznym N nad nazw\u0105 firmy i has\u0142em Custom Steel Doors wypisanym wielkimi literami poni\u017cej.\" srcset=\"https:\/\/revalizesoftware.com\/wp-content\/uploads\/2025\/12\/Novatoria-Logo.png 400w, https:\/\/revalizesoftware.com\/wp-content\/uploads\/2025\/12\/Novatoria-Logo-300x300.png 300w, https:\/\/revalizesoftware.com\/wp-content\/uploads\/2025\/12\/Novatoria-Logo-150x150.png 150w\" sizes=\"(max-width: 400px) 100vw, 400px\" \/>\t\t\t\t\t\t\t\t<\/a>\n\t\t\t\t\t\t\t\t\t\t\t\t\t\t\t<\/div>\n\t\t\t\t<\/div>\n\t\t\t\t<\/div>\n\t\t<div class=\"elementor-element elementor-element-f699741 e-flex e-con-boxed e-con e-child\" data-id=\"f699741\" data-element_type=\"container\" data-e-type=\"container\" data-settings=\"{&quot;background_background&quot;:&quot;classic&quot;}\">\n\t\t\t\t\t<div class=\"e-con-inner\">\n\t\t\t\t<div class=\"elementor-element elementor-element-32d8c8a elementor-widget elementor-widget-theme-post-title elementor-page-title elementor-widget-heading\" data-id=\"32d8c8a\" data-element_type=\"widget\" data-e-type=\"widget\" data-widget_type=\"theme-post-title.default\">\n\t\t\t\t<div class=\"elementor-widget-container\">\n\t\t\t\t\t<h2 class=\"elementor-heading-title elementor-size-default\">Bardziej efektywne konstrukcje stalowe dzi\u0119ki TENADO METAL 3D<\/h2>\t\t\t\t<\/div>\n\t\t\t\t<\/div>\n\t\t\t\t<div class=\"elementor-element elementor-element-1647c9a elementor-widget elementor-widget-theme-post-excerpt\" data-id=\"1647c9a\" data-element_type=\"widget\" data-e-type=\"widget\" id=\"excerpt\" data-widget_type=\"theme-post-excerpt.default\">\n\t\t\t\t<div class=\"elementor-widget-container\">\n\t\t\t\t\tNovatoria zwi\u0119ksza precyzj\u0119 dzi\u0119ki TENADO METAL 3D, ogranicza b\u0142\u0119dy i przyspiesza procesy stalowe. \t\t\t\t<\/div>\n\t\t\t\t<\/div>\n\t\t\t\t<div class=\"elementor-element elementor-element-d3b1dde elementor-align-center elementor-widget elementor-widget-button\" data-id=\"d3b1dde\" data-element_type=\"widget\" data-e-type=\"widget\" data-widget_type=\"button.default\">\n\t\t\t\t<div class=\"elementor-widget-container\">\n\t\t\t\t\t\t\t\t\t<div class=\"elementor-button-wrapper\">\n\t\t\t\t\t<a class=\"elementor-button elementor-button-link elementor-size-sm\" href=\"https:\/\/revalizesoftware.com\/pl\/case-studies\/novatoria-case-study\/\">\n\t\t\t\t\t\t<span class=\"elementor-button-content-wrapper\">\n\t\t\t\t\t\t\t\t\t<span class=\"elementor-button-text\">Read More<\/span>\n\t\t\t\t\t<\/span>\n\t\t\t\t\t<\/a>\n\t\t\t\t<\/div>\n\t\t\t\t\t\t\t\t<\/div>\n\t\t\t\t<\/div>\n\t\t\t\t\t<\/div>\n\t\t\t\t<\/div>\n\t\t\t\t\t<\/div>\n\t\t\t\t<\/div>\n\t\t\t\t<\/div>\n\t\t\t\t<\/div>\n\t\t\n\t\t\t\t\t\t<\/div>\n\t\t\t\t<\/div>\n\t\t\t\t\t<\/div>\n\t\t\t\t<\/div>\n\t\t\t\t<\/div>\n\t\t","protected":false},"excerpt":{"rendered":"<p>Studia przypadk\u00f3w TENADO Dowiedz si\u0119, w jaki spos\u00f3b studia przypadk\u00f3w TENADO mog\u0105 pom\u00f3c w poprawie obs\u0142ugi klienta. Uzyskaj\u0105 Pa\u0144stwo cenne wskaz\u00f3wki i porady, kt\u00f3re pomog\u0105 usprawni\u0107 Pa\u0144stwa dzia\u0142alno\u015b\u0107.<\/p>\n","protected":false},"author":65,"featured_media":37641,"parent":0,"menu_order":38,"comment_status":"closed","ping_status":"closed","template":"","meta":{"content-type":"","footnotes":""},"class_list":["post-160826","page","type-page","status-publish","has-post-thumbnail","hentry"],"yoast_head":"<!-- This site is optimized with the Yoast SEO Premium plugin v27.4 (Yoast SEO v27.4) - https:\/\/yoast.com\/product\/yoast-seo-premium-wordpress\/ -->\n<title>Studia przypadk\u00f3w TENADO, kt\u00f3re poprawiaj\u0105 wyniki biznesowe<\/title>\n<meta name=\"description\" content=\"Ucz si\u0119 na rzeczywistych przyk\u0142adach doskona\u0142ej obs\u0142ugi klienta. Prosz\u0119 zapozna\u0107 si\u0119 z analizami przypadk\u00f3w dla TENADO.\" \/>\n<meta name=\"robots\" content=\"index, follow, max-snippet:-1, max-image-preview:large, max-video-preview:-1\" \/>\n<link rel=\"canonical\" href=\"https:\/\/revalizesoftware.com\/pl\/tenado-studia-przypadkow\/\" \/>\n<meta property=\"og:locale\" content=\"pl_PL\" \/>\n<meta property=\"og:type\" content=\"article\" \/>\n<meta property=\"og:title\" content=\"Studia przypadk\u00f3w TENADO\" \/>\n<meta property=\"og:description\" content=\"Ucz si\u0119 na rzeczywistych przyk\u0142adach doskona\u0142ej obs\u0142ugi klienta. Prosz\u0119 zapozna\u0107 si\u0119 z analizami przypadk\u00f3w dla TENADO.\" \/>\n<meta property=\"og:url\" content=\"https:\/\/revalizesoftware.com\/pl\/tenado-studia-przypadkow\/\" \/>\n<meta property=\"og:site_name\" content=\"Revalize\" \/>\n<meta property=\"article:publisher\" content=\"https:\/\/www.facebook.com\/revalize\/\" \/>\n<meta property=\"article:modified_time\" content=\"2026-04-17T11:41:38+00:00\" \/>\n<meta property=\"og:image\" content=\"https:\/\/revalizesoftware.com\/wp-content\/uploads\/2024\/08\/TENADO-From-Revalize-logo.png\" \/>\n\t<meta property=\"og:image:width\" content=\"640\" \/>\n\t<meta property=\"og:image:height\" content=\"156\" \/>\n\t<meta property=\"og:image:type\" content=\"image\/png\" \/>\n<meta name=\"twitter:card\" content=\"summary_large_image\" \/>\n<meta name=\"twitter:site\" content=\"@revalize\" \/>\n<script type=\"application\/ld+json\" class=\"yoast-schema-graph\">{\"@context\":\"https:\\\/\\\/schema.org\",\"@graph\":[{\"@type\":\"WebPage\",\"@id\":\"https:\\\/\\\/revalizesoftware.com\\\/pl\\\/tenado-studia-przypadkow\\\/\",\"url\":\"https:\\\/\\\/revalizesoftware.com\\\/pl\\\/tenado-studia-przypadkow\\\/\",\"name\":\"Studia przypadk\u00f3w TENADO, kt\u00f3re poprawiaj\u0105 wyniki biznesowe\",\"isPartOf\":{\"@id\":\"https:\\\/\\\/revalizesoftware.com\\\/pl\\\/#website\"},\"primaryImageOfPage\":{\"@id\":\"https:\\\/\\\/revalizesoftware.com\\\/pl\\\/tenado-studia-przypadkow\\\/#primaryimage\"},\"image\":{\"@id\":\"https:\\\/\\\/revalizesoftware.com\\\/pl\\\/tenado-studia-przypadkow\\\/#primaryimage\"},\"thumbnailUrl\":\"https:\\\/\\\/revalizesoftware.com\\\/wp-content\\\/uploads\\\/2024\\\/08\\\/TENADO-From-Revalize-logo.png\",\"datePublished\":\"2025-10-16T13:27:48+00:00\",\"dateModified\":\"2026-04-17T11:41:38+00:00\",\"description\":\"Ucz si\u0119 na rzeczywistych przyk\u0142adach doskona\u0142ej obs\u0142ugi klienta. Prosz\u0119 zapozna\u0107 si\u0119 z analizami przypadk\u00f3w dla TENADO.\",\"breadcrumb\":{\"@id\":\"https:\\\/\\\/revalizesoftware.com\\\/pl\\\/tenado-studia-przypadkow\\\/#breadcrumb\"},\"inLanguage\":\"pl-PL\",\"potentialAction\":[{\"@type\":\"ReadAction\",\"target\":[\"https:\\\/\\\/revalizesoftware.com\\\/pl\\\/tenado-studia-przypadkow\\\/\"]}]},{\"@type\":\"ImageObject\",\"inLanguage\":\"pl-PL\",\"@id\":\"https:\\\/\\\/revalizesoftware.com\\\/pl\\\/tenado-studia-przypadkow\\\/#primaryimage\",\"url\":\"https:\\\/\\\/revalizesoftware.com\\\/wp-content\\\/uploads\\\/2024\\\/08\\\/TENADO-From-Revalize-logo.png\",\"contentUrl\":\"https:\\\/\\\/revalizesoftware.com\\\/wp-content\\\/uploads\\\/2024\\\/08\\\/TENADO-From-Revalize-logo.png\",\"width\":640,\"height\":156,\"caption\":\"TENADO od Revalize\"},{\"@type\":\"BreadcrumbList\",\"@id\":\"https:\\\/\\\/revalizesoftware.com\\\/pl\\\/tenado-studia-przypadkow\\\/#breadcrumb\",\"itemListElement\":[{\"@type\":\"ListItem\",\"position\":1,\"name\":\"Home\",\"item\":\"https:\\\/\\\/revalizesoftware.com\\\/pl\\\/revalize\\\/\"},{\"@type\":\"ListItem\",\"position\":2,\"name\":\"Studia przypadk\u00f3w TENADO\"}]},{\"@type\":\"WebSite\",\"@id\":\"https:\\\/\\\/revalizesoftware.com\\\/pl\\\/#website\",\"url\":\"https:\\\/\\\/revalizesoftware.com\\\/pl\\\/\",\"name\":\"Revalize\",\"description\":\"Greater Outcomes Start with Revalize\",\"publisher\":{\"@id\":\"https:\\\/\\\/revalizesoftware.com\\\/pl\\\/#organization\"},\"potentialAction\":[{\"@type\":\"SearchAction\",\"target\":{\"@type\":\"EntryPoint\",\"urlTemplate\":\"https:\\\/\\\/revalizesoftware.com\\\/pl\\\/?s={search_term_string}\"},\"query-input\":{\"@type\":\"PropertyValueSpecification\",\"valueRequired\":true,\"valueName\":\"search_term_string\"}}],\"inLanguage\":\"pl-PL\"},{\"@type\":\"Organization\",\"@id\":\"https:\\\/\\\/revalizesoftware.com\\\/pl\\\/#organization\",\"name\":\"Revalize\",\"url\":\"https:\\\/\\\/revalizesoftware.com\\\/pl\\\/\",\"logo\":{\"@type\":\"ImageObject\",\"inLanguage\":\"pl-PL\",\"@id\":\"https:\\\/\\\/revalizesoftware.com\\\/pl\\\/#\\\/schema\\\/logo\\\/image\\\/\",\"url\":\"https:\\\/\\\/revalizesoftware.com\\\/wp-content\\\/uploads\\\/2021\\\/05\\\/revalize-logo.png\",\"contentUrl\":\"https:\\\/\\\/revalizesoftware.com\\\/wp-content\\\/uploads\\\/2021\\\/05\\\/revalize-logo.png\",\"width\":976,\"height\":423,\"caption\":\"Revalize\"},\"image\":{\"@id\":\"https:\\\/\\\/revalizesoftware.com\\\/pl\\\/#\\\/schema\\\/logo\\\/image\\\/\"},\"sameAs\":[\"https:\\\/\\\/www.facebook.com\\\/revalize\\\/\",\"https:\\\/\\\/x.com\\\/revalize\",\"https:\\\/\\\/www.linkedin.com\\\/company\\\/revalize\\\/\"]}]}<\/script>\n<!-- \/ Yoast SEO Premium plugin. -->","yoast_head_json":{"title":"Studia przypadk\u00f3w TENADO, kt\u00f3re poprawiaj\u0105 wyniki biznesowe","description":"Ucz si\u0119 na rzeczywistych przyk\u0142adach doskona\u0142ej obs\u0142ugi klienta. Prosz\u0119 zapozna\u0107 si\u0119 z analizami przypadk\u00f3w dla TENADO.","robots":{"index":"index","follow":"follow","max-snippet":"max-snippet:-1","max-image-preview":"max-image-preview:large","max-video-preview":"max-video-preview:-1"},"canonical":"https:\/\/revalizesoftware.com\/pl\/tenado-studia-przypadkow\/","og_locale":"pl_PL","og_type":"article","og_title":"Studia przypadk\u00f3w TENADO","og_description":"Ucz si\u0119 na rzeczywistych przyk\u0142adach doskona\u0142ej obs\u0142ugi klienta. Prosz\u0119 zapozna\u0107 si\u0119 z analizami przypadk\u00f3w dla TENADO.","og_url":"https:\/\/revalizesoftware.com\/pl\/tenado-studia-przypadkow\/","og_site_name":"Revalize","article_publisher":"https:\/\/www.facebook.com\/revalize\/","article_modified_time":"2026-04-17T11:41:38+00:00","og_image":[{"width":640,"height":156,"url":"https:\/\/revalizesoftware.com\/wp-content\/uploads\/2024\/08\/TENADO-From-Revalize-logo.png","type":"image\/png"}],"twitter_card":"summary_large_image","twitter_site":"@revalize","schema":{"@context":"https:\/\/schema.org","@graph":[{"@type":"WebPage","@id":"https:\/\/revalizesoftware.com\/pl\/tenado-studia-przypadkow\/","url":"https:\/\/revalizesoftware.com\/pl\/tenado-studia-przypadkow\/","name":"Studia przypadk\u00f3w TENADO, kt\u00f3re poprawiaj\u0105 wyniki biznesowe","isPartOf":{"@id":"https:\/\/revalizesoftware.com\/pl\/#website"},"primaryImageOfPage":{"@id":"https:\/\/revalizesoftware.com\/pl\/tenado-studia-przypadkow\/#primaryimage"},"image":{"@id":"https:\/\/revalizesoftware.com\/pl\/tenado-studia-przypadkow\/#primaryimage"},"thumbnailUrl":"https:\/\/revalizesoftware.com\/wp-content\/uploads\/2024\/08\/TENADO-From-Revalize-logo.png","datePublished":"2025-10-16T13:27:48+00:00","dateModified":"2026-04-17T11:41:38+00:00","description":"Ucz si\u0119 na rzeczywistych przyk\u0142adach doskona\u0142ej obs\u0142ugi klienta. Prosz\u0119 zapozna\u0107 si\u0119 z analizami przypadk\u00f3w dla TENADO.","breadcrumb":{"@id":"https:\/\/revalizesoftware.com\/pl\/tenado-studia-przypadkow\/#breadcrumb"},"inLanguage":"pl-PL","potentialAction":[{"@type":"ReadAction","target":["https:\/\/revalizesoftware.com\/pl\/tenado-studia-przypadkow\/"]}]},{"@type":"ImageObject","inLanguage":"pl-PL","@id":"https:\/\/revalizesoftware.com\/pl\/tenado-studia-przypadkow\/#primaryimage","url":"https:\/\/revalizesoftware.com\/wp-content\/uploads\/2024\/08\/TENADO-From-Revalize-logo.png","contentUrl":"https:\/\/revalizesoftware.com\/wp-content\/uploads\/2024\/08\/TENADO-From-Revalize-logo.png","width":640,"height":156,"caption":"TENADO od Revalize"},{"@type":"BreadcrumbList","@id":"https:\/\/revalizesoftware.com\/pl\/tenado-studia-przypadkow\/#breadcrumb","itemListElement":[{"@type":"ListItem","position":1,"name":"Home","item":"https:\/\/revalizesoftware.com\/pl\/revalize\/"},{"@type":"ListItem","position":2,"name":"Studia przypadk\u00f3w TENADO"}]},{"@type":"WebSite","@id":"https:\/\/revalizesoftware.com\/pl\/#website","url":"https:\/\/revalizesoftware.com\/pl\/","name":"Revalize","description":"Greater Outcomes Start with Revalize","publisher":{"@id":"https:\/\/revalizesoftware.com\/pl\/#organization"},"potentialAction":[{"@type":"SearchAction","target":{"@type":"EntryPoint","urlTemplate":"https:\/\/revalizesoftware.com\/pl\/?s={search_term_string}"},"query-input":{"@type":"PropertyValueSpecification","valueRequired":true,"valueName":"search_term_string"}}],"inLanguage":"pl-PL"},{"@type":"Organization","@id":"https:\/\/revalizesoftware.com\/pl\/#organization","name":"Revalize","url":"https:\/\/revalizesoftware.com\/pl\/","logo":{"@type":"ImageObject","inLanguage":"pl-PL","@id":"https:\/\/revalizesoftware.com\/pl\/#\/schema\/logo\/image\/","url":"https:\/\/revalizesoftware.com\/wp-content\/uploads\/2021\/05\/revalize-logo.png","contentUrl":"https:\/\/revalizesoftware.com\/wp-content\/uploads\/2021\/05\/revalize-logo.png","width":976,"height":423,"caption":"Revalize"},"image":{"@id":"https:\/\/revalizesoftware.com\/pl\/#\/schema\/logo\/image\/"},"sameAs":["https:\/\/www.facebook.com\/revalize\/","https:\/\/x.com\/revalize","https:\/\/www.linkedin.com\/company\/revalize\/"]}]}},"_links":{"self":[{"href":"https:\/\/revalizesoftware.com\/pl\/wp-json\/wp\/v2\/pages\/160826","targetHints":{"allow":["GET"]}}],"collection":[{"href":"https:\/\/revalizesoftware.com\/pl\/wp-json\/wp\/v2\/pages"}],"about":[{"href":"https:\/\/revalizesoftware.com\/pl\/wp-json\/wp\/v2\/types\/page"}],"author":[{"embeddable":true,"href":"https:\/\/revalizesoftware.com\/pl\/wp-json\/wp\/v2\/users\/65"}],"replies":[{"embeddable":true,"href":"https:\/\/revalizesoftware.com\/pl\/wp-json\/wp\/v2\/comments?post=160826"}],"version-history":[{"count":1,"href":"https:\/\/revalizesoftware.com\/pl\/wp-json\/wp\/v2\/pages\/160826\/revisions"}],"predecessor-version":[{"id":160827,"href":"https:\/\/revalizesoftware.com\/pl\/wp-json\/wp\/v2\/pages\/160826\/revisions\/160827"}],"wp:featuredmedia":[{"embeddable":true,"href":"https:\/\/revalizesoftware.com\/pl\/wp-json\/wp\/v2\/media\/37641"}],"wp:attachment":[{"href":"https:\/\/revalizesoftware.com\/pl\/wp-json\/wp\/v2\/media?parent=160826"}],"curies":[{"name":"wp","href":"https:\/\/api.w.org\/{rel}","templated":true}]}}