{"id":68286,"date":"2025-02-25T09:33:08","date_gmt":"2025-02-25T14:33:08","guid":{"rendered":"https:\/\/revalizesoftware.com\/przewodnik-samodzielnej-rejestracji-w-portalu-pomocy-technicznej\/"},"modified":"2025-04-08T08:19:01","modified_gmt":"2025-04-08T12:19:01","slug":"przewodnik-samodzielnej-rejestracji-w-portalu-pomocy-technicznej","status":"publish","type":"page","link":"https:\/\/revalizesoftware.com\/pl\/przewodnik-samodzielnej-rejestracji-w-portalu-pomocy-technicznej\/","title":{"rendered":"Przewodnik samodzielnej rejestracji w portalu pomocy technicznej"},"content":{"rendered":"\t\t<div data-elementor-type=\"wp-page\" data-elementor-id=\"68286\" class=\"elementor elementor-68286 elementor-67007\" data-elementor-post-type=\"page\">\n\t\t\t\t<div class=\"elementor-element elementor-element-ac317af e-flex e-con-boxed e-con e-parent\" data-id=\"ac317af\" data-element_type=\"container\" data-e-type=\"container\">\n\t\t\t\t\t<div class=\"e-con-inner\">\n\t\t\t\t<div class=\"elementor-element elementor-element-577357b elementor-widget elementor-widget-heading\" data-id=\"577357b\" data-element_type=\"widget\" data-e-type=\"widget\" data-widget_type=\"heading.default\">\n\t\t\t\t<div class=\"elementor-widget-container\">\n\t\t\t\t\t<h2 class=\"elementor-heading-title elementor-size-default\">Przewodnik samodzielnej rejestracji w portalu klienta Revalize  <\/h2>\t\t\t\t<\/div>\n\t\t\t\t<\/div>\n\t\t\t\t<div class=\"elementor-element elementor-element-f58b7ff elementor-widget elementor-widget-text-editor\" data-id=\"f58b7ff\" data-element_type=\"widget\" data-e-type=\"widget\" data-widget_type=\"text-editor.default\">\n\t\t\t\t<div class=\"elementor-widget-container\">\n\t\t\t\t\t\t\t\t\t<p>Witamy w przewodniku rejestracji w portalu klienta Revalize! Prosz\u0119 post\u0119powa\u0107 zgodnie z tymi prostymi krokami, aby utworzy\u0107 konto i uzyska\u0107 dost\u0119p do naszych us\u0142ug wsparcia. <\/p>\t\t\t\t\t\t\t\t<\/div>\n\t\t\t\t<\/div>\n\t\t\t\t<div class=\"elementor-element elementor-element-7a9595a elementor-widget elementor-widget-text-editor\" data-id=\"7a9595a\" data-element_type=\"widget\" data-e-type=\"widget\" data-widget_type=\"text-editor.default\">\n\t\t\t\t<div class=\"elementor-widget-container\">\n\t\t\t\t\t\t\t\t\tProces rejestracji krok po kroku  \t\t\t\t\t\t\t\t<\/div>\n\t\t\t\t<\/div>\n\t\t\t\t<div class=\"elementor-element elementor-element-d3c4feb elementor-widget elementor-widget-heading\" data-id=\"d3c4feb\" data-element_type=\"widget\" data-e-type=\"widget\" data-widget_type=\"heading.default\">\n\t\t\t\t<div class=\"elementor-widget-container\">\n\t\t\t\t\t<h2 class=\"elementor-heading-title elementor-size-default\">1. Prosz\u0119 odwiedzi\u0107 portal  <\/h2>\t\t\t\t<\/div>\n\t\t\t\t<\/div>\n\t\t\t\t<div class=\"elementor-element elementor-element-b0c7383 elementor-icon-list--layout-traditional elementor-list-item-link-full_width elementor-widget elementor-widget-icon-list\" data-id=\"b0c7383\" data-element_type=\"widget\" data-e-type=\"widget\" data-widget_type=\"icon-list.default\">\n\t\t\t\t<div class=\"elementor-widget-container\">\n\t\t\t\t\t\t\t<ul class=\"elementor-icon-list-items\">\n\t\t\t\t\t\t\t<li class=\"elementor-icon-list-item\">\n\t\t\t\t\t\t\t\t\t\t\t<a href=\"https:\/\/support.revalizesoftware.com\/\">\n\n\t\t\t\t\t\t\t\t\t\t\t\t<span class=\"elementor-icon-list-icon\">\n\t\t\t\t\t\t\t<svg aria-hidden=\"true\" class=\"e-font-icon-svg e-fas-circle\" viewBox=\"0 0 512 512\" xmlns=\"http:\/\/www.w3.org\/2000\/svg\"><path d=\"M256 8C119 8 8 119 8 256s111 248 248 248 248-111 248-248S393 8 256 8z\"><\/path><\/svg>\t\t\t\t\t\t<\/span>\n\t\t\t\t\t\t\t\t\t\t<span class=\"elementor-icon-list-text\">Prosz\u0119 otworzy\u0107 przegl\u0105dark\u0119 internetow\u0105 i wej\u015b\u0107 na stron\u0119 support.revalizesoftware.com.  <\/span>\n\t\t\t\t\t\t\t\t\t\t\t<\/a>\n\t\t\t\t\t\t\t\t\t<\/li>\n\t\t\t\t\t\t<\/ul>\n\t\t\t\t\t\t<\/div>\n\t\t\t\t<\/div>\n\t\t\t\t<div class=\"elementor-element elementor-element-f9394d3 elementor-widget elementor-widget-heading\" data-id=\"f9394d3\" data-element_type=\"widget\" data-e-type=\"widget\" data-widget_type=\"heading.default\">\n\t\t\t\t<div class=\"elementor-widget-container\">\n\t\t\t\t\t<h2 class=\"elementor-heading-title elementor-size-default\">2. Prosz\u0119 si\u0119 zarejestrowa\u0107  <\/h2>\t\t\t\t<\/div>\n\t\t\t\t<\/div>\n\t\t\t\t<div class=\"elementor-element elementor-element-99a2121 elementor-icon-list--layout-traditional elementor-list-item-link-full_width elementor-widget elementor-widget-icon-list\" data-id=\"99a2121\" data-element_type=\"widget\" data-e-type=\"widget\" data-widget_type=\"icon-list.default\">\n\t\t\t\t<div class=\"elementor-widget-container\">\n\t\t\t\t\t\t\t<ul class=\"elementor-icon-list-items\">\n\t\t\t\t\t\t\t<li class=\"elementor-icon-list-item\">\n\t\t\t\t\t\t\t\t\t\t\t<span class=\"elementor-icon-list-icon\">\n\t\t\t\t\t\t\t<svg aria-hidden=\"true\" class=\"e-font-icon-svg e-fas-circle\" viewBox=\"0 0 512 512\" xmlns=\"http:\/\/www.w3.org\/2000\/svg\"><path d=\"M256 8C119 8 8 119 8 256s111 248 248 248 248-111 248-248S393 8 256 8z\"><\/path><\/svg>\t\t\t\t\t\t<\/span>\n\t\t\t\t\t\t\t\t\t\t<span class=\"elementor-icon-list-text\">Prosz\u0119 klikn\u0105\u0107 \u0142\u0105cze \"Zarejestruj si\u0119\" na stronie logowania.  <\/span>\n\t\t\t\t\t\t\t\t\t<\/li>\n\t\t\t\t\t\t<\/ul>\n\t\t\t\t\t\t<\/div>\n\t\t\t\t<\/div>\n\t\t\t\t<div class=\"elementor-element elementor-element-5d5f154 elementor-widget elementor-widget-image\" data-id=\"5d5f154\" data-element_type=\"widget\" data-e-type=\"widget\" data-widget_type=\"image.default\">\n\t\t\t\t<div class=\"elementor-widget-container\">\n\t\t\t\t\t\t\t\t\t\t\t\t\t\t\t<img fetchpriority=\"high\" decoding=\"async\" width=\"470\" height=\"590\" src=\"https:\/\/revalizesoftware.com\/wp-content\/uploads\/2025\/02\/Login-Prompt-Sign-Up.png\" class=\"attachment-full size-full wp-image-67037\" alt=\"Strona logowania do spo\u0142eczno\u015bci wsparcia Revalize z polami na nazw\u0119 u\u017cytkownika i has\u0142o. Dost\u0119pne s\u0105 opcje zapami\u0119tania loginu, resetowania has\u0142a i rejestracji. Prosz\u0119 uzyska\u0107 dost\u0119p do portalu pomocy technicznej Revalize, aby zapozna\u0107 si\u0119 z przewodnikiem tworzenia przypadk\u00f3w w dogodnym dla Pa\u0144stwa czasie.\" srcset=\"https:\/\/revalizesoftware.com\/wp-content\/uploads\/2025\/02\/Login-Prompt-Sign-Up.png 470w, https:\/\/revalizesoftware.com\/wp-content\/uploads\/2025\/02\/Login-Prompt-Sign-Up-239x300.png 239w\" sizes=\"(max-width: 470px) 100vw, 470px\" \/>\t\t\t\t\t\t\t\t\t\t\t\t\t\t\t<\/div>\n\t\t\t\t<\/div>\n\t\t\t\t<div class=\"elementor-element elementor-element-6d19ad3 elementor-widget elementor-widget-heading\" data-id=\"6d19ad3\" data-element_type=\"widget\" data-e-type=\"widget\" data-widget_type=\"heading.default\">\n\t\t\t\t<div class=\"elementor-widget-container\">\n\t\t\t\t\t<h2 class=\"elementor-heading-title elementor-size-default\">3. Prosz\u0119 poda\u0107 swoje dane  <\/h2>\t\t\t\t<\/div>\n\t\t\t\t<\/div>\n\t\t\t\t<div class=\"elementor-element elementor-element-7469bb0 elementor-icon-list--layout-traditional elementor-list-item-link-full_width elementor-widget elementor-widget-icon-list\" data-id=\"7469bb0\" data-element_type=\"widget\" data-e-type=\"widget\" data-widget_type=\"icon-list.default\">\n\t\t\t\t<div class=\"elementor-widget-container\">\n\t\t\t\t\t\t\t<ul class=\"elementor-icon-list-items\">\n\t\t\t\t\t\t\t<li class=\"elementor-icon-list-item\">\n\t\t\t\t\t\t\t\t\t\t\t<span class=\"elementor-icon-list-icon\">\n\t\t\t\t\t\t\t<svg aria-hidden=\"true\" class=\"e-font-icon-svg e-fas-circle\" viewBox=\"0 0 512 512\" xmlns=\"http:\/\/www.w3.org\/2000\/svg\"><path d=\"M256 8C119 8 8 119 8 256s111 248 248 248 248-111 248-248S393 8 256 8z\"><\/path><\/svg>\t\t\t\t\t\t<\/span>\n\t\t\t\t\t\t\t\t\t\t<span class=\"elementor-icon-list-text\">Prosz\u0119 wprowadzi\u0107 imi\u0119, nazwisko, adres e-mail, nazw\u0119 firmy i wybra\u0107 preferowany j\u0119zyk.  <\/span>\n\t\t\t\t\t\t\t\t\t<\/li>\n\t\t\t\t\t\t\t\t<li class=\"elementor-icon-list-item\">\n\t\t\t\t\t\t\t\t\t\t\t<span class=\"elementor-icon-list-icon\">\n\t\t\t\t\t\t\t<svg aria-hidden=\"true\" class=\"e-font-icon-svg e-fas-circle\" viewBox=\"0 0 512 512\" xmlns=\"http:\/\/www.w3.org\/2000\/svg\"><path d=\"M256 8C119 8 8 119 8 256s111 248 248 248 248-111 248-248S393 8 256 8z\"><\/path><\/svg>\t\t\t\t\t\t<\/span>\n\t\t\t\t\t\t\t\t\t\t<span class=\"elementor-icon-list-text\">Prosz\u0119 klikn\u0105\u0107 \"Utw\u00f3rz konto\", aby kontynuowa\u0107.  <\/span>\n\t\t\t\t\t\t\t\t\t<\/li>\n\t\t\t\t\t\t<\/ul>\n\t\t\t\t\t\t<\/div>\n\t\t\t\t<\/div>\n\t\t\t\t<div class=\"elementor-element elementor-element-6ef6f44 elementor-widget elementor-widget-image\" data-id=\"6ef6f44\" data-element_type=\"widget\" data-e-type=\"widget\" data-widget_type=\"image.default\">\n\t\t\t\t<div class=\"elementor-widget-container\">\n\t\t\t\t\t\t\t\t\t\t\t\t\t\t\t<img decoding=\"async\" width=\"532\" height=\"824\" src=\"https:\/\/revalizesoftware.com\/wp-content\/uploads\/2025\/02\/Self-Registration-Prompt.png\" class=\"attachment-full size-full wp-image-67022\" alt=\"Prosz\u0119 wype\u0142ni\u0107 formularz rejestracyjny Revalize, podaj\u0105c swoje imi\u0119, nazwisko, adres e-mail i firm\u0119. Prosz\u0119 wybra\u0107 j\u0119zyk angielski, hiszpa\u0144ski, polski i niemiecki. Prosz\u0119 skorzysta\u0107 z naszego portalu pomocy technicznej, aby bezproblemowo utworzy\u0107 spraw\u0119 za pomoc\u0105 przycisku Utw\u00f3rz konto na dole.\" srcset=\"https:\/\/revalizesoftware.com\/wp-content\/uploads\/2025\/02\/Self-Registration-Prompt.png 532w, https:\/\/revalizesoftware.com\/wp-content\/uploads\/2025\/02\/Self-Registration-Prompt-194x300.png 194w\" sizes=\"(max-width: 532px) 100vw, 532px\" \/>\t\t\t\t\t\t\t\t\t\t\t\t\t\t\t<\/div>\n\t\t\t\t<\/div>\n\t\t\t\t<div class=\"elementor-element elementor-element-a6d2477 elementor-widget elementor-widget-text-editor\" data-id=\"a6d2477\" data-element_type=\"widget\" data-e-type=\"widget\" data-widget_type=\"text-editor.default\">\n\t\t\t\t<div class=\"elementor-widget-container\">\n\t\t\t\t\t\t\t\t\tCo b\u0119dzie dalej?  \t\t\t\t\t\t\t\t<\/div>\n\t\t\t\t<\/div>\n\t\t\t\t<div class=\"elementor-element elementor-element-b3dcfcc elementor-widget elementor-widget-text-editor\" data-id=\"b3dcfcc\" data-element_type=\"widget\" data-e-type=\"widget\" data-widget_type=\"text-editor.default\">\n\t\t\t\t<div class=\"elementor-widget-container\">\n\t\t\t\t\t\t\t\t\tNasz proces rejestracji b\u0119dzie pr\u00f3bowa\u0142 dopasowa\u0107 podane przez Pa\u0144stwa informacje do informacji o koncie w naszym systemie.  \t\t\t\t\t\t\t\t<\/div>\n\t\t\t\t<\/div>\n\t\t\t\t<div class=\"elementor-element elementor-element-8515df2 elementor-icon-list--layout-traditional elementor-list-item-link-full_width elementor-widget elementor-widget-icon-list\" data-id=\"8515df2\" data-element_type=\"widget\" data-e-type=\"widget\" data-widget_type=\"icon-list.default\">\n\t\t\t\t<div class=\"elementor-widget-container\">\n\t\t\t\t\t\t\t<ul class=\"elementor-icon-list-items\">\n\t\t\t\t\t\t\t<li class=\"elementor-icon-list-item\">\n\t\t\t\t\t\t\t\t\t\t\t<span class=\"elementor-icon-list-icon\">\n\t\t\t\t\t\t\t<svg aria-hidden=\"true\" class=\"e-font-icon-svg e-fas-circle\" viewBox=\"0 0 512 512\" xmlns=\"http:\/\/www.w3.org\/2000\/svg\"><path d=\"M256 8C119 8 8 119 8 256s111 248 248 248 248-111 248-248S393 8 256 8z\"><\/path><\/svg>\t\t\t\t\t\t<\/span>\n\t\t\t\t\t\t\t\t\t\t<span class=\"elementor-icon-list-text\">Je\u015bli istnieje zgodno\u015b\u0107, na ekranie pojawi si\u0119 komunikat z pro\u015bb\u0105 o sprawdzenie wiadomo\u015bci e-mail w celu wykonania kolejnych krok\u00f3w. Proces ten trwa zaledwie kilka minut. Prosz\u0119 sprawdzi\u0107 foldery wiadomo\u015bci-\u015bmieci lub spamu, je\u015bli w skrzynce odbiorczej nie pojawi si\u0119 \u017cadna wiadomo\u015b\u0107 uzupe\u0142niaj\u0105ca.    <\/span>\n\t\t\t\t\t\t\t\t\t<\/li>\n\t\t\t\t\t\t\t\t<li class=\"elementor-icon-list-item\">\n\t\t\t\t\t\t\t\t\t\t\t<span class=\"elementor-icon-list-icon\">\n\t\t\t\t\t\t\t<svg aria-hidden=\"true\" class=\"e-font-icon-svg e-fas-circle\" viewBox=\"0 0 512 512\" xmlns=\"http:\/\/www.w3.org\/2000\/svg\"><path d=\"M256 8C119 8 8 119 8 256s111 248 248 248 248-111 248-248S393 8 256 8z\"><\/path><\/svg>\t\t\t\t\t\t<\/span>\n\t\t\t\t\t\t\t\t\t\t<span class=\"elementor-icon-list-text\">Je\u015bli nie ma zgodno\u015bci, na ekranie pojawi si\u0119 komunikat informuj\u0105cy, \u017ce zesp\u00f3\u0142 obs\u0142ugi klienta przeanalizuje Pa\u0144stwa wniosek. Celem zespo\u0142u obs\u0142ugi klienta jest zako\u0144czenie procesu weryfikacji w ci\u0105gu dw\u00f3ch dni roboczych. Je\u015bli Pa\u0144stwa wniosek zostanie zatwierdzony, otrzymaj\u0105 Pa\u0144stwo wiadomo\u015b\u0107 e-mail dotycz\u0105c\u0105 kolejnych krok\u00f3w.    <\/span>\n\t\t\t\t\t\t\t\t\t<\/li>\n\t\t\t\t\t\t\t\t<li class=\"elementor-icon-list-item\">\n\t\t\t\t\t\t\t\t\t\t\t<span class=\"elementor-icon-list-icon\">\n\t\t\t\t\t\t\t<svg aria-hidden=\"true\" class=\"e-font-icon-svg e-fas-circle\" viewBox=\"0 0 512 512\" xmlns=\"http:\/\/www.w3.org\/2000\/svg\"><path d=\"M256 8C119 8 8 119 8 256s111 248 248 248 248-111 248-248S393 8 256 8z\"><\/path><\/svg>\t\t\t\t\t\t<\/span>\n\t\t\t\t\t\t\t\t\t\t<span class=\"elementor-icon-list-text\">Je\u015bli pojawi\u0105 si\u0119 pytania dotycz\u0105ce Pa\u0144stwa wniosku o rejestracj\u0119, Dzia\u0142 Obs\u0142ugi Klienta skontaktuje si\u0119 z Pa\u0144stwem w celu ich om\u00f3wienia.  <\/span>\n\t\t\t\t\t\t\t\t\t<\/li>\n\t\t\t\t\t\t<\/ul>\n\t\t\t\t\t\t<\/div>\n\t\t\t\t<\/div>\n\t\t\t\t\t<\/div>\n\t\t\t\t<\/div>\n\t\t\t\t<\/div>\n\t\t","protected":false},"excerpt":{"rendered":"<p>Przewodnik samodzielnej rejestracji w portalu klienta Revalize Witamy w przewodniku rejestracji w portalu klienta Revalize! Prosz\u0119 post\u0119powa\u0107 zgodnie z tymi prostymi krokami, aby utworzy\u0107 konto i uzyska\u0107 dost\u0119p do naszych us\u0142ug wsparcia. Proces rejestracji krok po kroku 1. Prosz\u0119 odwiedzi\u0107 portal Prosz\u0119 otworzy\u0107 przegl\u0105dark\u0119 internetow\u0105 i wej\u015b\u0107 na stron\u0119 support.revalizesoftware.com. 2. Prosz\u0119 si\u0119 zarejestrowa\u0107 Prosz\u0119 [&hellip;]<\/p>\n","protected":false},"author":39,"featured_media":0,"parent":0,"menu_order":0,"comment_status":"closed","ping_status":"closed","template":"","meta":{"content-type":"","footnotes":""},"class_list":["post-68286","page","type-page","status-publish","hentry"],"yoast_head":"<!-- This site is optimized with the Yoast SEO Premium plugin v27.5 (Yoast SEO v27.5) - https:\/\/yoast.com\/product\/yoast-seo-premium-wordpress\/ -->\n<title>Przewodnik samodzielnej rejestracji w portalu pomocy technicznej - Revalize<\/title>\n<meta name=\"robots\" content=\"noindex, nofollow\" \/>\n<meta property=\"og:locale\" content=\"pl_PL\" \/>\n<meta property=\"og:type\" content=\"article\" \/>\n<meta property=\"og:title\" content=\"Przewodnik samodzielnej rejestracji w portalu pomocy technicznej\" \/>\n<meta property=\"og:description\" content=\"Przewodnik samodzielnej rejestracji w portalu klienta Revalize Witamy w przewodniku rejestracji w portalu klienta Revalize! Prosz\u0119 post\u0119powa\u0107 zgodnie z tymi prostymi krokami, aby utworzy\u0107 konto i uzyska\u0107 dost\u0119p do naszych us\u0142ug wsparcia. Proces rejestracji krok po kroku 1. Prosz\u0119 odwiedzi\u0107 portal Prosz\u0119 otworzy\u0107 przegl\u0105dark\u0119 internetow\u0105 i wej\u015b\u0107 na stron\u0119 support.revalizesoftware.com. 2. Prosz\u0119 si\u0119 zarejestrowa\u0107 Prosz\u0119 [&hellip;]\" \/>\n<meta property=\"og:url\" content=\"https:\/\/revalizesoftware.com\/pl\/przewodnik-samodzielnej-rejestracji-w-portalu-pomocy-technicznej\/\" \/>\n<meta property=\"og:site_name\" content=\"Revalize\" \/>\n<meta property=\"article:publisher\" content=\"https:\/\/www.facebook.com\/revalize\/\" \/>\n<meta property=\"article:modified_time\" content=\"2025-04-08T12:19:01+00:00\" \/>\n<meta property=\"og:image\" content=\"https:\/\/revalizesoftware.com\/wp-content\/uploads\/2025\/02\/Login-Prompt-Sign-Up.png\" \/>\n<meta name=\"twitter:card\" content=\"summary_large_image\" \/>\n<meta name=\"twitter:site\" content=\"@revalize\" \/>\n<meta name=\"twitter:label1\" content=\"Szacowany czas czytania\" \/>\n\t<meta name=\"twitter:data1\" content=\"1 minuta\" \/>\n<script type=\"application\/ld+json\" class=\"yoast-schema-graph\">{\"@context\":\"https:\\\/\\\/schema.org\",\"@graph\":[{\"@type\":\"WebPage\",\"@id\":\"https:\\\/\\\/revalizesoftware.com\\\/pl\\\/przewodnik-samodzielnej-rejestracji-w-portalu-pomocy-technicznej\\\/\",\"url\":\"https:\\\/\\\/revalizesoftware.com\\\/pl\\\/przewodnik-samodzielnej-rejestracji-w-portalu-pomocy-technicznej\\\/\",\"name\":\"Przewodnik samodzielnej rejestracji w portalu pomocy technicznej - Revalize\",\"isPartOf\":{\"@id\":\"https:\\\/\\\/revalizesoftware.com\\\/pl\\\/#website\"},\"primaryImageOfPage\":{\"@id\":\"https:\\\/\\\/revalizesoftware.com\\\/pl\\\/przewodnik-samodzielnej-rejestracji-w-portalu-pomocy-technicznej\\\/#primaryimage\"},\"image\":{\"@id\":\"https:\\\/\\\/revalizesoftware.com\\\/pl\\\/przewodnik-samodzielnej-rejestracji-w-portalu-pomocy-technicznej\\\/#primaryimage\"},\"thumbnailUrl\":\"https:\\\/\\\/revalizesoftware.com\\\/wp-content\\\/uploads\\\/2025\\\/02\\\/Login-Prompt-Sign-Up.png\",\"datePublished\":\"2025-02-25T14:33:08+00:00\",\"dateModified\":\"2025-04-08T12:19:01+00:00\",\"breadcrumb\":{\"@id\":\"https:\\\/\\\/revalizesoftware.com\\\/pl\\\/przewodnik-samodzielnej-rejestracji-w-portalu-pomocy-technicznej\\\/#breadcrumb\"},\"inLanguage\":\"pl-PL\",\"potentialAction\":[{\"@type\":\"ReadAction\",\"target\":[\"https:\\\/\\\/revalizesoftware.com\\\/pl\\\/przewodnik-samodzielnej-rejestracji-w-portalu-pomocy-technicznej\\\/\"]}]},{\"@type\":\"ImageObject\",\"inLanguage\":\"pl-PL\",\"@id\":\"https:\\\/\\\/revalizesoftware.com\\\/pl\\\/przewodnik-samodzielnej-rejestracji-w-portalu-pomocy-technicznej\\\/#primaryimage\",\"url\":\"https:\\\/\\\/revalizesoftware.com\\\/wp-content\\\/uploads\\\/2025\\\/02\\\/Login-Prompt-Sign-Up.png\",\"contentUrl\":\"https:\\\/\\\/revalizesoftware.com\\\/wp-content\\\/uploads\\\/2025\\\/02\\\/Login-Prompt-Sign-Up.png\"},{\"@type\":\"BreadcrumbList\",\"@id\":\"https:\\\/\\\/revalizesoftware.com\\\/pl\\\/przewodnik-samodzielnej-rejestracji-w-portalu-pomocy-technicznej\\\/#breadcrumb\",\"itemListElement\":[{\"@type\":\"ListItem\",\"position\":1,\"name\":\"Home\",\"item\":\"https:\\\/\\\/revalizesoftware.com\\\/pl\\\/revalize\\\/\"},{\"@type\":\"ListItem\",\"position\":2,\"name\":\"Przewodnik samodzielnej rejestracji w portalu pomocy technicznej\"}]},{\"@type\":\"WebSite\",\"@id\":\"https:\\\/\\\/revalizesoftware.com\\\/pl\\\/#website\",\"url\":\"https:\\\/\\\/revalizesoftware.com\\\/pl\\\/\",\"name\":\"Revalize\",\"description\":\"Greater Outcomes Start with Revalize\",\"publisher\":{\"@id\":\"https:\\\/\\\/revalizesoftware.com\\\/pl\\\/#organization\"},\"potentialAction\":[{\"@type\":\"SearchAction\",\"target\":{\"@type\":\"EntryPoint\",\"urlTemplate\":\"https:\\\/\\\/revalizesoftware.com\\\/pl\\\/?s={search_term_string}\"},\"query-input\":{\"@type\":\"PropertyValueSpecification\",\"valueRequired\":true,\"valueName\":\"search_term_string\"}}],\"inLanguage\":\"pl-PL\"},{\"@type\":\"Organization\",\"@id\":\"https:\\\/\\\/revalizesoftware.com\\\/pl\\\/#organization\",\"name\":\"Revalize\",\"url\":\"https:\\\/\\\/revalizesoftware.com\\\/pl\\\/\",\"logo\":{\"@type\":\"ImageObject\",\"inLanguage\":\"pl-PL\",\"@id\":\"https:\\\/\\\/revalizesoftware.com\\\/pl\\\/#\\\/schema\\\/logo\\\/image\\\/\",\"url\":\"https:\\\/\\\/revalizesoftware.com\\\/wp-content\\\/uploads\\\/2021\\\/05\\\/revalize-logo.png\",\"contentUrl\":\"https:\\\/\\\/revalizesoftware.com\\\/wp-content\\\/uploads\\\/2021\\\/05\\\/revalize-logo.png\",\"width\":976,\"height\":423,\"caption\":\"Revalize\"},\"image\":{\"@id\":\"https:\\\/\\\/revalizesoftware.com\\\/pl\\\/#\\\/schema\\\/logo\\\/image\\\/\"},\"sameAs\":[\"https:\\\/\\\/www.facebook.com\\\/revalize\\\/\",\"https:\\\/\\\/x.com\\\/revalize\",\"https:\\\/\\\/www.linkedin.com\\\/company\\\/revalize\\\/\"]}]}<\/script>\n<!-- \/ Yoast SEO Premium plugin. -->","yoast_head_json":{"title":"Przewodnik samodzielnej rejestracji w portalu pomocy technicznej - Revalize","robots":{"index":"noindex","follow":"nofollow"},"og_locale":"pl_PL","og_type":"article","og_title":"Przewodnik samodzielnej rejestracji w portalu pomocy technicznej","og_description":"Przewodnik samodzielnej rejestracji w portalu klienta Revalize Witamy w przewodniku rejestracji w portalu klienta Revalize! Prosz\u0119 post\u0119powa\u0107 zgodnie z tymi prostymi krokami, aby utworzy\u0107 konto i uzyska\u0107 dost\u0119p do naszych us\u0142ug wsparcia. Proces rejestracji krok po kroku 1. Prosz\u0119 odwiedzi\u0107 portal Prosz\u0119 otworzy\u0107 przegl\u0105dark\u0119 internetow\u0105 i wej\u015b\u0107 na stron\u0119 support.revalizesoftware.com. 2. Prosz\u0119 si\u0119 zarejestrowa\u0107 Prosz\u0119 [&hellip;]","og_url":"https:\/\/revalizesoftware.com\/pl\/przewodnik-samodzielnej-rejestracji-w-portalu-pomocy-technicznej\/","og_site_name":"Revalize","article_publisher":"https:\/\/www.facebook.com\/revalize\/","article_modified_time":"2025-04-08T12:19:01+00:00","og_image":[{"url":"https:\/\/revalizesoftware.com\/wp-content\/uploads\/2025\/02\/Login-Prompt-Sign-Up.png","type":"","width":"","height":""}],"twitter_card":"summary_large_image","twitter_site":"@revalize","twitter_misc":{"Szacowany czas czytania":"1 minuta"},"schema":{"@context":"https:\/\/schema.org","@graph":[{"@type":"WebPage","@id":"https:\/\/revalizesoftware.com\/pl\/przewodnik-samodzielnej-rejestracji-w-portalu-pomocy-technicznej\/","url":"https:\/\/revalizesoftware.com\/pl\/przewodnik-samodzielnej-rejestracji-w-portalu-pomocy-technicznej\/","name":"Przewodnik samodzielnej rejestracji w portalu pomocy technicznej - Revalize","isPartOf":{"@id":"https:\/\/revalizesoftware.com\/pl\/#website"},"primaryImageOfPage":{"@id":"https:\/\/revalizesoftware.com\/pl\/przewodnik-samodzielnej-rejestracji-w-portalu-pomocy-technicznej\/#primaryimage"},"image":{"@id":"https:\/\/revalizesoftware.com\/pl\/przewodnik-samodzielnej-rejestracji-w-portalu-pomocy-technicznej\/#primaryimage"},"thumbnailUrl":"https:\/\/revalizesoftware.com\/wp-content\/uploads\/2025\/02\/Login-Prompt-Sign-Up.png","datePublished":"2025-02-25T14:33:08+00:00","dateModified":"2025-04-08T12:19:01+00:00","breadcrumb":{"@id":"https:\/\/revalizesoftware.com\/pl\/przewodnik-samodzielnej-rejestracji-w-portalu-pomocy-technicznej\/#breadcrumb"},"inLanguage":"pl-PL","potentialAction":[{"@type":"ReadAction","target":["https:\/\/revalizesoftware.com\/pl\/przewodnik-samodzielnej-rejestracji-w-portalu-pomocy-technicznej\/"]}]},{"@type":"ImageObject","inLanguage":"pl-PL","@id":"https:\/\/revalizesoftware.com\/pl\/przewodnik-samodzielnej-rejestracji-w-portalu-pomocy-technicznej\/#primaryimage","url":"https:\/\/revalizesoftware.com\/wp-content\/uploads\/2025\/02\/Login-Prompt-Sign-Up.png","contentUrl":"https:\/\/revalizesoftware.com\/wp-content\/uploads\/2025\/02\/Login-Prompt-Sign-Up.png"},{"@type":"BreadcrumbList","@id":"https:\/\/revalizesoftware.com\/pl\/przewodnik-samodzielnej-rejestracji-w-portalu-pomocy-technicznej\/#breadcrumb","itemListElement":[{"@type":"ListItem","position":1,"name":"Home","item":"https:\/\/revalizesoftware.com\/pl\/revalize\/"},{"@type":"ListItem","position":2,"name":"Przewodnik samodzielnej rejestracji w portalu pomocy technicznej"}]},{"@type":"WebSite","@id":"https:\/\/revalizesoftware.com\/pl\/#website","url":"https:\/\/revalizesoftware.com\/pl\/","name":"Revalize","description":"Greater Outcomes Start with Revalize","publisher":{"@id":"https:\/\/revalizesoftware.com\/pl\/#organization"},"potentialAction":[{"@type":"SearchAction","target":{"@type":"EntryPoint","urlTemplate":"https:\/\/revalizesoftware.com\/pl\/?s={search_term_string}"},"query-input":{"@type":"PropertyValueSpecification","valueRequired":true,"valueName":"search_term_string"}}],"inLanguage":"pl-PL"},{"@type":"Organization","@id":"https:\/\/revalizesoftware.com\/pl\/#organization","name":"Revalize","url":"https:\/\/revalizesoftware.com\/pl\/","logo":{"@type":"ImageObject","inLanguage":"pl-PL","@id":"https:\/\/revalizesoftware.com\/pl\/#\/schema\/logo\/image\/","url":"https:\/\/revalizesoftware.com\/wp-content\/uploads\/2021\/05\/revalize-logo.png","contentUrl":"https:\/\/revalizesoftware.com\/wp-content\/uploads\/2021\/05\/revalize-logo.png","width":976,"height":423,"caption":"Revalize"},"image":{"@id":"https:\/\/revalizesoftware.com\/pl\/#\/schema\/logo\/image\/"},"sameAs":["https:\/\/www.facebook.com\/revalize\/","https:\/\/x.com\/revalize","https:\/\/www.linkedin.com\/company\/revalize\/"]}]}},"_links":{"self":[{"href":"https:\/\/revalizesoftware.com\/pl\/wp-json\/wp\/v2\/pages\/68286","targetHints":{"allow":["GET"]}}],"collection":[{"href":"https:\/\/revalizesoftware.com\/pl\/wp-json\/wp\/v2\/pages"}],"about":[{"href":"https:\/\/revalizesoftware.com\/pl\/wp-json\/wp\/v2\/types\/page"}],"author":[{"embeddable":true,"href":"https:\/\/revalizesoftware.com\/pl\/wp-json\/wp\/v2\/users\/39"}],"replies":[{"embeddable":true,"href":"https:\/\/revalizesoftware.com\/pl\/wp-json\/wp\/v2\/comments?post=68286"}],"version-history":[{"count":0,"href":"https:\/\/revalizesoftware.com\/pl\/wp-json\/wp\/v2\/pages\/68286\/revisions"}],"wp:attachment":[{"href":"https:\/\/revalizesoftware.com\/pl\/wp-json\/wp\/v2\/media?parent=68286"}],"curies":[{"name":"wp","href":"https:\/\/api.w.org\/{rel}","templated":true}]}}