{"id":68300,"date":"2025-02-25T08:46:59","date_gmt":"2025-02-25T13:46:59","guid":{"rendered":"https:\/\/revalizesoftware.com\/portal-wsparcia-e2c-faq\/"},"modified":"2025-04-24T14:47:45","modified_gmt":"2025-04-24T18:47:45","slug":"portal-wsparcia-e2c-faq","status":"publish","type":"page","link":"https:\/\/revalizesoftware.com\/pl\/portal-wsparcia-e2c-faq\/","title":{"rendered":"Portal wsparcia E2C FAQ"},"content":{"rendered":"\t\t<div data-elementor-type=\"wp-page\" data-elementor-id=\"68300\" class=\"elementor elementor-68300 elementor-66981\" data-elementor-post-type=\"page\">\n\t\t\t\t<div class=\"elementor-element elementor-element-b588806 e-flex e-con-boxed e-con e-parent\" data-id=\"b588806\" data-element_type=\"container\" data-e-type=\"container\">\n\t\t\t\t\t<div class=\"e-con-inner\">\n\t\t\t\t<div class=\"elementor-element elementor-element-951da6c elementor-widget elementor-widget-heading\" data-id=\"951da6c\" data-element_type=\"widget\" data-e-type=\"widget\" data-widget_type=\"heading.default\">\n\t\t\t\t<div class=\"elementor-widget-container\">\n\t\t\t\t\t<h1 class=\"elementor-heading-title elementor-size-default\">FAQ: Zmiana procesu zg\u0142aszania spraw  <\/h1>\t\t\t\t<\/div>\n\t\t\t\t<\/div>\n\t\t\t\t<div class=\"elementor-element elementor-element-3771a31 elementor-widget elementor-widget-heading\" data-id=\"3771a31\" data-element_type=\"widget\" data-e-type=\"widget\" data-widget_type=\"heading.default\">\n\t\t\t\t<div class=\"elementor-widget-container\">\n\t\t\t\t\t<h2 class=\"elementor-heading-title elementor-size-default\">Co si\u0119 zmienia?<\/h2>\t\t\t\t<\/div>\n\t\t\t\t<\/div>\n\t\t\t\t<div class=\"elementor-element elementor-element-ee0ebea elementor-widget elementor-widget-text-editor\" data-id=\"ee0ebea\" data-element_type=\"widget\" data-e-type=\"widget\" data-widget_type=\"text-editor.default\">\n\t\t\t\t<div class=\"elementor-widget-container\">\n\t\t\t\t\t\t\t\t\t<p>Z dniem 31 marca 2025 r. funkcja przesy\u0142ania nowych zg\u0142osze\u0144 za po\u015brednictwem poczty e-mail zostanie wycofana. Oznacza to, \u017ce klienci nie b\u0119d\u0105 ju\u017c mogli przesy\u0142a\u0107 nowych wniosk\u00f3w o pomoc techniczn\u0105 za po\u015brednictwem poczty elektronicznej. Zamiast tego wszystkie nowe przypadki pomocy technicznej musz\u0105 by\u0107 przesy\u0142ane za po\u015brednictwem <span style=\"color: #00bad9;\"><a style=\"color: #00bad9;\" href=\"https:\/\/support.revalizesoftware.com\/\">Portal klienta Revalize<\/a><\/span>.  <\/p>\n\t\t\t\t\t\t\t\t<\/div>\n\t\t\t\t<\/div>\n\t\t\t\t<div class=\"elementor-element elementor-element-26e58fa elementor-widget elementor-widget-heading\" data-id=\"26e58fa\" data-element_type=\"widget\" data-e-type=\"widget\" data-widget_type=\"heading.default\">\n\t\t\t\t<div class=\"elementor-widget-container\">\n\t\t\t\t\t<h2 class=\"elementor-heading-title elementor-size-default\">Dlaczego wprowadzono t\u0119 zmian\u0119?<\/h2>\t\t\t\t<\/div>\n\t\t\t\t<\/div>\n\t\t\t\t<div class=\"elementor-element elementor-element-980233a elementor-widget elementor-widget-text-editor\" data-id=\"980233a\" data-element_type=\"widget\" data-e-type=\"widget\" data-widget_type=\"text-editor.default\">\n\t\t\t\t<div class=\"elementor-widget-container\">\n\t\t\t\t\t\t\t\t\t<p>Decyzja o wycofaniu funkcji przesy\u0142ania nowych spraw za po\u015brednictwem poczty e-mail zosta\u0142a podj\u0119ta w celu zapewnienia szybszego czasu reakcji, lepszego \u015bledzenia, lepszego wgl\u0105du w post\u0119py sprawy i wyeliminowania nieefektywno\u015bci obecnego procesu. Istniej\u0105cy proces e-mail-to-case cz\u0119sto skutkuje niekompletnymi informacjami o sprawie, wymagaj\u0105c dalszych dzia\u0142a\u0144 z osob\u0105 zg\u0142aszaj\u0105c\u0105 w celu zebrania wszystkich niezb\u0119dnych informacji, aby przypisa\u0107 spraw\u0119 do odpowiedniego zasobu obs\u0142ugi klienta Revalize. Eliminuj\u0105c t\u0119 metod\u0119 przyjmowania zg\u0142osze\u0144, d\u0105\u017cymy do zapewnienia, \u017ce nowe sprawy s\u0105 tworzone i przesy\u0142ane ze wszystkimi wymaganymi informacjami od samego pocz\u0105tku, zmniejszaj\u0105c potrzeb\u0119 wielokrotnej komunikacji w obie strony. Zmiana ta jest cz\u0119\u015bci\u0105 naszych ci\u0105g\u0142ych wysi\u0142k\u00f3w na rzecz usprawnienia \u015bwiadczenia us\u0142ug wsparcia i zapewnienia bardziej wydajnego i sp\u00f3jnego do\u015bwiadczenia dla naszych klient\u00f3w.     <\/p>\n\t\t\t\t\t\t\t\t<\/div>\n\t\t\t\t<\/div>\n\t\t\t\t<div class=\"elementor-element elementor-element-c6ff198 elementor-widget elementor-widget-heading\" data-id=\"c6ff198\" data-element_type=\"widget\" data-e-type=\"widget\" data-widget_type=\"heading.default\">\n\t\t\t\t<div class=\"elementor-widget-container\">\n\t\t\t\t\t<h2 class=\"elementor-heading-title elementor-size-default\">Jak mog\u0119 zg\u0142osi\u0107 nowe zg\u0142oszenie do pomocy technicznej?<\/h2>\t\t\t\t<\/div>\n\t\t\t\t<\/div>\n\t\t\t\t<div class=\"elementor-element elementor-element-d06fa5b elementor-widget elementor-widget-text-editor\" data-id=\"d06fa5b\" data-element_type=\"widget\" data-e-type=\"widget\" data-widget_type=\"text-editor.default\">\n\t\t\t\t<div class=\"elementor-widget-container\">\n\t\t\t\t\t\t\t\t\t<p>Mog\u0105 Pa\u0144stwo przes\u0142a\u0107 nowy przypadek pomocy technicznej za po\u015brednictwem Portalu klienta Revalize. Oto jak to zrobi\u0107:   <\/p>\n\t\t\t\t\t\t\t\t<\/div>\n\t\t\t\t<\/div>\n\t\t\t\t<div class=\"elementor-element elementor-element-727aca6 elementor-icon-list--layout-traditional elementor-list-item-link-full_width elementor-widget elementor-widget-icon-list\" data-id=\"727aca6\" data-element_type=\"widget\" data-e-type=\"widget\" data-widget_type=\"icon-list.default\">\n\t\t\t\t<div class=\"elementor-widget-container\">\n\t\t\t\t\t\t\t<ul class=\"elementor-icon-list-items\">\n\t\t\t\t\t\t\t<li class=\"elementor-icon-list-item\">\n\t\t\t\t\t\t\t\t\t\t\t<span class=\"elementor-icon-list-icon\">\n\t\t\t\t\t\t\t<svg aria-hidden=\"true\" class=\"e-font-icon-svg e-fas-circle\" viewBox=\"0 0 512 512\" xmlns=\"http:\/\/www.w3.org\/2000\/svg\"><path d=\"M256 8C119 8 8 119 8 256s111 248 248 248 248-111 248-248S393 8 256 8z\"><\/path><\/svg>\t\t\t\t\t\t<\/span>\n\t\t\t\t\t\t\t\t\t\t<span class=\"elementor-icon-list-text\"><b>Prosz\u0119 si\u0119 zalogowa\u0107:<\/b> Prosz\u0119 wej\u015b\u0107 na stron\u0119 support.revalizesoftware.com i zalogowa\u0107 si\u0119.  <\/span>\n\t\t\t\t\t\t\t\t\t<\/li>\n\t\t\t\t\t\t\t\t<li class=\"elementor-icon-list-item\">\n\t\t\t\t\t\t\t\t\t\t\t<span class=\"elementor-icon-list-icon\">\n\t\t\t\t\t\t\t<svg aria-hidden=\"true\" class=\"e-font-icon-svg e-fas-circle\" viewBox=\"0 0 512 512\" xmlns=\"http:\/\/www.w3.org\/2000\/svg\"><path d=\"M256 8C119 8 8 119 8 256s111 248 248 248 248-111 248-248S393 8 256 8z\"><\/path><\/svg>\t\t\t\t\t\t<\/span>\n\t\t\t\t\t\t\t\t\t\t<span class=\"elementor-icon-list-text\"><b>Zg\u0142oszenie sprawy:<\/b> Prosz\u0119 przej\u015b\u0107 do zak\u0142adki Popro\u015b o pomoc i wybra\u0107 opcj\u0119 Wsparcie klienta. Prosz\u0119 wype\u0142ni\u0107 formularz wymaganymi danymi i klikn\u0105\u0107 Wy\u015blij.   <\/span>\n\t\t\t\t\t\t\t\t\t<\/li>\n\t\t\t\t\t\t<\/ul>\n\t\t\t\t\t\t<\/div>\n\t\t\t\t<\/div>\n\t\t\t\t<div class=\"elementor-element elementor-element-d95dfaa elementor-widget elementor-widget-text-editor\" data-id=\"d95dfaa\" data-element_type=\"widget\" data-e-type=\"widget\" data-widget_type=\"text-editor.default\">\n\t\t\t\t<div class=\"elementor-widget-container\">\n\t\t\t\t\t\t\t\t\t<p>Aby uzyska\u0107 dodatkowe wskaz\u00f3wki, prosz\u0119 zapozna\u0107 si\u0119 z <span style=\"color: #00bad9;\"><a style=\"color: #00bad9;\" href=\"https:\/\/revalizesoftware.com\/pl\/przewodnik-tworzenia-spraw-w-portalu-pomocy-technicznej\/\">Podr\u0119cznik tworzenia przypadk\u00f3w pomocy technicznej w portalu klienta Revalize<\/a><\/span><\/p>\n\t\t\t\t\t\t\t\t<\/div>\n\t\t\t\t<\/div>\n\t\t\t\t<div class=\"elementor-element elementor-element-40c1ee2 elementor-widget elementor-widget-heading\" data-id=\"40c1ee2\" data-element_type=\"widget\" data-e-type=\"widget\" data-widget_type=\"heading.default\">\n\t\t\t\t<div class=\"elementor-widget-container\">\n\t\t\t\t\t<h2 class=\"elementor-heading-title elementor-size-default\">Jakie s\u0105 korzy\u015bci z korzystania z Portalu Klienta?<\/h2>\t\t\t\t<\/div>\n\t\t\t\t<\/div>\n\t\t\t\t<div class=\"elementor-element elementor-element-515127d elementor-widget elementor-widget-text-editor\" data-id=\"515127d\" data-element_type=\"widget\" data-e-type=\"widget\" data-widget_type=\"text-editor.default\">\n\t\t\t\t<div class=\"elementor-widget-container\">\n\t\t\t\t\t\t\t\t\t<p>Korzystanie z Portalu Klienta oferuje kilka korzy\u015bci:  <\/p>\n\t\t\t\t\t\t\t\t<\/div>\n\t\t\t\t<\/div>\n\t\t\t\t<div class=\"elementor-element elementor-element-4e1a15e elementor-icon-list--layout-traditional elementor-list-item-link-full_width elementor-widget elementor-widget-icon-list\" data-id=\"4e1a15e\" data-element_type=\"widget\" data-e-type=\"widget\" data-widget_type=\"icon-list.default\">\n\t\t\t\t<div class=\"elementor-widget-container\">\n\t\t\t\t\t\t\t<ul class=\"elementor-icon-list-items\">\n\t\t\t\t\t\t\t<li class=\"elementor-icon-list-item\">\n\t\t\t\t\t\t\t\t\t\t\t<span class=\"elementor-icon-list-icon\">\n\t\t\t\t\t\t\t<svg aria-hidden=\"true\" class=\"e-font-icon-svg e-fas-circle\" viewBox=\"0 0 512 512\" xmlns=\"http:\/\/www.w3.org\/2000\/svg\"><path d=\"M256 8C119 8 8 119 8 256s111 248 248 248 248-111 248-248S393 8 256 8z\"><\/path><\/svg>\t\t\t\t\t\t<\/span>\n\t\t\t\t\t\t\t\t\t\t<span class=\"elementor-icon-list-text\"><b>Szybsze czasy reakcji:<\/b> Sprawy zg\u0142aszane za po\u015brednictwem portalu s\u0105 traktowane priorytetowo i kierowane bezpo\u015brednio do odpowiedniego cz\u0142onka zespo\u0142u wsparcia, zapewniaj\u0105c szybsze zaanga\u017cowanie i rozwi\u0105zywanie zg\u0142oszonego problemu.<\/span>\n\t\t\t\t\t\t\t\t\t<\/li>\n\t\t\t\t\t\t\t\t<li class=\"elementor-icon-list-item\">\n\t\t\t\t\t\t\t\t\t\t\t<span class=\"elementor-icon-list-icon\">\n\t\t\t\t\t\t\t<svg aria-hidden=\"true\" class=\"e-font-icon-svg e-fas-circle\" viewBox=\"0 0 512 512\" xmlns=\"http:\/\/www.w3.org\/2000\/svg\"><path d=\"M256 8C119 8 8 119 8 256s111 248 248 248 248-111 248-248S393 8 256 8z\"><\/path><\/svg>\t\t\t\t\t\t<\/span>\n\t\t\t\t\t\t\t\t\t\t<span class=\"elementor-icon-list-text\"><b>Dost\u0119p 24\/7:<\/b> Portal jest dost\u0119pny przez ca\u0142\u0105 dob\u0119, umo\u017cliwiaj\u0105c przeszukiwanie bazy wiedzy w poszukiwaniu rozwi\u0105za\u0144, przegl\u0105danie informacji o wersji produktu, pobieranie produkt\u00f3w, przesy\u0142anie spraw i dost\u0119p do odpowiednich zasob\u00f3w w jednym miejscu.<\/span>\n\t\t\t\t\t\t\t\t\t<\/li>\n\t\t\t\t\t\t\t\t<li class=\"elementor-icon-list-item\">\n\t\t\t\t\t\t\t\t\t\t\t<span class=\"elementor-icon-list-icon\">\n\t\t\t\t\t\t\t<svg aria-hidden=\"true\" class=\"e-font-icon-svg e-fas-circle\" viewBox=\"0 0 512 512\" xmlns=\"http:\/\/www.w3.org\/2000\/svg\"><path d=\"M256 8C119 8 8 119 8 256s111 248 248 248 248-111 248-248S393 8 256 8z\"><\/path><\/svg>\t\t\t\t\t\t<\/span>\n\t\t\t\t\t\t\t\t\t\t<span class=\"elementor-icon-list-text\"><b>Zwi\u0119kszone bezpiecze\u0144stwo:<\/b> Portal zapewnia bezpieczne \u015brodowisko do przesy\u0142ania poufnych informacji, chroni\u0105c Pa\u0144stwa dane.  <\/span>\n\t\t\t\t\t\t\t\t\t<\/li>\n\t\t\t\t\t\t\t\t<li class=\"elementor-icon-list-item\">\n\t\t\t\t\t\t\t\t\t\t\t<span class=\"elementor-icon-list-icon\">\n\t\t\t\t\t\t\t<svg aria-hidden=\"true\" class=\"e-font-icon-svg e-fas-circle\" viewBox=\"0 0 512 512\" xmlns=\"http:\/\/www.w3.org\/2000\/svg\"><path d=\"M256 8C119 8 8 119 8 256s111 248 248 248 248-111 248-248S393 8 256 8z\"><\/path><\/svg>\t\t\t\t\t\t<\/span>\n\t\t\t\t\t\t\t\t\t\t<span class=\"elementor-icon-list-text\"><b>Kompleksowe zarz\u0105dzanie sprawami:<\/b> Mog\u0105 Pa\u0144stwo \u0142atwo \u015bledzi\u0107 post\u0119py w swoich sprawach, przegl\u0105da\u0107 poprzednie zg\u0142oszenia i sprawdza\u0107 statusy spraw w dowolnym momencie.  <\/span>\n\t\t\t\t\t\t\t\t\t<\/li>\n\t\t\t\t\t\t<\/ul>\n\t\t\t\t\t\t<\/div>\n\t\t\t\t<\/div>\n\t\t\t\t<div class=\"elementor-element elementor-element-6db8248 elementor-widget elementor-widget-heading\" data-id=\"6db8248\" data-element_type=\"widget\" data-e-type=\"widget\" data-widget_type=\"heading.default\">\n\t\t\t\t<div class=\"elementor-widget-container\">\n\t\t\t\t\t<h2 class=\"elementor-heading-title elementor-size-default\">Co zrobi\u0107, je\u015bli mam problemy z dost\u0119pem do Portalu Klienta?<\/h2>\t\t\t\t<\/div>\n\t\t\t\t<\/div>\n\t\t\t\t<div class=\"elementor-element elementor-element-7fa718a elementor-widget elementor-widget-text-editor\" data-id=\"7fa718a\" data-element_type=\"widget\" data-e-type=\"widget\" data-widget_type=\"text-editor.default\">\n\t\t\t\t<div class=\"elementor-widget-container\">\n\t\t\t\t\t\t\t\t\t<p>W przypadku problem\u00f3w z rejestracj\u0105 lub logowaniem do Portalu, prosz\u0119 odwiedzi\u0107 stron\u0119 <span style=\"color: #00bad9;\"><a style=\"color: #00bad9;\" href=\"https:\/\/support.revalizesoftware.com\/\">support.revalizesoftware.com<\/a><\/span> w celu uzyskania wskaz\u00f3wek.<\/p>\n\t\t\t\t\t\t\t\t<\/div>\n\t\t\t\t<\/div>\n\t\t\t\t<div class=\"elementor-element elementor-element-23bea26 elementor-widget elementor-widget-heading\" data-id=\"23bea26\" data-element_type=\"widget\" data-e-type=\"widget\" data-widget_type=\"heading.default\">\n\t\t\t\t<div class=\"elementor-widget-container\">\n\t\t\t\t\t<h2 class=\"elementor-heading-title elementor-size-default\">Czy nadal mog\u0119 komunikowa\u0107 si\u0119 przez e-mail w otwartych sprawach?<\/h2>\t\t\t\t<\/div>\n\t\t\t\t<\/div>\n\t\t\t\t<div class=\"elementor-element elementor-element-e4bbf84 elementor-widget elementor-widget-text-editor\" data-id=\"e4bbf84\" data-element_type=\"widget\" data-e-type=\"widget\" data-widget_type=\"text-editor.default\">\n\t\t\t\t<div class=\"elementor-widget-container\">\n\t\t\t\t\t\t\t\t\t<p>Tak, to przej\u015bcie nie wp\u0142ynie na komunikacj\u0119 e-mail w otwartych sprawach. Klienci mog\u0105 nadal komunikowa\u0107 si\u0119 za po\u015brednictwem poczty e-mail w sprawach, kt\u00f3re s\u0105 ju\u017c w toku. Klienci nadal b\u0119d\u0105 otrzymywa\u0107 aktualizacje i b\u0119d\u0105 mogli przekazywa\u0107 dodatkowe informacje za po\u015brednictwem poczty elektronicznej do momentu zamkni\u0119cia sprawy.    <\/p>\n\t\t\t\t\t\t\t\t<\/div>\n\t\t\t\t<\/div>\n\t\t\t\t<div class=\"elementor-element elementor-element-1d191c3 elementor-widget elementor-widget-heading\" data-id=\"1d191c3\" data-element_type=\"widget\" data-e-type=\"widget\" data-widget_type=\"heading.default\">\n\t\t\t\t<div class=\"elementor-widget-container\">\n\t\t\t\t\t<h2 class=\"elementor-heading-title elementor-size-default\">Z kim mog\u0119 si\u0119 skontaktowa\u0107 w celu uzyskania dalszej pomocy?<\/h2>\t\t\t\t<\/div>\n\t\t\t\t<\/div>\n\t\t\t\t<div class=\"elementor-element elementor-element-5cc16e6 elementor-widget elementor-widget-text-editor\" data-id=\"5cc16e6\" data-element_type=\"widget\" data-e-type=\"widget\" data-widget_type=\"text-editor.default\">\n\t\t\t\t<div class=\"elementor-widget-container\">\n\t\t\t\t\t\t\t\t\t<p>Aby uzyska\u0107 dalsz\u0105 pomoc, prosz\u0119 przes\u0142a\u0107 pro\u015bb\u0119 o wsparcie za po\u015brednictwem portalu, a nasz zesp\u00f3\u0142 wsparcia ch\u0119tnie Ci pomo\u017ce.<\/p>\n\t\t\t\t\t\t\t\t<\/div>\n\t\t\t\t<\/div>\n\t\t\t\t\t<\/div>\n\t\t\t\t<\/div>\n\t\t\t\t<\/div>\n\t\t","protected":false},"excerpt":{"rendered":"<p>FAQ: Zmiana procesu zg\u0142aszania spraw Co si\u0119 zmienia? Z dniem 31 marca 2025 r. funkcja przesy\u0142ania nowych zg\u0142osze\u0144 za po\u015brednictwem poczty e-mail zostanie wycofana. Oznacza to, \u017ce klienci nie b\u0119d\u0105 ju\u017c mogli przesy\u0142a\u0107 nowych wniosk\u00f3w o pomoc techniczn\u0105 za po\u015brednictwem poczty elektronicznej. Zamiast tego wszystkie nowe przypadki pomocy technicznej musz\u0105 by\u0107 przesy\u0142ane za po\u015brednictwem Portal [&hellip;]<\/p>\n","protected":false},"author":39,"featured_media":0,"parent":0,"menu_order":0,"comment_status":"closed","ping_status":"closed","template":"","meta":{"content-type":"","footnotes":""},"class_list":["post-68300","page","type-page","status-publish","hentry"],"yoast_head":"<!-- This site is optimized with the Yoast SEO Premium plugin v27.3 (Yoast SEO v27.3) - https:\/\/yoast.com\/product\/yoast-seo-premium-wordpress\/ -->\n<title>Portal wsparcia E2C FAQ - Revalize<\/title>\n<meta name=\"description\" content=\"Zapoznaj si\u0119 z cz\u0119sto zadawanymi pytaniami dotycz\u0105cymi portalu pomocy technicznej revalize, aby zrozumie\u0107 konsekwencje przej\u015bcia z wiadomo\u015bci e-mail na spraw\u0119 dla nowych spraw pomocy technicznej.\" \/>\n<meta name=\"robots\" content=\"noindex, nofollow\" \/>\n<meta property=\"og:locale\" content=\"pl_PL\" \/>\n<meta property=\"og:type\" content=\"article\" \/>\n<meta property=\"og:title\" content=\"Portal wsparcia E2C FAQ\" \/>\n<meta property=\"og:description\" content=\"Zapoznaj si\u0119 z cz\u0119sto zadawanymi pytaniami dotycz\u0105cymi portalu pomocy technicznej revalize, aby zrozumie\u0107 konsekwencje przej\u015bcia z wiadomo\u015bci e-mail na spraw\u0119 dla nowych spraw pomocy technicznej.\" \/>\n<meta property=\"og:url\" content=\"https:\/\/revalizesoftware.com\/pl\/portal-wsparcia-e2c-faq\/\" \/>\n<meta property=\"og:site_name\" content=\"Revalize\" \/>\n<meta property=\"article:publisher\" content=\"https:\/\/www.facebook.com\/revalize\/\" \/>\n<meta property=\"article:modified_time\" content=\"2025-04-24T18:47:45+00:00\" \/>\n<meta name=\"twitter:card\" content=\"summary_large_image\" \/>\n<meta name=\"twitter:site\" content=\"@revalize\" \/>\n<meta name=\"twitter:label1\" content=\"Szacowany czas czytania\" \/>\n\t<meta name=\"twitter:data1\" content=\"3 minuty\" \/>\n<script type=\"application\/ld+json\" class=\"yoast-schema-graph\">{\"@context\":\"https:\\\/\\\/schema.org\",\"@graph\":[{\"@type\":\"WebPage\",\"@id\":\"https:\\\/\\\/revalizesoftware.com\\\/pl\\\/portal-wsparcia-e2c-faq\\\/\",\"url\":\"https:\\\/\\\/revalizesoftware.com\\\/pl\\\/portal-wsparcia-e2c-faq\\\/\",\"name\":\"Portal wsparcia E2C FAQ - Revalize\",\"isPartOf\":{\"@id\":\"https:\\\/\\\/revalizesoftware.com\\\/pl\\\/#website\"},\"datePublished\":\"2025-02-25T13:46:59+00:00\",\"dateModified\":\"2025-04-24T18:47:45+00:00\",\"description\":\"Zapoznaj si\u0119 z cz\u0119sto zadawanymi pytaniami dotycz\u0105cymi portalu pomocy technicznej revalize, aby zrozumie\u0107 konsekwencje przej\u015bcia z wiadomo\u015bci e-mail na spraw\u0119 dla nowych spraw pomocy technicznej.\",\"breadcrumb\":{\"@id\":\"https:\\\/\\\/revalizesoftware.com\\\/pl\\\/portal-wsparcia-e2c-faq\\\/#breadcrumb\"},\"inLanguage\":\"pl-PL\",\"potentialAction\":[{\"@type\":\"ReadAction\",\"target\":[\"https:\\\/\\\/revalizesoftware.com\\\/pl\\\/portal-wsparcia-e2c-faq\\\/\"]}]},{\"@type\":\"BreadcrumbList\",\"@id\":\"https:\\\/\\\/revalizesoftware.com\\\/pl\\\/portal-wsparcia-e2c-faq\\\/#breadcrumb\",\"itemListElement\":[{\"@type\":\"ListItem\",\"position\":1,\"name\":\"Home\",\"item\":\"https:\\\/\\\/revalizesoftware.com\\\/pl\\\/\"},{\"@type\":\"ListItem\",\"position\":2,\"name\":\"Portal wsparcia E2C FAQ\"}]},{\"@type\":\"WebSite\",\"@id\":\"https:\\\/\\\/revalizesoftware.com\\\/pl\\\/#website\",\"url\":\"https:\\\/\\\/revalizesoftware.com\\\/pl\\\/\",\"name\":\"Revalize\",\"description\":\"Greater Outcomes Start with Revalize\",\"publisher\":{\"@id\":\"https:\\\/\\\/revalizesoftware.com\\\/pl\\\/#organization\"},\"potentialAction\":[{\"@type\":\"SearchAction\",\"target\":{\"@type\":\"EntryPoint\",\"urlTemplate\":\"https:\\\/\\\/revalizesoftware.com\\\/pl\\\/?s={search_term_string}\"},\"query-input\":{\"@type\":\"PropertyValueSpecification\",\"valueRequired\":true,\"valueName\":\"search_term_string\"}}],\"inLanguage\":\"pl-PL\"},{\"@type\":\"Organization\",\"@id\":\"https:\\\/\\\/revalizesoftware.com\\\/pl\\\/#organization\",\"name\":\"Revalize\",\"url\":\"https:\\\/\\\/revalizesoftware.com\\\/pl\\\/\",\"logo\":{\"@type\":\"ImageObject\",\"inLanguage\":\"pl-PL\",\"@id\":\"https:\\\/\\\/revalizesoftware.com\\\/pl\\\/#\\\/schema\\\/logo\\\/image\\\/\",\"url\":\"https:\\\/\\\/revalizesoftware.com\\\/wp-content\\\/uploads\\\/2021\\\/05\\\/revalize-logo.png\",\"contentUrl\":\"https:\\\/\\\/revalizesoftware.com\\\/wp-content\\\/uploads\\\/2021\\\/05\\\/revalize-logo.png\",\"width\":976,\"height\":423,\"caption\":\"Revalize\"},\"image\":{\"@id\":\"https:\\\/\\\/revalizesoftware.com\\\/pl\\\/#\\\/schema\\\/logo\\\/image\\\/\"},\"sameAs\":[\"https:\\\/\\\/www.facebook.com\\\/revalize\\\/\",\"https:\\\/\\\/x.com\\\/revalize\",\"https:\\\/\\\/www.linkedin.com\\\/company\\\/revalize\\\/\"]}]}<\/script>\n<!-- \/ Yoast SEO Premium plugin. -->","yoast_head_json":{"title":"Portal wsparcia E2C FAQ - Revalize","description":"Zapoznaj si\u0119 z cz\u0119sto zadawanymi pytaniami dotycz\u0105cymi portalu pomocy technicznej revalize, aby zrozumie\u0107 konsekwencje przej\u015bcia z wiadomo\u015bci e-mail na spraw\u0119 dla nowych spraw pomocy technicznej.","robots":{"index":"noindex","follow":"nofollow"},"og_locale":"pl_PL","og_type":"article","og_title":"Portal wsparcia E2C FAQ","og_description":"Zapoznaj si\u0119 z cz\u0119sto zadawanymi pytaniami dotycz\u0105cymi portalu pomocy technicznej revalize, aby zrozumie\u0107 konsekwencje przej\u015bcia z wiadomo\u015bci e-mail na spraw\u0119 dla nowych spraw pomocy technicznej.","og_url":"https:\/\/revalizesoftware.com\/pl\/portal-wsparcia-e2c-faq\/","og_site_name":"Revalize","article_publisher":"https:\/\/www.facebook.com\/revalize\/","article_modified_time":"2025-04-24T18:47:45+00:00","twitter_card":"summary_large_image","twitter_site":"@revalize","twitter_misc":{"Szacowany czas czytania":"3 minuty"},"schema":{"@context":"https:\/\/schema.org","@graph":[{"@type":"WebPage","@id":"https:\/\/revalizesoftware.com\/pl\/portal-wsparcia-e2c-faq\/","url":"https:\/\/revalizesoftware.com\/pl\/portal-wsparcia-e2c-faq\/","name":"Portal wsparcia E2C FAQ - Revalize","isPartOf":{"@id":"https:\/\/revalizesoftware.com\/pl\/#website"},"datePublished":"2025-02-25T13:46:59+00:00","dateModified":"2025-04-24T18:47:45+00:00","description":"Zapoznaj si\u0119 z cz\u0119sto zadawanymi pytaniami dotycz\u0105cymi portalu pomocy technicznej revalize, aby zrozumie\u0107 konsekwencje przej\u015bcia z wiadomo\u015bci e-mail na spraw\u0119 dla nowych spraw pomocy technicznej.","breadcrumb":{"@id":"https:\/\/revalizesoftware.com\/pl\/portal-wsparcia-e2c-faq\/#breadcrumb"},"inLanguage":"pl-PL","potentialAction":[{"@type":"ReadAction","target":["https:\/\/revalizesoftware.com\/pl\/portal-wsparcia-e2c-faq\/"]}]},{"@type":"BreadcrumbList","@id":"https:\/\/revalizesoftware.com\/pl\/portal-wsparcia-e2c-faq\/#breadcrumb","itemListElement":[{"@type":"ListItem","position":1,"name":"Home","item":"https:\/\/revalizesoftware.com\/pl\/"},{"@type":"ListItem","position":2,"name":"Portal wsparcia E2C FAQ"}]},{"@type":"WebSite","@id":"https:\/\/revalizesoftware.com\/pl\/#website","url":"https:\/\/revalizesoftware.com\/pl\/","name":"Revalize","description":"Greater Outcomes Start with Revalize","publisher":{"@id":"https:\/\/revalizesoftware.com\/pl\/#organization"},"potentialAction":[{"@type":"SearchAction","target":{"@type":"EntryPoint","urlTemplate":"https:\/\/revalizesoftware.com\/pl\/?s={search_term_string}"},"query-input":{"@type":"PropertyValueSpecification","valueRequired":true,"valueName":"search_term_string"}}],"inLanguage":"pl-PL"},{"@type":"Organization","@id":"https:\/\/revalizesoftware.com\/pl\/#organization","name":"Revalize","url":"https:\/\/revalizesoftware.com\/pl\/","logo":{"@type":"ImageObject","inLanguage":"pl-PL","@id":"https:\/\/revalizesoftware.com\/pl\/#\/schema\/logo\/image\/","url":"https:\/\/revalizesoftware.com\/wp-content\/uploads\/2021\/05\/revalize-logo.png","contentUrl":"https:\/\/revalizesoftware.com\/wp-content\/uploads\/2021\/05\/revalize-logo.png","width":976,"height":423,"caption":"Revalize"},"image":{"@id":"https:\/\/revalizesoftware.com\/pl\/#\/schema\/logo\/image\/"},"sameAs":["https:\/\/www.facebook.com\/revalize\/","https:\/\/x.com\/revalize","https:\/\/www.linkedin.com\/company\/revalize\/"]}]}},"_links":{"self":[{"href":"https:\/\/revalizesoftware.com\/pl\/wp-json\/wp\/v2\/pages\/68300","targetHints":{"allow":["GET"]}}],"collection":[{"href":"https:\/\/revalizesoftware.com\/pl\/wp-json\/wp\/v2\/pages"}],"about":[{"href":"https:\/\/revalizesoftware.com\/pl\/wp-json\/wp\/v2\/types\/page"}],"author":[{"embeddable":true,"href":"https:\/\/revalizesoftware.com\/pl\/wp-json\/wp\/v2\/users\/39"}],"replies":[{"embeddable":true,"href":"https:\/\/revalizesoftware.com\/pl\/wp-json\/wp\/v2\/comments?post=68300"}],"version-history":[{"count":0,"href":"https:\/\/revalizesoftware.com\/pl\/wp-json\/wp\/v2\/pages\/68300\/revisions"}],"wp:attachment":[{"href":"https:\/\/revalizesoftware.com\/pl\/wp-json\/wp\/v2\/media?parent=68300"}],"curies":[{"name":"wp","href":"https:\/\/api.w.org\/{rel}","templated":true}]}}